{"id":782,"date":"2017-10-14T00:55:02","date_gmt":"2017-10-14T00:55:02","guid":{"rendered":"http:\/\/mypham4.khowebseotop.vn\/?post_type=product&#038;p=782"},"modified":"2017-10-14T00:55:05","modified_gmt":"2017-10-14T00:55:05","slug":"kem-duong-da-tay-benton-shea-butter","status":"publish","type":"product","link":"https:\/\/webmaibinh.com\/w\/mypham42011\/san-pham\/kem-duong-da-tay-benton-shea-butter\/","title":{"rendered":"Kem D\u01b0\u1ee1ng Da Tay Benton Shea Butter"},"content":{"rendered":"<p><strong>Kem D\u01b0\u1ee1ng Da Tay Benton Shea Butter &amp; Coconut Hand Cream 50g<\/strong><\/p>\n<p><strong>Xu\u1ea5t x\u1ee9:\u00a0<\/strong>Benton &#8211; H\u00e0n Qu\u1ed1c<\/p>\n<p><strong>Lo\u1ea1i da:\u00a0<\/strong>th\u00edch h\u1ee3p cho m\u1ecdi lo\u1ea1i da<\/p>\n<p><strong>Dung t\u00edch:<\/strong>\u00a050g<\/p>\n<p><img loading=\"lazy\" src=\"http:\/\/mypham4.khowebseotop.vn\/wp-content\/uploads\/2017\/10\/kem-duong-da-tay-benton-shea-butter-782.jpg\" alt=\"\" width=\"550\" height=\"550\" \/><\/p>\n<p><strong>C\u00f4ng d\u1ee5ng:<\/strong><\/p>\n<p>\u2013 Kem d\u01b0\u1ee1ng da tay\u00a0<strong>Benton Shea Butter and Coconut Hand Cream<\/strong>\u00a0c\u00f3 ch\u1ee9a 20% Shea Butter (B\u01a1 h\u1ea1t m\u1ee1), m\u1ed9t lo\u1ea1i b\u01a1 th\u1ef1c v\u1eadt gi\u00e0u acid b\u00e9o v\u00e0 Vitamin A, E, n\u1ed5i ti\u1ebfng v\u1ec1 c\u00f4ng d\u1ee5ng d\u01b0\u1ee1ng \u1ea9m, ch\u1ed1ng oxy h\u00f3a, v\u00e0 ph\u1ee5c h\u1ed3i nh\u1eefng t\u1ebf b\u00e0o da.<\/p>\n<p><img src=\"http:\/\/mypham4.khowebseotop.vn\/wp-content\/uploads\/2017\/10\/kem-duong-da-tay-benton-shea-butter-782-1.jpg\" alt=\"\" \/><\/p>\n<p>\u2013 C\u00f9ng v\u1edbi 3% d\u1ea7u d\u1eeba, s\u1ea3n ph\u1ea9m s\u1ebd t\u0103ng c\u01b0\u1eddng d\u01b0\u1ee1ng \u1ea9m v\u00e0 ch\u1ed1ng l\u00e3o h\u00f3a cho da tay c\u1ef1c k\u00ec hi\u1ec7u qu\u1ea3, gi\u00fap cho \u0111\u00f4i tay c\u1ee7a b\u1ea1n s\u1ebd tr\u1edf n\u00ean m\u1ec1m m\u1ecbn v\u00e0 kh\u00f4ng c\u00f2n nh\u1eefng v\u1ebft th\u00f4 s\u1ea7n hay v\u1ebft nh\u0103n tr\u00ean tay.<\/p>\n<p>\u2013 Kh\u00f4ng nh\u1eefng th\u1ebf, Kem d\u01b0\u1ee1ng da tay<strong>\u00a0Benton Shea Butter and Coconut Hand Cream<\/strong>\u00a0c\u00f2n ch\u1ee9a nhi\u1ec1u th\u00e0nh ph\u1ea7n gi\u00e0u dinh d\u01b0\u1ee1ng v\u00e0 vitamin nh\u01b0 d\u1ea7u h\u1ea1t h\u01b0\u1edbng d\u01b0\u01a1ng, chi\u1ebft xu\u1ea5t hoa c\u00fac, o\u1ea3i h\u01b0\u01a1ng, h\u1ea1t Jojoba, h\u1ea1t \u00f3c ch\u00f3, qu\u1ea3 b\u01a1\u2026, cho \u0111\u00f4i tay c\u1ee7a b\u1ea1n nh\u01b0 \u0111\u01b0\u1ee3c \u201cb\u1ed3i b\u1ed5\u201d \u0111\u1ec3 ph\u1ee5c h\u1ed3i nh\u1eefng th\u01b0\u01a1ng t\u1ed5n tr\u00ean da.<\/p>\n<p><img src=\"http:\/\/mypham4.khowebseotop.vn\/wp-content\/uploads\/2017\/10\/kem-duong-da-tay-benton-shea-butter-782-2.jpg\" alt=\"\" \/><\/p>\n<p><img src=\"http:\/\/mypham4.khowebseotop.vn\/wp-content\/uploads\/2017\/10\/kem-duong-da-tay-benton-shea-butter-782-3.jpg\" alt=\"\" \/><\/p>\n<p>\u2013 Tuy c\u00f3 nhi\u1ec1u th\u00e0nh ph\u1ea7n d\u01b0\u1ee1ng nh\u01b0ng s\u1ea3n ph\u1ea9m kh\u00f4ng t\u1ea1o c\u1ea3m gi\u00e1c nh\u1eddn d\u00ednh kh\u00f3 ch\u1ecbu v\u00e0 b\u1ea5t ti\u1ec7n khi s\u1eed d\u1ee5ng.<\/p>\n<p>\u2013 S\u1ea3n ph\u1ea9m c\u00f3 m\u00f9i h\u01b0\u01a1ng t\u1ef1 nhi\u00ean, r\u1ea5t nh\u1eb9 nh\u00e0ng v\u00e0 d\u1ec5 ch\u1ecbu.<\/p>\n<p>\u2013 V\u1edbi th\u00e0nh ph\u1ea7n \u0111\u1ea7y d\u01b0\u1ee1ng ch\u1ea5t v\u00e0 an to\u00e0n, l\u00e0n da tay c\u1ee7a b\u1ea1n s\u1ebd \u0111\u01b0\u1ee3c ch\u0103m s\u00f3c m\u1ed9t c\u00e1ch t\u1eadn t\u00ecnh, \u0111\u1ec3 c\u00f3 th\u1ec3 b\u1ea3o v\u1ec7 da tr\u01b0\u1edbc nh\u1eefng t\u00e1c nh\u00e2n c\u1ee7a m\u00f4i tr\u01b0\u1eddng c\u0169ng nh\u01b0 mang \u0111\u1ebfn \u0111\u00f4i b\u00e0n tay m\u01b0\u1ee3t m\u00e0 v\u00e0 ki\u00eau sa.<\/p>\n","protected":false},"excerpt":{"rendered":"<p>Kem D\u01b0\u1ee1ng Da Tay Benton Shea Butter &amp; Coconut Hand Cream 50g Xu\u1ea5t x\u1ee9:\u00a0Benton &#8211; H\u00e0n Qu\u1ed1c Lo\u1ea1i da:\u00a0th\u00edch h\u1ee3p cho m\u1ecdi lo\u1ea1i da Dung t\u00edch:\u00a050g C\u00f4ng d\u1ee5ng: \u2013 Kem d\u01b0\u1ee1ng da tay\u00a0Benton Shea Butter and Coconut Hand Cream\u00a0c\u00f3 ch\u1ee9a 20% Shea Butter (B\u01a1 h\u1ea1t m\u1ee1), m\u1ed9t lo\u1ea1i b\u01a1 th\u1ef1c v\u1eadt gi\u00e0u acid b\u00e9o v\u00e0&#8230;<\/p>\n","protected":false},"featured_media":783,"comment_status":"open","ping_status":"closed","template":"","meta":[],"_links":{"self":[{"href":"https:\/\/webmaibinh.com\/w\/mypham42011\/wp-json\/wp\/v2\/product\/782"}],"collection":[{"href":"https:\/\/webmaibinh.com\/w\/mypham42011\/wp-json\/wp\/v2\/product"}],"about":[{"href":"https:\/\/webmaibinh.com\/w\/mypham42011\/wp-json\/wp\/v2\/types\/product"}],"replies":[{"embeddable":true,"href":"https:\/\/webmaibinh.com\/w\/mypham42011\/wp-json\/wp\/v2\/comments?post=782"}],"wp:featuredmedia":[{"embeddable":true,"href":"https:\/\/webmaibinh.com\/w\/mypham42011\/wp-json\/wp\/v2\/media\/783"}],"wp:attachment":[{"href":"https:\/\/webmaibinh.com\/w\/mypham42011\/wp-json\/wp\/v2\/media?parent=782"}],"curies":[{"name":"wp","href":"https:\/\/api.w.org\/{rel}","templated":true}]}}