{"id":776,"date":"2017-10-14T00:53:50","date_gmt":"2017-10-14T00:53:50","guid":{"rendered":"http:\/\/mypham4.khowebseotop.vn\/?post_type=product&#038;p=776"},"modified":"2017-10-14T00:53:52","modified_gmt":"2017-10-14T00:53:52","slug":"kem-duong-va-giam-tham-quang-mat","status":"publish","type":"product","link":"https:\/\/webmaibinh.com\/w\/mypham42011\/san-pham\/kem-duong-va-giam-tham-quang-mat\/","title":{"rendered":"Kem D\u01b0\u1ee1ng \u1ea8m V\u00e0 Gi\u1ea3m Th\u00e2m Qu\u1ea7ng M\u1eaft"},"content":{"rendered":"<p><strong>Kem D\u01b0\u1ee1ng \u1ea8m V\u00e0 Gi\u1ea3m Th\u00e2m Qu\u1ea7ng M\u1eaft S Recover Whitening Eye Cream 15ml<\/strong><\/p>\n<p>Xu\u1ea5t X\u1ee9: H\u00e0n Qu\u1ed1c &#8211; NSX: 06\/2017 &#8211; HSD: 1.5 n\u0103m \u0111\u1ebfn 11\/2018<\/p>\n<p><img loading=\"lazy\" src=\"http:\/\/mypham4.khowebseotop.vn\/wp-content\/uploads\/2017\/10\/kem-duong-am-va-giam-tham-quang-mat-776.jpg\" alt=\"\" width=\"550\" height=\"550\" \/><\/p>\n<p><img loading=\"lazy\" src=\"http:\/\/mypham4.khowebseotop.vn\/wp-content\/uploads\/2017\/10\/kem-duong-am-va-giam-tham-quang-mat-776-1.jpg\" alt=\"\" width=\"500\" height=\"500\" \/><\/p>\n<p><strong>Th\u00f4ng tin s\u1ea3n ph\u1ea9m:<\/strong><\/p>\n<p>&#8211; Kem d\u01b0\u1ee1ng m\u1eaft S Recover Whtening Eye Cream\u00a0ch\u00ednh l\u00e0 s\u1ea3n ph\u1ea9m n\u1ed5i ti\u1ebfng nh\u1ea5t c\u1ee7a h\u00e3ng LS Cosmetics v\u1edbi h\u01a1n 30 n\u0103m kinh nghi\u1ec7m. S\u1ea3n ph\u1ea9m \u0111\u01b0\u1ee3c so s\u00e1nh ngang v\u1edbi d\u00f2ng kem d\u01b0\u1ee1ng m\u1eaft SKII th\u1ea7n th\u00e1nh, v\u1ed1n lu\u00f4n \u0111\u01b0\u1ee3c coi l\u00e0 si\u00eau hi\u1ec7u qu\u1ea3 nh\u01b0ng c\u0169ng c\u1ef1c k\u00ec \u0111\u1eaft \u0111\u1ecf.<\/p>\n<p><img loading=\"lazy\" src=\"http:\/\/mypham4.khowebseotop.vn\/wp-content\/uploads\/2017\/10\/kem-duong-am-va-giam-tham-quang-mat-776-2.jpg\" alt=\"\" width=\"500\" height=\"500\" \/><img loading=\"lazy\" src=\"http:\/\/mypham4.khowebseotop.vn\/wp-content\/uploads\/2017\/10\/kem-duong-am-va-giam-tham-quang-mat-776-3.jpg\" alt=\"\" width=\"500\" height=\"500\" \/><\/p>\n<p>&#8211;\u00a0<strong>S Recover Whtening Eye Cream 15ml<\/strong>\u00a0ch\u1ee9a th\u00e0nh ph\u1ea7n\u00a0<b>Squalane\u00a0<\/b>chi\u1ebft xu\u1ea5t t\u1eeb gan c\u00e1 m\u1eadp,\u00a0\u0111\u1ed3ng th\u1eddi b\u1ed5 sung th\u00eam Niacinamide v\u00e0 c\u00e1c th\u00e0nh ph\u1ea7n d\u01b0\u1ee1ng ch\u1ea5t vitamins cao c\u1ea5p t\u1eeb qu\u1ea3 d\u00e2u t\u1eb1m v\u00e0 qu\u1ea3 l\u1ef1u l\u00e0m gi\u1ea3m qu\u1ea7ng th\u00e2m nhanh ch\u00f3ng r\u00f5 r\u1ec7t v\u00e0 ch\u1ed1ng nh\u0103n hi\u1ec7u qu\u1ea3.<\/p>\n<p>&#8211; K\u1ebft c\u1ea5u d\u1ea1ng gel nhanh th\u1ea5m, nh\u1eb9 da v\u00e0 t\u01b0\u01a1i m\u00e1t, Ngay khi apply kem m\u1eaft Whitening Eye Cream l\u00ean da s\u1ebd c\u1ea3m th\u1ea5y c\u1ef1c k\u00ec th\u01b0 gi\u00e3n, d\u00f9ng \u0111\u1ec1u \u0111\u1eb7n sau 1 tu\u1ea7n s\u1ebd th\u1ea5y th\u00e2m m\u1eaft nh\u1ea1t m\u00e0u h\u1eb3n, sau 3 tu\u1ea7n s\u1ebd c\u1ea3i thi\u1ec7n h\u1ea7u h\u1ebft c\u00e1c n\u1ebfp nh\u0103n v\u00e0 gi\u00fap n\u00e2ng c\u01a1 m\u1eaft th\u1eadt hi\u1ec7u qu\u1ea3 5 free r\u1ea5t an to\u00e0n cho da m\u1eaft m\u1ecfng manh c\u0169ng nh\u01b0 b\u1ea5t k\u00ec l\u00e0n da nh\u1ea1y c\u1ea3m n\u00e0o.<\/p>\n<p>&#8211; Thi\u1ebft k\u1ebf: Tu\u00fdp nh\u1ef1a v\u1edbi \u0111\u1ea7u tu\u00fdp nh\u1ecf ch\u1ee9a \u0111\u1ea7y 15g s\u1ea3n ph\u1ea9m, nh\u1ecf g\u1ecdn m\u00e0 c\u1ea7m r\u1ea5t ch\u1eafc tay.<\/p>\n","protected":false},"excerpt":{"rendered":"<p>Kem D\u01b0\u1ee1ng \u1ea8m V\u00e0 Gi\u1ea3m Th\u00e2m Qu\u1ea7ng M\u1eaft S Recover Whitening Eye Cream 15ml Xu\u1ea5t X\u1ee9: H\u00e0n Qu\u1ed1c &#8211; NSX: 06\/2017 &#8211; HSD: 1.5 n\u0103m \u0111\u1ebfn 11\/2018 Th\u00f4ng tin s\u1ea3n ph\u1ea9m: &#8211; Kem d\u01b0\u1ee1ng m\u1eaft S Recover Whtening Eye Cream\u00a0ch\u00ednh l\u00e0 s\u1ea3n ph\u1ea9m n\u1ed5i ti\u1ebfng nh\u1ea5t c\u1ee7a h\u00e3ng LS Cosmetics v\u1edbi h\u01a1n 30 n\u0103m kinh&#8230;<\/p>\n","protected":false},"featured_media":777,"comment_status":"open","ping_status":"closed","template":"","meta":[],"_links":{"self":[{"href":"https:\/\/webmaibinh.com\/w\/mypham42011\/wp-json\/wp\/v2\/product\/776"}],"collection":[{"href":"https:\/\/webmaibinh.com\/w\/mypham42011\/wp-json\/wp\/v2\/product"}],"about":[{"href":"https:\/\/webmaibinh.com\/w\/mypham42011\/wp-json\/wp\/v2\/types\/product"}],"replies":[{"embeddable":true,"href":"https:\/\/webmaibinh.com\/w\/mypham42011\/wp-json\/wp\/v2\/comments?post=776"}],"wp:featuredmedia":[{"embeddable":true,"href":"https:\/\/webmaibinh.com\/w\/mypham42011\/wp-json\/wp\/v2\/media\/777"}],"wp:attachment":[{"href":"https:\/\/webmaibinh.com\/w\/mypham42011\/wp-json\/wp\/v2\/media?parent=776"}],"curies":[{"name":"wp","href":"https:\/\/api.w.org\/{rel}","templated":true}]}}