{"id":771,"date":"2017-10-14T00:52:49","date_gmt":"2017-10-14T00:52:49","guid":{"rendered":"http:\/\/mypham4.khowebseotop.vn\/?post_type=product&#038;p=771"},"modified":"2017-10-14T00:52:51","modified_gmt":"2017-10-14T00:52:51","slug":"kem-duong-trang-da-ban-dem-chiet-xuat-ngoc-trai","status":"publish","type":"product","link":"https:\/\/webmaibinh.com\/w\/mypham42011\/san-pham\/kem-duong-trang-da-ban-dem-chiet-xuat-ngoc-trai\/","title":{"rendered":"Kem D\u01b0\u1ee1ng Tr\u1eafng Da Ban \u0110\u00eam Chi\u1ebft Xu\u1ea5t Ng\u1ecdc Trai"},"content":{"rendered":"<p><strong>Kem D\u01b0\u1ee1ng Tr\u1eafng Da Ban \u0110\u00eam Chi\u1ebft Xu\u1ea5t Ng\u1ecdc Trai Secret Key Snow White Moisture Cream 50ml<\/strong><\/p>\n<p><strong>Xu\u1ea5t x\u1ee9:<\/strong>\u00a0H\u00e0n Qu\u1ed1c &#8211; NSX: 06\/2016 &#8211; HSD: 06\/2018<\/p>\n<p><img loading=\"lazy\" src=\"http:\/\/mypham4.khowebseotop.vn\/wp-content\/uploads\/2017\/10\/kem-duong-trang-da-ban-dem-chiet-xuat-ngoc-trai-771.jpg\" alt=\"\" width=\"500\" height=\"447\" \/><\/p>\n<p><strong>Th\u00f4ng tin s\u1ea3n ph\u1ea9m:<\/strong><\/p>\n<p>&#8211; M\u1ed9t s\u1ea3n ph\u1ea9m tinh ch\u1ea5t\u00a0<a href=\"http:\/\/www.kosmebox.com\/duong-da\/Cac-Van-De-Cua-Da\/Duong-Trang-Va-Dac-Tri-Tham-Nam-Da\" target=\"_self\">d\u01b0\u1ee1ng tr\u1eafng<\/a>\u00a0da thu\u1ed9c d\u00f2ng Snow White c\u1ee7a th\u01b0\u01a1ng hi\u1ec7u Secret Key \u0111\u1ebfn t\u1eeb H\u00e0n Qu\u1ed1c. Tinh ch\u1ea5t d\u01b0\u1ee1ng da Snow White Essence ch\u1ee9a ho\u1ea1t ch\u1ea5t Niaciamide\u00a0(hay c\u00f2n g\u1ecdi l\u00e0 Vitamin B3),Glutathione, b\u1ed9t ng\u1ecdc trai v\u00e0 c\u00e1c vitamin d\u01b0\u1ee1ng s\u00e2u t\u1eeb t\u1eadn b\u00ean trong gi\u00fap cho da tr\u1edf n\u00ean tr\u1eafng s\u00e1ng h\u01a1n.<\/p>\n<p><strong>Th\u00e0nh ph\u1ea7n s\u1ea3n ph\u1ea9m:<\/strong><\/p>\n<p><strong>Kem D\u01b0\u1ee1ng \u1ea8m Tr\u1eafng Da Ch\u1ed1ng L\u00e3o H\u00f3a Secret Key Snow White Moisture Cream\u00a0<\/strong>g\u1ed3m c\u00f3 3 th\u00e0nh ph\u1ea7n ch\u00ednh:<\/p>\n<p>&#8211;\u00a0<strong>Glutathione:<\/strong>\u00a0Khi d\u01b0\u1ee1ng ch\u1ea5t n\u00e0y th\u1ea9m th\u1ea5u s\u00e2u v\u00e0o da s\u1ebd gi\u00fap cho da \u0111\u01b0\u1ee3c d\u01b0\u1ee1ng \u1ea9m v\u00e0 t\u0103ng c\u01b0\u1eddng \u0111\u1ed9 tr\u1eafng da t\u1eeb b\u00ean trong.<\/p>\n<p>&#8211;\u00a0<strong>B\u1ed9t ng\u1ecdc trai:<\/strong>\u00a0Th\u00e0nh ph\u1ea7n b\u1ed9t ng\u1ecdc trai kh\u00f4ng ch\u1ec9 c\u00f3 th\u1ec3 l\u00e0m \u0111\u1eb9p m\u00e0 c\u00f2n t\u00e1c \u0111\u1ed9ng \u0111\u1ebfn da, khi\u1ebfn da tr\u1eafng h\u01a1n, \u0111em l\u1ea1i m\u1ed9t l\u00e0n da r\u1ef1c r\u1ee1, kh\u1ecfe kho\u1eafn.<\/p>\n<p>&#8211;\u00a0<strong>Chi\u1ebft xu\u1ea5t Marronnier:<\/strong>\u00a0Kh\u1ea3 n\u0103ng t\u00e1c \u0111\u1ed9ng t\u0103ng c\u01b0\u1eddng l\u00e0m tr\u1eafng.<\/p>\n<p><img loading=\"lazy\" src=\"http:\/\/mypham4.khowebseotop.vn\/wp-content\/uploads\/2017\/10\/kem-duong-trang-da-ban-dem-chiet-xuat-ngoc-trai-771-1.jpg\" alt=\"\" width=\"813\" height=\"870\" \/><\/p>\n<p>&#8211; Ngo\u00e0i ra, s\u1ea3n ph\u1ea9m c\u00f2n nh\u1eefng th\u00e0nh ph\u1ea7n kh\u00e1c \u0111\u1ec3 b\u1ed5 sung d\u01b0\u1ee1ng ch\u1ea5t cho da nh\u01b0 : Niacin aminde\u00a0(hay c\u00f2n g\u1ecdi l\u00e0 Vitamin B3), Chi\u1ebft xu\u1ea5t H\u1ea1t D\u1ebb, chi\u1ebft xu\u1ea5t Nho, b\u1ed9t Ng\u1ecdc Trai.<\/p>\n<p><img loading=\"lazy\" src=\"http:\/\/mypham4.khowebseotop.vn\/wp-content\/uploads\/2017\/10\/kem-duong-trang-da-ban-dem-chiet-xuat-ngoc-trai-771-2.jpg\" alt=\"\" width=\"500\" height=\"395\" \/><\/p>\n<p>&#8211;\u00a0<strong>C\u00f4ng th\u1ee9c 5 KH\u00d4NG:\u00a0<\/strong><strong>KH\u00d4NG ch\u1ee9a Paraben, Phenoxy ethanol, Mineral oil, M\u00e0u nh\u00e2n t\u1ea1o v\u00e0 Benzophnon.<\/strong><\/p>\n<p><strong>C\u00f4ng d\u1ee5ng s\u1ea3n ph\u1ea9m:<\/strong><\/p>\n<p>&#8211; L\u00e0m tr\u1eafng da v\u1edbi th\u00e0nh ph\u1ea7n b\u1ed9t ng\u1ecdc trai.<\/p>\n<p>&#8211; Gi\u1eef \u1ea9m cho l\u00e0ng da v\u1edbi th\u00e0nh ph\u1ea7n d\u1ea7u Canola v\u00e0 d\u1ea7u h\u1ea1t Meadow.<\/p>\n<p>&#8211; L\u00e0m m\u1ecbn da v\u00e0 c\u1ea3i thi\u1ec7n \u0111\u1ed9 \u0111\u00e0n h\u1ed3i cho da nh\u1edd chi\u1ebft xu\u1ea5t t\u1eeb nho.<\/p>\n","protected":false},"excerpt":{"rendered":"<p>Kem D\u01b0\u1ee1ng Tr\u1eafng Da Ban \u0110\u00eam Chi\u1ebft Xu\u1ea5t Ng\u1ecdc Trai Secret Key Snow White Moisture Cream 50ml Xu\u1ea5t x\u1ee9:\u00a0H\u00e0n Qu\u1ed1c &#8211; NSX: 06\/2016 &#8211; HSD: 06\/2018 Th\u00f4ng tin s\u1ea3n ph\u1ea9m: &#8211; M\u1ed9t s\u1ea3n ph\u1ea9m tinh ch\u1ea5t\u00a0d\u01b0\u1ee1ng tr\u1eafng\u00a0da thu\u1ed9c d\u00f2ng Snow White c\u1ee7a th\u01b0\u01a1ng hi\u1ec7u Secret Key \u0111\u1ebfn t\u1eeb H\u00e0n Qu\u1ed1c. Tinh ch\u1ea5t d\u01b0\u1ee1ng da Snow&#8230;<\/p>\n","protected":false},"featured_media":772,"comment_status":"open","ping_status":"closed","template":"","meta":[],"_links":{"self":[{"href":"https:\/\/webmaibinh.com\/w\/mypham42011\/wp-json\/wp\/v2\/product\/771"}],"collection":[{"href":"https:\/\/webmaibinh.com\/w\/mypham42011\/wp-json\/wp\/v2\/product"}],"about":[{"href":"https:\/\/webmaibinh.com\/w\/mypham42011\/wp-json\/wp\/v2\/types\/product"}],"replies":[{"embeddable":true,"href":"https:\/\/webmaibinh.com\/w\/mypham42011\/wp-json\/wp\/v2\/comments?post=771"}],"wp:featuredmedia":[{"embeddable":true,"href":"https:\/\/webmaibinh.com\/w\/mypham42011\/wp-json\/wp\/v2\/media\/772"}],"wp:attachment":[{"href":"https:\/\/webmaibinh.com\/w\/mypham42011\/wp-json\/wp\/v2\/media?parent=771"}],"curies":[{"name":"wp","href":"https:\/\/api.w.org\/{rel}","templated":true}]}}