{"id":546,"date":"2017-06-01T15:37:40","date_gmt":"2017-06-01T15:37:40","guid":{"rendered":"http:\/\/mypham4.khowebseotop.vn\/?page_id=546"},"modified":"2017-06-01T15:37:40","modified_gmt":"2017-06-01T15:37:40","slug":"dieu-khoan-su-dung-giao-dien","status":"publish","type":"page","link":"https:\/\/webmaibinh.com\/w\/mypham42011\/dieu-khoan-su-dung-giao-dien\/","title":{"rendered":"\u0110i\u1ec1u kho\u1ea3n s\u1eed d\u1ee5ng giao di\u1ec7n"},"content":{"rendered":"<h2><strong>\u0110I\u1ec0U KHO\u1ea2N<\/strong><\/h2>\n<p><strong>V\u1ec1 vi\u1ec7c s\u1eed d\u1ee5ng giao di\u1ec7n tr\u00ean h\u1ec7 th\u1ed1ng LINDO d\u00e0nh cho kh\u00e1ch h\u00e0ng c\u1ee7a\u00a0 LINDO<br \/>\n<\/strong><\/p>\n<p>1. T\u1ea5t c\u1ea3 c\u00e1c giao di\u1ec7n \u0111\u0103ng t\u1ea3i tr\u00ean kho giao di\u1ec7n c\u1ee7a Web Kh\u1edfi Nghi\u1ec7p\u00a0\u0111\u1ec1u l\u00e0 c\u00e1c s\u1ea3n ph\u1ea9m thu\u1ed9c s\u1edf h\u1eefu c\u1ee7a ch\u00fang t\u00f4i . M\u1ecdi c\u00e1 nh\u00e2n\/ t\u1ed5 ch\u1ee9c mu\u1ed1n s\u1eed d\u1ee5ng giao di\u1ec7n thu\u1ed9c s\u1edf h\u1eefu c\u1ee7a Web Kh\u1edfi Nghi\u1ec7p\u00a0\u0111\u1ec1u ph\u1ea3i tu\u00e2n th\u1ee7 c\u00e1c quy \u0111\u1ecbnh v\u1ec1 vi\u1ec7c t\u1ea3i, c\u00e0i \u0111\u1eb7t v\u00e0 thanh to\u00e1n \u0111\u1ec3 s\u1eed d\u1ee5ng c\u00e1c giao di\u1ec7n n\u00e0y.<\/p>\n<p>2. Kh\u00e1ch h\u00e0ng c\u1ee7a Web Kh\u1edfi Nghi\u1ec7p\u00a0 c\u00f3 quy\u1ec1n mua v\u00e0 s\u1eed d\u1ee5ng t\u1ea5t c\u1ea3 c\u00e1c giao di\u1ec7n tr\u00ean kho giao di\u1ec7n Web Kh\u1edfi Nghi\u1ec7p.<\/p>\n<p>3. Kh\u00e1ch h\u00e0ng c\u1ee7a Web Kh\u1edfi Nghi\u1ec7p\u00a0 c\u00f3 quy\u1ec1n mua giao di\u1ec7n thi\u1ebft k\u1ebf ri\u00eang do \u0111\u1ed9i ng\u0169 thi\u1ebft k\u1ebf c\u1ee7a Web Kh\u1edfi Nghi\u1ec7p\u00a0th\u1ef1c hi\u1ec7n.<\/p>\n<p>4. Giao di\u1ec7n t\u00ednh ph\u00ed l\u00e0 giao di\u1ec7n kh\u00e1ch h\u00e0ng t\u1ea3i v\u1ec1 m\u1ed9t c\u00e1ch h\u1ee3p ph\u00e1p, c\u00f3 x\u00e1c minh h\u1ee3p l\u1ec7 v\u1ec1 vi\u1ec7c thanh to\u00e1n \u0111\u1ea7y \u0111\u1ee7 v\u00e0 \u0111\u00fang quy \u0111\u1ecbnh c\u1ee7a nh\u00e0 cung c\u1ea5p giao di\u1ec7n (v\u00ed d\u1ee5: sao k\u00ea ng\u00e2n h\u00e0ng, email x\u00e1c nh\u1eadn thanh to\u00e1n th\u00e0nh c\u00f4ng t\u1eeb h\u1ec7 th\u1ed1ng, phi\u1ebfu thu t\u1eeb Web Kh\u1edfi Nghi\u1ec7p\u00a0 \u2026).<\/p>\n<p>5. V\u1edbi m\u1ed7i giao di\u1ec7n kh\u00e1ch h\u00e0ng t\u1ea3i v\u1ec1, d\u00f9 l\u00e0 giao di\u1ec7n mi\u1ec5n ph\u00ed hay giao di\u1ec7n t\u00ednh ph\u00ed, t\u1ea1i c\u00f9ng m\u1ed9t th\u1eddi \u0111i\u1ec3m, kh\u00e1ch h\u00e0ng ch\u1ec9 c\u00f3 quy\u1ec1n s\u1eed d\u1ee5ng giao di\u1ec7n \u0111\u00f3 cho t\u1ed1i \u0111a m\u1ed9t (01) website.<\/p>\n<p>6. Tr\u01b0\u1eddng h\u1ee3p kh\u00e1ch h\u00e0ng mu\u1ed1n s\u1eed d\u1ee5ng giao di\u1ec7n \u0111\u00e3 t\u1ea3i v\u1ec1 cho m\u1ed9t website kh\u00e1c, kh\u00e1ch h\u00e0ng c\u00f3 th\u1ec3 t\u1ea3i v\u00e0 mua giao di\u1ec7n \u0111\u00f3 m\u1ed9t l\u1ea7n n\u1eefa tr\u00ean kho giao di\u1ec7n c\u1ee7a Web Kh\u1edfi Nghi\u1ec7p\u00a0 ho\u1eb7c g\u1ee1 b\u1ecf giao di\u1ec7n \u0111\u00f3 kh\u1ecfi website th\u1ee9 nh\u1ea5t \u0111\u1ec3 d\u00f9ng cho website th\u1ee9 hai.<\/p>\n<p>7. Kh\u00e1ch h\u00e0ng kh\u00f4ng s\u1eed d\u1ee5ng c\u00f9ng l\u00fac m\u1ed9t (01) giao di\u1ec7n cho hai hay nhi\u1ec1u website kh\u00e1c nhau.<\/p>\n<p>8. Kh\u00e1ch h\u00e0ng kh\u00f4ng sao ch\u00e9p hay chuy\u1ec3n nh\u01b0\u1ee3ng giao di\u1ec7n v\u1edbi m\u1ed9t hay nhi\u1ec1u kh\u00e1ch h\u00e0ng kh\u00e1c nhau.<\/p>\n<p>9. Kh\u00e1ch h\u00e0ng Web Kh\u1edfi Nghi\u1ec7p\u00a0c\u00f3 quy\u1ec1n nh\u1edd nh\u00e2n vi\u00ean kinh doanh c\u1ee7a Web Kh\u1edfi Nghi\u1ec7p\u00a0 mua v\u00e0 c\u00e0i giao di\u1ec7n h\u1ed9.<\/p>\n<p>10. Web Kh\u1edfi Nghi\u1ec7p c\u00f3 quy\u1ec1n thay \u0111\u1ed5i gi\u00e1 c\u1ee7a c\u00e1c giao di\u1ec7n b\u1ea5t c\u1ee9 l\u00fac n\u00e0o m\u00e0 kh\u00f4ng c\u1ea7n b\u00e1o tr\u01b0\u1edbc v\u1edbi kh\u00e1ch h\u00e0ng.<\/p>\n<p>11. Kh\u00e1ch h\u00e0ng ch\u1ec9 c\u1ea7n thanh to\u00e1n ph\u00ed s\u1eed d\u1ee5ng giao di\u1ec7n cho Web Kh\u1edfi Nghi\u1ec7p theo m\u1ee9c gi\u00e1 \u0111\u01b0\u1ee3c ni\u00eam y\u1ebft t\u1ea1i th\u1eddi \u0111i\u1ec3m t\u1ea3i v\u1ec1.<\/p>\n<p>&nbsp;<\/p>\n","protected":false},"excerpt":{"rendered":"<p>\u0110I\u1ec0U KHO\u1ea2N V\u1ec1 vi\u1ec7c s\u1eed d\u1ee5ng giao di\u1ec7n tr\u00ean h\u1ec7 th\u1ed1ng LINDO d\u00e0nh cho kh\u00e1ch h\u00e0ng c\u1ee7a\u00a0 LINDO 1. T\u1ea5t c\u1ea3 c\u00e1c giao di\u1ec7n \u0111\u0103ng t\u1ea3i tr\u00ean kho giao di\u1ec7n c\u1ee7a Web Kh\u1edfi Nghi\u1ec7p\u00a0\u0111\u1ec1u l\u00e0 c\u00e1c s\u1ea3n ph\u1ea9m thu\u1ed9c s\u1edf h\u1eefu c\u1ee7a ch\u00fang t\u00f4i . M\u1ecdi c\u00e1 nh\u00e2n\/ t\u1ed5 ch\u1ee9c mu\u1ed1n s\u1eed d\u1ee5ng giao di\u1ec7n&#8230;<\/p>\n","protected":false},"author":1,"featured_media":0,"parent":0,"menu_order":0,"comment_status":"closed","ping_status":"closed","template":"","meta":[],"_links":{"self":[{"href":"https:\/\/webmaibinh.com\/w\/mypham42011\/wp-json\/wp\/v2\/pages\/546"}],"collection":[{"href":"https:\/\/webmaibinh.com\/w\/mypham42011\/wp-json\/wp\/v2\/pages"}],"about":[{"href":"https:\/\/webmaibinh.com\/w\/mypham42011\/wp-json\/wp\/v2\/types\/page"}],"author":[{"embeddable":true,"href":"https:\/\/webmaibinh.com\/w\/mypham42011\/wp-json\/wp\/v2\/users\/1"}],"replies":[{"embeddable":true,"href":"https:\/\/webmaibinh.com\/w\/mypham42011\/wp-json\/wp\/v2\/comments?post=546"}],"version-history":[{"count":1,"href":"https:\/\/webmaibinh.com\/w\/mypham42011\/wp-json\/wp\/v2\/pages\/546\/revisions"}],"predecessor-version":[{"id":547,"href":"https:\/\/webmaibinh.com\/w\/mypham42011\/wp-json\/wp\/v2\/pages\/546\/revisions\/547"}],"wp:attachment":[{"href":"https:\/\/webmaibinh.com\/w\/mypham42011\/wp-json\/wp\/v2\/media?parent=546"}],"curies":[{"name":"wp","href":"https:\/\/api.w.org\/{rel}","templated":true}]}}