{"id":544,"date":"2017-06-01T15:28:02","date_gmt":"2017-06-01T15:28:02","guid":{"rendered":"http:\/\/mypham4.khowebseotop.vn\/?page_id=544"},"modified":"2017-06-01T15:28:02","modified_gmt":"2017-06-01T15:28:02","slug":"chinh-sach-bao-mat","status":"publish","type":"page","link":"https:\/\/webmaibinh.com\/w\/mypham42011\/chinh-sach-bao-mat\/","title":{"rendered":"Ch\u00ednh s\u00e1ch b\u1ea3o m\u1eadt"},"content":{"rendered":"<h1 class=\"single_title\">CH\u00cdNH S\u00c1CH B\u1ea2O M\u1eacT<\/h1>\n<div class=\"post_page\">\n<p>Ch\u00fang t\u00f4i bi\u1ebft r\u1eb1ng s\u1ef1 ri\u00eang t\u01b0 v\u00e0 b\u1ea3o m\u1eadt th\u00f4ng tin c\u00e1 nh\u00e2n r\u1ea5t quan tr\u1ecdng \u0111\u1ed1i v\u1edbi ng\u01b0\u1eddi d\u00f9ng, v\u00ec v\u1eady ch\u00fang t\u00f4i cam k\u1ebft n\u1ed5 l\u1ef1c t\u1ed1i \u0111a b\u1ea3o v\u1ec7 s\u1ef1 ri\u00eang t\u01b0 c\u1ee7a b\u1ea1n.<br \/>\nCh\u00ednh s\u00e1ch b\u1ea3o m\u1eadt m\u00f4 t\u1ea3 c\u00e1ch th\u1ee9c ch\u00fang t\u00f4i thu th\u1eadp v\u00e0 x\u1eed l\u00fd c\u00e1c th\u00f4ng tin c\u00e1 nh\u00e2n khi b\u1ea1n s\u1eed d\u1ee5ng d\u1ecbch v\u1ee5 c\u1ee7a Web Kh\u1edfi Nghi\u1ec7p. B\u1ea1n \u0111\u1ed3ng \u00fd s\u1eed d\u1ee5ng d\u1ecbch v\u1ee5 c\u1ee7a Webkhoinghiep.net ,\u00a0 c\u00f3 ngh\u0129a l\u00e0 b\u1ea1n ho\u00e0n to\u00e0n \u0111\u1ed3ng \u00fd v\u1edbi c\u00e1c n\u1ed9i dung ch\u00fang t\u00f4i n\u1ebfu trong Ch\u00ednh s\u00e1ch b\u1ea3o m\u1eadt n\u00e0y.\u00a0 Ch\u00fang t\u00f4i c\u00f3 th\u1ec3 s\u1eeda \u0111\u1ed5i n\u1ed9i dung c\u1ee7a ch\u00ednh s\u00e1ch b\u1eb1ng c\u00e1ch \u0111\u0103ng m\u1ed9t b\u1ea3n s\u1eeda \u0111\u1ed5i l\u00ean Webkhoinghiep.net, phi\u00ean b\u1ea3n s\u1eeda \u0111\u1ed5i c\u00f3 hi\u1ec7u l\u1ef1c k\u1ec3 t\u1eeb th\u1eddi \u0111i\u1ec3m \u0111\u0103ng t\u1ea3i.<\/p>\n<p><strong>Th\u00f4ng tin ch\u00fang t\u00f4i thu th\u1eadp<\/strong><\/p>\n<ul>\n<li>\u0110\u1ec3 c\u00f3 th\u1ec3 s\u1eed d\u1ee5ng \u0111\u1ea7y \u0111\u1ee7 c\u00e1c ti\u1ec7n \u00edch tr\u00ean Web Kh\u1edfi Nghi\u1ec7p, b\u1ea1n c\u1ea7n ph\u1ea3i \u0111\u0103ng k\u00fd th\u00e0nh vi\u00ean v\u00e0 cung c\u1ea5p c\u00e1c th\u00f4ng tin c\u00e1 nh\u00e2n c\u1ee7a m\u00ecnh. Ch\u00fang t\u00f4i c\u00f3 th\u1ec3 thu th\u1eadp c\u00e1c th\u00f4ng tin sau v\u1ec1 b\u1ea1n:<\/li>\n<li>T\u00ean c\u00f4ng ty, c\u1eeda h\u00e0ng, \u0111\u01a1n v\u1ecb kinh doanh<\/li>\n<li>H\u1ecd T\u00ean, tu\u1ed5i, \u0111\u1ecba ch\u1ec9 c\u01b0 tr\u00fa<\/li>\n<li>Email, s\u1ed1 \u0111i\u1ec7n tho\u1ea1i di \u0111\u1ed9ng, s\u1ed1 \u0111i\u1ec7n tho\u1ea1i b\u00e0n<\/li>\n<li>\u0110\u1ecba ch\u1ec9 IP (Internet Protocol), lo\u1ea1i tr\u00ecnh duy\u1ec7t web (Browser), t\u1ed1c \u0111\u1ed9 \u0111\u01b0\u1eddng truy\u1ec1n, s\u1ed1 trang b\u1ea1n xem, th\u1eddi gian b\u1ea1n vi\u1ebfng th\u0103m, nh\u1eefng \u0111\u1ecba ch\u1ec9 m\u00e0 Browser n\u00e0y truy xu\u1ea5t \u0111\u1ebfn.<\/li>\n<\/ul>\n<p><strong>Web Kh\u1edfi Nghi\u1ec7p b\u1ea3o v\u1ec7 v\u00e0 l\u01b0u tr\u1eef th\u00f4ng tin c\u00e1 nh\u00e2n c\u1ee7a b\u1ea1n nh\u01b0 th\u1ebf n\u00e0o?<\/strong><br \/>\nCh\u00fang t\u00f4i l\u01b0u tr\u1eef v\u00e0 x\u1eed l\u00fd th\u00f4ng tin c\u00e1 nh\u00e2n c\u1ee7a b\u1ea1n tr\u00ean m\u00e1y ch\u1ee7,\u00a0 ch\u00fang t\u00f4i b\u1ea3o v\u1ec7 n\u00f3 b\u1eb1ng c\u00e1c bi\u1ec7n ph\u00e1p b\u1ea3o v\u1ec7 v\u1eadt l\u00fd, \u0111i\u1ec7n t\u1eed\u00a0 bao g\u1ed3m: t\u01b0\u1eddng l\u1eeda, m\u00e3 h\u00f3a d\u1eef li\u1ec7u v\u00e0 th\u1ee7 t\u1ee5c \u00e1p d\u1ee5ng theo quy \u0111\u1ecbnh c\u1ee7a lu\u1eadt b\u1ea3o m\u1eadt th\u00f4ng tin. Web Kh\u1edfi Nghi\u1ec7p\u00a0th\u1ef1c thi ki\u1ec3m so\u00e1t truy c\u1eadp v\u1eadt l\u00fd v\u00e0o c\u00e1c th\u00f4ng tin, v\u00e0 ch\u00fang t\u00f4i ch\u1ec9 cho ph\u00e9p\u00a0 truy c\u1eadp th\u00f4ng tin c\u00e1 nh\u00e2n\u00a0 \u0111\u1ed1i v\u1edbi nh\u1eefng nh\u00e2n vi\u00ean c\u1ea7n n\u00f3 \u0111\u1ec3 ho\u00e0n th\u00e0nh tr\u00e1ch nhi\u1ec7m c\u00f4ng vi\u1ec7c c\u1ee7a h\u1ecd trong h\u1ec7 th\u1ed1ng Web Kh\u1edfi Nghi\u1ec7p.<\/p>\n<p><strong>S\u1eed d\u1ee5ng th\u00f4ng tin c\u1ee7a b\u1ea1n<\/strong><br \/>\nM\u1ee5c ti\u00eau c\u1ee7a ch\u00fang t\u00f4i l\u00e0 mang l\u1ea1i cho doanh nghi\u1ec7p, ng\u01b0\u1eddi d\u00f9ng m\u1ed9t h\u1ea1 t\u1ea7ng d\u1ecbch v\u1ee5 ph\u1ee5c v\u1ee5 qu\u1ea3ng b\u00e1 v\u00e0 ph\u00e1t tri\u1ec3n th\u01b0\u01a1ng hi\u1ec7u, m\u1edf r\u1ed9ng kinh doanh tr\u00ean Internet m\u1ed9t c\u00e1ch hi\u1ec7u qu\u1ea3, t\u1ed1i \u01b0u v\u1ec1 chi ph\u00ed v\u00e0 th\u1eddi gian. V\u00ec v\u1eady, ch\u00fang t\u00f4i s\u1eed d\u1ee5ng th\u00f4ng tin c\u00e1 nh\u00e2n c\u1ee7a b\u1ea1n nh\u1eb1m:<\/p>\n<ul>\n<li>Cung c\u1ea5p th\u00f4ng tin, c\u00e1c d\u1ecbch v\u1ee5 v\u00e0 s\u1ef1 h\u1ed7 tr\u1ee3 theo y\u00eau c\u1ea7u c\u1ee7a b\u1ea1n<\/li>\n<li>G\u1eedi email th\u00f4ng b\u00e1o c\u00e1c ch\u01b0\u01a1ng tr\u00ecnh, s\u1ef1 ki\u1ec7n ti\u00eau bi\u1ec3u c\u1ee7a ch\u00fang t\u00f4i<\/li>\n<li>Gi\u1ea3i quy\u1ebft c\u00e1c tranh ch\u1ea5p, c\u00e1c v\u1ea5n \u0111\u1ec1 ph\u00e1t sinh li\u00ean quan \u0111\u1ebfn vi\u1ec7c s\u1eed d\u1ee5ng website<\/li>\n<li>Ng\u0103n ch\u1eb7n c\u00e1c ho\u1ea1t \u0111\u1ed9ng ph\u1ea1m ph\u00e1p ho\u1eb7c b\u1ecb c\u1ea5m \u0111\u01b0\u1ee3c n\u00eau trong Quy \u0111\u1ecbnh s\u1eed d\u1ee5ng<\/li>\n<li>\u0110o l\u01b0\u1eddng v\u00e0 c\u1ea3i thi\u1ec7n c\u00e1c d\u1ecbch v\u1ee5 c\u1ee7a ch\u00fang t\u00f4i<\/li>\n<li>So s\u00e1nh, \u0111\u1ed1i chi\u1ebfu t\u00ednh ch\u00ednh x\u00e1c c\u1ee7a th\u00f4ng tin m\u00e0 b\u1ea1n cung c\u1ea5p v\u1edbi b\u00ean th\u1ee9 ba<\/li>\n<\/ul>\n<p><strong>Ti\u1ebft l\u1ed9 th\u00f4ng tin c\u1ee7a b\u1ea1n<\/strong><br \/>\nCh\u00fang t\u00f4i cam k\u1ebft kh\u00f4ng cung c\u1ea5p th\u00f4ng tin c\u00e1 nh\u00e2n c\u1ee7a b\u1ea1n cho b\u1ea5t k\u1ef3 b\u00ean th\u1ee9 ba n\u00e0o. Tuy nhi\u00ean, ch\u00fang t\u00f4i c\u00f3 th\u1ec3 ti\u1ebft l\u1ed9 th\u00f4ng tin c\u00e1 nh\u00e2n c\u1ee7a b\u1ea1n trong m\u1ed9t s\u1ed1 tr\u01b0\u1eddng h\u1ee3p d\u01b0\u1edbi \u0111\u00e2y:<\/p>\n<ul>\n<li>Ch\u00fang t\u00f4i \u0111\u01b0\u1ee3c b\u1ea1n \u0111\u1ed3ng \u00fd ti\u1ebft l\u1ed9 nh\u1eefng th\u00f4ng tin n\u00e0y<\/li>\n<li>B\u00ean th\u1ee9 ba m\u00e0 b\u1ea1n \u1ee7y quy\u1ec1n ho\u1eb7c cho ph\u00e9p c\u00f3 y\u00eau c\u1ea7u ch\u00fang t\u00f4i cung c\u1ea5p th\u00f4ng tin c\u00e1 nh\u00e2n c\u1ee7a b\u1ea1n<\/li>\n<li>Theo y\u00eau c\u1ea7u ph\u00e1p l\u00fd hay t\u1eeb m\u1ed9t c\u01a1 quan ch\u00ednh ph\u1ee7 ho\u1eb7c n\u1ebfu ch\u00fang t\u00f4i tin r\u1eb1ng h\u00e0nh \u0111\u1ed9ng \u0111\u00f3 l\u00e0 c\u1ea7n thi\u1ebft nh\u1eb1m tu\u00e2n theo c\u00e1c y\u00eau c\u1ea7u ph\u00e1p l\u00fd ho\u1eb7c chi\u1ebfu theo lu\u1eadt ph\u00e1p<\/li>\n<li>B\u1ea3o v\u1ec7 quy\u1ec1n, l\u1ee3i \u00edch, t\u00e0i s\u1ea3n, s\u1ef1 an to\u00e0n c\u1ee7a m\u1ed9t ai kh\u00e1c<\/li>\n<\/ul>\n<p>Ngo\u00e0i nh\u1eefng tr\u01b0\u1eddng h\u1ee3p n\u00eau tr\u00ean nh\u01b0ng kh\u00f4ng gi\u1edbi h\u1ea1n, ch\u00fang t\u00f4i s\u1ebd kh\u00f4ng c\u00f4ng b\u1ed1 th\u00f4ng tin c\u00e1 nh\u00e2n c\u1ee7a b\u1ea1n cho b\u00ean th\u1ee9 ba n\u00e0o kh\u00e1c tr\u1eeb khi ch\u00fang t\u00f4i ho\u00e0n to\u00e0n tin r\u1eb1ng, s\u1ef1 c\u00f4ng b\u1ed1 n\u00e0y l\u00e0 c\u1ea7n thi\u1ebft nh\u1eb1m ng\u0103n ch\u1eb7n nh\u1eefng thi\u1ec7t h\u1ea1i v\u1eadt ch\u1ea5t ho\u1eb7c t\u00e0i ch\u00ednh do c\u00e1c y\u1ebfu t\u1ed1 c\u00f3 d\u1ea5u hi\u1ec7u ph\u1ea1m ph\u00e1p c\u00f3 th\u1ec3 g\u00e2y ra.<\/p>\n<p><strong>Qu\u1ea3n l\u00fd th\u00f4ng tin tr\u00ean website\u00a0<\/strong><br \/>\nB\u1ea1n c\u00f3 th\u1ec3 truy c\u1eadp, s\u1eeda ch\u1eefa v\u00e0 c\u1eadp nh\u1eadt th\u00f4ng tin tr\u00ean website c\u1ee7a m\u00ecnh b\u1eb1ng c\u00e1ch \u0111\u0103ng nh\u1eadp v\u00e0 s\u1eed d\u1ee5ng c\u00e1c t\u00ednh n\u0103ng qu\u1ea3n tr\u1ecb. Ch\u00fang t\u00f4i ho\u00e0n to\u00e0n kh\u00f4ng ch\u1ecbu tr\u00e1ch nhi\u1ec7m li\u00ean quan \u0111\u1ebfn t\u00ednh ch\u00ednh x\u00e1c v\u00e0 h\u1ee3p ph\u00e1p c\u1ee7a th\u00f4ng tin b\u1ea1n \u0111\u01b0a l\u00ean website.<\/p>\n<p>&nbsp;<\/p>\n<\/div>\n","protected":false},"excerpt":{"rendered":"<p>CH\u00cdNH S\u00c1CH B\u1ea2O M\u1eacT Ch\u00fang t\u00f4i bi\u1ebft r\u1eb1ng s\u1ef1 ri\u00eang t\u01b0 v\u00e0 b\u1ea3o m\u1eadt th\u00f4ng tin c\u00e1 nh\u00e2n r\u1ea5t quan tr\u1ecdng \u0111\u1ed1i v\u1edbi ng\u01b0\u1eddi d\u00f9ng, v\u00ec v\u1eady ch\u00fang t\u00f4i cam k\u1ebft n\u1ed5 l\u1ef1c t\u1ed1i \u0111a b\u1ea3o v\u1ec7 s\u1ef1 ri\u00eang t\u01b0 c\u1ee7a b\u1ea1n. Ch\u00ednh s\u00e1ch b\u1ea3o m\u1eadt m\u00f4 t\u1ea3 c\u00e1ch th\u1ee9c ch\u00fang t\u00f4i thu th\u1eadp v\u00e0&#8230;<\/p>\n","protected":false},"author":1,"featured_media":0,"parent":0,"menu_order":0,"comment_status":"closed","ping_status":"closed","template":"","meta":[],"_links":{"self":[{"href":"https:\/\/webmaibinh.com\/w\/mypham42011\/wp-json\/wp\/v2\/pages\/544"}],"collection":[{"href":"https:\/\/webmaibinh.com\/w\/mypham42011\/wp-json\/wp\/v2\/pages"}],"about":[{"href":"https:\/\/webmaibinh.com\/w\/mypham42011\/wp-json\/wp\/v2\/types\/page"}],"author":[{"embeddable":true,"href":"https:\/\/webmaibinh.com\/w\/mypham42011\/wp-json\/wp\/v2\/users\/1"}],"replies":[{"embeddable":true,"href":"https:\/\/webmaibinh.com\/w\/mypham42011\/wp-json\/wp\/v2\/comments?post=544"}],"version-history":[{"count":1,"href":"https:\/\/webmaibinh.com\/w\/mypham42011\/wp-json\/wp\/v2\/pages\/544\/revisions"}],"predecessor-version":[{"id":545,"href":"https:\/\/webmaibinh.com\/w\/mypham42011\/wp-json\/wp\/v2\/pages\/544\/revisions\/545"}],"wp:attachment":[{"href":"https:\/\/webmaibinh.com\/w\/mypham42011\/wp-json\/wp\/v2\/media?parent=544"}],"curies":[{"name":"wp","href":"https:\/\/api.w.org\/{rel}","templated":true}]}}