{"id":689,"date":"2018-05-10T16:09:38","date_gmt":"2018-05-10T09:09:38","guid":{"rendered":"https:\/\/bizhostvn.com\/w\/mypham4\/?page_id=689"},"modified":"2018-05-10T16:13:39","modified_gmt":"2018-05-10T09:13:39","slug":"thong-tin-thanh-toan","status":"publish","type":"page","link":"https:\/\/webmaibinh.com\/w\/mypham4\/thong-tin-thanh-toan\/","title":{"rendered":"Th\u00f4ng tin thanh to\u00e1n"},"content":{"rendered":"\t<section class=\"section gioi-thieu\" id=\"section_1329880180\">\n\t\t<div class=\"bg section-bg fill bg-fill  bg-loaded\" >\n\n\t\t\t\n\t\t\t\n\t\t\t\n\n\t\t<\/div>\n\n\t\t<div class=\"section-content relative\">\n\t\t\t\n<div class=\"row row-small\"  id=\"row-1992161884\">\n\n\t<div id=\"col-1150928423\" class=\"col medium-3 small-12 large-3\"  >\n\t\t<div class=\"col-inner\"  >\n\t\t\t\n\t\t\t\n<p><span style=\"color: #333333;\"><a style=\"color: #333333;\" href=\"http:\/\/webdesign.com\/\">Webdesign.com<\/a>\u00a0\u0111\u01b0\u1ee3c th\u00e0nh l\u1eadp th\u00e1ng 11\/2016 d\u01b0\u1edbi d\u1ea1ng Blog c\u00e1 nh\u00e2n, v\u1edbi m\u1ee5c \u0111\u00edch ban \u0111\u1ea7u l\u00e0 n\u01a1i\u00a0l\u01b0u tr\u1eef nh\u1eefng\u00a0b\u00e0i vi\u1ebft ki\u1ebfn th\u1ee9c\u00a0ho\u1eb7c nh\u1eefng<strong>\u00a0<\/strong>s\u1ea3n ph\u1ea9m s\u00e1ng t\u1ea1o\u00a0trong qu\u00e1 tr\u00ecnh h\u1ecdc t\u1eadp,\u00a0l\u00e0m vi\u1ec7c.<\/span><\/p>\n\t\t<\/div>\n\t\t\t<\/div>\n\n\t\n\n\t<div id=\"col-306356664\" class=\"col medium-6 small-12 large-6\"  >\n\t\t<div class=\"col-inner\"  >\n\t\t\t\n\t\t\t\n\t<div class=\"img has-hover x md-x lg-x y md-y lg-y\" id=\"image_1646368553\">\n\t\t\t\t\t\t\t\t<div class=\"img-inner dark\" >\n\t\t\t<img width=\"1920\" height=\"450\" src=\"https:\/\/webmaibinh.com\/w\/mypham4\/wp-content\/uploads\/2018\/05\/slider4.jpg\" class=\"attachment-original size-original\" alt=\"\" loading=\"lazy\" srcset=\"https:\/\/webmaibinh.com\/w\/mypham4\/wp-content\/uploads\/2018\/05\/slider4.jpg 1920w, https:\/\/webmaibinh.com\/w\/mypham4\/wp-content\/uploads\/2018\/05\/slider4-500x117.jpg 500w, https:\/\/webmaibinh.com\/w\/mypham4\/wp-content\/uploads\/2018\/05\/slider4-300x70.jpg 300w, https:\/\/webmaibinh.com\/w\/mypham4\/wp-content\/uploads\/2018\/05\/slider4-768x180.jpg 768w, https:\/\/webmaibinh.com\/w\/mypham4\/wp-content\/uploads\/2018\/05\/slider4-1024x240.jpg 1024w\" sizes=\"(max-width: 1920px) 100vw, 1920px\" \/>\t\t\t\t\t\t\n\t\t\t\t\t<\/div>\n\t\t\t\t\t\t\t\t\n<style>\n#image_1646368553 {\n  width: 100%;\n}\n<\/style>\n\t<\/div>\n\t\n<h3><span style=\"font-size: 100%;\"><span style=\"color: #000000;\">Th\u00f4ng tin thanh to\u00e1n<\/span><\/span><\/h3>\n<p><span style=\"font-size: 90%; color: #000000;\">1. Vietcombank<br \/>\n<\/span><span style=\"font-size: 90%; color: #000000;\">&#8211; S\u1ed1 t\u00e0i kho\u1ea3n: 0691000374599<br \/>\n<\/span><span style=\"font-size: 90%; color: #000000;\">&#8211; Ch\u1ee7 t\u00e0i kho\u1ea3n: LeNam<br \/>\n<\/span><span style=\"font-size: 90%; color: #000000;\">&#8211; Chi nh\u00e1nh: H\u00e0 T\u00e2y<\/span><\/p>\n<p><span style=\"font-size: 90%; color: #000000;\">2. ACB<br \/>\n<\/span><span style=\"font-size: 90%; color: #000000;\">&#8211; S\u1ed1 t\u00e0i kho\u1ea3n: 221262879<br \/>\n<\/span><span style=\"font-size: 90%; color: #000000;\">&#8211; Ch\u1ee7 t\u00e0i kho\u1ea3n: LeNam<br \/>\n<\/span><span style=\"font-size: 90%; color: #000000;\">&#8211; Chi nh\u00e1nh: H\u00e0 Th\u00e0nh<\/span><\/p>\n<p><span style=\"font-size: 90%; color: #000000;\">3. Agribank<br \/>\n<\/span><span style=\"font-size: 90%; color: #000000;\">&#8211; S\u1ed1 t\u00e0i kho\u1ea3n: 2000206180703<br \/>\n<\/span><span style=\"font-size: 90%; color: #000000;\">&#8211; Ch\u1ee7 t\u00e0i kho\u1ea3n: LeNam<br \/>\n<\/span><span style=\"font-size: 90%; color: #000000;\">&#8211; Chi nh\u00e1nh: \u0110\u00e0 N\u1eb5ng<\/span><\/p>\n\t\t<\/div>\n\t\t\t<\/div>\n\n\t\n\n\t<div id=\"col-1299775847\" class=\"col cot3 medium-3 small-12 large-3\"  >\n\t\t<div class=\"col-inner\"  >\n\t\t\t\n\t\t\t\n<h3><span style=\"color: #000000;\">Gi\u1edbi thi\u1ec7u<\/span><\/h3>\n<p><a href=\"#\"><span style=\"font-size: 90%; color: #000000;\">Gi\u1edbi thi\u1ec7u WEBDESIGN<\/span><\/a><br \/>\n<a href=\"#\"><span style=\"font-size: 90%; color: #000000;\">T\u1ea7m nh\u00ecn chi\u1ebfn l\u01b0\u1ee3c<\/span><\/a><br \/>\n<a href=\"#\"><span style=\"font-size: 90%; color: #000000;\">H\u01b0\u1edbng d\u1eabn mua h\u00e0ng<\/span><\/a><\/p>\n<a rel=\"noopener noreferrer\" href=\"https:\/\/messenger.com\/webdemo\" target=\"_blank\" class=\"button primary lowercase expand\"  style=\"border-radius:4px;\">\n  <i class=\"icon-facebook\" ><\/i>  <span>Chat Facebook<\/span>\n  <\/a>\n\n<a href=\"tel:09729039830\" target=\"_self\" class=\"button success lowercase expand\"  style=\"border-radius:4px;\">\n  <i class=\"icon-phone\" ><\/i>  <span>Hotline: <\/span>\n  <\/a>\n\n<h3><span style=\"color: #000000;\">H\u1ed7 tr\u1ee3 Online<\/span><\/h3>\n\n\t\t<div class=\"icon-box featured-box icon-box-left text-left\"  >\n\t\t\t\t\t<div class=\"icon-box-img\" style=\"width: 39px\">\n\t\t\t\t<div class=\"icon\">\n\t\t\t\t\t<div class=\"icon-inner\" >\n\t\t\t\t\t\t<img width=\"70\" height=\"70\" src=\"https:\/\/webmaibinh.com\/w\/mypham4\/wp-content\/uploads\/2018\/05\/support-1.png\" class=\"attachment-medium size-medium\" alt=\"\" loading=\"lazy\" \/>\t\t\t\t\t<\/div>\n\t\t\t\t<\/div>\n\t\t\t<\/div>\n\t\t\t\t<div class=\"icon-box-text last-reset\">\n\t\t\t\t\t\t\t\t\t\n<p><span style=\"color: #000000;\">Kinh doanh 1<\/span><br \/>\n<span style=\"font-size: 90%; color: #333333;\">Mr. An: <\/span><\/p>\n\t\t<\/div>\n\t<\/div>\n\t\n\t\n\t<div id=\"gap-1097315340\" class=\"gap-element clearfix\" style=\"display:block; height:auto;\">\n\t\t\n<style>\n#gap-1097315340 {\n  padding-top: 15px;\n}\n<\/style>\n\t<\/div>\n\t\n\n\t\t<div class=\"icon-box featured-box icon-box-left text-left\"  >\n\t\t\t\t\t<div class=\"icon-box-img\" style=\"width: 39px\">\n\t\t\t\t<div class=\"icon\">\n\t\t\t\t\t<div class=\"icon-inner\" >\n\t\t\t\t\t\t<img width=\"70\" height=\"70\" src=\"https:\/\/webmaibinh.com\/w\/mypham4\/wp-content\/uploads\/2018\/05\/support2.png\" class=\"attachment-medium size-medium\" alt=\"\" loading=\"lazy\" \/>\t\t\t\t\t<\/div>\n\t\t\t\t<\/div>\n\t\t\t<\/div>\n\t\t\t\t<div class=\"icon-box-text last-reset\">\n\t\t\t\t\t\t\t\t\t\n<p><span style=\"color: #000000;\">Kinh doanh 2<\/span><br \/>\n<span style=\"font-size: 90%; color: #333333;\">Mrs. Loan: <\/span><\/p>\n\t\t<\/div>\n\t<\/div>\n\t\n\t\n\t<div id=\"gap-930049897\" class=\"gap-element clearfix\" style=\"display:block; height:auto;\">\n\t\t\n<style>\n#gap-930049897 {\n  padding-top: 15px;\n}\n<\/style>\n\t<\/div>\n\t\n<h3><span style=\"color: #000000;\">B\u00e0i vi\u1ebft &#8211; tin t\u1ee9c<\/span><\/h3>\n\n  \n    <div class=\"row large-columns-1 medium-columns-1 small-columns-1 row-small\">\n  \t\t<div class=\"col post-item\" >\n\t\t\t<div class=\"col-inner\">\n\t\t\t<a href=\"https:\/\/webmaibinh.com\/w\/mypham4\/chia-se-mien-phi-file-thiet-ke-ve-so-may-man\/\" class=\"plain\">\n\t\t\t\t<div class=\"box box-vertical box-text-middle box-blog-post has-hover\">\n            \t\t\t\t\t<div class=\"box-image\" style=\"width:20%;\">\n  \t\t\t\t\t\t<div class=\"image-cover\" style=\"padding-top:60%;\">\n  \t\t\t\t\t\t\t<img width=\"800\" height=\"449\" src=\"https:\/\/webmaibinh.com\/w\/mypham4\/wp-content\/uploads\/2018\/05\/Webdesign.com-V\u00e9-s\u1ed1-may-m\u1eafn-Xu\u00e2n-M\u1eadu-Tu\u1ea5t.jpg\" class=\"attachment-medium size-medium wp-post-image\" alt=\"\" loading=\"lazy\" srcset=\"https:\/\/webmaibinh.com\/w\/mypham4\/wp-content\/uploads\/2018\/05\/Webdesign.com-V\u00e9-s\u1ed1-may-m\u1eafn-Xu\u00e2n-M\u1eadu-Tu\u1ea5t.jpg 800w, https:\/\/webmaibinh.com\/w\/mypham4\/wp-content\/uploads\/2018\/05\/Webdesign.com-V\u00e9-s\u1ed1-may-m\u1eafn-Xu\u00e2n-M\u1eadu-Tu\u1ea5t-768x431.jpg 768w, https:\/\/webmaibinh.com\/w\/mypham4\/wp-content\/uploads\/2018\/05\/Webdesign.com-V\u00e9-s\u1ed1-may-m\u1eafn-Xu\u00e2n-M\u1eadu-Tu\u1ea5t-500x281.jpg 500w\" sizes=\"(max-width: 800px) 100vw, 800px\" \/>  \t\t\t\t\t\t\t  \t\t\t\t\t\t\t  \t\t\t\t\t\t<\/div>\n  \t\t\t\t\t\t  \t\t\t\t\t<\/div>\n          \t\t\t\t\t<div class=\"box-text text-left\" >\n\t\t\t\t\t<div class=\"box-text-inner blog-post-inner\">\n\n\t\t\t\t\t\n\t\t\t\t\t\t\t\t\t\t<h5 class=\"post-title is-large \">Chia s\u1ebb mi\u1ec5n ph\u00ed file thi\u1ebft k\u1ebf V\u00e9 s\u1ed1 may m\u1eafn<\/h5>\n\t\t\t\t\t\t\t\t\t\t<div class=\"is-divider\"><\/div>\n\t\t\t\t\t                    \n\t\t\t\t\t\n\t\t\t\t\t\n\t\t\t\t\t<\/div>\n\t\t\t\t\t<\/div>\n\t\t\t\t\t\t\t\t\t<\/div>\n\t\t\t\t<\/a>\n\t\t\t<\/div>\n\t\t<\/div>\n\t\t<div class=\"col post-item\" >\n\t\t\t<div class=\"col-inner\">\n\t\t\t<a href=\"https:\/\/webmaibinh.com\/w\/mypham4\/thiet-ke-thiep-moi-bon-mang-thanh-giuse-hoi-huynh-de-ty-muoi-giao-tinh-mien-bac\/\" class=\"plain\">\n\t\t\t\t<div class=\"box box-vertical box-text-middle box-blog-post has-hover\">\n            \t\t\t\t\t<div class=\"box-image\" style=\"width:20%;\">\n  \t\t\t\t\t\t<div class=\"image-cover\" style=\"padding-top:60%;\">\n  \t\t\t\t\t\t\t<img width=\"800\" height=\"600\" src=\"https:\/\/webmaibinh.com\/w\/mypham4\/wp-content\/uploads\/2018\/05\/Webdesign.com-Thi\u1ec7p-m\u1eddi-B\u1ed5n-m\u1ea1ng-Th\u00e1nh-Giuse-2.jpg\" class=\"attachment-medium size-medium wp-post-image\" alt=\"\" loading=\"lazy\" srcset=\"https:\/\/webmaibinh.com\/w\/mypham4\/wp-content\/uploads\/2018\/05\/Webdesign.com-Thi\u1ec7p-m\u1eddi-B\u1ed5n-m\u1ea1ng-Th\u00e1nh-Giuse-2.jpg 800w, https:\/\/webmaibinh.com\/w\/mypham4\/wp-content\/uploads\/2018\/05\/Webdesign.com-Thi\u1ec7p-m\u1eddi-B\u1ed5n-m\u1ea1ng-Th\u00e1nh-Giuse-2-768x576.jpg 768w, https:\/\/webmaibinh.com\/w\/mypham4\/wp-content\/uploads\/2018\/05\/Webdesign.com-Thi\u1ec7p-m\u1eddi-B\u1ed5n-m\u1ea1ng-Th\u00e1nh-Giuse-2-500x375.jpg 500w\" sizes=\"(max-width: 800px) 100vw, 800px\" \/>  \t\t\t\t\t\t\t  \t\t\t\t\t\t\t  \t\t\t\t\t\t<\/div>\n  \t\t\t\t\t\t  \t\t\t\t\t<\/div>\n          \t\t\t\t\t<div class=\"box-text text-left\" >\n\t\t\t\t\t<div class=\"box-text-inner blog-post-inner\">\n\n\t\t\t\t\t\n\t\t\t\t\t\t\t\t\t\t<h5 class=\"post-title is-large \">Thi\u1ebft k\u1ebf Thi\u1ec7p m\u1eddi b\u1ed5n m\u1ea1ng Th\u00e1nh Giuse<\/h5>\n\t\t\t\t\t\t\t\t\t\t<div class=\"is-divider\"><\/div>\n\t\t\t\t\t                    \n\t\t\t\t\t\n\t\t\t\t\t\n\t\t\t\t\t<\/div>\n\t\t\t\t\t<\/div>\n\t\t\t\t\t\t\t\t\t<\/div>\n\t\t\t\t<\/a>\n\t\t\t<\/div>\n\t\t<\/div>\n\t\t<div class=\"col post-item\" >\n\t\t\t<div class=\"col-inner\">\n\t\t\t<a href=\"https:\/\/webmaibinh.com\/w\/mypham4\/thiet-ke-bo-thuong-hieu-mam-non-tu-thuc-thien-nhan\/\" class=\"plain\">\n\t\t\t\t<div class=\"box box-vertical box-text-middle box-blog-post has-hover\">\n            \t\t\t\t\t<div class=\"box-image\" style=\"width:20%;\">\n  \t\t\t\t\t\t<div class=\"image-cover\" style=\"padding-top:60%;\">\n  \t\t\t\t\t\t\t<img width=\"800\" height=\"581\" src=\"https:\/\/webmaibinh.com\/w\/mypham4\/wp-content\/uploads\/2018\/05\/Webdesign.com-Thi\u1ebft-k\u1ebf-B\u1ed9-th\u01b0\u01a1ng-hi\u1ec7u-Tr\u01b0\u1eddng-m\u1ea7m-non-t\u01b0-th\u1ee5c.jpg\" class=\"attachment-medium size-medium wp-post-image\" alt=\"\" loading=\"lazy\" srcset=\"https:\/\/webmaibinh.com\/w\/mypham4\/wp-content\/uploads\/2018\/05\/Webdesign.com-Thi\u1ebft-k\u1ebf-B\u1ed9-th\u01b0\u01a1ng-hi\u1ec7u-Tr\u01b0\u1eddng-m\u1ea7m-non-t\u01b0-th\u1ee5c.jpg 800w, https:\/\/webmaibinh.com\/w\/mypham4\/wp-content\/uploads\/2018\/05\/Webdesign.com-Thi\u1ebft-k\u1ebf-B\u1ed9-th\u01b0\u01a1ng-hi\u1ec7u-Tr\u01b0\u1eddng-m\u1ea7m-non-t\u01b0-th\u1ee5c-768x558.jpg 768w, https:\/\/webmaibinh.com\/w\/mypham4\/wp-content\/uploads\/2018\/05\/Webdesign.com-Thi\u1ebft-k\u1ebf-B\u1ed9-th\u01b0\u01a1ng-hi\u1ec7u-Tr\u01b0\u1eddng-m\u1ea7m-non-t\u01b0-th\u1ee5c-500x363.jpg 500w\" sizes=\"(max-width: 800px) 100vw, 800px\" \/>  \t\t\t\t\t\t\t  \t\t\t\t\t\t\t  \t\t\t\t\t\t<\/div>\n  \t\t\t\t\t\t  \t\t\t\t\t<\/div>\n          \t\t\t\t\t<div class=\"box-text text-left\" >\n\t\t\t\t\t<div class=\"box-text-inner blog-post-inner\">\n\n\t\t\t\t\t\n\t\t\t\t\t\t\t\t\t\t<h5 class=\"post-title is-large \">Thi\u1ebft k\u1ebf b\u1ed9 th\u01b0\u01a1ng hi\u1ec7u M\u1ea7m non T\u01b0 th\u1ee5c Thi\u1ec7n Nh\u00e2n<\/h5>\n\t\t\t\t\t\t\t\t\t\t<div class=\"is-divider\"><\/div>\n\t\t\t\t\t                    \n\t\t\t\t\t\n\t\t\t\t\t\n\t\t\t\t\t<\/div>\n\t\t\t\t\t<\/div>\n\t\t\t\t\t\t\t\t\t<\/div>\n\t\t\t\t<\/a>\n\t\t\t<\/div>\n\t\t<\/div>\n\t\t<div class=\"col post-item\" >\n\t\t\t<div class=\"col-inner\">\n\t\t\t<a href=\"https:\/\/webmaibinh.com\/w\/mypham4\/thiet-ke-logo-cong-giao-catholic-logo-le-sinh-giao-xu-go-vap\/\" class=\"plain\">\n\t\t\t\t<div class=\"box box-vertical box-text-middle box-blog-post has-hover\">\n            \t\t\t\t\t<div class=\"box-image\" style=\"width:20%;\">\n  \t\t\t\t\t\t<div class=\"image-cover\" style=\"padding-top:60%;\">\n  \t\t\t\t\t\t\t<img width=\"800\" height=\"580\" src=\"https:\/\/webmaibinh.com\/w\/mypham4\/wp-content\/uploads\/2018\/05\/Webdesign.com-Logo-C\u00f4ng-Gi\u00e1o-Ban-L\u1ec5-Sinh-G\u00f2-V\u1ea5p-3.jpg\" class=\"attachment-medium size-medium wp-post-image\" alt=\"\" loading=\"lazy\" srcset=\"https:\/\/webmaibinh.com\/w\/mypham4\/wp-content\/uploads\/2018\/05\/Webdesign.com-Logo-C\u00f4ng-Gi\u00e1o-Ban-L\u1ec5-Sinh-G\u00f2-V\u1ea5p-3.jpg 800w, https:\/\/webmaibinh.com\/w\/mypham4\/wp-content\/uploads\/2018\/05\/Webdesign.com-Logo-C\u00f4ng-Gi\u00e1o-Ban-L\u1ec5-Sinh-G\u00f2-V\u1ea5p-3-768x557.jpg 768w, https:\/\/webmaibinh.com\/w\/mypham4\/wp-content\/uploads\/2018\/05\/Webdesign.com-Logo-C\u00f4ng-Gi\u00e1o-Ban-L\u1ec5-Sinh-G\u00f2-V\u1ea5p-3-500x363.jpg 500w\" sizes=\"(max-width: 800px) 100vw, 800px\" \/>  \t\t\t\t\t\t\t  \t\t\t\t\t\t\t  \t\t\t\t\t\t<\/div>\n  \t\t\t\t\t\t  \t\t\t\t\t<\/div>\n          \t\t\t\t\t<div class=\"box-text text-left\" >\n\t\t\t\t\t<div class=\"box-text-inner blog-post-inner\">\n\n\t\t\t\t\t\n\t\t\t\t\t\t\t\t\t\t<h5 class=\"post-title is-large \">Thi\u1ebft k\u1ebf Logo C\u00f4ng Gi\u00e1o L\u1ec5 Sinh Gi\u00e1o x\u1ee9 G\u00f2 V\u1ea5p<\/h5>\n\t\t\t\t\t\t\t\t\t\t<div class=\"is-divider\"><\/div>\n\t\t\t\t\t                    \n\t\t\t\t\t\n\t\t\t\t\t\n\t\t\t\t\t<\/div>\n\t\t\t\t\t<\/div>\n\t\t\t\t\t\t\t\t\t<\/div>\n\t\t\t\t<\/a>\n\t\t\t<\/div>\n\t\t<\/div>\n\t\t<div class=\"col post-item\" >\n\t\t\t<div class=\"col-inner\">\n\t\t\t<a href=\"https:\/\/webmaibinh.com\/w\/mypham4\/free-download-thiet-ke-to-roi-tuyen-sinh-truong-mam-non-thien-nhan\/\" class=\"plain\">\n\t\t\t\t<div class=\"box box-vertical box-text-middle box-blog-post has-hover\">\n            \t\t\t\t\t<div class=\"box-image\" style=\"width:20%;\">\n  \t\t\t\t\t\t<div class=\"image-cover\" style=\"padding-top:60%;\">\n  \t\t\t\t\t\t\t<img width=\"800\" height=\"530\" src=\"https:\/\/webmaibinh.com\/w\/mypham4\/wp-content\/uploads\/2018\/05\/Webdesign.com-Thi\u1ebft-k\u1ebf-t\u1edd-r\u01a1i-tuy\u1ec3n-sinh-M\u1ea7m-non-Thi\u1ec7n-Nh\u00e2n.jpg\" class=\"attachment-medium size-medium wp-post-image\" alt=\"\" loading=\"lazy\" srcset=\"https:\/\/webmaibinh.com\/w\/mypham4\/wp-content\/uploads\/2018\/05\/Webdesign.com-Thi\u1ebft-k\u1ebf-t\u1edd-r\u01a1i-tuy\u1ec3n-sinh-M\u1ea7m-non-Thi\u1ec7n-Nh\u00e2n.jpg 800w, https:\/\/webmaibinh.com\/w\/mypham4\/wp-content\/uploads\/2018\/05\/Webdesign.com-Thi\u1ebft-k\u1ebf-t\u1edd-r\u01a1i-tuy\u1ec3n-sinh-M\u1ea7m-non-Thi\u1ec7n-Nh\u00e2n-768x509.jpg 768w, https:\/\/webmaibinh.com\/w\/mypham4\/wp-content\/uploads\/2018\/05\/Webdesign.com-Thi\u1ebft-k\u1ebf-t\u1edd-r\u01a1i-tuy\u1ec3n-sinh-M\u1ea7m-non-Thi\u1ec7n-Nh\u00e2n-500x331.jpg 500w\" sizes=\"(max-width: 800px) 100vw, 800px\" \/>  \t\t\t\t\t\t\t  \t\t\t\t\t\t\t  \t\t\t\t\t\t<\/div>\n  \t\t\t\t\t\t  \t\t\t\t\t<\/div>\n          \t\t\t\t\t<div class=\"box-text text-left\" >\n\t\t\t\t\t<div class=\"box-text-inner blog-post-inner\">\n\n\t\t\t\t\t\n\t\t\t\t\t\t\t\t\t\t<h5 class=\"post-title is-large \">Thi\u1ebft k\u1ebf t\u1edd r\u01a1i tuy\u1ec3n sinh Tr\u01b0\u1eddng M\u1ea7m Non Thi\u1ec7n Nh\u00e2n<\/h5>\n\t\t\t\t\t\t\t\t\t\t<div class=\"is-divider\"><\/div>\n\t\t\t\t\t                    \n\t\t\t\t\t\n\t\t\t\t\t\n\t\t\t\t\t<\/div>\n\t\t\t\t\t<\/div>\n\t\t\t\t\t\t\t\t\t<\/div>\n\t\t\t\t<\/a>\n\t\t\t<\/div>\n\t\t<\/div>\n<\/div>\n\t\t<\/div>\n\t\t\t<\/div>\n\n\t\n<\/div>\n\t\t<\/div>\n\n\t\t\n<style>\n#section_1329880180 {\n  padding-top: 30px;\n  padding-bottom: 30px;\n}\n<\/style>\n\t<\/section>\n\t\n","protected":false},"excerpt":{"rendered":"","protected":false},"author":1,"featured_media":0,"parent":0,"menu_order":0,"comment_status":"closed","ping_status":"closed","template":"page-blank.php","meta":[],"_links":{"self":[{"href":"https:\/\/webmaibinh.com\/w\/mypham4\/wp-json\/wp\/v2\/pages\/689"}],"collection":[{"href":"https:\/\/webmaibinh.com\/w\/mypham4\/wp-json\/wp\/v2\/pages"}],"about":[{"href":"https:\/\/webmaibinh.com\/w\/mypham4\/wp-json\/wp\/v2\/types\/page"}],"author":[{"embeddable":true,"href":"https:\/\/webmaibinh.com\/w\/mypham4\/wp-json\/wp\/v2\/users\/1"}],"replies":[{"embeddable":true,"href":"https:\/\/webmaibinh.com\/w\/mypham4\/wp-json\/wp\/v2\/comments?post=689"}],"version-history":[{"count":0,"href":"https:\/\/webmaibinh.com\/w\/mypham4\/wp-json\/wp\/v2\/pages\/689\/revisions"}],"wp:attachment":[{"href":"https:\/\/webmaibinh.com\/w\/mypham4\/wp-json\/wp\/v2\/media?parent=689"}],"curies":[{"name":"wp","href":"https:\/\/api.w.org\/{rel}","templated":true}]}}