{"id":6,"date":"2018-05-09T11:00:30","date_gmt":"2018-05-09T04:00:30","guid":{"rendered":"https:\/\/bizhostvn.com\/w\/mypham4\/?page_id=6"},"modified":"2018-05-10T17:29:46","modified_gmt":"2018-05-10T10:29:46","slug":"gioi-thieu","status":"publish","type":"page","link":"https:\/\/webmaibinh.com\/w\/mypham4\/gioi-thieu\/","title":{"rendered":"Gi\u1edbi thi\u1ec7u"},"content":{"rendered":"\t<section class=\"section gioi-thieu\" id=\"section_1912381299\">\n\t\t<div class=\"bg section-bg fill bg-fill  bg-loaded\" >\n\n\t\t\t\n\t\t\t\n\t\t\t\n\n\t\t<\/div>\n\n\t\t<div class=\"section-content relative\">\n\t\t\t\n<div class=\"row row-small\"  id=\"row-1436518608\">\n\n\t<div id=\"col-1951940543\" class=\"col medium-3 small-12 large-3\"  >\n\t\t<div class=\"col-inner\"  >\n\t\t\t\n\t\t\t\n<p><span style=\"color: #333333;\"><a style=\"color: #333333;\" href=\"http:\/\/webdesign.com\/\">Webdesign.com<\/a>\u00a0\u0111\u01b0\u1ee3c th\u00e0nh l\u1eadp th\u00e1ng 11\/2016 d\u01b0\u1edbi d\u1ea1ng Blog c\u00e1 nh\u00e2n, v\u1edbi m\u1ee5c \u0111\u00edch ban \u0111\u1ea7u l\u00e0 n\u01a1i\u00a0l\u01b0u tr\u1eef nh\u1eefng\u00a0b\u00e0i vi\u1ebft ki\u1ebfn th\u1ee9c\u00a0ho\u1eb7c nh\u1eefng<strong>\u00a0<\/strong>s\u1ea3n ph\u1ea9m s\u00e1ng t\u1ea1o\u00a0trong qu\u00e1 tr\u00ecnh h\u1ecdc t\u1eadp,\u00a0l\u00e0m vi\u1ec7c.<\/span><\/p>\n\t\t<\/div>\n\t\t\t<\/div>\n\n\t\n\n\t<div id=\"col-375601202\" class=\"col medium-6 small-12 large-6\"  >\n\t\t<div class=\"col-inner\"  >\n\t\t\t\n\t\t\t\n\t<div class=\"img has-hover x md-x lg-x y md-y lg-y\" id=\"image_194747473\">\n\t\t\t\t\t\t\t\t<div class=\"img-inner dark\" >\n\t\t\t<img width=\"622\" height=\"385\" src=\"https:\/\/webmaibinh.com\/w\/mypham4\/wp-content\/uploads\/2018\/05\/BANNER2.jpg\" class=\"attachment-original size-original\" alt=\"\" loading=\"lazy\" srcset=\"https:\/\/webmaibinh.com\/w\/mypham4\/wp-content\/uploads\/2018\/05\/BANNER2.jpg 622w, https:\/\/webmaibinh.com\/w\/mypham4\/wp-content\/uploads\/2018\/05\/BANNER2-500x309.jpg 500w, https:\/\/webmaibinh.com\/w\/mypham4\/wp-content\/uploads\/2018\/05\/BANNER2-300x186.jpg 300w\" sizes=\"(max-width: 622px) 100vw, 622px\" \/>\t\t\t\t\t\t\n\t\t\t\t\t<\/div>\n\t\t\t\t\t\t\t\t\n<style>\n#image_194747473 {\n  width: 100%;\n}\n<\/style>\n\t<\/div>\n\t\n<p><span style=\"color: #000000; font-size: 90%;\">Xin ch\u00e0o b\u1ea1n \u2013 \u0111\u1ed9c gi\u1ea3 c\u1ee7a\u00a0<a style=\"color: #000000;\" href=\"https:\/\/webdesign.com\/\">Webdesign.com<\/a>,<\/span><\/p>\n<p><span style=\"color: #000000; font-size: 90%;\">L\u1eddi \u0111\u1ea7u ti\u00ean, cho ph\u00e9p WEBDESIGN \u0111\u01b0\u1ee3c g\u1eedi t\u1edbi qu\u00fd kh\u00e1ch, qu\u00fd th\u00e2n nh\u00e2n v\u00e0 b\u1ea1n b\u00e8 l\u1eddi ch\u00fac s\u1ee9c kh\u1ecfe, th\u00e0nh \u0111\u1ea1t v\u00e0 h\u1ea1nh ph\u00fac.<\/span><\/p>\n<p><span style=\"color: #000000; font-size: 90%;\"><a style=\"color: #000000;\" href=\"http:\/\/webdesign.com\/\">Webdesign.com<\/a>\u00a0\u0111\u01b0\u1ee3c th\u00e0nh l\u1eadp th\u00e1ng 11\/2016 d\u01b0\u1edbi d\u1ea1ng Blog c\u00e1 nh\u00e2n, v\u1edbi m\u1ee5c \u0111\u00edch ban \u0111\u1ea7u l\u00e0 n\u01a1i\u00a0l\u01b0u tr\u1eef nh\u1eefng\u00a0<strong>b\u00e0i vi\u1ebft ki\u1ebfn th\u1ee9c<\/strong>\u00a0ho\u1eb7c nh\u1eefng<strong>\u00a0s\u1ea3n ph\u1ea9m s\u00e1ng t\u1ea1o<\/strong>\u00a0trong qu\u00e1 tr\u00ecnh h\u1ecdc t\u1eadp,\u00a0l\u00e0m vi\u1ec7c.<\/span><\/p>\n<p><span style=\"color: #000000; font-size: 90%;\">Sau m\u1ed9t th\u1eddi gian ho\u1ea1t \u0111\u1ed9ng, website \u0111\u00e3 c\u00f3 nh\u1eefng b\u01b0\u1edbc ti\u1ebfn \u0111\u00e1ng k\u1ec3 c\u1ea3 v\u1ec1 ch\u1ea5t l\u01b0\u1ee3ng v\u00e0 h\u00ecnh th\u1ee9c. S\u1ed1 l\u01b0\u1ee3ng kh\u00e1ch truy c\u1eadp website\u00a0tr\u1edf th\u00e0nh kh\u00e1ch h\u00e0ng s\u1eed d\u1ee5ng d\u1ecbch v\u1ee5 thi\u1ebft k\u1ebf t\u0103ng l\u00ean \u0111\u00e1ng k\u1ec3. T\u1eeb vi\u1ec7c ch\u0103m ch\u00fat n\u1ed9i dung cho website theo s\u1edf th\u00edch, WEBDESIGN\u00a0\u0111\u00e3 d\u1ea7n chinh ph\u1ee5c kh\u00e1ch h\u00e0ng v\u1edbi nh\u1eefng d\u1ecbch v\u1ee5 thi\u1ebft k\u1ebf s\u00e1ng t\u1ea1o uy t\u00edn v\u00e0 ch\u1ea5t l\u01b0\u1ee3ng.<\/span><\/p>\n<p><span style=\"color: #000000; font-size: 90%;\">T\u1ef1 tin v\u1edbi kh\u1ea3 n\u0103ng \u0111\u00e1p \u1ee9ng m\u1ecdi y\u00eau c\u1ea7u thi\u1ebft k\u1ebf c\u1ee7a kh\u00e1ch h\u00e0ng, WEBDESIGN ch\u00ednh th\u1ee9c \u0111em l\u1ea1i d\u1ecbch v\u1ee5\u00a0<strong>Thi\u1ebft k\u1ebf \u0111\u1ed3 h\u1ecda<\/strong>\u00a0v\u00e0\u00a0<strong>Thi\u1ebft k\u1ebf Website chuy\u00ean nghi\u1ec7p\u00a0<\/strong>t\u1eeb \u0111\u1ea7u n\u0103m 2017.<strong>\u00a0<\/strong>S\u1ef1 \u1ee7ng h\u1ed9 v\u00e0 tin t\u01b0\u1edfng c\u1ee7a kh\u00e1ch h\u00e0ng s\u1ebd\u00a0tr\u1edf th\u00e0nh ngu\u1ed3n c\u1ea3m h\u1ee9ng\u00a0l\u1edbn lao cho WEBDESIGN\u00a0trong qu\u00e1 tr\u00ecnh\u00a0ph\u00e1c h\u1ecda nh\u1eefng \u00fd t\u01b0\u1edfng thi\u1ebft k\u1ebf \u0111\u01b0\u1ee3c tr\u1edf th\u00e0nh hi\u1ec7n th\u1ef1c.<\/span><\/p>\n<p><span style=\"color: #000000; font-size: 90%;\">Xin c\u00e1m \u01a1n s\u1ef1 tin t\u01b0\u1edfng v\u00e0 \u1ee7ng h\u1ed9 c\u1ee7a qu\u00fd kh\u00e1ch trong th\u1eddi gian qua.<\/span><\/p>\n<p><span style=\"color: #000000; font-size: 90%;\">Tr\u00e2n tr\u1ecdng.\/.<\/span><\/p>\n<p><span style=\"color: #000000; font-size: 90%;\">Admin<\/span><\/p>\n\t\t<\/div>\n\t\t\t<\/div>\n\n\t\n\n\t<div id=\"col-2147332188\" class=\"col cot3 medium-3 small-12 large-3\"  >\n\t\t<div class=\"col-inner\"  >\n\t\t\t\n\t\t\t\n<h3><span style=\"color: #000000;\">Gi\u1edbi thi\u1ec7u<\/span><\/h3>\n<p><a href=\"#\"><span style=\"font-size: 90%; color: #000000;\">Gi\u1edbi thi\u1ec7u WEBDESIGN<\/span><\/a><br \/>\n<a href=\"#\"><span style=\"font-size: 90%; color: #000000;\">T\u1ea7m nh\u00ecn chi\u1ebfn l\u01b0\u1ee3c<\/span><\/a><br \/>\n<a href=\"#\"><span style=\"font-size: 90%; color: #000000;\">H\u01b0\u1edbng d\u1eabn mua h\u00e0ng<\/span><\/a><\/p>\n<a rel=\"noopener noreferrer\" href=\"https:\/\/messenger.com\/webdemo\" target=\"_blank\" class=\"button primary lowercase expand\"  style=\"border-radius:4px;\">\n  <i class=\"icon-facebook\" ><\/i>  <span>Chat Facebook<\/span>\n  <\/a>\n\n<a href=\"tel:09729039830\" target=\"_self\" class=\"button success lowercase expand\"  style=\"border-radius:4px;\">\n  <i class=\"icon-phone\" ><\/i>  <span>Hotline: <\/span>\n  <\/a>\n\n<h3><span style=\"color: #000000;\">H\u1ed7 tr\u1ee3 Online<\/span><\/h3>\n\n\t\t<div class=\"icon-box featured-box icon-box-left text-left\"  >\n\t\t\t\t\t<div class=\"icon-box-img\" style=\"width: 39px\">\n\t\t\t\t<div class=\"icon\">\n\t\t\t\t\t<div class=\"icon-inner\" >\n\t\t\t\t\t\t<img width=\"70\" height=\"70\" src=\"https:\/\/webmaibinh.com\/w\/mypham4\/wp-content\/uploads\/2018\/05\/support-1.png\" class=\"attachment-medium size-medium\" alt=\"\" loading=\"lazy\" \/>\t\t\t\t\t<\/div>\n\t\t\t\t<\/div>\n\t\t\t<\/div>\n\t\t\t\t<div class=\"icon-box-text last-reset\">\n\t\t\t\t\t\t\t\t\t\n<p><span style=\"color: #000000;\">Kinh doanh 1<\/span><br \/>\n<span style=\"font-size: 90%; color: #333333;\">Mr. An: <\/span><\/p>\n\t\t<\/div>\n\t<\/div>\n\t\n\t\n\t<div id=\"gap-1756132931\" class=\"gap-element clearfix\" style=\"display:block; height:auto;\">\n\t\t\n<style>\n#gap-1756132931 {\n  padding-top: 15px;\n}\n<\/style>\n\t<\/div>\n\t\n\n\t\t<div class=\"icon-box featured-box icon-box-left text-left\"  >\n\t\t\t\t\t<div class=\"icon-box-img\" style=\"width: 39px\">\n\t\t\t\t<div class=\"icon\">\n\t\t\t\t\t<div class=\"icon-inner\" >\n\t\t\t\t\t\t<img width=\"70\" height=\"70\" src=\"https:\/\/webmaibinh.com\/w\/mypham4\/wp-content\/uploads\/2018\/05\/support2.png\" class=\"attachment-medium size-medium\" alt=\"\" loading=\"lazy\" \/>\t\t\t\t\t<\/div>\n\t\t\t\t<\/div>\n\t\t\t<\/div>\n\t\t\t\t<div class=\"icon-box-text last-reset\">\n\t\t\t\t\t\t\t\t\t\n<p><span style=\"color: #000000;\">Kinh doanh 2<\/span><br \/>\n<span style=\"font-size: 90%; color: #333333;\">Mrs. Loan: <\/span><\/p>\n\t\t<\/div>\n\t<\/div>\n\t\n\t\n\t<div id=\"gap-137497224\" class=\"gap-element clearfix\" style=\"display:block; height:auto;\">\n\t\t\n<style>\n#gap-137497224 {\n  padding-top: 15px;\n}\n<\/style>\n\t<\/div>\n\t\n<h3><span style=\"color: #000000;\">B\u00e0i vi\u1ebft &#8211; tin t\u1ee9c<\/span><\/h3>\n\n  \n    <div class=\"row large-columns-1 medium-columns-1 small-columns-1 row-small\">\n  \t\t<div class=\"col post-item\" >\n\t\t\t<div class=\"col-inner\">\n\t\t\t<a href=\"https:\/\/webmaibinh.com\/w\/mypham4\/chia-se-mien-phi-file-thiet-ke-ve-so-may-man\/\" class=\"plain\">\n\t\t\t\t<div class=\"box box-vertical box-text-middle box-blog-post has-hover\">\n            \t\t\t\t\t<div class=\"box-image\" style=\"width:20%;\">\n  \t\t\t\t\t\t<div class=\"image-cover\" style=\"padding-top:80%;\">\n  \t\t\t\t\t\t\t<img width=\"800\" height=\"449\" src=\"https:\/\/webmaibinh.com\/w\/mypham4\/wp-content\/uploads\/2018\/05\/Webdesign.com-V\u00e9-s\u1ed1-may-m\u1eafn-Xu\u00e2n-M\u1eadu-Tu\u1ea5t.jpg\" class=\"attachment-medium size-medium wp-post-image\" alt=\"\" loading=\"lazy\" srcset=\"https:\/\/webmaibinh.com\/w\/mypham4\/wp-content\/uploads\/2018\/05\/Webdesign.com-V\u00e9-s\u1ed1-may-m\u1eafn-Xu\u00e2n-M\u1eadu-Tu\u1ea5t.jpg 800w, https:\/\/webmaibinh.com\/w\/mypham4\/wp-content\/uploads\/2018\/05\/Webdesign.com-V\u00e9-s\u1ed1-may-m\u1eafn-Xu\u00e2n-M\u1eadu-Tu\u1ea5t-768x431.jpg 768w, https:\/\/webmaibinh.com\/w\/mypham4\/wp-content\/uploads\/2018\/05\/Webdesign.com-V\u00e9-s\u1ed1-may-m\u1eafn-Xu\u00e2n-M\u1eadu-Tu\u1ea5t-500x281.jpg 500w\" sizes=\"(max-width: 800px) 100vw, 800px\" \/>  \t\t\t\t\t\t\t  \t\t\t\t\t\t\t  \t\t\t\t\t\t<\/div>\n  \t\t\t\t\t\t  \t\t\t\t\t<\/div>\n          \t\t\t\t\t<div class=\"box-text text-left\" >\n\t\t\t\t\t<div class=\"box-text-inner blog-post-inner\">\n\n\t\t\t\t\t\n\t\t\t\t\t\t\t\t\t\t<h5 class=\"post-title is-large \">Chia s\u1ebb mi\u1ec5n ph\u00ed file thi\u1ebft k\u1ebf V\u00e9 s\u1ed1 may m\u1eafn<\/h5>\n\t\t\t\t\t\t\t\t\t\t<div class=\"is-divider\"><\/div>\n\t\t\t\t\t                    \n\t\t\t\t\t\n\t\t\t\t\t\n\t\t\t\t\t<\/div>\n\t\t\t\t\t<\/div>\n\t\t\t\t\t\t\t\t\t<\/div>\n\t\t\t\t<\/a>\n\t\t\t<\/div>\n\t\t<\/div>\n\t\t<div class=\"col post-item\" >\n\t\t\t<div class=\"col-inner\">\n\t\t\t<a href=\"https:\/\/webmaibinh.com\/w\/mypham4\/thiet-ke-thiep-moi-bon-mang-thanh-giuse-hoi-huynh-de-ty-muoi-giao-tinh-mien-bac\/\" class=\"plain\">\n\t\t\t\t<div class=\"box box-vertical box-text-middle box-blog-post has-hover\">\n            \t\t\t\t\t<div class=\"box-image\" style=\"width:20%;\">\n  \t\t\t\t\t\t<div class=\"image-cover\" style=\"padding-top:80%;\">\n  \t\t\t\t\t\t\t<img width=\"800\" height=\"600\" src=\"https:\/\/webmaibinh.com\/w\/mypham4\/wp-content\/uploads\/2018\/05\/Webdesign.com-Thi\u1ec7p-m\u1eddi-B\u1ed5n-m\u1ea1ng-Th\u00e1nh-Giuse-2.jpg\" class=\"attachment-medium size-medium wp-post-image\" alt=\"\" loading=\"lazy\" srcset=\"https:\/\/webmaibinh.com\/w\/mypham4\/wp-content\/uploads\/2018\/05\/Webdesign.com-Thi\u1ec7p-m\u1eddi-B\u1ed5n-m\u1ea1ng-Th\u00e1nh-Giuse-2.jpg 800w, https:\/\/webmaibinh.com\/w\/mypham4\/wp-content\/uploads\/2018\/05\/Webdesign.com-Thi\u1ec7p-m\u1eddi-B\u1ed5n-m\u1ea1ng-Th\u00e1nh-Giuse-2-768x576.jpg 768w, https:\/\/webmaibinh.com\/w\/mypham4\/wp-content\/uploads\/2018\/05\/Webdesign.com-Thi\u1ec7p-m\u1eddi-B\u1ed5n-m\u1ea1ng-Th\u00e1nh-Giuse-2-500x375.jpg 500w\" sizes=\"(max-width: 800px) 100vw, 800px\" \/>  \t\t\t\t\t\t\t  \t\t\t\t\t\t\t  \t\t\t\t\t\t<\/div>\n  \t\t\t\t\t\t  \t\t\t\t\t<\/div>\n          \t\t\t\t\t<div class=\"box-text text-left\" >\n\t\t\t\t\t<div class=\"box-text-inner blog-post-inner\">\n\n\t\t\t\t\t\n\t\t\t\t\t\t\t\t\t\t<h5 class=\"post-title is-large \">Thi\u1ebft k\u1ebf Thi\u1ec7p m\u1eddi b\u1ed5n m\u1ea1ng Th\u00e1nh Giuse<\/h5>\n\t\t\t\t\t\t\t\t\t\t<div class=\"is-divider\"><\/div>\n\t\t\t\t\t                    \n\t\t\t\t\t\n\t\t\t\t\t\n\t\t\t\t\t<\/div>\n\t\t\t\t\t<\/div>\n\t\t\t\t\t\t\t\t\t<\/div>\n\t\t\t\t<\/a>\n\t\t\t<\/div>\n\t\t<\/div>\n\t\t<div class=\"col post-item\" >\n\t\t\t<div class=\"col-inner\">\n\t\t\t<a href=\"https:\/\/webmaibinh.com\/w\/mypham4\/thiet-ke-bo-thuong-hieu-mam-non-tu-thuc-thien-nhan\/\" class=\"plain\">\n\t\t\t\t<div class=\"box box-vertical box-text-middle box-blog-post has-hover\">\n            \t\t\t\t\t<div class=\"box-image\" style=\"width:20%;\">\n  \t\t\t\t\t\t<div class=\"image-cover\" style=\"padding-top:80%;\">\n  \t\t\t\t\t\t\t<img width=\"800\" height=\"581\" src=\"https:\/\/webmaibinh.com\/w\/mypham4\/wp-content\/uploads\/2018\/05\/Webdesign.com-Thi\u1ebft-k\u1ebf-B\u1ed9-th\u01b0\u01a1ng-hi\u1ec7u-Tr\u01b0\u1eddng-m\u1ea7m-non-t\u01b0-th\u1ee5c.jpg\" class=\"attachment-medium size-medium wp-post-image\" alt=\"\" loading=\"lazy\" srcset=\"https:\/\/webmaibinh.com\/w\/mypham4\/wp-content\/uploads\/2018\/05\/Webdesign.com-Thi\u1ebft-k\u1ebf-B\u1ed9-th\u01b0\u01a1ng-hi\u1ec7u-Tr\u01b0\u1eddng-m\u1ea7m-non-t\u01b0-th\u1ee5c.jpg 800w, https:\/\/webmaibinh.com\/w\/mypham4\/wp-content\/uploads\/2018\/05\/Webdesign.com-Thi\u1ebft-k\u1ebf-B\u1ed9-th\u01b0\u01a1ng-hi\u1ec7u-Tr\u01b0\u1eddng-m\u1ea7m-non-t\u01b0-th\u1ee5c-768x558.jpg 768w, https:\/\/webmaibinh.com\/w\/mypham4\/wp-content\/uploads\/2018\/05\/Webdesign.com-Thi\u1ebft-k\u1ebf-B\u1ed9-th\u01b0\u01a1ng-hi\u1ec7u-Tr\u01b0\u1eddng-m\u1ea7m-non-t\u01b0-th\u1ee5c-500x363.jpg 500w\" sizes=\"(max-width: 800px) 100vw, 800px\" \/>  \t\t\t\t\t\t\t  \t\t\t\t\t\t\t  \t\t\t\t\t\t<\/div>\n  \t\t\t\t\t\t  \t\t\t\t\t<\/div>\n          \t\t\t\t\t<div class=\"box-text text-left\" >\n\t\t\t\t\t<div class=\"box-text-inner blog-post-inner\">\n\n\t\t\t\t\t\n\t\t\t\t\t\t\t\t\t\t<h5 class=\"post-title is-large \">Thi\u1ebft k\u1ebf b\u1ed9 th\u01b0\u01a1ng hi\u1ec7u M\u1ea7m non T\u01b0 th\u1ee5c Thi\u1ec7n Nh\u00e2n<\/h5>\n\t\t\t\t\t\t\t\t\t\t<div class=\"is-divider\"><\/div>\n\t\t\t\t\t                    \n\t\t\t\t\t\n\t\t\t\t\t\n\t\t\t\t\t<\/div>\n\t\t\t\t\t<\/div>\n\t\t\t\t\t\t\t\t\t<\/div>\n\t\t\t\t<\/a>\n\t\t\t<\/div>\n\t\t<\/div>\n\t\t<div class=\"col post-item\" >\n\t\t\t<div class=\"col-inner\">\n\t\t\t<a href=\"https:\/\/webmaibinh.com\/w\/mypham4\/thiet-ke-logo-cong-giao-catholic-logo-le-sinh-giao-xu-go-vap\/\" class=\"plain\">\n\t\t\t\t<div class=\"box box-vertical box-text-middle box-blog-post has-hover\">\n            \t\t\t\t\t<div class=\"box-image\" style=\"width:20%;\">\n  \t\t\t\t\t\t<div class=\"image-cover\" style=\"padding-top:80%;\">\n  \t\t\t\t\t\t\t<img width=\"800\" height=\"580\" src=\"https:\/\/webmaibinh.com\/w\/mypham4\/wp-content\/uploads\/2018\/05\/Webdesign.com-Logo-C\u00f4ng-Gi\u00e1o-Ban-L\u1ec5-Sinh-G\u00f2-V\u1ea5p-3.jpg\" class=\"attachment-medium size-medium wp-post-image\" alt=\"\" loading=\"lazy\" srcset=\"https:\/\/webmaibinh.com\/w\/mypham4\/wp-content\/uploads\/2018\/05\/Webdesign.com-Logo-C\u00f4ng-Gi\u00e1o-Ban-L\u1ec5-Sinh-G\u00f2-V\u1ea5p-3.jpg 800w, https:\/\/webmaibinh.com\/w\/mypham4\/wp-content\/uploads\/2018\/05\/Webdesign.com-Logo-C\u00f4ng-Gi\u00e1o-Ban-L\u1ec5-Sinh-G\u00f2-V\u1ea5p-3-768x557.jpg 768w, https:\/\/webmaibinh.com\/w\/mypham4\/wp-content\/uploads\/2018\/05\/Webdesign.com-Logo-C\u00f4ng-Gi\u00e1o-Ban-L\u1ec5-Sinh-G\u00f2-V\u1ea5p-3-500x363.jpg 500w\" sizes=\"(max-width: 800px) 100vw, 800px\" \/>  \t\t\t\t\t\t\t  \t\t\t\t\t\t\t  \t\t\t\t\t\t<\/div>\n  \t\t\t\t\t\t  \t\t\t\t\t<\/div>\n          \t\t\t\t\t<div class=\"box-text text-left\" >\n\t\t\t\t\t<div class=\"box-text-inner blog-post-inner\">\n\n\t\t\t\t\t\n\t\t\t\t\t\t\t\t\t\t<h5 class=\"post-title is-large \">Thi\u1ebft k\u1ebf Logo C\u00f4ng Gi\u00e1o L\u1ec5 Sinh Gi\u00e1o x\u1ee9 G\u00f2 V\u1ea5p<\/h5>\n\t\t\t\t\t\t\t\t\t\t<div class=\"is-divider\"><\/div>\n\t\t\t\t\t                    \n\t\t\t\t\t\n\t\t\t\t\t\n\t\t\t\t\t<\/div>\n\t\t\t\t\t<\/div>\n\t\t\t\t\t\t\t\t\t<\/div>\n\t\t\t\t<\/a>\n\t\t\t<\/div>\n\t\t<\/div>\n\t\t<div class=\"col post-item\" >\n\t\t\t<div class=\"col-inner\">\n\t\t\t<a href=\"https:\/\/webmaibinh.com\/w\/mypham4\/free-download-thiet-ke-to-roi-tuyen-sinh-truong-mam-non-thien-nhan\/\" class=\"plain\">\n\t\t\t\t<div class=\"box box-vertical box-text-middle box-blog-post has-hover\">\n            \t\t\t\t\t<div class=\"box-image\" style=\"width:20%;\">\n  \t\t\t\t\t\t<div class=\"image-cover\" style=\"padding-top:80%;\">\n  \t\t\t\t\t\t\t<img width=\"800\" height=\"530\" src=\"https:\/\/webmaibinh.com\/w\/mypham4\/wp-content\/uploads\/2018\/05\/Webdesign.com-Thi\u1ebft-k\u1ebf-t\u1edd-r\u01a1i-tuy\u1ec3n-sinh-M\u1ea7m-non-Thi\u1ec7n-Nh\u00e2n.jpg\" class=\"attachment-medium size-medium wp-post-image\" alt=\"\" loading=\"lazy\" srcset=\"https:\/\/webmaibinh.com\/w\/mypham4\/wp-content\/uploads\/2018\/05\/Webdesign.com-Thi\u1ebft-k\u1ebf-t\u1edd-r\u01a1i-tuy\u1ec3n-sinh-M\u1ea7m-non-Thi\u1ec7n-Nh\u00e2n.jpg 800w, https:\/\/webmaibinh.com\/w\/mypham4\/wp-content\/uploads\/2018\/05\/Webdesign.com-Thi\u1ebft-k\u1ebf-t\u1edd-r\u01a1i-tuy\u1ec3n-sinh-M\u1ea7m-non-Thi\u1ec7n-Nh\u00e2n-768x509.jpg 768w, https:\/\/webmaibinh.com\/w\/mypham4\/wp-content\/uploads\/2018\/05\/Webdesign.com-Thi\u1ebft-k\u1ebf-t\u1edd-r\u01a1i-tuy\u1ec3n-sinh-M\u1ea7m-non-Thi\u1ec7n-Nh\u00e2n-500x331.jpg 500w\" sizes=\"(max-width: 800px) 100vw, 800px\" \/>  \t\t\t\t\t\t\t  \t\t\t\t\t\t\t  \t\t\t\t\t\t<\/div>\n  \t\t\t\t\t\t  \t\t\t\t\t<\/div>\n          \t\t\t\t\t<div class=\"box-text text-left\" >\n\t\t\t\t\t<div class=\"box-text-inner blog-post-inner\">\n\n\t\t\t\t\t\n\t\t\t\t\t\t\t\t\t\t<h5 class=\"post-title is-large \">Thi\u1ebft k\u1ebf t\u1edd r\u01a1i tuy\u1ec3n sinh Tr\u01b0\u1eddng M\u1ea7m Non Thi\u1ec7n Nh\u00e2n<\/h5>\n\t\t\t\t\t\t\t\t\t\t<div class=\"is-divider\"><\/div>\n\t\t\t\t\t                    \n\t\t\t\t\t\n\t\t\t\t\t\n\t\t\t\t\t<\/div>\n\t\t\t\t\t<\/div>\n\t\t\t\t\t\t\t\t\t<\/div>\n\t\t\t\t<\/a>\n\t\t\t<\/div>\n\t\t<\/div>\n<\/div>\n\t\t<\/div>\n\t\t\t<\/div>\n\n\t\n<\/div>\n\t\t<\/div>\n\n\t\t\n<style>\n#section_1912381299 {\n  padding-top: 30px;\n  padding-bottom: 30px;\n}\n<\/style>\n\t<\/section>\n\t\n","protected":false},"excerpt":{"rendered":"","protected":false},"author":1,"featured_media":0,"parent":0,"menu_order":0,"comment_status":"closed","ping_status":"closed","template":"page-blank.php","meta":[],"_links":{"self":[{"href":"https:\/\/webmaibinh.com\/w\/mypham4\/wp-json\/wp\/v2\/pages\/6"}],"collection":[{"href":"https:\/\/webmaibinh.com\/w\/mypham4\/wp-json\/wp\/v2\/pages"}],"about":[{"href":"https:\/\/webmaibinh.com\/w\/mypham4\/wp-json\/wp\/v2\/types\/page"}],"author":[{"embeddable":true,"href":"https:\/\/webmaibinh.com\/w\/mypham4\/wp-json\/wp\/v2\/users\/1"}],"replies":[{"embeddable":true,"href":"https:\/\/webmaibinh.com\/w\/mypham4\/wp-json\/wp\/v2\/comments?post=6"}],"version-history":[{"count":0,"href":"https:\/\/webmaibinh.com\/w\/mypham4\/wp-json\/wp\/v2\/pages\/6\/revisions"}],"wp:attachment":[{"href":"https:\/\/webmaibinh.com\/w\/mypham4\/wp-json\/wp\/v2\/media?parent=6"}],"curies":[{"name":"wp","href":"https:\/\/api.w.org\/{rel}","templated":true}]}}