{"id":816,"date":"2017-10-14T01:58:10","date_gmt":"2017-10-14T01:58:10","guid":{"rendered":"https:\/\/mypham.khowebseotop.vn\/?post_type=product&#038;p=816"},"modified":"2017-10-14T01:58:12","modified_gmt":"2017-10-14T01:58:12","slug":"phan-nuoc-face-shop-bb-power","status":"publish","type":"product","link":"https:\/\/webmaibinh.com\/w\/mypham2011\/san-pham\/phan-nuoc-face-shop-bb-power\/","title":{"rendered":"Ph\u1ea5n N\u01b0\u1edbc The Face Shop BB Power"},"content":{"rendered":"<p><strong>Ph\u1ea5n N\u01b0\u1edbc The Face Shop BB Power Perfection SPF 50+\/PA +++ 15g<\/strong><\/p>\n<p><strong>HSD<\/strong>: 03\/2020 &#8211;\u00a0<strong>Xu\u1ea5t x\u1ee9:<\/strong>\u00a0H\u00e0n Qu\u1ed1c<\/p>\n<p><strong>Tr\u1ecdng l\u01b0\u1ee3ng:<\/strong>\u00a015g<\/p>\n<p><strong>Lo\u1ea1i da:<\/strong>\u00a0th\u00edch h\u1ee3p v\u1edbi m\u1ecdi lo\u1ea1i da<\/p>\n<p><img loading=\"lazy\" src=\"\/wp-content\/uploads\/2017\/10\/phan-nuoc-the-face-shop-bb-power-816.jpg\" alt=\"\" width=\"500\" height=\"500\" \/><\/p>\n<p><strong><span style=\"color: #ed145b;\">C\u00f4ng d\u1ee5ng:<\/span><\/strong><\/p>\n<p>&#8211; Ch\u1ed1ng l\u00e3o h\u00f3a, gi\u00fap l\u00e0m da tr\u1eafng s\u00e1ng.<\/p>\n<p>&#8211; Ch\u1ec9 s\u1ed1 ch\u1ed1ng n\u1eafng SPF50+ PA+++ b\u1ea3o v\u1ec7 da ch\u1ed1ng l\u1ea1i c\u00e1c t\u00e1c h\u1ea1i c\u1ee7a tia UV.<\/p>\n<p>&#8211; Ph\u1ea5n n\u01b0\u1edbc\u00a0<strong>BB Power Perfection Cushion<\/strong>\u00a0c\u1ee7a The Face Shop th\u00edch h\u1ee3p v\u1edbi m\u1ecdi lo\u1ea1i da.<\/p>\n<p>&#8211; \u0110i\u1ec3m \u0111\u1eb7c bi\u1ec7t c\u1ee7a s\u1ea3n ph\u1ea9m n\u00e0y l\u00e0 \u0111\u1ed9 che ph\u1ee7 ho\u00e0n h\u1ea3o, gi\u00fap l\u1edbp n\u1ec1n m\u1ecbn m\u00e0ng, c\u0103ng b\u00f3ng v\u00e0 b\u1ec1n m\u00e0u su\u1ed1t c\u1ea3 ng\u00e0y, c\u1ef1c k\u1ef3 th\u00edch h\u1ee3p v\u1edbi c\u00e1c c\u00f4 n\u00e0ng c\u00f3 l\u00e0n da nhi\u1ec1u khuy\u1ebft \u0111i\u1ec3m nh\u00e9.<\/p>\n<p>&#8211; Ch\u1ed1ng l\u00e3o h\u00f3a, gi\u00fap l\u00e0m da tr\u1eafng s\u00e1ng.<\/p>\n<p>&#8211; K\u1ebft c\u1ea5u tho\u00e1ng kh\u00ed k\u1ef3 di\u1ec7u: C\u1ea5u tr\u00fac kem nh\u1eb9 nh\u00e0ng nh\u01b0 kh\u00f4ng kh\u00ed, nh\u1eb9 nh\u00e0ng th\u1ea9m th\u1ea5u v\u00e0o da ngay sau khi thoa l\u00ean da, mang \u0111\u1ebfn c\u1ea3m gi\u00e1c tho\u1ea3i m\u00e1i, nh\u1eb9 nh\u00e0ng, kh\u00f4ng b\u00ed r\u00edt.<\/p>\n<p><img loading=\"lazy\" src=\"\/wp-content\/uploads\/2017\/10\/phan-nuoc-the-face-shop-bb-power-816-1.jpg\" alt=\"\" width=\"500\" height=\"573\" \/><\/p>\n","protected":false},"excerpt":{"rendered":"<p>Ph\u1ea5n N\u01b0\u1edbc The Face Shop BB Power Perfection SPF 50+\/PA +++ 15g HSD: 03\/2020 &#8211;\u00a0Xu\u1ea5t x\u1ee9:\u00a0H\u00e0n Qu\u1ed1c Tr\u1ecdng l\u01b0\u1ee3ng:\u00a015g Lo\u1ea1i da:\u00a0th\u00edch h\u1ee3p v\u1edbi m\u1ecdi lo\u1ea1i da C\u00f4ng d\u1ee5ng: &#8211; Ch\u1ed1ng l\u00e3o h\u00f3a, gi\u00fap l\u00e0m da tr\u1eafng s\u00e1ng. &#8211; Ch\u1ec9 s\u1ed1 ch\u1ed1ng n\u1eafng SPF50+ PA+++ b\u1ea3o v\u1ec7 da ch\u1ed1ng l\u1ea1i c\u00e1c t\u00e1c h\u1ea1i c\u1ee7a tia UV. [&#8230;]\n","protected":false},"featured_media":817,"comment_status":"open","ping_status":"closed","template":"","meta":[],"_links":{"self":[{"href":"https:\/\/webmaibinh.com\/w\/mypham2011\/wp-json\/wp\/v2\/product\/816"}],"collection":[{"href":"https:\/\/webmaibinh.com\/w\/mypham2011\/wp-json\/wp\/v2\/product"}],"about":[{"href":"https:\/\/webmaibinh.com\/w\/mypham2011\/wp-json\/wp\/v2\/types\/product"}],"replies":[{"embeddable":true,"href":"https:\/\/webmaibinh.com\/w\/mypham2011\/wp-json\/wp\/v2\/comments?post=816"}],"wp:featuredmedia":[{"embeddable":true,"href":"https:\/\/webmaibinh.com\/w\/mypham2011\/wp-json\/wp\/v2\/media\/817"}],"wp:attachment":[{"href":"https:\/\/webmaibinh.com\/w\/mypham2011\/wp-json\/wp\/v2\/media?parent=816"}],"curies":[{"name":"wp","href":"https:\/\/api.w.org\/{rel}","templated":true}]}}