{"id":1181,"date":"2019-07-24T23:33:14","date_gmt":"2019-07-24T16:33:14","guid":{"rendered":"http:\/\/mypham4.w2steam.com\/?post_type=product&#038;p=1181"},"modified":"2019-08-02T09:39:29","modified_gmt":"2019-08-02T02:39:29","slug":"1181","status":"publish","type":"product","link":"https:\/\/webmaibinh.com\/w\/mypham12011\/san-pham\/1181\/","title":{"rendered":"S\u1eefa t\u1eafm d\u01b0\u1ee1ng tr\u1eafng S\u1eefa ong Ch\u00faa tr\u1eafng m\u1ecbn t\u1ef1 nhi\u00ean"},"content":{"rendered":"<p><strong>S\u1eefa t\u1eafm d\u01b0\u1ee1ng tr\u1eafng Purit\u00e9 S\u1eefa Ong Ch\u00faa<\/strong>\u00a0l\u00e0 b\u00ed quy\u1ebft nu\u00f4i d\u01b0\u1ee1ng l\u00e0n da\u00a0<strong>tr\u1eafng m\u1ecbn t\u1ef1 nhi\u00ean<\/strong>\u00a0v\u00e0\u00a0<strong>d\u00e0i l\u00e2u t\u1eeb thi\u00ean nhi\u00ean<\/strong>\u00a0v\u00f9ng Provence, n\u01b0\u1edbc Ph\u00e1p<\/p>\n<p><strong>Tinh ch\u1ea5t s\u1eefa ong ch\u00faa\u00a0<\/strong>v\u1ed1n n\u1ed5i ti\u1ebfng v\u1edbi c\u00f4ng d\u1ee5ng d\u01b0\u1ee1ng tr\u1eafng da nh\u1edd h\u01a1n 20 lo\u1ea1i axit amin v\u00e0 vitamin gi\u00fap nu\u00f4i d\u01b0\u1ee1ng v\u00e0 ph\u1ee5c h\u1ed3i l\u00e0n da n\u00e1m, s\u1ea1m.<\/p>\n<p>Ngo\u00e0i ra, axit phanthotenic c\u00f3 trong s\u1eefa ong ch\u00faa c\u00f2n gi\u00fap ng\u0103n ng\u1eeba h\u00ecnh th\u00e0nh h\u1eafc s\u1eafc t\u1ed1, d\u01b0\u1ee1ng tr\u1eafng da t\u1eeb s\u00e2u b\u00ean trong. S\u1ea3n ph\u1ea9m c\u00f2n ch\u1ee9a\u00a0<strong>b\u01a1 \u0111\u1eadu m\u1ee1<\/strong>\u00a0<strong>\u2013 tinh ch\u1ea5t ch\u1ed1ng n\u1eafng t\u1ef1 nhi\u00ean<\/strong>\u00a0s\u1ebd b\u1ea3o v\u1ec7 l\u00e0n da b\u1ea1n tr\u1eafng m\u1ecbn d\u00e0i l\u00e2u. H\u01b0\u01a1ng th\u01a1m t\u01b0\u01a1i m\u00e1t c\u1ee7a<strong>\u00a0hoa anh \u0111\u00e0o<\/strong>\u00a0v\u1ea5n v\u00edt, l\u01b0u l\u1ea1i tr\u00ean da su\u1ed1t c\u1ea3 ng\u00e0y d\u00e0i.<\/p>\n","protected":false},"excerpt":{"rendered":"<p><strong>S\u1eefa t\u1eafm d\u01b0\u1ee1ng tr\u1eafng Purit\u00e9 S\u1eefa Ong Ch\u00faa<\/strong>\u00a0l\u00e0 b\u00ed quy\u1ebft nu\u00f4i d\u01b0\u1ee1ng l\u00e0n da\u00a0<strong>tr\u1eafng m\u1ecbn t\u1ef1 nhi\u00ean<\/strong>\u00a0v\u00e0\u00a0<strong>d\u00e0i l\u00e2u t\u1eeb thi\u00ean nhi\u00ean<\/strong>\u00a0v\u00f9ng Provence, n\u01b0\u1edbc Ph\u00e1p<\/p>\n<p><strong>Tinh ch\u1ea5t s\u1eefa ong ch\u00faa\u00a0<\/strong>v\u1ed1n n\u1ed5i ti\u1ebfng v\u1edbi c\u00f4ng d\u1ee5ng d\u01b0\u1ee1ng tr\u1eafng da nh\u1edd h\u01a1n 20 lo\u1ea1i axit amin v\u00e0 vitamin gi\u00fap nu\u00f4i d\u01b0\u1ee1ng v\u00e0 ph\u1ee5c h\u1ed3i l\u00e0n da n\u00e1m, s\u1ea1m.<\/p>\n","protected":false},"featured_media":1182,"comment_status":"open","ping_status":"closed","template":"","meta":[],"brands":[{"id":68,"name":"Abtei","slug":"abtei"}],"_links":{"self":[{"href":"https:\/\/webmaibinh.com\/w\/mypham12011\/wp-json\/wp\/v2\/product\/1181"}],"collection":[{"href":"https:\/\/webmaibinh.com\/w\/mypham12011\/wp-json\/wp\/v2\/product"}],"about":[{"href":"https:\/\/webmaibinh.com\/w\/mypham12011\/wp-json\/wp\/v2\/types\/product"}],"replies":[{"embeddable":true,"href":"https:\/\/webmaibinh.com\/w\/mypham12011\/wp-json\/wp\/v2\/comments?post=1181"}],"wp:featuredmedia":[{"embeddable":true,"href":"https:\/\/webmaibinh.com\/w\/mypham12011\/wp-json\/wp\/v2\/media\/1182"}],"wp:attachment":[{"href":"https:\/\/webmaibinh.com\/w\/mypham12011\/wp-json\/wp\/v2\/media?parent=1181"}],"curies":[{"name":"wp","href":"https:\/\/api.w.org\/{rel}","templated":true}]}}