{"id":1179,"date":"2019-07-24T23:30:41","date_gmt":"2019-07-24T16:30:41","guid":{"rendered":"http:\/\/mypham4.w2steam.com\/?post_type=product&#038;p=1179"},"modified":"2019-07-24T23:30:41","modified_gmt":"2019-07-24T16:30:41","slug":"sua-tam-duong-dove-nhap-khau-my-710ml","status":"publish","type":"product","link":"https:\/\/webmaibinh.com\/w\/mypham12011\/san-pham\/sua-tam-duong-dove-nhap-khau-my-710ml\/","title":{"rendered":"S\u1eefa T\u1eafm D\u01b0\u1ee1ng Dove NHAP KHAU MY 710ML"},"content":{"rendered":"<p><strong>S\u1eefa T\u1eafm D\u01b0\u1ee1ng Ch\u1ea5t Si\u00eau Th\u1ea5m Dove\u00a0<\/strong>c\u00f3 ch\u1ee9a tinh ch\u1ea5t Nutrium Moisture\u00a0gi\u00fap nu\u00f4i d\u01b0\u1ee1ng l\u00e0n da t\u1eadn s\u00e2u b\u00ean trong, mang l\u1ea1i cho b\u1ea1n l\u00e0n da tr\u1eafng s\u00e1ng m\u1ecbn m\u00e0ng.<\/p>\n<p><img class=\"aligncenter\" src=\"https:\/\/images.depxinh.net\/products\/item.7_2016\/cfe6f4f3-833a-46aa-a3a3-aaad5685ff9a\/detail\/192912_Dove-Deep-Moisture-Deep-Moisture-Body-Wash-710ml-NuocHoa4U-3798-4-18.jpg\" alt=\"\" \/><\/p>\n<p><strong>S\u1eefa T\u1eafm D\u01b0\u1ee1ng Ch\u1ea5t Si\u00eau Th\u1ea5m Dove<\/strong>\u00a0th\u1ea5m s\u00e2u, th\u1ea9m th\u1ea5u ch\u1ea5t dinh d\u01b0\u1ee1ng, cung c\u1ea5p \u0111\u1ed9 \u1ea9m d\u1ed3i d\u00e0o cho da gi\u00fap da b\u1ea1n lu\u00f4n m\u1ec1m m\u1ea1i, t\u01b0\u01a1i tr\u1ebb.<\/p>\n<p><img class=\"aligncenter\" src=\"https:\/\/images.depxinh.net\/products\/item.7_2016\/cfe6f4f3-833a-46aa-a3a3-aaad5685ff9a\/detail\/192912_sua-tam-dove-duong-the-04.jpg\" alt=\"\" \/><\/p>\n<p>&nbsp;<\/p>\n<p><strong>S\u1eefa T\u1eafm D\u01b0\u1ee1ng Ch\u1ea5t Si\u00eau Th\u1ea5m Dove<\/strong>\u00a0gi\u00fap b\u1ed5 sung d\u01b0\u1ee1ng ch\u1ea5t\u00a0ch\u0103m s\u00f3c da\u00a0to\u00e0n di\u1ec7n, cho l\u00e0n da thu\u1ea7n khi\u1ebft v\u00e0 \u0111\u1ea7y s\u1ee9c s\u1ed1ng.<\/p>\n<p>Lo\u1ea1i da ph\u00f9 h\u1ee3p<\/p>\n<p><strong>S\u1eefa T\u1eafm D\u01b0\u1ee1ng Ch\u1ea5t Si\u00eau Th\u1ea5m Dove\u00a0<\/strong>v\u1edbi c\u00e1c th\u00e0nh ph\u1ea7n ho\u1ea1t t\u00ednh d\u1ecbu nh\u1eb9 an to\u00e0n v\u00e0 ph\u00f9 h\u1ee3p cho m\u1ecdi l\u00e0n da, k\u1ec3 c\u1ea3 da nh\u1ea1y c\u1ea3m.<\/p>\n<p><img class=\"aligncenter\" src=\"https:\/\/images.depxinh.net\/products\/item.7_2016\/cfe6f4f3-833a-46aa-a3a3-aaad5685ff9a\/detail\/192912_sua-tam-dove-duong-chat-tham-sau-530gr.jpg\" alt=\"\" \/><\/p>\n<p><strong>H\u01b0\u1edbng d\u1eabn s\u1eed d\u1ee5ng:<\/strong><\/p>\n<p>B\u01b0\u1edbc 1: L\u00e0m \u01b0\u1edbt to\u00e0n th\u00e2n, l\u1ea5y m\u1ed9t l\u01b0\u1ee3ng v\u1eeba \u0111\u1ee7 s\u1eefa t\u1eafm ra l\u00f2ng b\u00e0n tay ho\u1eb7c b\u00f4ng t\u1eafm. Nh\u1eb9 nh\u00e0ng m\u00e1t xa t\u1ea1o b\u1ecdt.<\/p>\n<p>B\u01b0\u1edbc 2: X\u1ea3 s\u1ea1ch v\u1edbi n\u01b0\u1edbc \u1ea5m. B\u1ea1n s\u1ebd c\u1ea3m nh\u1eadn \u0111\u01b0\u1ee3c h\u01b0\u01a1ng th\u01a1m thoang tho\u1ea3ng c\u00f9ng l\u00e0n da m\u1ec1m m\u1ecbn c\u1ea3 ng\u00e0y.<\/p>\n","protected":false},"excerpt":{"rendered":"<p>S\u1eefa T\u1eafm D\u01b0\u1ee1ng Ch\u1ea5t Si\u00eau Th\u1ea5m Dove v\u1edbi h\u1ed7n h\u1ee3p \u0111\u1ed9c \u0111\u00e1o g\u1ed3m d\u01b0\u1ee1ng ch\u1ea5t d\u01b0\u1ee1ng \u1ea9m k\u1ebft h\u1ee3p v\u1edbi lipid t\u1ef1 nhi\u00ean c\u1ee7a da, th\u1ea9m th\u1ea5u hi\u1ec7u qu\u1ea3 \u0111\u1ec3 nu\u00f4i d\u01b0\u1ee1ng l\u00e0n da t\u1eadn s\u00e2u b\u00ean trong mang \u0111\u1ebfn m\u1ed9t l\u00e0n da \u0111\u1eb9p d\u00e0i l\u00e2u.<\/p>\n","protected":false},"featured_media":1180,"comment_status":"open","ping_status":"closed","template":"","meta":[],"brands":[],"_links":{"self":[{"href":"https:\/\/webmaibinh.com\/w\/mypham12011\/wp-json\/wp\/v2\/product\/1179"}],"collection":[{"href":"https:\/\/webmaibinh.com\/w\/mypham12011\/wp-json\/wp\/v2\/product"}],"about":[{"href":"https:\/\/webmaibinh.com\/w\/mypham12011\/wp-json\/wp\/v2\/types\/product"}],"replies":[{"embeddable":true,"href":"https:\/\/webmaibinh.com\/w\/mypham12011\/wp-json\/wp\/v2\/comments?post=1179"}],"wp:featuredmedia":[{"embeddable":true,"href":"https:\/\/webmaibinh.com\/w\/mypham12011\/wp-json\/wp\/v2\/media\/1180"}],"wp:attachment":[{"href":"https:\/\/webmaibinh.com\/w\/mypham12011\/wp-json\/wp\/v2\/media?parent=1179"}],"curies":[{"name":"wp","href":"https:\/\/api.w.org\/{rel}","templated":true}]}}