{"id":1177,"date":"2019-07-24T23:29:12","date_gmt":"2019-07-24T16:29:12","guid":{"rendered":"http:\/\/mypham4.w2steam.com\/?post_type=product&#038;p=1177"},"modified":"2019-08-02T09:39:36","modified_gmt":"2019-08-02T02:39:36","slug":"sua-tam-duong-am-trang-da-hatomugi-600ml-mau-moi","status":"publish","type":"product","link":"https:\/\/webmaibinh.com\/w\/mypham12011\/san-pham\/sua-tam-duong-am-trang-da-hatomugi-600ml-mau-moi\/","title":{"rendered":"S\u1eefa T\u1eafm D\u01b0\u1ee1ng \u1ea8m Tr\u1eafng Da Hatomugi 600ml [M\u1eabu M\u1edbi]"},"content":{"rendered":"<p>Hatomugi moisturing washing \u0111\u01b0\u1ee3c \u0111\u1eb7c ch\u1ebf gi\u1ed1ng nh\u01b0 m\u1ed9t lo\u1ea1i toner l\u00e0m gi\u00e0u v\u1edbi Vitamin B1 v\u00e0 B2 gi\u00fap c\u1ea3i thi\u1ec7n r\u00f5 r\u00e0ng c\u00e1c v\u1ea5n \u0111\u1ec1 cho l\u00e0n da v\u1ec1 s\u1eafc t\u1ed1 da, v\u1ea5n \u0111\u1ec1 v\u1ec1 da l\u00e3o h\u00f3a. \u0110\u1eb7c bi\u1ec7t h\u01a1n, t\u00e1c d\u1ee5ng nhanh ch\u00f3ng l\u00e0m d\u1ecbu c\u00e1c v\u1ebft \u0111\u1ecf sau khi b\u1ecb ch\u00e1y n\u1eafng.<\/p>\n<p>S\u1eefa t\u1eafm th\u01b0\u1eddng xuy\u00ean \u0111\u01b0\u1ee3c c\u00e1c t\u1ea1p ch\u00ed uy t\u00edn t\u1ea1i Nh\u1eadt nh\u01b0 cosme b\u1ea7u ch\u1ecdn l\u00e0 top 3 c\u00e1c s\u1eefa t\u1eafm d\u01b0\u1ee1ng \u1ea9m t\u1ed1t v\u00e0 \u0111\u01b0\u1ee3c y\u00eau th\u00edch nh\u1ea5t. s\u1eefa t\u1eafm c\u00f3 ch\u1ee9a th\u00e0nh ph\u1ea7n ch\u00ednh l\u00e0 h\u1ea1t Coix (h\u00e0y c\u00f2n g\u1ecdi l\u00e0 h\u1ea1t \u00fd d\u0129).<\/p>\n<ul>\n<li>Thu\u1ed9c h\u1ecd Poaceae (c\u1ecf l\u00faa), \u0111\u01b0\u1ee3c tr\u1ed3ng nhi\u1ec1u \u1edf mi\u1ec1n Nam Trung Qu\u1ed1c \u0111\u1ebfn Indonesia, v\u00e0 du nh\u1eadp v\u00e0o Nh\u1eadt B\u1ea3n t\u1eeb kho\u1ea3ng th\u1ebf k\u1ef7 th\u1ee9 t\u00e1m. Trong ti\u1ebfng Nh\u1eadt h\u1ea1t Coix g\u1ecdi l\u00e0 \u201chatomugi,\u201d ho\u1eb7c \u201cl\u00faa m\u00ec c\u1ee7a chim b\u1ed3 c\u00e2u\u201d (pigeon\u2019s wheat). Ngo\u00e0i gi\u00e1 tr\u1ecb v\u1ec1 dinh d\u01b0\u1ee1ng (h\u1ed7 tr\u1ee3 \u0111i\u1ec1u tr\u1ecbvi\u00eam kh\u1edbp, th\u1ea5p kh\u1edbp, b\u1ec7nh g\u00fat, h\u1ea1 nhi\u1ec7t, l\u1ee3i ti\u1ec3u, gi\u1ea3i \u0111\u1ed9c) v\u00e0 t\u1eeb c\u00e1ch \u0111\u00e2y r\u1ea5t l\u00e2u (th\u1ea5y b\u1ea3o t\u1eeb th\u1eddi c\u1ed5 \u0111\u1ea1i).<\/li>\n<li>C\u00f3 t\u00ednh n\u0103ng l\u00e0m tr\u1eafng m\u1ecbn da v\u00e0 ng\u0103n ng\u1eeba kh\u00f4 n\u1ee9t da, l\u00e0m cho l\u00e0n da tr\u1edf n\u00ean m\u1ec1m v\u00e0 m\u1ecbn m\u00e0ng nh\u01b0 da em b\u00e9.<\/li>\n<li>L\u00e0 ngu\u1ed3n d\u1ed3i d\u00e0o c\u1ee7a nhi\u1ec1u axit b\u00e9o thi\u1ebft y\u1ebfu nh\u01b0 axit linoleic, axit palmitic, axit stearic, axit cis-8-oc-tadecenoic\u2026, Vitamin B1, B12, v\u00e0 E, do \u0111\u00f3 c\u00f3 c\u00f4ng d\u1ee5ng ch\u1ed1ng vi\u00eam, l\u00e0m m\u1ec1m v\u00e0 d\u01b0\u1ee1ng \u1ea9m, gi\u1ea3m s\u1ef1 h\u00ecnh th\u00e0nh n\u1ebfp nh\u0103n, l\u00e0n da m\u1ecbn m\u00e0ng v\u00e0 gi\u00fap lo\u1ea1i b\u1ecf c\u00e1c \u0111\u1ed1m \u0111en.<\/li>\n<\/ul>\n<h3>C\u00f4ng d\u1ee5ng:<\/h3>\n<ul>\n<li>D\u01b0\u1ee1ng da s\u00e1ng h\u01a1n, tr\u1eafng h\u01a1n,<\/li>\n<li>D\u01b0\u1ee1ng \u1ea9m s\u00e2u, l\u00e0m m\u1ec1m da.<\/li>\n<li>L\u00e0m m\u1ecbn da, gi\u1ea3m s\u1ef1 th\u00f4 r\u00e1p tr\u00ean b\u1ec1 m\u1eb7t da.<\/li>\n<li>L\u1ecfng nh\u01b0 n\u01b0\u1edbc, th\u1ea9m th\u1ea5u c\u1ef1c nhanh v\u00e0 tuy\u1ec7t \u0111\u1ed1i kh\u00f4ng h\u1ec1 d\u00ednh nh\u1eddn.<\/li>\n<li>Ngay l\u1eadp t\u1ee9c \u0111em \u0111\u1ebfn cho da c\u1ea3m gi\u00e1c t\u01b0\u01a1i m\u00e1t.<\/li>\n<li>Ph\u1ee5c h\u1ed3i v\u00e0 l\u00e0m d\u1ecbu l\u00e0n da b\u1ecb ch\u00e1y n\u1eafng.<\/li>\n<li>Linh ho\u1ea1t v\u1edbi nhi\u1ec1u c\u00e1ch s\u1eed d\u1ee5ng kh\u00e1c nhau. Trong \u0111\u00f3, s\u1eed d\u1ee5ng nh\u01b0 s\u1eefa t\u1eafm \u0111em l\u1ea1i hi\u1ec7u qu\u1ea3 tuy\u1ec7t v\u1eddi nh\u1ea5t.<\/li>\n<li>B\u00ecnh th\u01b0\u1eddng h\u00f3a chu k\u1ef3 s\u1eebng h\u00f3a c\u1ee7a t\u1ebf b\u00e0o da.<\/li>\n<li>Kh\u00f4ng ch\u1ee9a h\u01b0\u01a1ng li\u1ec7u, ch\u1ea5t t\u1ea1o m\u00e0u, kh\u1ea3 n\u0103ng k\u00edch \u1ee9ng v\u00f4 c\u00f9ng th\u1ea5p.<\/li>\n<li>\u0110\u1eb7c bi\u1ec7t h\u01a1n, s\u1eefa t\u1eafm c\u00f2n \u0111\u01b0\u1ee3c s\u1eed d\u1ee5ng \u0111\u1ec3 l\u00e0m d\u1ecbu da m\u1ed7i khi b\u1ecb ch\u00e1y n\u1eafng.<\/li>\n<li>Thi\u1ebft k\u1ebf mi\u1ec7ng chai v\u1edbi l\u1ed7 nh\u1ecf \u0111\u01a1n gi\u1ea3n nh\u01b0ng ti\u1ec7n l\u1ee3i v\u00e0 ti\u1ebft ki\u1ec7m.<\/li>\n<li>S\u1ea3n ph\u1ea9m n\u00e0y d\u00f9ng \u0111\u01b0\u1ee3c cho c\u1ea3 m\u1eb7t v\u00e0 body, r\u1ea5t th\u00edch h\u1ee3p \u0111\u1ec3 d\u00f9ng h\u1eb1ng ng\u00e0y.<\/li>\n<\/ul>\n","protected":false},"excerpt":{"rendered":"<p><strong>S\u1eefa T\u1eafm D\u01b0\u1ee1ng \u1ea8m Tr\u1eafng Da Hatomugi 600ml [M\u1eabu M\u1edbi]<\/strong>\u00a0l\u00e0 s\u1ea3n ph\u1ea9m \u0111\u01b0\u1ee3c y\u00eau th\u00edch t\u1ea1i Nh\u1eadt B\u1ea3n. \u0110\u01b0\u1ee3c b\u00ecnh ch\u1ecdn vote cao tr\u00ean Cosme Nh\u1eadt, nh\u1edd nhi\u1ec1u t\u00e1c d\u1ee5ng m\u00e0 s\u1eefa t\u1eafm \u0111em l\u1ea1i cho l\u00e0n da.<\/p>\n","protected":false},"featured_media":1178,"comment_status":"open","ping_status":"closed","template":"","meta":[],"brands":[],"_links":{"self":[{"href":"https:\/\/webmaibinh.com\/w\/mypham12011\/wp-json\/wp\/v2\/product\/1177"}],"collection":[{"href":"https:\/\/webmaibinh.com\/w\/mypham12011\/wp-json\/wp\/v2\/product"}],"about":[{"href":"https:\/\/webmaibinh.com\/w\/mypham12011\/wp-json\/wp\/v2\/types\/product"}],"replies":[{"embeddable":true,"href":"https:\/\/webmaibinh.com\/w\/mypham12011\/wp-json\/wp\/v2\/comments?post=1177"}],"wp:featuredmedia":[{"embeddable":true,"href":"https:\/\/webmaibinh.com\/w\/mypham12011\/wp-json\/wp\/v2\/media\/1178"}],"wp:attachment":[{"href":"https:\/\/webmaibinh.com\/w\/mypham12011\/wp-json\/wp\/v2\/media?parent=1177"}],"curies":[{"name":"wp","href":"https:\/\/api.w.org\/{rel}","templated":true}]}}