{"id":1175,"date":"2019-07-24T23:27:28","date_gmt":"2019-07-24T16:27:28","guid":{"rendered":"http:\/\/mypham4.w2steam.com\/?post_type=product&#038;p=1175"},"modified":"2019-08-02T09:39:42","modified_gmt":"2019-08-02T02:39:42","slug":"sua-tam-caress-endless-kiss-532ml","status":"publish","type":"product","link":"https:\/\/webmaibinh.com\/w\/mypham12011\/san-pham\/sua-tam-caress-endless-kiss-532ml\/","title":{"rendered":"S\u1eefa t\u1eafm Caress Endless Kiss 532ml"},"content":{"rendered":"<p>S\u1eefa t\u1eafm h\u01b0\u01a1ng n\u01b0\u1edbc hoa\u00a0Caress Endless Kiss\u00a0For Smooth Skin chi\u1ebft xu\u1ea5t t\u1eeb h\u01b0\u01a1ng th\u01a1m c\u1ee7a kem vani. V\u00e0 g\u1ed7 \u0111\u00e0n h\u01b0\u01a1ng s\u1ebd cho b\u1ea1n m\u1ed9t l\u00e0n da tr\u1eafng m\u1ecbn g\u1ee3i c\u1ea3m, v\u1ebb \u0111\u1eb9p duy\u00ean d\u00e1ng. V\u00e0 n\u1eef t\u00ednh c\u1ee7a b\u1ea1n s\u1ebd to\u1ea3 s\u00e1ng v\u00e0 thu h\u00fat s\u1ef1 ng\u01b0\u1ee1ng m\u1ed9 c\u0169a nh\u1eefng ng\u01b0\u1eddi xung quanh.<\/p>\n<p>S\u1eefa t\u1eafm h\u01b0\u01a1ng n\u01b0\u1edbc hoa\u00a0<a href=\"https:\/\/emycosmetics.vn\/product\/sua-tam-huong-nuoc-hoa-caress\/\">Caress<\/a>\u00a0Endless Kiss For Smooth Skin ch\u1ee9a nhi\u1ec1u d\u01b0\u1ee1ng ch\u1ea5t, d\u01b0\u1ee1ng da \u1ea9m m\u01b0\u1ee3t. Ng\u0103n ng\u1eeba kh\u00f4 da, \u0111\u1eb7c bi\u1ec7t c\u00f2n \u0111\u01b0\u1ee3c b\u1ed5 sung c\u00e1c vitamin gi\u00fap da m\u1ecbn m\u00e0ng.<\/p>\n<p>Caress Endless Kiss For Smooth Skin mang \u0111\u1ebfn m\u1ed9t tr\u1ea3i nghi\u1ec7m tuy\u1ec7t v\u1eddi, l\u00e0n da m\u1ecbn m\u01b0\u1ee3t, m\u1ec1m m\u1ea1i. V\u00e0 h\u01b0\u01a1ng hoa quy\u1ebfn r\u0169, tr\u00e0n ng\u1eadp kh\u1eafp ph\u00f2ng t\u1eafm gi\u00fap b\u1ea1n th\u01b0 gi\u00e3n ho\u00e0n to\u00e0n v\u00e0 t\u01b0\u01a1i vui r\u1ea1ng r\u1ee1.<\/p>\n<p><strong>H\u01b0\u1edbng d\u1eabn s\u1eed d\u1ee5ng<\/strong><\/p>\n<ul>\n<li>L\u00e0m \u01b0\u1edbt c\u01a1 th\u1ec3.<\/li>\n<li>L\u1ea5y 1 \u00edt\u00a0s\u1eefa t\u1eafm\u00a0h\u01b0\u01a1ng n\u01b0\u1edbc hoa Caress Endless Kiss For Smooth Skin ra l\u00f2ng b\u00e0n tay t\u1ea1o b\u1ecdt v\u1edbi n\u01b0\u1edbc.<\/li>\n<li>Sau \u0111\u00f3 nh\u1eb9 nh\u00e0ng\u00a0massage kh\u1eafp c\u01a1 th\u1ec3, th\u01b0 gi\u00e3n tho\u1ea3i m\u00e1i v\u1edbi h\u01b0\u01a1ng hoa m\u00ea \u0111\u1eafm v\u00e0 l\u00e0n da m\u1ecbn m\u00e0ng.<\/li>\n<li>Sau \u0111\u00f3 t\u1eafm s\u1ea1ch v\u1edbi n\u01b0\u1edbc.<\/li>\n<\/ul>\n","protected":false},"excerpt":{"rendered":"<p>S\u1eefa t\u1eafm h\u01b0\u01a1ng n\u01b0\u1edbc hoa\u00a0Caress Endless Kiss\u00a0For Smooth Skin chi\u1ebft xu\u1ea5t t\u1eeb h\u01b0\u01a1ng th\u01a1m c\u1ee7a kem vani. V\u00e0 g\u1ed7 \u0111\u00e0n h\u01b0\u01a1ng s\u1ebd cho b\u1ea1n m\u1ed9t l\u00e0n da tr\u1eafng m\u1ecbn g\u1ee3i c\u1ea3m, v\u1ebb \u0111\u1eb9p duy\u00ean d\u00e1ng. V\u00e0 n\u1eef t\u00ednh c\u1ee7a b\u1ea1n s\u1ebd to\u1ea3 s\u00e1ng v\u00e0 thu h\u00fat s\u1ef1 ng\u01b0\u1ee1ng m\u1ed9 c\u0169a nh\u1eefng ng\u01b0\u1eddi xung quanh.<\/p>\n","protected":false},"featured_media":1176,"comment_status":"open","ping_status":"closed","template":"","meta":[],"brands":[],"_links":{"self":[{"href":"https:\/\/webmaibinh.com\/w\/mypham12011\/wp-json\/wp\/v2\/product\/1175"}],"collection":[{"href":"https:\/\/webmaibinh.com\/w\/mypham12011\/wp-json\/wp\/v2\/product"}],"about":[{"href":"https:\/\/webmaibinh.com\/w\/mypham12011\/wp-json\/wp\/v2\/types\/product"}],"replies":[{"embeddable":true,"href":"https:\/\/webmaibinh.com\/w\/mypham12011\/wp-json\/wp\/v2\/comments?post=1175"}],"wp:featuredmedia":[{"embeddable":true,"href":"https:\/\/webmaibinh.com\/w\/mypham12011\/wp-json\/wp\/v2\/media\/1176"}],"wp:attachment":[{"href":"https:\/\/webmaibinh.com\/w\/mypham12011\/wp-json\/wp\/v2\/media?parent=1175"}],"curies":[{"name":"wp","href":"https:\/\/api.w.org\/{rel}","templated":true}]}}