{"id":1173,"date":"2019-07-24T23:25:54","date_gmt":"2019-07-24T16:25:54","guid":{"rendered":"http:\/\/mypham4.w2steam.com\/?post_type=product&#038;p=1173"},"modified":"2019-07-24T23:25:54","modified_gmt":"2019-07-24T16:25:54","slug":"sua-tam-bath-and-body-works-huong-cherry-blosssom","status":"publish","type":"product","link":"https:\/\/webmaibinh.com\/w\/mypham12011\/san-pham\/sua-tam-bath-and-body-works-huong-cherry-blosssom\/","title":{"rendered":"S\u1eefa t\u1eafm Bath And Body Works h\u01b0\u01a1ng Cherry Blosssom"},"content":{"rendered":"<p><strong>S\u1eefa T\u1eafm Bath &amp; Body Works Japanese Cherry Blossom Shower Gel<\/strong><\/p>\n<p>Th\u01b0\u01a1ng hi\u1ec7u: BATH &amp; BODY WORKS<\/p>\n<p>Xu\u1ea5t x\u1ee9: M\u1ef9<\/p>\n<p>Dung t\u00edch: 295ml<\/p>\n<p>V\u1edbi c\u00f4ng th\u1ee9c d\u01b0\u1ee1ng \u1ea9m \u0111\u1eb7c bi\u1ec7t v\u00e0 kh\u00f4ng g\u00e2y nh\u1eddn, s\u1eefa d\u01b0\u1ee1ng th\u1ec3 gi\u00fap cho da c\u1ef1c m\u1ec1m m\u1ea1i v\u00e0 m\u1ecbn m\u00e0ng h\u01a1n ch\u1ec9 sau m\u1ed9t l\u1ea7n s\u1eed d\u1ee5ng. T\u0103ng c\u01b0\u1eddng v\u1edbi c\u00e1c th\u00e0nh ph\u1ea7n m\u1ea1nh m\u1ebd nh\u01b0 si\u00eau \u0111i\u1ec1u Shea Butter, d\u1ea7u Jojoba nhanh ch\u00f3ng h\u1ea5p th\u1ee5, v\u00e0 Vitamin E s\u1ebd l\u00e0m cho b\u1ea1n th\u00eam ph\u1ea7n t\u1ef1 tin v\u1edbi l\u00e0n da m\u01b0\u1ee3t m\u00e0, tr\u1eafng h\u1ed3ng.<\/p>\n<p>Japanese Cherry Blossom: \u0111\u1ee9ng v\u1ecb tr\u00ed s\u1ed1 1 do t\u1ea1p ch\u00ed Fragrance c\u1ee7a M\u1ef9 b\u00ecnh ch\u1ecdn, Japanese Cherry Blossom g\u1ee3i l\u00ean v\u1ebb \u0111\u1eb9p c\u1ee7a khu v\u01b0\u1eddn Nh\u1eadt B\u1ea3n ng\u00e1t h\u01b0\u01a1ng v\u00e0 s\u1ef1 duy\u00ean d\u00e1ng tinh t\u1ebf. H\u01b0\u01a1ng th\u01a1m \u0111\u01b0\u1ee3c pha tr\u1ed9n t\u1eeb h\u01b0\u01a1ng qu\u1ea3 l\u00ea, hoa anh \u0111\u00e0o Nh\u1eadt B\u1ea3n v\u00e0 g\u1ed7 \u0111\u00e0n h\u01b0\u01a1ng.<\/p>\n","protected":false},"excerpt":{"rendered":"<p>Japanese Cherry Blossom g\u1ee3i l\u00ean v\u1ebb \u0111\u1eb9p c\u1ee7a khu v\u01b0\u1eddn Nh\u1eadt B\u1ea3n ng\u00e1t h\u01b0\u01a1ng v\u00e0 s\u1ef1 duy\u00ean d\u00e1ng tinh t\u1ebf. H\u01b0\u01a1ng th\u01a1m \u0111\u01b0\u1ee3c pha tr\u1ed9n t\u1eeb h\u01b0\u01a1ng qu\u1ea3 l\u00ea, hoa anh \u0111\u00e0o Nh\u1eadt B\u1ea3n v\u00e0 g\u1ed7 \u0111\u00e0n h\u01b0\u01a1ng.<\/p>\n","protected":false},"featured_media":1174,"comment_status":"open","ping_status":"closed","template":"","meta":[],"brands":[],"_links":{"self":[{"href":"https:\/\/webmaibinh.com\/w\/mypham12011\/wp-json\/wp\/v2\/product\/1173"}],"collection":[{"href":"https:\/\/webmaibinh.com\/w\/mypham12011\/wp-json\/wp\/v2\/product"}],"about":[{"href":"https:\/\/webmaibinh.com\/w\/mypham12011\/wp-json\/wp\/v2\/types\/product"}],"replies":[{"embeddable":true,"href":"https:\/\/webmaibinh.com\/w\/mypham12011\/wp-json\/wp\/v2\/comments?post=1173"}],"wp:featuredmedia":[{"embeddable":true,"href":"https:\/\/webmaibinh.com\/w\/mypham12011\/wp-json\/wp\/v2\/media\/1174"}],"wp:attachment":[{"href":"https:\/\/webmaibinh.com\/w\/mypham12011\/wp-json\/wp\/v2\/media?parent=1173"}],"curies":[{"name":"wp","href":"https:\/\/api.w.org\/{rel}","templated":true}]}}