{"id":1169,"date":"2019-07-24T23:22:26","date_gmt":"2019-07-24T16:22:26","guid":{"rendered":"http:\/\/mypham4.w2steam.com\/?post_type=product&#038;p=1169"},"modified":"2019-07-24T23:22:27","modified_gmt":"2019-07-24T16:22:27","slug":"sap-khu-mui-degree-dry-protection-sheer-lilac","status":"publish","type":"product","link":"https:\/\/webmaibinh.com\/w\/mypham12011\/san-pham\/sap-khu-mui-degree-dry-protection-sheer-lilac\/","title":{"rendered":"S\u00e1p Kh\u1eed M\u00f9i Degree Dry Protection Sheer LiLac"},"content":{"rendered":"<p><span style=\"font-size: 12pt;\"><strong>S\u00e1p Kh\u1eed M\u00f9i Degree Dry Protection Sheer LiLac<\/strong><\/span><\/p>\n<p><span style=\"font-size: 12pt;\">Degree l\u00e0 nh\u00e3n hi\u1ec7u s\u00e1p ng\u0103n m\u00f9i b\u00e1n ch\u1ea1y nh\u1ea5t t\u1ea1i M\u1ef9. V\u1edbi h\u01b0\u01a1ng th\u01a1m d\u1ecbu nh\u1eb9, d\u1ea1ng s\u00e1p l\u0103n n\u00ean s\u1ea3n ph\u1ea9m Dry Protection Shower Clean For Women c\u1ef1c k\u00ec kh\u00f4 tho\u00e1ng, ng\u0103n ti\u1ebft m\u1ed3 h\u00f4i hi\u1ec7u qu\u1ea3 trong nh\u1eefng ng\u00e0y n\u1eafng n\u00f3ng, gi\u1eef m\u00f9i h\u01b0\u01a1ng b\u1ec1n l\u00e2u, \u0111\u1eb7c bi\u1ec7t kh\u00f4ng g\u00e2y \u1ed1 qu\u1ea7n \u00e1o, cho b\u1ea1n c\u1ea3m gi\u00e1c t\u1ef1 tin v\u00e0 tho\u1ea3i m\u00e1i. Ch\u1ec9 s\u1eed d\u1ee5ng ngo\u00e0i da. Kh\u00f4ng d\u00f9ng cho v\u00f9ng da b\u1ecb t\u1ed5n th\u01b0\u01a1ng<\/span><\/p>\n<p><span style=\"font-size: 12pt;\">\u00a0<\/span><span style=\"font-size: 12pt;\"><strong>C\u00f4ng d\u1ee5ng ch\u00ednh:<\/strong><\/span><\/p>\n<p><span style=\"font-size: 12pt;\">\u00a0<\/span><span style=\"font-size: 12pt;\">&#8211; L\u0103n kh\u1eed m\u00f9i d\u00e0nh cho ph\u00e1i n\u1eef Secret Invisible Solid d\u1ea1ng s\u00e1p v\u1edbi h\u01b0\u01a1ng th\u01a1m d\u1ecbu nh\u1eb9, cung c\u1ea5p \u0111\u1ed9 \u1ea9m, gi\u1eef m\u00f9i l\u00e2u v\u00e0 \u0111\u1eb7c bi\u1ec7t l\u00e0 kh\u00f4ng g\u00e2y \u1ed1 qu\u1ea7n \u00e1o. S\u1ea3n ph\u1ea9m v\u1edbi c\u00f4ng th\u1ee9c \u0111\u1eb7c bi\u1ec7t, gi\u00fap lo\u1ea1i b\u1ecf b\u1edbt m\u1ed3 h\u00f4i v\u00e0 m\u00f9i h\u00f4i, cho b\u1ea1n m\u1ed9t c\u1ea3m gi\u00e1c tho\u1ea3i m\u00e1i su\u1ed1t c\u1ea3 ng\u00e0y.<\/span><\/p>\n<p><span style=\"font-size: 12pt;\">\u00a0<\/span><span style=\"font-size: 12pt;\">&#8211; S\u1ea3n ph\u1ea9m d\u1ea1ng s\u00e1p v\u1edbi h\u01b0\u01a1ng th\u01a1m m\u00f9i ph\u1ea5n d\u1ecbu nh\u1eb9 cung c\u1ea5p \u0111\u1ed9 \u1ea9m &amp; gi\u1eef m\u00f9i l\u00e2u<\/span><\/p>\n<p><span style=\"font-size: 12pt;\">\u00a0<\/span><span style=\"font-size: 12pt;\">&#8211; D\u00f2ng s\u1ea3n ph\u1ea9m &#8220;Invisible Solid&#8221; kh\u00f4ng g\u00e2y c\u1ea3m gi\u00e1c b\u1ebft d\u00ednh, s\u1ea1ch s\u1ebd, kh\u00f4 tho\u00e1ng ho\u00e0n h\u1ea3o<\/span><\/p>\n<p><span style=\"font-size: 12pt;\">\u00a0<\/span><span style=\"font-size: 12pt;\">&#8211; Secret Invisible Solid Th\u00edch h\u1ee3p v\u1edbi m\u1ecdi l\u1ee9a tu\u1ed5i v\u00e0 cho c\u00f3 r\u1ea5t nhi\u1ec1u m\u00f9i kh\u00e1c nhau cho s\u1ef1 l\u1ef1a ch\u1ecdn c\u1ee7a b\u1ea1n.<\/span><\/p>\n<ul>\n<li><span style=\"font-size: 12pt;\"><strong>Dung t\u00edch:<\/strong>\u00a074g<\/span><\/li>\n<li><span style=\"font-size: 12pt;\"><strong>Th\u01b0\u01a1ng hi\u1ec7u<\/strong>: Degree<\/span><\/li>\n<li><span style=\"font-size: 12pt;\"><strong>Xu\u1ea5t x\u1ee9<\/strong>: M\u1ef9<\/span><\/li>\n<\/ul>\n<p><span style=\"font-size: 12pt;\">\u00a0<\/span><\/p>\n","protected":false},"excerpt":{"rendered":"<p><span style=\"font-size: 12pt;\">Degree l\u00e0 nh\u00e3n hi\u1ec7u s\u00e1p ng\u0103n m\u00f9i b\u00e1n ch\u1ea1y nh\u1ea5t t\u1ea1i M\u1ef9. V\u1edbi h\u01b0\u01a1ng th\u01a1m d\u1ecbu nh\u1eb9, d\u1ea1ng s\u00e1p l\u0103n n\u00ean s\u1ea3n ph\u1ea9m Dry Protection Shower Clean For Women c\u1ef1c k\u00ec kh\u00f4 tho\u00e1ng, ng\u0103n ti\u1ebft m\u1ed3 h\u00f4i hi\u1ec7u qu\u1ea3 trong nh\u1eefng ng\u00e0y n\u1eafng n\u00f3ng, gi\u1eef m\u00f9i h\u01b0\u01a1ng b\u1ec1n l\u00e2u, \u0111\u1eb7c bi\u1ec7t kh\u00f4ng g\u00e2y \u1ed1 qu\u1ea7n \u00e1o, cho b\u1ea1n c\u1ea3m gi\u00e1c t\u1ef1 tin v\u00e0 tho\u1ea3i m\u00e1i. <\/span><\/p>\n","protected":false},"featured_media":1170,"comment_status":"open","ping_status":"closed","template":"","meta":[],"brands":[],"_links":{"self":[{"href":"https:\/\/webmaibinh.com\/w\/mypham12011\/wp-json\/wp\/v2\/product\/1169"}],"collection":[{"href":"https:\/\/webmaibinh.com\/w\/mypham12011\/wp-json\/wp\/v2\/product"}],"about":[{"href":"https:\/\/webmaibinh.com\/w\/mypham12011\/wp-json\/wp\/v2\/types\/product"}],"replies":[{"embeddable":true,"href":"https:\/\/webmaibinh.com\/w\/mypham12011\/wp-json\/wp\/v2\/comments?post=1169"}],"wp:featuredmedia":[{"embeddable":true,"href":"https:\/\/webmaibinh.com\/w\/mypham12011\/wp-json\/wp\/v2\/media\/1170"}],"wp:attachment":[{"href":"https:\/\/webmaibinh.com\/w\/mypham12011\/wp-json\/wp\/v2\/media?parent=1169"}],"curies":[{"name":"wp","href":"https:\/\/api.w.org\/{rel}","templated":true}]}}