{"id":1167,"date":"2019-07-24T23:21:03","date_gmt":"2019-07-24T16:21:03","guid":{"rendered":"http:\/\/mypham4.w2steam.com\/?post_type=product&#038;p=1167"},"modified":"2019-07-24T23:21:04","modified_gmt":"2019-07-24T16:21:04","slug":"lan-khu-mui-giup-kho-thoang-vung-da-duoi-canh-tay-48h","status":"publish","type":"product","link":"https:\/\/webmaibinh.com\/w\/mypham12011\/san-pham\/lan-khu-mui-giup-kho-thoang-vung-da-duoi-canh-tay-48h\/","title":{"rendered":"L\u0103n kh\u1eed m\u00f9i, gi\u00fap kh\u00f4 tho\u00e1ng v\u00f9ng da d\u01b0\u1edbi c\u00e1nh tay 48h"},"content":{"rendered":"<p>L\u0103n kh\u1eed m\u00f9i kh\u00f4 tho\u00e1ng v\u00f9ng da d\u01b0\u1edbi c\u00e1nh tay 48h<\/p>\n<p>Vichy Traitement Anti-Transpirant 50ml v\u1edbi c\u00f4ng th\u1ee9c ph\u00f9 h\u1ee3p v\u1edbi l\u00e0n da nh\u1ea1y c\u1ea3m, gi\u00fap h\u1ea1n ch\u1ebf v\u00e0 ki\u1ec3m so\u00e1t l\u01b0\u1ee3ng m\u1ed3 h\u00f4i h\u1eb1ng ng\u00e0y, d\u01b0\u1ee1ng da d\u01b0\u1edbi c\u00e1nh tay m\u1ec1m m\u1ecbn, kh\u00f4 tho\u00e1ng su\u1ed1t 48h.<\/p>\n<h3><strong>TH\u00d4NG TIN S\u1ea2N PH\u1ea8M<\/strong><\/h3>\n<ul>\n<li>Lo\u1ea1i s\u1ea3n ph\u1ea9m &#8211; L\u0103n kh\u1eed m\u00f9i kh\u00f4 tho\u00e1ng v\u00f9ng da d\u01b0\u1edbi c\u00e1nh tay 48h.<\/li>\n<li>Lo\u1ea1i da ph\u00f9 h\u1ee3p &#8211; Ph\u00f9 h\u1ee3p cho m\u1ecdi lo\u1ea1i da.<\/li>\n<li>\u0110\u1ed9 an to\u00e0n &#8211; Kh\u00f4ng paraben. &#8211; Kh\u00f4ng c\u1ed3n. &#8211; An to\u00e0n cho l\u00e0n da nh\u1ea1y c\u1ea3m.<\/li>\n<\/ul>\n<p><strong>Th\u00e0nh ph\u1ea7n<\/strong><\/p>\n<ul>\n<li>Aluminium hydrochloride: k\u1ebft c\u1ea5u si\u00eau nh\u1ecf (nh\u1ecf h\u01a1n g\u1ea5p 2 l\u1ea7n so v\u1edbi th\u00e0nh ph\u1ea7n th\u00f4ng th\u01b0\u1eddng) cho hi\u1ec7u qu\u1ea3 nhanh v\u00e0 tr\u1ef1c ti\u1ebfp tr\u00ean v\u00f9ng da d\u01b0\u1edbi c\u00e1nh tay.<\/li>\n<li>N\u01b0\u1edbc kho\u00e1ng Vichy: l\u00e0m d\u1ecbu v\u00e0 t\u0103ng c\u01b0\u1eddng s\u1ee9c kh\u1ecfe c\u1ee7a v\u00f9ng da d\u01b0\u1edbi c\u00e1nh tay.<\/li>\n<\/ul>\n<p><strong>C\u00f4ng d\u1ee5ng<\/strong><\/p>\n<ul>\n<li>L\u0103n kh\u1eed m\u00f9i, gi\u00fap kh\u00f4 tho\u00e1ng v\u00f9ng da d\u01b0\u1edbi c\u00e1nh tay su\u1ed1t 48h.<\/li>\n<li>H\u1ea1n ch\u1ebf v\u00e0 ki\u1ec3m so\u00e1t l\u01b0\u1ee3ng m\u1ed3 h\u00f4i h\u1eb1ng ng\u00e0y.<\/li>\n<li>D\u01b0\u1ee1ng da d\u01b0\u1edbi c\u00e1nh tay m\u1ec1m m\u1ecbn, kh\u00f4 tho\u00e1ng.<\/li>\n<\/ul>\n<p><strong> H\u01b0\u1edbng d\u1eabn s\u1eed d\u1ee5ng <\/strong><\/p>\n<ul>\n<li>S\u1eed d\u1ee5ng tr\u00ean v\u00f9ng da d\u01b0\u1edbi c\u00e1nh tay s\u1ea1ch s\u1ebd v\u00e0 kh\u00f4 tho\u00e1ng.<\/li>\n<li>S\u1eed d\u1ee5ng h\u1eb1ng ng\u00e0y.<\/li>\n<li>D\u00f9ng \u0111\u01b0\u1ee3c cho nam v\u00e0 n\u1eef.<\/li>\n<\/ul>\n<p><strong> H\u01b0\u1edbng d\u1eabn b\u1ea3o qu\u1ea3n <\/strong><\/p>\n<ul>\n<li>N\u01a1i tho\u00e1ng m\u00e1t, tr\u00e1nh \u00e1nh n\u1eafng tr\u1ef1c ti\u1ebfp.<\/li>\n<li>\u0110\u1eady n\u1eafp k\u1ef9 sau khi s\u1eed d\u1ee5ng.<\/li>\n<\/ul>\n<h3>TH\u00d4NG TIN TH\u01af\u01a0NG HI\u1ec6U<\/h3>\n<p>Vichy l\u00e0 th\u01b0\u01a1ng hi\u1ec7u n\u1ed5i ti\u1ebfng c\u1ee7a Ph\u00e1p \u0111\u01b0\u1ee3c th\u00e0nh l\u1eadp v\u00e0o n\u0103m 1931 t\u1ea1i th\u00e0nh ph\u1ed1 c\u00f9ng t\u00ean Vichy b\u1edfi b\u00e1c s\u0129 da li\u1ec5u Haller v\u00e0 nh\u00e0 kinh doanh Guerin.<\/p>\n<p>V\u1edbi nhi\u1ec1u n\u0103m kinh nghi\u1ec7m, vi\u1ec7n nghi\u00ean c\u1ee9u Vichy \u0111\u00e3 s\u00e1ng t\u1ea1o ra nhi\u1ec1u ph\u01b0\u01a1ng th\u1ee9c m\u1edbi v\u00e0 hi\u1ec7u qu\u1ea3 \u0111\u1ec3 ch\u0103m s\u00f3c s\u1ee9c kh\u1ecfe l\u00e0n da. T\u1ea5t c\u1ea3 s\u1ea3n ph\u1ea9m Vichy \u0111\u01b0\u1ee3c ki\u1ec3m nghi\u1ec7m m\u1ed9t c\u00e1ch to\u00e0n di\u1ec7n v\u00e0 kh\u1eaft khe d\u01b0\u1edbi s\u1ef1 gi\u00e1m s\u00e1t c\u1ee7a chuy\u00ean gia da li\u1ec5u v\u1ec1 \u0111\u1ed9 an to\u00e0n v\u00e0 d\u1ecbu nh\u1eb9 cho da, \u0111\u1eb7c bi\u1ec7t \u0111\u1ed1i v\u1edbi l\u00e0n da nh\u1ea1y c\u1ea3m.<\/p>\n<p>Ngo\u00e0i ra, c\u00e1c s\u1ea3n ph\u1ea9m c\u1ee7a Vichy \u0111\u00e3 \u0111\u01b0\u1ee3c ch\u1ee9ng minh kh\u00f4ng g\u00e2y d\u1ecb \u1ee9ng, kh\u00f4ng g\u00e2y m\u1ee5n, ch\u1ee9a n\u01b0\u1edbc kho\u00e1ng Vichy gi\u00e0u kho\u00e1ng ch\u1ea5t c\u00f3 t\u00e1c d\u1ee5ng c\u1ee7ng c\u1ed1 v\u00e0 t\u0103ng c\u01b0\u1eddng t\u00e1i t\u1ea1o da. Xu\u1ea5t x\u1ee9 th\u01b0\u01a1ng hi\u1ec7u: Ph\u00e1p N\u01a1i s\u1ea3n xu\u1ea5t: Ph\u00e1p H\u1ea1n s\u1eed d\u1ee5ng: 3 n\u0103m k\u1ec3 t\u1eeb ng\u00e0y s\u1ea3n xu\u1ea5t Ng\u00e0y s\u1ea3n xu\u1ea5t: In tr\u00ean bao b\u00ec S\u1ea3n ph\u1ea9m n\u00e0y thay \u0111\u1ed5i bao b\u00ec t\u1eebng \u0111\u1ee3t nh\u1eadp h\u00e0ng.<\/p>\n","protected":false},"excerpt":{"rendered":"<p>V\u1edbi c\u00f4ng th\u1ee9c ph\u00f9 h\u1ee3p v\u1edbi l\u00e0n da nh\u1ea1y c\u1ea3m. L\u0103n kh\u1eed m\u00f9i, gi\u00fap kh\u00f4 tho\u00e1ng v\u00f9ng da d\u01b0\u1edbi c\u00e1nh tay su\u1ed1t 48h gi\u00fap h\u1ea1n ch\u1ebf v\u00e0 ki\u1ec3m so\u00e1t l\u01b0\u1ee3ng m\u1ed3 h\u00f4i h\u1eb1ng ng\u00e0y, d\u01b0\u1ee1ng da d\u01b0\u1edbi c\u00e1nh tay m\u1ec1m m\u1ecbn, kh\u00f4 tho\u00e1ng su\u1ed1t 48h<\/p>\n","protected":false},"featured_media":1168,"comment_status":"open","ping_status":"closed","template":"","meta":[],"brands":[],"_links":{"self":[{"href":"https:\/\/webmaibinh.com\/w\/mypham12011\/wp-json\/wp\/v2\/product\/1167"}],"collection":[{"href":"https:\/\/webmaibinh.com\/w\/mypham12011\/wp-json\/wp\/v2\/product"}],"about":[{"href":"https:\/\/webmaibinh.com\/w\/mypham12011\/wp-json\/wp\/v2\/types\/product"}],"replies":[{"embeddable":true,"href":"https:\/\/webmaibinh.com\/w\/mypham12011\/wp-json\/wp\/v2\/comments?post=1167"}],"wp:featuredmedia":[{"embeddable":true,"href":"https:\/\/webmaibinh.com\/w\/mypham12011\/wp-json\/wp\/v2\/media\/1168"}],"wp:attachment":[{"href":"https:\/\/webmaibinh.com\/w\/mypham12011\/wp-json\/wp\/v2\/media?parent=1167"}],"curies":[{"name":"wp","href":"https:\/\/api.w.org\/{rel}","templated":true}]}}