{"id":1165,"date":"2019-07-24T23:16:41","date_gmt":"2019-07-24T16:16:41","guid":{"rendered":"http:\/\/mypham4.w2steam.com\/?post_type=product&#038;p=1165"},"modified":"2019-07-24T23:16:41","modified_gmt":"2019-07-24T16:16:41","slug":"lan-khu-mui-scion-pure-white-roll-on-nuskin","status":"publish","type":"product","link":"https:\/\/webmaibinh.com\/w\/mypham12011\/san-pham\/lan-khu-mui-scion-pure-white-roll-on-nuskin\/","title":{"rendered":"L\u0103n Kh\u1eed M\u00f9i Scion Pure White Roll On Nuskin"},"content":{"rendered":"<h2><span id=\"Gioi_thieu_Lan_khu_mui_Scion_Pure_White_Roll_On_Nuskin\" class=\"ez-toc-section\">Gi\u1edbi thi\u1ec7u L\u0103n kh\u1eed m\u00f9i Scion Pure White Roll On Nuskin<\/span><\/h2>\n<p>M\u00f9a h\u00e8 oi \u1ea3 n\u00f3ng b\u1ee9c d\u1eabn theo v\u00f4 v\u00e0n c\u00e1c b\u1ec7nh l\u00fd trong c\u01a1 th\u1ec3 con ng\u01b0\u1eddi. \u0110\u1eb7c bi\u1ec7t l\u00e0 ch\u1ee9ng b\u1ec7nh h\u00f4i n\u00e1ch, nguy\u00ean nh\u00e2n l\u00e0 do c\u01a1 th\u1ec3 c\u1ee7a ch\u00fang ta ph\u1ea3i ti\u1ebft ra l\u01b0\u1ee3ng m\u1ed3 h\u00f4i l\u1edbn m\u1ed7i ng\u00e0y \u0111\u1ec3 l\u00e0m m\u00e1t c\u01a1 th\u1ec3 nh\u1ea5t l\u00e0 khu v\u1ef1c xung quanh 2 b\u00ean n\u00e1ch, k\u1ebft h\u1ee3p v\u1edbi l\u01b0\u1ee3ng vi khu\u1ea9n b\u00ean ngo\u00e0i g\u00e2y ra hi\u1ec7n t\u01b0\u1ee3ng \u201ch\u00f4i n\u00e1ch\u201d. H\u00f4i n\u00e1ch l\u00e0m ch\u00fang ta m\u1ea5t t\u1ef1 tin khi giao ti\u1ebfp v\u1edbi m\u1ecdi ng\u01b0\u1eddi, m\u1ed3 h\u00f4i d\u01b0\u1edbi n\u00e1ch c\u00f2n l\u00e0m \u1ed1 v\u00e0ng \u00e1o \u1edf v\u00f9ng n\u00e1ch. H\u00e3y d\u00f9ng L\u0103n kh\u1eed m\u00f9i Scion pure white roll on nuskin m\u1ed7i ng\u00e0y \u0111\u1ec3 l\u01b0\u1ee3ng m\u1ed3 h\u00f4i \u0111\u01b0\u1ee3c ti\u1ebft ra d\u01b0\u1edbi v\u00f9ng n\u00e1ch v\u00e0 di\u1ec7t khu\u1ea9n v\u00f9ng n\u00e1ch hi\u1ec7u qu\u1ea3. L\u00e0m s\u00e1ng v\u00e0 m\u1ecbn \u1edf v\u00f9ng da b\u1ecb th\u00e2m d\u01b0\u1edbi c\u00e1nh tay. V\u1edbi m\u00f9i h\u01b0\u01a1ng th\u01a1m d\u1ecbu nh\u1eb9 k\u00e9o d\u00e0i su\u1ed1t 24h cho b\u1ea1n c\u1ea3m gi\u00e1c v\u00f4 c\u00f9ng d\u1ec5 ch\u1ecbu v\u00e0 tho\u1ea3i m\u00e1i khi s\u1eed d\u1ee5ng.<\/p>\n<p><img loading=\"lazy\" class=\"aligncenter size-full wp-image-23455 lazy-load-active\" src=\"https:\/\/ikute.vn\/wp-content\/uploads\/2017\/08\/s%E1%BA%A3n-ph%E1%BA%A9m-l%C4%83n-kh%E1%BB%AD-m%C3%B9i-Scion-Pure-White-Roll-On-Nuskin.jpg\" sizes=\"(max-width: 600px) 100vw, 600px\" srcset=\"https:\/\/ikute.vn\/wp-content\/uploads\/2017\/08\/s\u1ea3n-ph\u1ea9m-l\u0103n-kh\u1eed-m\u00f9i-Scion-Pure-White-Roll-On-Nuskin.jpg 600w, https:\/\/ikute.vn\/wp-content\/uploads\/2017\/08\/s\u1ea3n-ph\u1ea9m-l\u0103n-kh\u1eed-m\u00f9i-Scion-Pure-White-Roll-On-Nuskin-510x269.jpg 510w, https:\/\/ikute.vn\/wp-content\/uploads\/2017\/08\/s\u1ea3n-ph\u1ea9m-l\u0103n-kh\u1eed-m\u00f9i-Scion-Pure-White-Roll-On-Nuskin-300x159.jpg 300w\" alt=\"\" width=\"600\" height=\"317\" data-src=\"https:\/\/ikute.vn\/wp-content\/uploads\/2017\/08\/s\u1ea3n-ph\u1ea9m-l\u0103n-kh\u1eed-m\u00f9i-Scion-Pure-White-Roll-On-Nuskin.jpg\" data-srcset=\"https:\/\/ikute.vn\/wp-content\/uploads\/2017\/08\/s\u1ea3n-ph\u1ea9m-l\u0103n-kh\u1eed-m\u00f9i-Scion-Pure-White-Roll-On-Nuskin.jpg 600w, https:\/\/ikute.vn\/wp-content\/uploads\/2017\/08\/s\u1ea3n-ph\u1ea9m-l\u0103n-kh\u1eed-m\u00f9i-Scion-Pure-White-Roll-On-Nuskin-510x269.jpg 510w, https:\/\/ikute.vn\/wp-content\/uploads\/2017\/08\/s\u1ea3n-ph\u1ea9m-l\u0103n-kh\u1eed-m\u00f9i-Scion-Pure-White-Roll-On-Nuskin-300x159.jpg 300w\" \/><\/p>\n<h2><span id=\"Cong_dung_san_pham_Scion_Pure_White_Roll_On_Nuskin\" class=\"ez-toc-section\">C\u00f4ng d\u1ee5ng s\u1ea3n ph\u1ea9m Scion Pure White Roll On Nuskin<\/span><\/h2>\n<ul>\n<li>Scion Pure White Roll On Nuskin c\u00f3 t\u00e1c d\u1ee5ng kh\u1eed m\u00f9i c\u01a1 th\u1ec3 v\u00e0 gi\u1ea3m ti\u1ebft m\u00f9i m\u1ed3 h\u00f4i \u1edf v\u00f9ng da d\u01b0\u1edbi c\u00e1nh tay.<\/li>\n<li>V\u1edbi c\u00f4ng th\u1ee9c m\u1ec1m m\u1ea1i, gi\u00e0u ch\u1ea5t chi\u1ebft xu\u1ea5t t\u1eeb t\u1ef1 nhi\u00ean v\u00e0 vitamin gi\u00fap b\u1ea3o v\u1ec7 v\u00f9ng da d\u01b0\u1edbi c\u00e1nh tay kh\u1ecfi nh\u1eefng v\u1ebft th\u00e2m s\u1ea1m v\u00e0 ph\u1ee5c h\u1ed3i v\u00f9ng da b\u1ecb h\u01b0 t\u1ed5n d\u01b0\u1edbi c\u00e1nh tay, cho b\u1ea1n m\u1ed9t l\u00e0n da r\u1ea1ng r\u1ee1 h\u01a1n.<\/li>\n<li>K\u1ebft h\u1ee3p v\u1edbi c\u00e1c ho\u1ea1t ch\u1ea5t ch\u1ed1ng vi khu\u1ea9n gi\u00fap l\u00e0m gi\u1ea3m nguy\u00ean nh\u00e2n h\u00ecnh th\u00e0nh m\u00f9i h\u00f4i c\u01a1 th\u1ec3 l\u00e2u d\u00e0i, cho l\u00e0n da d\u01b0\u1edbi c\u00e1nh tay tr\u1edf n\u00ean t\u01b0\u01a1i s\u00e1ng, m\u1ec1m m\u1ea1i, mang l\u1ea1i cho b\u1ea1n c\u1ea3m gi\u00e1c tho\u1ea3i m\u00e1i v\u00e0 s\u1ef1 t\u1ef1 tin su\u1ed1t c\u1ea3 ng\u00e0y d\u00e0i.<\/li>\n<\/ul>\n<p><img loading=\"lazy\" class=\"aligncenter size-full wp-image-23457 lazy-load-active\" src=\"https:\/\/ikute.vn\/wp-content\/uploads\/2017\/08\/Scion-Pure-White-Roll-On-Nuskin-ikute.jpg\" sizes=\"(max-width: 700px) 100vw, 700px\" srcset=\"https:\/\/ikute.vn\/wp-content\/uploads\/2017\/08\/Scion-Pure-White-Roll-On-Nuskin-ikute.jpg 700w, https:\/\/ikute.vn\/wp-content\/uploads\/2017\/08\/Scion-Pure-White-Roll-On-Nuskin-ikute-510x383.jpg 510w, https:\/\/ikute.vn\/wp-content\/uploads\/2017\/08\/Scion-Pure-White-Roll-On-Nuskin-ikute-300x225.jpg 300w\" alt=\"\" width=\"700\" height=\"525\" data-src=\"https:\/\/ikute.vn\/wp-content\/uploads\/2017\/08\/Scion-Pure-White-Roll-On-Nuskin-ikute.jpg\" data-srcset=\"https:\/\/ikute.vn\/wp-content\/uploads\/2017\/08\/Scion-Pure-White-Roll-On-Nuskin-ikute.jpg 700w, https:\/\/ikute.vn\/wp-content\/uploads\/2017\/08\/Scion-Pure-White-Roll-On-Nuskin-ikute-510x383.jpg 510w, https:\/\/ikute.vn\/wp-content\/uploads\/2017\/08\/Scion-Pure-White-Roll-On-Nuskin-ikute-300x225.jpg 300w\" \/><\/p>\n<h2><span id=\"Thanh_phan_san_pham_Scion_Pure_White_Roll_On_Nuskin\" class=\"ez-toc-section\">Th\u00e0nh ph\u1ea7n s\u1ea3n ph\u1ea9m Scion Pure White Roll On Nuskin<\/span><\/h2>\n<ul>\n<li>Water, Aluminum Chlorohydrate, Cyclopentasiloxane, Steareth-2, Fragrance, PPG-15 Stearyl Ether, Steareth-20, Isopropyl Palmitate, Lactic Acid, Disodium EDTA, Methylparaben, Glycerin, Triclosan, Butylene Glycol,BHA, Tocopheryl Acetate, Arctostaphylos Uva Ursi Leaf Extract, Mitracarpus Scaber Extract, Propylene Glycol, Glycyrrhiza Glabra (Licorice) Root Extract, Magnesium Ascorbyl phosphate, Dimocarpus Longan Seed Extract.<\/li>\n<\/ul>\n<h2><span id=\"Huong_dan_su_dung_san_pham_Scion_Pure_White_Roll_On_Nuskin\" class=\"ez-toc-section\">H\u01b0\u1edbng d\u1eabn s\u1eed d\u1ee5ng s\u1ea3n ph\u1ea9m Scion Pure White Roll On Nuskin<\/span><\/h2>\n<p>\u21d2 Quay ng\u01b0\u1ee3c \u0111\u1ea7u chai l\u0103n n\u00e1ch Scion Pure White Roll On Nuskin xu\u1ed1ng, sau \u0111\u00f3 l\u0103n xung quanh \u1edf v\u00f9ng da d\u01b0\u1edbi c\u00e1nh tay, tr\u00e1nh l\u0103n \u1edf v\u00f9ng da k\u00edch \u1ee9ng ho\u1eb7c c\u00f3 v\u1ebft th\u01b0\u01a1ng h\u1edf. S\u1eed d\u1ee5ng s\u1ea3n ph\u1ea9m h\u00e0ng ng\u00e0y \u0111\u1ec3 mang l\u1ea1i hi\u1ec7u qu\u1ea3 cao.<\/p>\n<p><img loading=\"lazy\" class=\"aligncenter size-full wp-image-23456 lazy-load-active\" src=\"https:\/\/ikute.vn\/wp-content\/uploads\/2017\/08\/Scion-Pure-White-Roll-On-Nuskin.jpg\" sizes=\"(max-width: 600px) 100vw, 600px\" srcset=\"https:\/\/ikute.vn\/wp-content\/uploads\/2017\/08\/Scion-Pure-White-Roll-On-Nuskin.jpg 600w, https:\/\/ikute.vn\/wp-content\/uploads\/2017\/08\/Scion-Pure-White-Roll-On-Nuskin-510x257.jpg 510w, https:\/\/ikute.vn\/wp-content\/uploads\/2017\/08\/Scion-Pure-White-Roll-On-Nuskin-300x151.jpg 300w\" alt=\"\" width=\"600\" height=\"302\" data-src=\"https:\/\/ikute.vn\/wp-content\/uploads\/2017\/08\/Scion-Pure-White-Roll-On-Nuskin.jpg\" data-srcset=\"https:\/\/ikute.vn\/wp-content\/uploads\/2017\/08\/Scion-Pure-White-Roll-On-Nuskin.jpg 600w, https:\/\/ikute.vn\/wp-content\/uploads\/2017\/08\/Scion-Pure-White-Roll-On-Nuskin-510x257.jpg 510w, https:\/\/ikute.vn\/wp-content\/uploads\/2017\/08\/Scion-Pure-White-Roll-On-Nuskin-300x151.jpg 300w\" \/><\/p>\n<p><em>s\u1ea3n ph\u1ea9m mang l\u1ea1i c\u1ea3m gi\u00e1c tho\u1ea3i m\u00e1i khi s\u1eed d\u1ee5ng<\/em><\/p>\n<h2><span id=\"Bao_quan_san_pham\" class=\"ez-toc-section\">B\u1ea3o qu\u1ea3n s\u1ea3n ph\u1ea9m<\/span><\/h2>\n<p>\u2192 \u0110\u1eady k\u00edn n\u1eafp sau m\u1ed7i l\u1ea7n s\u1eed d\u1ee5ng s\u1ea3n ph\u1ea9m.<\/p>\n<p>\u2192 B\u1ea3o qu\u1ea3n s\u1ea3n ph\u1ea9m \u1edf n\u01a1i kh\u00f4 tho\u00e1ng, tr\u00e1nh \u00e1nh n\u1eafng m\u1eb7t tr\u1eddi chi\u1ebfu v\u00e0o.<\/p>\n<p>\u2192 \u0110\u1ec3 xa t\u1ea7m tay c\u1ee7a tr\u1ebb nh\u1ecf.<\/p>\n<p>M\u1ecdi chi ti\u1ebft xin vui l\u00f2ng li\u00ean h\u1ec7 theo s\u1ed1 \u0111i\u1ec7n tho\u1ea1i: 0964.243.223 ho\u1eb7c click v\u00e0o \u00f4 mua h\u00e0ng. C\u00f4ng Ty Ikute r\u1ea5t h\u00e2n h\u1ea1nh \u0111\u01b0\u1ee3c \u0111\u00f3n ti\u1ebfp v\u00e0 ph\u1ee5c v\u1ee5 qu\u00fd kh\u00e1ch t\u1eadn t\u00ecnh!<\/p>\n","protected":false},"excerpt":{"rendered":"<p>H\u00f4i n\u00e1ch l\u00e0m ch\u00fang ta m\u1ea5t t\u1ef1 tin khi giao ti\u1ebfp v\u1edbi m\u1ecdi ng\u01b0\u1eddi, m\u1ed3 h\u00f4i d\u01b0\u1edbi n\u00e1ch c\u00f2n l\u00e0m \u1ed1 v\u00e0ng \u00e1o \u1edf v\u00f9ng n\u00e1ch. H\u00e3y d\u00f9ng\u00a0<strong>l\u0103n kh\u1eed m\u00f9i Scion pure whitening roll on nuskin<\/strong>\u00a0m\u1ed7i ng\u00e0y \u0111\u1ec3 l\u01b0\u1ee3ng m\u1ed3 h\u00f4i \u0111\u01b0\u1ee3c ti\u1ebft ra d\u01b0\u1edbi v\u00f9ng n\u00e1ch v\u00e0 di\u1ec7t khu\u1ea9n v\u00f9ng n\u00e1ch hi\u1ec7u qu\u1ea3. L\u00e0m s\u00e1ng v\u00e0 m\u1ecbn \u1edf v\u00f9ng da b\u1ecb th\u00e2m d\u01b0\u1edbi c\u00e1nh tay. V\u1edbi m\u00f9i h\u01b0\u01a1ng th\u01a1m d\u1ecbu nh\u1eb9 k\u00e9o d\u00e0i su\u1ed1t 24h cho b\u1ea1n c\u1ea3m gi\u00e1c v\u00f4 c\u00f9ng d\u1ec5 ch\u1ecbu v\u00e0 tho\u1ea3i m\u00e1i khi s\u1eed d\u1ee5ng.<\/p>\n","protected":false},"featured_media":1166,"comment_status":"open","ping_status":"closed","template":"","meta":[],"brands":[],"_links":{"self":[{"href":"https:\/\/webmaibinh.com\/w\/mypham12011\/wp-json\/wp\/v2\/product\/1165"}],"collection":[{"href":"https:\/\/webmaibinh.com\/w\/mypham12011\/wp-json\/wp\/v2\/product"}],"about":[{"href":"https:\/\/webmaibinh.com\/w\/mypham12011\/wp-json\/wp\/v2\/types\/product"}],"replies":[{"embeddable":true,"href":"https:\/\/webmaibinh.com\/w\/mypham12011\/wp-json\/wp\/v2\/comments?post=1165"}],"wp:featuredmedia":[{"embeddable":true,"href":"https:\/\/webmaibinh.com\/w\/mypham12011\/wp-json\/wp\/v2\/media\/1166"}],"wp:attachment":[{"href":"https:\/\/webmaibinh.com\/w\/mypham12011\/wp-json\/wp\/v2\/media?parent=1165"}],"curies":[{"name":"wp","href":"https:\/\/api.w.org\/{rel}","templated":true}]}}