{"id":1163,"date":"2019-07-24T23:14:47","date_gmt":"2019-07-24T16:14:47","guid":{"rendered":"http:\/\/mypham4.w2steam.com\/?post_type=product&#038;p=1163"},"modified":"2019-08-02T09:39:48","modified_gmt":"2019-08-02T02:39:48","slug":"lan-khu-mui-old-spice-canh-buom-do-my","status":"publish","type":"product","link":"https:\/\/webmaibinh.com\/w\/mypham12011\/san-pham\/lan-khu-mui-old-spice-canh-buom-do-my\/","title":{"rendered":"L\u0103n kh\u1eed m\u00f9i Old Spice c\u00e1nh bu\u1ed3m \u0111\u1ecf (M\u1ef9)"},"content":{"rendered":"<p>Old Spice th\u01b0\u01a1ng hi\u1ec7u n\u1ed7i ti\u1ebfng l\u00e2u \u0111\u1eddi c\u1ee7a M\u1ef9 v\u1ec1 c\u00e1c s\u1ea3n ph\u1ea9m l\u0103n kh\u1eed m\u00f9i, d\u1ea7u g\u1ed9i, s\u1eeda t\u1eafm,\u2026 d\u00e0nh ri\u00eang cho Nam gi\u1edbi.<\/p>\n<p>L\u0103n\u00a0<strong><em>kh\u1eed m\u00f9i<\/em>\u00a0<\/strong>Old Spice Pure Sport d\u1ea1ng s\u00e1p gi\u00fap b\u1ea1n ng\u0103n ti\u1ebft m\u1ed3 h\u00f4i v\u00f9ng da d\u01b0\u1edbi c\u00e1nh tay hi\u1ec7u qu\u1ea3 v\u00e0 duy tr\u00ec n\u00f3 trong th\u1eddi gian d\u00e0i, gi\u00fap b\u1ea1n tho\u1ea3i m\u00e1i ho\u1ea1t \u0111\u1ed9ng m\u00e0 kh\u00f4ng s\u1ee3 m\u1ed3 h\u00f4i \u01b0\u1edbt \u0111\u1eabm \u00e1o.<\/p>\n<p>Nh\u1eefng th\u00e0nh ph\u1ea7n c\u00f3 trong s\u1ea3n ph\u1ea9m c\u00f2n gi\u00fap ti\u00eau di\u1ec7t vi khu\u1ea9n cho v\u00f9ng da d\u01b0\u1edbi c\u00e1nh tay, mang l\u1ea1i c\u1ea3m gi\u00e1c s\u1ea1ch tho\u00e1ng, s\u1ea3ng kho\u00e1i khi s\u1eed d\u1ee5ng. M\u00f9i h\u01b0\u01a1ng th\u01a1m cu\u1ed1n h\u00fat, m\u1ea1nh m\u1ebd gi\u00fap b\u1ea1n kh\u00f4ng c\u00f2n lo m\u00f9i c\u01a1 th\u1ec3 su\u1ed1t 24h, thay v\u00e0o \u0111\u00f3 ch\u1ec9 c\u00f2n c\u1ea3m gi\u00e1c t\u1ef1 tin v\u00e0 l\u1ecbch l\u00e3m tr\u01b0\u1edbc m\u1ecdi ng\u01b0\u1eddi.<\/p>\n<p>S\u1ea3n ph\u1ea9m kh\u00f4ng g\u00e2y c\u1ea3m gi\u00e1c d\u00ednh r\u00edt kh\u00f3 ch\u1ecbu khi s\u1eed d\u1ee5ng, kh\u00f4ng g\u00e2y kh\u00f4 da, k\u00edch \u1ee9ng v\u00e0 t\u1ea1o v\u1ebft \u1ed1 v\u00e0ng tr\u00ean \u00e1o, cho b\u1ea1n c\u00f3 th\u1ec3 y\u00ean t\u00e2m s\u1eed d\u1ee5ng. \u0110\u00e2y l\u00e0 m\u1ed9t s\u1ea3n ph\u1ea9m l\u0103n kh\u1eed m\u00f9i \u0111\u01b0\u1ee3c nam gi\u1edbi M\u1ef9 \u01b0a chu\u1ed9ng b\u1edfi ch\u1ea5t l\u01b0\u1ee3ng v\u00e0 hi\u1ec7u qu\u1ea3 t\u1ed1t, n\u00ean b\u1ea1n c\u00f3 th\u1ec3 y\u00ean t\u00e2m l\u1ef1a ch\u1ecdn s\u1ea3n ph\u1ea9m.<\/p>\n<p>H\u01b0\u1edbng d\u1eabn s\u1eed d\u1ee5ng<\/p>\n<p>T\u1eafm s\u1ea1ch s\u1ebd v\u00e0 lau kh\u00f4. V\u1eb7n \u0111\u1ea7u s\u00e1p l\u00ean m\u1ed9t \u0111o\u1ea1n v\u1eeba ph\u1ea3i v\u00e0 l\u0103n nh\u1eb9 l\u00ean v\u00f9ng da d\u01b0\u1edbi c\u00e1nh tay t\u1ea1o m\u1ed9t l\u1edbp kh\u00f4ng qu\u00e1 d\u00e0y.<\/p>\n<p>B\u1ea3o qu\u1ea3n \u1edf n\u01a1i kh\u00f4 r\u00e1o, tho\u00e1ng m\u00e1t. Tr\u00e1nh ti\u1ebfp x\u00fac tr\u1ef1c ti\u1ebfp v\u1edbi \u00e1nh n\u1eafng m\u1eb7t tr\u1eddi &amp; nhi\u1ec7t \u0111\u1ed9 cao.<\/p>\n<p><img src=\"https:\/\/media3.scdn.vn\/img3\/2019\/3_12\/lKgzJf_simg_d0daf0_800x1200_max.jpg\" alt=\"lKgzJf_simg_d0daf0_800x1200_max.jpg\" \/><\/p>\n","protected":false},"excerpt":{"rendered":"<p>Nh\u1eefng th\u00e0nh ph\u1ea7n c\u00f3 trong s\u1ea3n ph\u1ea9m c\u00f2n gi\u00fap ti\u00eau di\u1ec7t vi khu\u1ea9n cho v\u00f9ng da d\u01b0\u1edbi c\u00e1nh tay, mang l\u1ea1i c\u1ea3m gi\u00e1c s\u1ea1ch tho\u00e1ng, s\u1ea3ng kho\u00e1i khi s\u1eed d\u1ee5ng. M\u00f9i h\u01b0\u01a1ng th\u01a1m cu\u1ed1n h\u00fat, m\u1ea1nh m\u1ebd gi\u00fap b\u1ea1n kh\u00f4ng c\u00f2n lo m\u00f9i c\u01a1 th\u1ec3 su\u1ed1t 24h, thay v\u00e0o \u0111\u00f3 ch\u1ec9 c\u00f2n c\u1ea3m gi\u00e1c t\u1ef1 tin v\u00e0 l\u1ecbch l\u00e3m tr\u01b0\u1edbc m\u1ecdi ng\u01b0\u1eddi.<\/p>\n","protected":false},"featured_media":1164,"comment_status":"open","ping_status":"closed","template":"","meta":[],"brands":[],"_links":{"self":[{"href":"https:\/\/webmaibinh.com\/w\/mypham12011\/wp-json\/wp\/v2\/product\/1163"}],"collection":[{"href":"https:\/\/webmaibinh.com\/w\/mypham12011\/wp-json\/wp\/v2\/product"}],"about":[{"href":"https:\/\/webmaibinh.com\/w\/mypham12011\/wp-json\/wp\/v2\/types\/product"}],"replies":[{"embeddable":true,"href":"https:\/\/webmaibinh.com\/w\/mypham12011\/wp-json\/wp\/v2\/comments?post=1163"}],"wp:featuredmedia":[{"embeddable":true,"href":"https:\/\/webmaibinh.com\/w\/mypham12011\/wp-json\/wp\/v2\/media\/1164"}],"wp:attachment":[{"href":"https:\/\/webmaibinh.com\/w\/mypham12011\/wp-json\/wp\/v2\/media?parent=1163"}],"curies":[{"name":"wp","href":"https:\/\/api.w.org\/{rel}","templated":true}]}}