{"id":1161,"date":"2019-07-24T23:12:14","date_gmt":"2019-07-24T16:12:14","guid":{"rendered":"http:\/\/mypham4.w2steam.com\/?post_type=product&#038;p=1161"},"modified":"2019-07-26T16:47:26","modified_gmt":"2019-07-26T09:47:26","slug":"lan-khu-mui-nam-gillette-clear-gel-107gr","status":"publish","type":"product","link":"https:\/\/webmaibinh.com\/w\/mypham12011\/san-pham\/lan-khu-mui-nam-gillette-clear-gel-107gr\/","title":{"rendered":"L\u0103n Kh\u1eed M\u00f9i Nam Gillette Clear Gel 107gr"},"content":{"rendered":"<div class=\"tab-content\">\n<div id=\"description\" class=\"tab-pane active\" role=\"tabpanel\">\n<div class=\"block-content\">\n<p>-M\u1ed9t trong nh\u1eefng s\u1ea3n ph\u1ea9m kh\u1eed m\u00f9i d\u00e0nh cho nam gi\u1edbi t\u1ed1t nh\u1ea5t th\u1ebf gi\u1edbi \u0111\u00e3 c\u00f3 m\u1eb7t t\u1ea1i Beauty Garden! V\u1edbi kh\u1eed m\u00f9i Gillette Cool Wave Clear Gel, b\u1ea1n c\u00f3 th\u1ec3 x\u00f3a bay n\u1ed5i lo v\u1ec1 m\u00f9i c\u01a1 th\u1ec3 trong su\u1ed1t 48 gi\u1edd. S\u1ea3n ph\u1ea9m c\u00f3 d\u1ea1ng gel trong su\u1ed1t, \u0111em l\u1ea1i c\u1ea3m gi\u00e1c m\u00e1t l\u1ea1nh s\u1ea3ng kho\u00e1i khi s\u1eed d\u1ee5ng, th\u01a1m m\u00f9i h\u01b0\u01a1ng \u201cCool Wave\u201d t\u1ef1 nhi\u00ean v\u00e0 nam t\u00ednh. Gillette Cool Wave Clear Gel kh\u00f4ng \u0111\u1ec3 l\u1ea1i v\u1ec7t tr\u1eafng tr\u00ean da, l\u1ea1i nhanh ch\u00f3ng th\u1ea9m th\u1ea5u, gi\u1eef da kh\u00f4 tho\u00e1ng, \u0111\u1ea3m b\u1ea3o kh\u00f4ng l\u01b0u l\u1ea1i v\u1ebft \u1ea9m tr\u00ean \u00e1o ng\u01b0\u1eddi s\u1eed d\u1ee5ng.<\/p>\n<p>&#8211;<strong>L\u0103n kh\u1eed m\u00f9i nam Gillette Endurance Cool Wave Clean Gel<\/strong>\u00a0l\u00e0 s\u1ea3n ph\u1ea9m kh\u1eed m\u00f9i d\u1ea1ng gel chuy\u00ean d\u1ee5ng d\u00e0nh cho nam gi\u1edbi, ng\u0103n ch\u1eb7n m\u00f9i c\u01a1 th\u1ec3 kh\u00f3 ch\u1ecbu trong su\u1ed1t 48 gi\u1edd \u0111\u1ed3ng h\u1ed3, gi\u1eef da kh\u00f4 tho\u00e1ng v\u00e0 m\u00e1t m\u1ebb.Thu\u1ed9c lo\u1ea1t s\u1ea3n ph\u1ea9m kh\u1eed m\u00f9i s\u1eed d\u1ee5ng ch\u1ea5t li\u1ec7u gel trong su\u1ed1t m\u00e1t l\u1ea1nh c\u1ee7a th\u01b0\u01a1ng hi\u1ec7u Gillette (Hoa K\u1ef3), kh\u1eed m\u00f9i Gillette Cool Wave Clear Gel l\u00e0 m\u00f3n \u0111\u1ed3 ch\u0103m s\u00f3c c\u01a1 th\u1ec3 quen thu\u1ed9c c\u1ee7a nh\u1eefng qu\u00fd \u00f4ng l\u1ecbch l\u00e3m.<\/p>\n<p><img loading=\"lazy\" class=\"aligncenter\" src=\"https:\/\/beautygarden.vn\/Upload\/tinymce\/2018\/10\/13\/a2084502.jpg\" alt=\"\" width=\"650\" height=\"482\" \/><\/p>\n<\/div>\n<\/div>\n<\/div>\n<h3 class=\"theH2\">C\u00d4NG D\u1ee4NG L\u0102N KH\u1eec M\u00d9I NAM GILLETTE CLEAR GEL 107GR<\/h3>\n<div class=\"tab-content\">\n<div id=\"description\" class=\"tab-pane active\" role=\"tabpanel\">\n<div class=\"block-content\">\n<ul>\n<li>Tr\u1ecdng l\u01b0\u1ee3ng: 107gr<\/li>\n<li>Xu\u1ea5t x\u1ee9: M\u1ef9<\/li>\n<\/ul>\n<p>-L\u0103n kh\u1eed m\u00f9i\u00a0Gillette Endurance Cool Wave Clear Gel\u00a0d\u1ea1ng gel s\u1ebd h\u00f2a tan v\u00e0o m\u1ed3 h\u00f4i, t\u1ea1o th\u00e0nh m\u1ed9t l\u00e1 ch\u1eafn gi\u1eefa m\u1ed3 m\u00f4i v\u00e0 vi khu\u1ea9n, nh\u1edd \u0111\u00f3 ng\u0103n ch\u1eb7n s\u1ef1 g\u00e2y m\u00f9i.<\/p>\n<p>-V\u1edbi hi\u1ec7u qu\u1ea3 kh\u1eed m\u00f9i cao, h\u01b0\u01a1ng th\u01a1m nam t\u00ednh m\u1ea1nh m\u1ebd \u0111\u1ebfn 48 gi\u1edd, kh\u1ea3 n\u0103ng gi\u1eef kh\u00f4 tho\u00e1ng l\u00e2u, l\u0103n kh\u1eed m\u00f9i cho nam Gillette Clear Gel \u0111\u01b0\u1ee3c nhi\u1ec1u qu\u00fd \u00f4ng \u01b0a chu\u1ed9ng s\u1eed d\u1ee5ng.<\/p>\n<p>-S\u1ea3n ph\u1ea9m l\u0103n n\u00e1ch Gillette Endurance Cool Wave Clear Gel mang l\u1ea1i c\u1ea3m gi\u00e1c m\u00e1t l\u1ea1nh s\u1ea3ng kho\u00e1i nh\u01b0 c\u01a1n gi\u00f3 bi\u1ec3n v\u1edbi thi\u1ebft k\u1ebf nh\u1ecf g\u1ecdn v\u1edbi m\u00e0u xanh \u0111\u1ea1i d\u01b0\u01a1ng, c\u00f3 th\u1ec3 d\u1ec5 d\u00e0ng mang theo khi \u0111i du l\u1ecbch, \u0111i l\u00e0m, hay b\u1ea5t c\u1ee9 \u0111\u00e2u b\u1ea1n mu\u1ed1n.<\/p>\n<p>-\u0110\u1eb7c bi\u1ec7t, L\u0103n kh\u1eed m\u00f9i Gillette Endurance Cool Wave Clear Gel kh\u00f4ng h\u1ec1 g\u00e2y k\u00edch \u1ee9ng da, an to\u00e0n cho ng\u01b0\u1eddi s\u1eed d\u1ee5ng.<\/p>\n<p><img loading=\"lazy\" class=\"aligncenter\" src=\"https:\/\/beautygarden.vn\/Upload\/tinymce\/2018\/10\/13\/a3084515.jpg\" alt=\"\" width=\"650\" height=\"451\" \/><\/p>\n<\/div>\n<\/div>\n<\/div>\n<h3 class=\"theH2\">H\u01af\u1edaNG D\u1eaaN S\u1eec D\u1ee4NG L\u0102N KH\u1eec M\u00d9I NAM GILLETTE CLEAR GEL 107GR<\/h3>\n<div class=\"tab-content\">\n<div id=\"description\" class=\"tab-pane active\" role=\"tabpanel\">\n<div class=\"block-content\">\n<p><strong>*C\u00e1ch s\u1eed d\u1ee5ng<\/strong><\/p>\n<ul>\n<li>L\u0103n\u00a0\u0111\u1ec1u v\u00f9ng da d\u01b0\u1edbi c\u00e1nh tay<\/li>\n<li>S\u1eed d\u1ee5ng sau khi t\u1eafm, lau kh\u00f4<\/li>\n<li>D\u00f9ng h\u00e0ng ng\u00e0y<\/li>\n<\/ul>\n<p><strong>*H\u01b0\u1edbng d\u1eabn b\u1ea3o qu\u1ea3n<\/strong><\/p>\n<p>-Xo\u00e1y ch\u1eb7t n\u1eafp sau khi s\u1eed d\u1ee5ng<br \/>\n-B\u1ea3o qu\u1ea3n\u00a0<em>L\u0103n Kh\u1eed M\u00f9i Nam Gillette Clear Gel<\/em>\u00a0n\u01a1i kh\u00f4 r\u00e1o tho\u00e1ng m\u00e1t, tr\u00e1nh \u0111\u1ec3 n\u01a1i \u1ea9m \u01b0\u1edbt, \u00e1nh n\u1eafng m\u1eb7t tr\u1eddi tr\u1ef1c ti\u1ebfp<br \/>\n-\u0110\u1ecdc k\u1ef9 h\u01b0\u1edbng d\u1eabn tr\u01b0\u1edbc khi s\u1eed d\u1ee5ng<\/p>\n<p><img loading=\"lazy\" class=\"aligncenter\" src=\"https:\/\/beautygarden.vn\/Upload\/tinymce\/2018\/10\/13\/a5084525.jpg\" alt=\"\" width=\"650\" height=\"462\" \/><\/p>\n<\/div>\n<\/div>\n<\/div>\n","protected":false},"excerpt":{"rendered":"<ul>\n<li>D\u1ea1ng gel m\u00e1t l\u1ea1nh, kh\u00f4ng \u0111\u1ec3 l\u1ea1i c\u1eb7n.<\/li>\n<li>Kh\u1eed m\u00f9i hi\u1ec7u qu\u1ea3 su\u1ed1t 48h<\/li>\n<li>Ng\u0103n ti\u1ebft m\u1ed3 h\u00f4i hi\u1ec7u qu\u1ea3.<\/li>\n<li>M\u00f9i th\u01a1m nam t\u00ednh, m\u1ea1nh m\u1ebd.<\/li>\n<\/ul>\n","protected":false},"featured_media":1162,"comment_status":"open","ping_status":"closed","template":"","meta":[],"brands":[{"id":116,"name":"GILLETTE","slug":"gillette"}],"_links":{"self":[{"href":"https:\/\/webmaibinh.com\/w\/mypham12011\/wp-json\/wp\/v2\/product\/1161"}],"collection":[{"href":"https:\/\/webmaibinh.com\/w\/mypham12011\/wp-json\/wp\/v2\/product"}],"about":[{"href":"https:\/\/webmaibinh.com\/w\/mypham12011\/wp-json\/wp\/v2\/types\/product"}],"replies":[{"embeddable":true,"href":"https:\/\/webmaibinh.com\/w\/mypham12011\/wp-json\/wp\/v2\/comments?post=1161"}],"wp:featuredmedia":[{"embeddable":true,"href":"https:\/\/webmaibinh.com\/w\/mypham12011\/wp-json\/wp\/v2\/media\/1162"}],"wp:attachment":[{"href":"https:\/\/webmaibinh.com\/w\/mypham12011\/wp-json\/wp\/v2\/media?parent=1161"}],"curies":[{"name":"wp","href":"https:\/\/api.w.org\/{rel}","templated":true}]}}