{"id":1157,"date":"2019-07-24T23:07:59","date_gmt":"2019-07-24T16:07:59","guid":{"rendered":"http:\/\/mypham4.w2steam.com\/?post_type=product&#038;p=1157"},"modified":"2019-08-02T09:39:53","modified_gmt":"2019-08-02T02:39:53","slug":"sua-duong-trang-min-da-toan-than-peiland-whitening-body-lotion-250ml","status":"publish","type":"product","link":"https:\/\/webmaibinh.com\/w\/mypham12011\/san-pham\/sua-duong-trang-min-da-toan-than-peiland-whitening-body-lotion-250ml\/","title":{"rendered":"S\u1eefa d\u01b0\u1ee1ng tr\u1eafng m\u1ecbn da to\u00e0n th\u00e2n Peiland Whitening Body Lotion 250ml"},"content":{"rendered":"<p>S\u1eefa d\u01b0\u1ee1ng tr\u1eafng m\u1ecbn da to\u00e0n th\u00e2n Whitening Body Lotion Peiland gi\u00fap d\u01b0\u1ee1ng \u1ea9m cho da t\u1eeb Vitamin B3, Vitamin E c\u00f9ng c\u00e1c lo\u1ea1i tinh d\u1ea7u, tinh ch\u1ea5t. S\u1ea3n ph\u1ea9m duy tr\u00ec s\u1ef1 m\u1ec1m m\u1ea1i, m\u1ecbn m\u00e0ng m\u00e0 kh\u00f4ng g\u00e2y nh\u1eddn r\u00edt. \u0110\u1ed3ng th\u1eddi S\u1eefa d\u01b0\u1ee1ng \u1ea9m tr\u1eafng m\u1ecbn da to\u00e0n th\u00e2n Peiland c\u00f2n ch\u1ee9a ch\u1ea5t ch\u1ed1ng n\u1eafng, b\u1ea3o v\u1ec7 da kh\u1ecfi t\u00e1c h\u1ea1i c\u1ee7a tia UV.<\/p>\n<p>H\u01b0\u1edbng d\u1eabn s\u1eed d\u1ee5ng: Cho l\u01b0\u1ee3ng v\u1eeba \u0111\u1ee7 ra tay v\u00e0 xoa \u0111\u1ec1u l\u00ean da to\u00e0n th\u00e2n<\/p>\n<h3>Th\u00f4ng tin th\u01b0\u01a1ng hi\u1ec7u<\/h3>\n<p>M\u1ef9 ph\u1ea9m cao c\u1ea5p Peiland ra \u0111\u1eddi t\u1eeb Nh\u00e0 s\u1ea3n xu\u1ea5t BioCare \u0111\u01b0\u1ee3c s\u00e1ng l\u1eadp n\u0103m 1970. H\u01a1n 35 n\u0103m kinh nghi\u1ec7m trong l\u0129nh v\u1ef1c s\u1ea3n xu\u1ea5t ho\u00e0n h\u1ea3o \u0111a d\u1ea1ng c\u00e1c d\u00f2ng m\u1ef9 ph\u1ea9m l\u00e0m \u0111\u1eb9p v\u00e0 ch\u0103m s\u00f3c da m\u1ed9t c\u00e1ch h\u1eefu hi\u1ec7u. Hi\u1ec7n c\u00e1c s\u1ea3n ph\u1ea9m Peiland \u0111ang cung c\u1ea5p tr\u00ean th\u1ecb tr\u01b0\u1eddng qu\u1ed1c t\u1ebf h\u01a1n 30 qu\u1ed1c gia. Nh\u00e0 s\u1ea3n xu\u1ea5t BioCare \u0111\u00e3 \u0111\u01b0\u1ee3c B\u1ed9 Y T\u1ebf ki\u1ec3m tra ch\u1ea5t l\u01b0\u1ee3ng v\u00e0 c\u1ea5p b\u1eb1ng ch\u1ee9ng nh\u1eadn \u201cG.M.P \u2013 Good Manufacturing Practice\u201d. M\u1ef9 ph\u1ea9m Peiland \u0111\u01b0\u1ee3c b\u00e0o ch\u1ebf v\u1edbi c\u00f4ng th\u1ee9c \u0111\u1ed9c quy\u1ec1n, c\u00f4ng ngh\u1ec7 ti\u00ean ti\u1ebfn v\u00e0 k\u1ebft h\u1ee3p v\u1edbi c\u00e1c nguy\u00ean li\u1ec7u Nh\u1eadt B\u1ea3n chi\u1ebft xu\u1ea5t t\u1eeb tinh ch\u1ea5t D\u01b0\u1ee3c Th\u1ea3o thi\u00ean nhi\u00ean c\u1ee7a c\u00e1c lo\u00e0i hoa, qu\u1ea3 v\u00e0 th\u1ef1c v\u1eadt qu\u00fd.<\/p>\n","protected":false},"excerpt":{"rendered":"<p>S\u1eefa d\u01b0\u1ee1ng tr\u1eafng m\u1ecbn da to\u00e0n th\u00e2n Whitening Body Lotion Peiland gi\u00fap d\u01b0\u1ee1ng \u1ea9m cho da t\u1eeb Vitamin B3, Vitamin E c\u00f9ng c\u00e1c lo\u1ea1i tinh d\u1ea7u, tinh ch\u1ea5t. S\u1ea3n ph\u1ea9m duy tr\u00ec s\u1ef1 m\u1ec1m m\u1ea1i, m\u1ecbn m\u00e0ng m\u00e0 kh\u00f4ng g\u00e2y nh\u1eddn r\u00edt. \u0110\u1ed3ng th\u1eddi S\u1eefa d\u01b0\u1ee1ng \u1ea9m tr\u1eafng m\u1ecbn da to\u00e0n th\u00e2n Peiland c\u00f2n ch\u1ee9a ch\u1ea5t ch\u1ed1ng n\u1eafng, b\u1ea3o v\u1ec7 da kh\u1ecfi t\u00e1c h\u1ea1i c\u1ee7a tia UV.<\/p>\n","protected":false},"featured_media":1158,"comment_status":"open","ping_status":"closed","template":"","meta":[],"brands":[],"_links":{"self":[{"href":"https:\/\/webmaibinh.com\/w\/mypham12011\/wp-json\/wp\/v2\/product\/1157"}],"collection":[{"href":"https:\/\/webmaibinh.com\/w\/mypham12011\/wp-json\/wp\/v2\/product"}],"about":[{"href":"https:\/\/webmaibinh.com\/w\/mypham12011\/wp-json\/wp\/v2\/types\/product"}],"replies":[{"embeddable":true,"href":"https:\/\/webmaibinh.com\/w\/mypham12011\/wp-json\/wp\/v2\/comments?post=1157"}],"wp:featuredmedia":[{"embeddable":true,"href":"https:\/\/webmaibinh.com\/w\/mypham12011\/wp-json\/wp\/v2\/media\/1158"}],"wp:attachment":[{"href":"https:\/\/webmaibinh.com\/w\/mypham12011\/wp-json\/wp\/v2\/media?parent=1157"}],"curies":[{"name":"wp","href":"https:\/\/api.w.org\/{rel}","templated":true}]}}