{"id":1155,"date":"2019-07-24T23:06:42","date_gmt":"2019-07-24T16:06:42","guid":{"rendered":"http:\/\/mypham4.w2steam.com\/?post_type=product&#038;p=1155"},"modified":"2019-07-24T23:06:42","modified_gmt":"2019-07-24T16:06:42","slug":"sua-duong-the-vaseline-intensive-rescue-repairing-moisture-lotion","status":"publish","type":"product","link":"https:\/\/webmaibinh.com\/w\/mypham12011\/san-pham\/sua-duong-the-vaseline-intensive-rescue-repairing-moisture-lotion\/","title":{"rendered":"S\u1eefa d\u01b0\u1ee1ng th\u1ec3 Vaseline Intensive Rescue Repairing Moisture Lotion"},"content":{"rendered":"<p><strong>C\u00f4ng d\u1ee5ng:<\/strong><\/p>\n<p>&#8211; D\u01b0\u1ee1ng th\u1ec3 Vaseline Healthy White Lightening ch\u00ednh l\u00e0 m\u1ed9t gi\u1ea3i ph\u00e1p to\u00e0n di\u1ec7n v\u00e0 hi\u1ec7u qu\u1ea3 gi\u00fap d\u01b0\u1ee1ng tr\u1eafng s\u00e1ng l\u00e0n da b\u1ea1n h\u1eb1ng ng\u00e0y.<\/p>\n<p>&#8211; S\u1edf h\u1eefu m\u00e0ng ch\u1ed1ng n\u1eafng 3 t\u00e1c \u0111\u1ed9ng, s\u1eefa d\u01b0\u1ee1ng th\u1ec3 VASELINE Healthy White UV lightening ng\u0103n ch\u1eb7n s\u1ea1m \u0111en do \u00e1nh n\u1eafng m\u1eb7t tr\u1eddi, gi\u00fap da to\u00e0n th\u00e2n tr\u1eafng h\u01a1n ch\u1ec9 trong 2 tu\u1ea7n, \u0111\u1ed3ng th\u1eddi, cung c\u1ea5p \u0111\u1ed9 \u1ea9m v\u00e0 nu\u00f4i d\u01b0\u1ee1ng l\u00e0n da, cho da c\u0103ng tr\u00e0n r\u1ea1ng r\u1ee1.<\/p>\n<p>&#8211; S\u1ea3n ph\u1ea9m kh\u00f4ng g\u00e2y nh\u1eddn r\u00edt, k\u00edch \u1ee9ng da v\u00e0 c\u00f3 h\u01b0\u01a1ng th\u01a1m nh\u1eb9 nh\u00e0ng, mang l\u1ea1i c\u1ea3m gi\u00e1c d\u1ec5 ch\u1ecbu cho b\u1ea1n trong qu\u00e1 tr\u00ecnh s\u1eed d\u1ee5ng.<\/p>\n<p><img class=\"aligncenter\" src=\"https:\/\/media3.scdn.vn\/img3\/2019\/1_7\/x4tbam_simg_d0daf0_800x1200_max.jpg\" alt=\"x4tbam_simg_d0daf0_800x1200_max.jpg\" \/><\/p>\n<p>&#8211; H\u00e3y tr\u1ea3i nghi\u1ec7m m\u1ed9t l\u00e0n da \u0111\u1eb9p ho\u00e0n h\u1ea3o v\u1edbi s\u1eefa d\u01b0\u1ee1ng th\u1ec3 VASELINE Healthy White UV lightening<\/p>\n<p>&#8211; H\u1ea5p th\u1ee5 v\u00e0o da m\u1ed9t c\u00e1ch nhanh ch\u00f3ng \u0111\u1ec3 cung c\u1ea5p \u0111\u1ed9 \u1ea9m, l\u00e0m s\u1ea1ch da m\u00e0 kh\u00f4ng b\u1ecb b\u1ebft d\u00ednh.<\/p>\n<p>&#8211; V\u00f2i b\u01a1m gi\u00fap b\u1ea1n ti\u1ebft ki\u1ec7m l\u01b0\u1ee3ng s\u1eefa d\u01b0\u1ee1ng th\u1ec3 m\u1ed7i khi s\u1eed d\u1ee5ng. C\u00f3 th\u1ec3 s\u1eed d\u1ee5ng b\u1ea5t c\u1ee9 th\u1eddi gian n\u00e0o trong n\u0103m, t\u1ed1t nh\u1ea5t l\u00e0 d\u00f9ng trong m\u00f9a h\u00e8 v\u00e0 m\u00f9a \u0111\u00f4ng v\u00ec kh\u00ed h\u1eadu n\u1eafng n\u00f3ng v\u00e0 kh\u00f4 hanh.<\/p>\n<p><strong>H\u01b0\u1edbng d\u1eabn s\u1eed d\u1ee5ng:<\/strong><\/p>\n<p>L\u1ea5y m\u1ed9t l\u01b0\u1ee3ng v\u1eeba \u0111\u1ee7 cho v\u00e0o l\u00f2ng b\u00e0n tay v\u00e0 thoa \u0111\u1ec1u v\u00e0o da theo chi\u1ec1u xo\u1eafn \u1ed1c, sau \u0111\u00f3 v\u1ed7 nh\u1eb9 \u0111\u1ec3 d\u01b0\u1ee1ng ch\u1ea5t mau th\u1ea9m th\u1ea5u v\u00e0o da.<\/p>\n<p>\u0110\u1ec3 \u0111\u1ea1t hi\u1ec7u qu\u1ea3 t\u1ed1i \u01b0u n\u00ean thoa s\u1eefa d\u01b0\u1ee1ng th\u1ec3 \u0111\u1ec1u to\u00e0n th\u00e2n hai l\u1ea7n m\u1ed7i ng\u00e0y (s\u00e1ng\/ t\u1ed1i) v\u00e0 sau khi l\u00e0m s\u1ea1ch da. C\u1ea7n s\u1eed d\u1ee5ng \u00edt nh\u1ea5t 2 tu\u1ea7n \u0111\u1ec3 c\u1ea3m nh\u1eadn s\u1ef1 kh\u00e1c bi\u1ec7t.<\/p>\n","protected":false},"excerpt":{"rendered":"<p>S\u1edf h\u1eefu m\u00e0ng ch\u1ed1ng n\u1eafng 3 t\u00e1c \u0111\u1ed9ng, s\u1eefa d\u01b0\u1ee1ng th\u1ec3 VASELINE Healthy White UV lightening ng\u0103n ch\u1eb7n s\u1ea1m \u0111en do \u00e1nh n\u1eafng m\u1eb7t tr\u1eddi, gi\u00fap da to\u00e0n th\u00e2n tr\u1eafng h\u01a1n ch\u1ec9 trong 2 tu\u1ea7n, \u0111\u1ed3ng th\u1eddi, cung c\u1ea5p \u0111\u1ed9 \u1ea9m v\u00e0 nu\u00f4i d\u01b0\u1ee1ng l\u00e0n da, cho da c\u0103ng tr\u00e0n r\u1ea1ng r\u1ee1.<\/p>\n","protected":false},"featured_media":1156,"comment_status":"open","ping_status":"closed","template":"","meta":[],"brands":[],"_links":{"self":[{"href":"https:\/\/webmaibinh.com\/w\/mypham12011\/wp-json\/wp\/v2\/product\/1155"}],"collection":[{"href":"https:\/\/webmaibinh.com\/w\/mypham12011\/wp-json\/wp\/v2\/product"}],"about":[{"href":"https:\/\/webmaibinh.com\/w\/mypham12011\/wp-json\/wp\/v2\/types\/product"}],"replies":[{"embeddable":true,"href":"https:\/\/webmaibinh.com\/w\/mypham12011\/wp-json\/wp\/v2\/comments?post=1155"}],"wp:featuredmedia":[{"embeddable":true,"href":"https:\/\/webmaibinh.com\/w\/mypham12011\/wp-json\/wp\/v2\/media\/1156"}],"wp:attachment":[{"href":"https:\/\/webmaibinh.com\/w\/mypham12011\/wp-json\/wp\/v2\/media?parent=1155"}],"curies":[{"name":"wp","href":"https:\/\/api.w.org\/{rel}","templated":true}]}}