{"id":1151,"date":"2019-07-24T23:00:44","date_gmt":"2019-07-24T16:00:44","guid":{"rendered":"http:\/\/mypham4.w2steam.com\/?post_type=product&#038;p=1151"},"modified":"2019-08-02T09:39:58","modified_gmt":"2019-08-02T02:39:58","slug":"sua-duong-the-jergen-ultra-healing-usa-621ml","status":"publish","type":"product","link":"https:\/\/webmaibinh.com\/w\/mypham12011\/san-pham\/sua-duong-the-jergen-ultra-healing-usa-621ml\/","title":{"rendered":"S\u1eefa d\u01b0\u1ee1ng th\u1ec3 Jergen Ultra Healing USA 621ml"},"content":{"rendered":"<p><strong>Jergens<\/strong>\u00a0d\u00f2ng\u00a0<strong>Ultra Healing<\/strong>\u00a0si\u00eau d\u01b0\u1ee1ng \u1ea9m d\u00e0nh cho da kh\u00f4 v\u1edbi 3 Vitamin t\u1ed5ng h\u1ee3p C,E v\u00e0 B5, kem th\u1ea5m s\u00e2u qua 5 l\u1edbp t\u1ebf b\u00e0o \u0111\u1ec3 c\u1ea3i thi\u1ec7n l\u00e0n da kh\u00f4 r\u00e1p, s\u1ea7n s\u00f9i, v\u00e0 gi\u1eef \u1ea9m cho da su\u1ed1t 24h, gi\u00fap da m\u1ec1m m\u1ea1i v\u00e0 m\u1ecbn m\u00e0ng. Ch\u1ec9 c\u1ea7n thoa m\u1ed9t l\u1ea7n t\u1eeb s\u00e1ng \u0111\u1ebfn chi\u1ec1u t\u1eafm s\u1ea1ch l\u1ea1i s\u1ebd th\u1ea5y da m\u1ec1m m\u1ecbn, v\u00e0 kh\u00f4ng c\u00f2n kh\u00f4 n\u1eefa.<\/p>\n<p>S\u1eefa d\u01b0\u1ee1ng da gi\u1eef \u1ea9m\u00a0JERGENS ULTRA HEALING c\u00f3 ch\u1ee9a\u00a0<strong>Lipid, Vitamin E, C<\/strong>\u00a0v\u00e0\u00a0<strong>B5<\/strong>\u00a0c\u00f9ng c\u00e1c ch\u1ea5t l\u00e0m m\u1ec1m da nhanh ch\u00f3ng th\u1ea5m s\u00e2u gi\u00fap da h\u1ed3i sinh, l\u00e0m m\u1edbi l\u00e0n da kh\u00f4 r\u00e1p, cung c\u1ea5p \u0111\u1ed9 \u1ea9m cho l\u00e0n da, b\u1ea3o v\u1ec7 da kh\u1ecfi c\u00e1c t\u00e1c \u0111\u1ed9ng c\u1ee7a m\u00f4i tr\u01b0\u1eddng trong su\u1ed1t 24h. R\u1ea5t th\u00edch h\u1ee3p cho c\u00e1c ch\u1ecb em l\u00e0m v\u0103n ph\u00f2ng th\u01b0\u1eddng xuy\u00ean ti\u1ebfp x\u00fac v\u1edbi m\u00e1y l\u1ea1nh, v\u00e0 c\u00e1c ch\u1ecb em c\u00f3 l\u00e0n da kh\u00f4 th\u00ec \u0111\u00e2y l\u00e0 lo\u1ea1i d\u01b0\u1ee1ng da gi\u1eef \u1ea9m tuy\u1ec7t v\u1eddi nh\u1ea5t \u0111\u01b0\u1ee3c nh\u1eadp t\u1eeb M\u1ef9.<\/p>\n<p><strong><em>S\u1eefa D\u01b0\u1ee1ng Th\u1ec3 Jergens<\/em>\u00a0Ultra Healing Repair &amp; Heals Extra Dry Skin<\/strong><\/p>\n<p>D\u01b0\u1ee1ng da t\u1ed1t kh\u00f4ng \u0111\u01a1n thu\u1ea7n l\u00e0 n\u00f3 gi\u00fap b\u1ea1n l\u01b0u h\u01b0\u01a1ng l\u00e2u. S\u1eefa d\u01b0\u1ee1ng th\u1ec3 \u0111\u00fang ngh\u0129a l\u00e0 n\u00f3 ph\u1ea3i \u0111\u00e1p \u1ee9ng nhu c\u1ea7u c\u1ee7a da b\u1ea1n.<\/p>\n<p>B\u1ea1n \u0111ang b\u1ecb tr\u00ecnh tr\u1ea1ng da kh\u00f4, bong tr\u00f3c do ph\u1ea3i th\u01b0\u1eddng xuy\u00ean l\u00e0m vi\u1ec7c trong ph\u00f2ng m\u00e1y l\u1ea1nh, th\u1eddi ti\u1ebft hanh kh\u00f4 hay m\u00f9a \u0111\u00f4ng l\u1ea1nh th\u00ec vi\u1ec7c d\u01b0\u1ee1ng \u1ea9m cho da l\u00e0 b\u01b0\u1edbc kh\u00f4ng th\u1ec3 b\u1ecf qua.<\/p>\n<p><em><strong>S\u1eefa D\u01b0\u1ee1ng Th\u1ec3 Jergens<\/strong><\/em>\u00a0Ultra Healing l\u00e0 m\u1ed9t trong nh\u1eefng si\u00eau ph\u1ea9m d\u01b0\u1ee1ng \u1ea9m th\u00edch h\u1ee3p v\u1edbi nh\u1eefng ai c\u00f3 l\u00e0n da kh\u00f4.<\/p>\n<p>V\u1edbi c\u00f4ng th\u1ee9c si\u00eau d\u01b0\u1ee1ng \u1ea9m, \u0111\u1eb7c bi\u1ec7t c\u00f3 ch\u1ee9a Hydralucence gi\u00fap ph\u1ee5c h\u1ed3i v\u00e0 l\u00e0m tang \u0111\u1ed9 s\u00e1ng cho l\u00e0n da.<\/p>\n<p>Vitamin C, E &amp; B5 \u0111\u01b0\u1ee3c b\u1ed5 sung \u0111\u1ec3 d\u01b0\u1ee1ng \u1ea9m s\u00e2u, nu\u00f4i d\u01b0\u1ee1ng l\u00e0n da m\u1ec1m m\u1ea1i v\u00e0 kh\u1ecfe kho\u1eafn<\/p>\n<p>Ch\u1ea5t kem th\u1ea9m th\u1ea5u th\u00f4ng qua 5 l\u1edbp bi\u1ec3u b\u00ec gi\u00fap ph\u1ee5c h\u1ed3i, c\u1ea3i thi\u1ec7n v\u00e0 lo\u1ea1i b\u1ecf ho\u00e0n to\u00e0n l\u1edbp da kh\u00f4 r\u00e1p, s\u1ea7n s\u00f9i, x\u1ec9n m\u00e0u v\u00e0 kh\u1ea3 n\u0103ng gi\u1eef \u1ea9m \u0111\u1ebfn 24 ti\u1ebfng, da s\u1ebd tr\u1edf n\u00ean m\u1ecbn m\u00e0ng, s\u00e1ng kh\u1ecfe, r\u1ea1ng r\u1ee1.<\/p>\n<p>S\u1eed d\u1ee5ng s\u1ea3n ph\u1ea9m \u0111\u1ec1u \u0111\u1eb7n m\u1ed7i ng\u00e0y b\u1ea1n s\u1ebd c\u1ea3m nh\u1eadn s\u1ef1 kh\u00e1c bi\u1ec7t v\u00e0 thay \u0111\u1ed5i t\u1eebng ng\u00e0y c\u1ee7a l\u00e0n da m\u00e0 d\u01b0\u1ee1ng th\u1ec3 Jergens Ultra Healing \u0111em l\u1ea1<\/p>\n<p><em><strong>H\u01b0\u1edbng d\u1eabn s\u1eed d\u1ee5ng:<\/strong><\/em><\/p>\n<ul>\n<li>L\u00e0m s\u1ea1ch v\u00e0 lau kh\u00f4 c\u01a1 th\u1ec3, l\u1ea5y m\u1ed9t l\u01b0\u1ee3ng s\u1eefa d\u01b0\u1ee1ng th\u1ec3 cho v\u00e0o l\u00f2ng b\u00e0n tay r\u1ed3i thoa kh\u1eafp c\u01a1 th\u1ec3. K\u1ebft h\u1ee3p v\u1edbi massage nh\u1eb9 nh\u00e0ng \u0111\u1ec3 th\u01b0 gi\u00e3n l\u00e0n da v\u00e0 gi\u00fap c\u00e1c ho\u1ea1t ch\u1ea5t d\u1ec5 d\u00e0ng th\u1ea5m s\u00e2u v\u00e0o b\u00ean trong.<\/li>\n<li>N\u00ean s\u1eed d\u1ee5ng v\u00e0o bu\u1ed5i t\u1ed1i h\u00e0ng ng\u00e0y \u0111\u1ec3 hi\u1ec7u qu\u1ea3 nhanh ch\u00f3ng.<\/li>\n<\/ul>\n","protected":false},"excerpt":{"rendered":"<p><strong>Jergens<\/strong>\u00a0d\u00f2ng\u00a0<strong>Ultra Healing<\/strong>\u00a0si\u00eau d\u01b0\u1ee1ng \u1ea9m d\u00e0nh cho da kh\u00f4 v\u1edbi 3 Vitamin t\u1ed5ng h\u1ee3p C,E v\u00e0 B5, kem th\u1ea5m s\u00e2u qua 5 l\u1edbp t\u1ebf b\u00e0o \u0111\u1ec3 c\u1ea3i thi\u1ec7n l\u00e0n da kh\u00f4 r\u00e1p, s\u1ea7n s\u00f9i, v\u00e0 gi\u1eef \u1ea9m cho da su\u1ed1t 24h, gi\u00fap da m\u1ec1m m\u1ea1i v\u00e0 m\u1ecbn m\u00e0ng. Ch\u1ec9 c\u1ea7n thoa m\u1ed9t l\u1ea7n t\u1eeb s\u00e1ng \u0111\u1ebfn chi\u1ec1u t\u1eafm s\u1ea1ch l\u1ea1i s\u1ebd th\u1ea5y da m\u1ec1m m\u1ecbn, v\u00e0 kh\u00f4ng c\u00f2n kh\u00f4 n\u1eefa.<\/p>\n","protected":false},"featured_media":1152,"comment_status":"open","ping_status":"closed","template":"","meta":[],"brands":[],"_links":{"self":[{"href":"https:\/\/webmaibinh.com\/w\/mypham12011\/wp-json\/wp\/v2\/product\/1151"}],"collection":[{"href":"https:\/\/webmaibinh.com\/w\/mypham12011\/wp-json\/wp\/v2\/product"}],"about":[{"href":"https:\/\/webmaibinh.com\/w\/mypham12011\/wp-json\/wp\/v2\/types\/product"}],"replies":[{"embeddable":true,"href":"https:\/\/webmaibinh.com\/w\/mypham12011\/wp-json\/wp\/v2\/comments?post=1151"}],"wp:featuredmedia":[{"embeddable":true,"href":"https:\/\/webmaibinh.com\/w\/mypham12011\/wp-json\/wp\/v2\/media\/1152"}],"wp:attachment":[{"href":"https:\/\/webmaibinh.com\/w\/mypham12011\/wp-json\/wp\/v2\/media?parent=1151"}],"curies":[{"name":"wp","href":"https:\/\/api.w.org\/{rel}","templated":true}]}}