{"id":1148,"date":"2019-07-24T22:56:23","date_gmt":"2019-07-24T15:56:23","guid":{"rendered":"http:\/\/mypham4.w2steam.com\/?post_type=product&#038;p=1148"},"modified":"2019-07-26T16:47:48","modified_gmt":"2019-07-26T09:47:48","slug":"sua-duong-da-mo-ngua-loshi","status":"publish","type":"product","link":"https:\/\/webmaibinh.com\/w\/mypham12011\/san-pham\/sua-duong-da-mo-ngua-loshi\/","title":{"rendered":"S\u1eefa D\u01b0\u1ee1ng Da M\u1ee1 Ng\u1ef1a Loshi Moist Aid Horse Fat Natural Milk Lotion"},"content":{"rendered":"<p>B\u1eb1ng vi\u1ec7c d\u01b0\u1ee1ng \u1ea9m, k\u1ebft h\u1ee3p b\u1ea3o v\u1ec7 da, s\u1eefa d\u01b0\u1ee1ng da gi\u00fap l\u00e0n da c\u1ee7a b\u1ea1n s\u00e1ng tr\u1eafng, m\u1ecbn m\u00e0ng, \u0111\u1eb7c bi\u1ec7t l\u00e0 v\u00f9ng vai, l\u01b0ng hay ch\u00e2n, t\u1eeb \u0111\u00f3 gi\u00fap b\u1ea1n c\u1ea3m th\u1ea5y t\u1ef1 tin trong su\u1ed1t m\u00f9a h\u00e8. Loshi s\u1ebd b\u1eadt m\u00ed v\u1edbi c\u00e1c n\u00e0ng 4 ti\u00eau ch\u00ed \u0111\u1ec3 ch\u1ecdn s\u1eefa d\u01b0\u1ee1ng ph\u00f9 h\u1ee3p v\u1edbi m\u00ecnh nh\u00e9\u00a0<span class=\"_5mfr\"><span class=\"_6qdm\">????<\/span><\/span><\/p>\n<p><span class=\"_5mfr\"><span class=\"_6qdm\">\u2714<\/span><\/span>\u00a0Ch\u1ecdn s\u1eefa d\u01b0\u1ee1ng c\u00f3 th\u00e0nh ph\u1ea7n t\u1ef1 nhi\u00ean, l\u00e0nh t\u00ednh, an to\u00e0n.<br \/>\n<span class=\"_5mfr\"><span class=\"_6qdm\">\u2714<\/span><\/span>\u00a0S\u1eefa d\u01b0\u1ee1ng t\u0103ng s\u1ee9c \u0111\u1ec1 kh\u00e1ng cho da, gi\u00fap b\u1ea3o v\u1ec7 da. N\u1ebfu l\u1ef1a ch\u1ecdn lo\u1ea1i ch\u0103m s\u00f3c cho c\u1ea3 da m\u1eb7t, b\u1ea1n ho\u00e0n to\u00e0n c<span class=\"text_exposed_show\">\u00f3 th\u1ec3 ch\u0103m s\u00f3c da to\u00e0n th\u00e2n sau khi ch\u01a1i th\u1ec3 thao hay c\u00e1c ho\u1ea1t \u0111\u1ed9ng ngo\u00e0i tr\u1eddi.<br \/>\n<span class=\"_5mfr\"><span class=\"_6qdm\">\u2714<\/span><\/span>\u00a0S\u1eefa d\u01b0\u1ee1ng c\u00f3 kh\u1ea3 n\u0103ng d\u01b0\u1ee1ng \u1ea9m cao: thi\u1ebfu \u0111\u1ed9 \u1ea9m c\u1ee7a da c\u0169ng l\u00e0 m\u1ed9t y\u1ebfu t\u1ed1 ch\u00ednh g\u00e2y ra s\u1ef1 l\u1eafng \u0111\u1ecdng c\u00e1c s\u1eafc t\u1ed1 melanin, \u0111\u1ea9y nhanh qu\u00e1 tr\u00ecnh l\u00e3o h\u00f3a da. \u0110\u1eb7c bi\u1ec7t, v\u1edbi nh\u1eefng ng\u01b0\u1eddi c\u00f3 l\u00e0n da kh\u00f4, kh\u1ea3 n\u0103ng gi\u1eef \u1ea9m l\u1ea1i c\u00e0ng quan tr\u1ecdng.<br \/>\n<span class=\"_5mfr\"><span class=\"_6qdm\">\u2714<\/span><\/span>\u00a0L\u1ef1a ch\u1ecdn k\u1ebft c\u1ea5u b\u1ea1n y\u00eau th\u00edch, d\u1ec5 th\u1ea9m th\u1ea5u, kh\u00f4ng g\u00e2y nh\u1eddn r\u00edt, th\u00edch h\u1ee3p cho m\u00f9a nh\u01b0 th\u1ebf n\u00e0y.<\/span><\/p>\n<div class=\"text_exposed_show\">\n<p><span class=\"_5mfr\"><span class=\"_6qdm\">????<\/span><\/span>\u00a0T\u01b0\u1edbi \u1ea9m ngay cho l\u00e0n da \u0111\u1ec3 s\u1edf h\u1eefu m\u1ed9t l\u00e0n da t\u01b0\u01a1i tr\u1ebb, m\u1ecbn m\u00e0ng trong m\u1ed9t m\u00f9a h\u00e8 kh\u00f3 t\u00e1nh nh\u01b0 th\u1ebf n\u00e0y nh\u00e9<\/p>\n<\/div>\n","protected":false},"excerpt":{"rendered":"<ul>\n<li><span style=\"font-size: 10pt;\">Chi\u1ebft xu\u1ea5t m\u1ee1 ng\u1ef1a t\u1ef1 nhi\u00ean gi\u00fap t\u0103ng c\u01b0\u1eddng \u0111\u1ed9 \u1ea9m cho da\u00a0v\u00e0 c\u1ee7ng c\u1ed1 h\u00e0ng r\u00e0o b\u1ea3o v\u1ec7 da ch\u1ed1ng l\u1ea1i \u00f4 nhi\u1ec5m c\u1ee7a m\u00f4i tr\u01b0\u1eddng.<\/span><\/li>\n<li><span style=\"font-size: 10pt;\">C\u1ea3i thi\u1ec7n \u0111\u1ed9 \u0111\u00e0n h\u1ed3i, kh\u00f4i ph\u1ee5c l\u1ea1i k\u1ebft c\u1ea5u v\u1ed1n c\u00f3 c\u1ee7a l\u00e0n da, mang \u0111\u1ebfn l\u00e0n da m\u1ec1m m\u1ecbn t\u1ef1 nhi\u00ean.<\/span><\/li>\n<li><span style=\"font-size: 10pt;\">K\u1ebft c\u1ea5u d\u1ea1ng s\u1eefa, th\u1ea9m th\u1ea5u nhanh, kh\u00f4ng g\u00e2y nh\u1eddn r\u00edt.<\/span><\/li>\n<li><span style=\"font-size: 10pt;\">S\u1eed d\u1ee5ng \u0111\u01b0\u1ee3c cho m\u1ecdi lo\u1ea1i da.<\/span><\/li>\n<li><span style=\"font-size: 10pt;\">C\u00f3 th\u1ec3 s\u1eed d\u1ee5ng cho m\u1eb7t v\u00e0 to\u00e0n th\u00e2n.<\/span><\/li>\n<\/ul>\n","protected":false},"featured_media":1149,"comment_status":"open","ping_status":"closed","template":"","meta":[],"brands":[{"id":119,"name":"LOSHI","slug":"loshi"}],"_links":{"self":[{"href":"https:\/\/webmaibinh.com\/w\/mypham12011\/wp-json\/wp\/v2\/product\/1148"}],"collection":[{"href":"https:\/\/webmaibinh.com\/w\/mypham12011\/wp-json\/wp\/v2\/product"}],"about":[{"href":"https:\/\/webmaibinh.com\/w\/mypham12011\/wp-json\/wp\/v2\/types\/product"}],"replies":[{"embeddable":true,"href":"https:\/\/webmaibinh.com\/w\/mypham12011\/wp-json\/wp\/v2\/comments?post=1148"}],"wp:featuredmedia":[{"embeddable":true,"href":"https:\/\/webmaibinh.com\/w\/mypham12011\/wp-json\/wp\/v2\/media\/1149"}],"wp:attachment":[{"href":"https:\/\/webmaibinh.com\/w\/mypham12011\/wp-json\/wp\/v2\/media?parent=1148"}],"curies":[{"name":"wp","href":"https:\/\/api.w.org\/{rel}","templated":true}]}}