{"id":1146,"date":"2019-07-24T22:52:45","date_gmt":"2019-07-24T15:52:45","guid":{"rendered":"http:\/\/mypham4.w2steam.com\/?post_type=product&#038;p=1146"},"modified":"2019-07-24T22:52:45","modified_gmt":"2019-07-24T15:52:45","slug":"kem-duong-am-aveeno-active-naturals-daily-moisturizing-lotion-18oz-532ml","status":"publish","type":"product","link":"https:\/\/webmaibinh.com\/w\/mypham12011\/san-pham\/kem-duong-am-aveeno-active-naturals-daily-moisturizing-lotion-18oz-532ml\/","title":{"rendered":"Kem d\u01b0\u1ee1ng \u1ea9m Aveeno Active Naturals Daily Moisturizing Lotion 18oz (532ml)"},"content":{"rendered":"<p>Kem d\u01b0\u1ee1ng \u1ea9m Aveeno Active Naturals Daily Moisturizing Lotion\u00a0&#8211;\u00a0S\u1ea3n ph\u1ea9m d\u01b0\u1ee1ng da \u0111\u01b0\u1ee3c tin c\u1eady. \u00a0Kem d\u01b0\u1ee1ng \u1ea9m Aveeno Active Naturals Daily Moisturizing Lotion\u00a0gi\u00fap da b\u1ea1n tr\u00e1nh b\u1ecb kh\u00f4, mang \u0111\u1ebfn cho b\u1ea1n m\u1ed9t l\u00e0n da m\u1ecbn m\u00e0ng, kh\u1ecfe m\u1ea1nh!<\/p>\n<h3>M\u00f4 t\u1ea3 s\u1ea3n ph\u1ea9m<\/h3>\n<p>Kem d\u01b0\u1ee1ng \u1ea9m Aveeno Active Naturals Daily Moisturizing Lotion\u00a0\u0111\u00e3 \u0111\u01b0\u1ee3c ki\u1ec3m nghi\u1ec7m l\u00e2m s\u00e0ng cho k\u1ebft qu\u1ea3 kh\u1ea3 quan trong vi\u1ec7c c\u1ea3i thi\u1ec7n s\u1ee9c kh\u1ecfe l\u00e0n da c\u1ee7a b\u1ea1n ch\u1ec9 trong v\u00f2ng 1 ng\u00e0y sau khi d\u00f9ng. Sau khi s\u1eed d\u1ee5ng 1 tu\u1ea7n, b\u1ea1n s\u1ebd th\u1ea5y k\u1ebft qu\u1ea3 r\u1ea5t r\u1ecf r\u1ec7t.<\/p>\n<p>Kem d\u01b0\u1ee1ng \u1ea9m Aveeno Active Naturals Daily Moisturizing Lotion\u00a0\u0111\u01b0\u1ee3c s\u1ea3n xu\u1ea5t d\u1ef1a tr\u00ean s\u1ef1 k\u1ebft h\u1ee3p c\u1ee7a c\u00f4ng ngh\u1ec7\u00a0Active Naturals Colloidal Oatmeal v\u00e0 c\u00e1c chi\u1ebft xu\u1ea5t t\u1ef1 nhi\u00ean l\u00e0m m\u1ec1m da, gi\u00fap t\u1ea1o \u0111\u1ed9 \u1ea9m v\u00e0 b\u1ea3o v\u1ec7 l\u00e0n da kh\u00f4 c\u1ee7a b\u1ea1n trong v\u00f2ng 24 ti\u1ebfng.\u00a0Kem d\u01b0\u1ee1ng \u1ea9m Aveeno Daily Moisturizing Lotion gi\u00fap b\u1ea1n c\u00f3 m\u1ed9t l\u00e0n da\u00a0m\u1ec1m m\u1ea1i, m\u1ecbn m\u00e0ng v\u00e0 kh\u1ecfe m\u1ea1nh t\u1ef1 nhi\u00ean.<\/p>\n<p>S\u1ea3n ph\u1ea9m kh\u00f4ng m\u00f9i, kh\u00f4ng nh\u1eddn v\u00e0 kh\u00f4ng g\u00e2y m\u1ee5n.<\/p>\n<h4>S\u1ea3n ph\u1ea9m \u0111\u01b0\u1ee3c ch\u1ebf t\u1ea1o t\u1eeb c\u00e1c chi\u1ebft xu\u1ea5t t\u1ef1 nhi\u00ean<\/h4>\n<p><img loading=\"lazy\" class=\"__mce_add_custom__ aligncenter\" title=\"Th\u00e0nh ph\u1ea9n chi\u1ebft xu\u1ea5t l\u00faa m\u1ea1ch trong kem ch\u1ed1ng n\u1eafng Aveeno\" src=\"http:\/\/cdn2.bigcommerce.com\/server2300\/fbd61\/product_images\/uploaded_images\/oatmeal.png?t=1473757788\" alt=\"Th\u00e0nh ph\u1ea9n chi\u1ebft xu\u1ea5t l\u00faa m\u1ea1ch trong kem ch\u1ed1ng n\u1eafng Aveeno\" width=\"284\" height=\"186\" \/><\/p>\n<p>C\u00e1c s\u1ea3n ph\u1ea9m Aveeno r\u1ea5t \u0111\u00e1ng tin c\u1eady do vi\u1ec7c s\u1eed d\u1ee5ng c\u00e1c chi\u1ebft xu\u1ea5t t\u1ef1 nhi\u00ean trong vi\u1ec7c ch\u1ebf t\u1ea1o s\u1ea3n ph\u1ea9m. Ch\u00ednh v\u00ec v\u1eady, c\u00e1c s\u1ea3n ph\u1ea9m Aveeno c\u00f3 t\u00ednh an to\u00e0n cao, \u0111\u01b0\u1ee3c c\u00e1c chuy\u00ean gia da li\u1ec3u tin c\u1eady v\u00e0 khuy\u00ean d\u00f9ng trong vi\u1ec7c ch\u0103m s\u00f3c cho m\u1ecdi lo\u1ea1i da.<\/p>\n<h4>Th\u00e0nh ph\u1ea7n trong s\u1ea3n ph\u1ea9m<\/h4>\n<p><strong>Active Ingredients:\u00a0<\/strong>Dimethicone (1.25%) (Skin Protectant)<\/p>\n<p><strong>Inactive Ingredients:\u00a0<\/strong>Avena Sativa (Oat) Kernel Flour (Oat), Benzyl Alcohol, Cetearyl Alcohol, Distearyldimonium Chloride, Glycerin, Isopropyl Palmitate, Petrolatum, Sodium Chloride, Water<\/p>\n<p>Ngo\u00e0i kem d\u01b0\u1ee1ng \u1ea9m Aveeno Active Naturals Daily Moisturizing Lotion 18oz (0.5l) &#8211; lo\u1ea1i l\u1edbn, shop c\u00f2n b\u00e1n lo\u1ea1i\u00a0Kem d\u01b0\u1ee1ng \u1ea9m Aveeno Daily Moisturizing Lotion 2.5oz (71g)\u00a0lo\u1ea1i nh\u1ecf g\u1ecdn, d\u1ec5 d\u00e0ng mang theo d\u00f9ng, cho b\u1ea1n c\u00f3 nhi\u1ec1u ch\u1ecdn l\u1ef1a theo nhu c\u1ea7u c\u1ee7a m\u00ecnh<\/p>\n<p><img loading=\"lazy\" class=\"__mce_add_custom__\" title=\"C\u00e1c s\u1ea3n ph\u1ea9m kem d\u01b0\u1ee1ng \u1ea9m Aveeno\" src=\"https:\/\/cdn2.bigcommerce.com\/server2300\/fbd61\/product_images\/uploaded_images\/cac-san-pham-kem-duong-am-aveeno.png?t=1473851072\" alt=\"C\u00e1c s\u1ea3n ph\u1ea9m kem d\u01b0\u1ee1ng \u1ea9m Aveeno\" width=\"550\" height=\"334\" \/><\/p>\n<h3>H\u01b0\u1edbng d\u1eabn s\u1eed d\u1ee5ng<\/h3>\n<p>Thoa nh\u1eb9 nh\u00e0ng Kem d\u01b0\u1ee1ng \u1ea9m Aveeno Active Naturals Daily Moisturizing Lotion tr\u00ean v\u00f9ng da kh\u00f4 khi c\u1ea7n.<\/p>\n<p>S\u1ea3n ph\u1ea9m ch\u1ec9 d\u00f9ng b\u00ean ngo\u00e0i, tr\u00e1nh ray v\u00e0o m\u1eaft.<\/p>\n","protected":false},"excerpt":{"rendered":"<p>Kem d\u01b0\u1ee1ng \u1ea9m Aveeno Active Naturals Daily Moisturizing Lotion\u00a0\u0111\u00e3 \u0111\u01b0\u1ee3c ki\u1ec3m nghi\u1ec7m l\u00e2m s\u00e0ng cho k\u1ebft qu\u1ea3 kh\u1ea3 quan trong vi\u1ec7c c\u1ea3i thi\u1ec7n s\u1ee9c kh\u1ecfe l\u00e0n da c\u1ee7a b\u1ea1n ch\u1ec9 trong v\u00f2ng 1 ng\u00e0y sau khi d\u00f9ng. Sau khi s\u1eed d\u1ee5ng 1 tu\u1ea7n, b\u1ea1n s\u1ebd th\u1ea5y k\u1ebft qu\u1ea3 r\u1ea5t r\u00f5 r\u1ec7t.<\/p>\n","protected":false},"featured_media":1147,"comment_status":"open","ping_status":"closed","template":"","meta":[],"brands":[],"_links":{"self":[{"href":"https:\/\/webmaibinh.com\/w\/mypham12011\/wp-json\/wp\/v2\/product\/1146"}],"collection":[{"href":"https:\/\/webmaibinh.com\/w\/mypham12011\/wp-json\/wp\/v2\/product"}],"about":[{"href":"https:\/\/webmaibinh.com\/w\/mypham12011\/wp-json\/wp\/v2\/types\/product"}],"replies":[{"embeddable":true,"href":"https:\/\/webmaibinh.com\/w\/mypham12011\/wp-json\/wp\/v2\/comments?post=1146"}],"wp:featuredmedia":[{"embeddable":true,"href":"https:\/\/webmaibinh.com\/w\/mypham12011\/wp-json\/wp\/v2\/media\/1147"}],"wp:attachment":[{"href":"https:\/\/webmaibinh.com\/w\/mypham12011\/wp-json\/wp\/v2\/media?parent=1146"}],"curies":[{"name":"wp","href":"https:\/\/api.w.org\/{rel}","templated":true}]}}