{"id":1144,"date":"2019-07-24T22:50:56","date_gmt":"2019-07-24T15:50:56","guid":{"rendered":"http:\/\/mypham4.w2steam.com\/?post_type=product&#038;p=1144"},"modified":"2019-08-02T09:40:03","modified_gmt":"2019-08-02T02:40:03","slug":"duong-the-trang-da-peiland-whitening-body-lotion-extra-moisturizing","status":"publish","type":"product","link":"https:\/\/webmaibinh.com\/w\/mypham12011\/san-pham\/duong-the-trang-da-peiland-whitening-body-lotion-extra-moisturizing\/","title":{"rendered":"D\u01b0\u1ee1ng th\u1ec3 tr\u1eafng da Peiland Whitening Body lotion Extra Moisturizing"},"content":{"rendered":"<h3>\u0110\u1eb6C \u0110I\u1ec2M N\u1ed4I B\u1eacT\u00a0S\u1eeeA D\u01af\u1ee0NG TH\u1ec2 PEILAND<\/h3>\n<p><img class=\"emoji\" draggable=\"false\" src=\"https:\/\/s.w.org\/images\/core\/emoji\/12.0.0-1\/svg\/2611.svg\" alt=\"\u2611\" \/>\u00a0100% nguy\u00ean li\u1ec7u \u0111\u1ebfn t\u1eeb NH\u1eacT B\u1ea2N an to\u00e0n cho da body cream, body cream<\/p>\n<p><img class=\"emoji\" draggable=\"false\" src=\"https:\/\/s.w.org\/images\/core\/emoji\/12.0.0-1\/svg\/2611.svg\" alt=\"\u2611\" \/>\u00a0\u0110\u01b0\u1ee3c \u0111\u00f3ng g\u00f3i trong d\u00e2y chuy\u1ec1n kh\u00e9p k\u00edn t\u1ea1i TH\u00c1I LAN body cream body cream<\/p>\n<p><img class=\"emoji\" draggable=\"false\" src=\"https:\/\/s.w.org\/images\/core\/emoji\/12.0.0-1\/svg\/2611.svg\" alt=\"\u2611\" \/>\u00a0M\u1ef9 ph\u1ea9m peiland \u0111\u01b0\u1ee3c nghi\u00ean c\u1ee9u b\u1edfi c\u00e1c chuy\u00ean gia NH\u1eacT B\u1ea2N bopdy cream body cream<\/p>\n<p><img class=\"emoji\" draggable=\"false\" src=\"https:\/\/s.w.org\/images\/core\/emoji\/12.0.0-1\/svg\/2611.svg\" alt=\"\u2611\" \/>\u00a0Kh\u00f4ng g\u00e2y k\u00edch \u1ee9ng v\u00e0 d\u1ecb \u1ee9ng , nguy\u00ean li\u1ec7u th\u1ea3o d\u01b0\u1ee3c th\u00e2n thi\u1ec7n v\u1edbi l\u00e0n da<\/p>\n<p><img class=\"emoji\" draggable=\"false\" src=\"https:\/\/s.w.org\/images\/core\/emoji\/12.0.0-1\/svg\/2611.svg\" alt=\"\u2611\" \/>\u00a0Ph\u00f9 h\u1ee3p cho m\u1ecdi lo\u1ea1i da c\u1ea3 Nam v\u00e0 N\u1eef<\/p>\n<h3>CHI TI\u1ebeT S\u1ea2N PH\u1ea8M\u00a0S\u1eeeA D\u01af\u1ee0NG TH\u1ec2 PEILAND<\/h3>\n<p><img class=\"emoji\" draggable=\"false\" src=\"https:\/\/s.w.org\/images\/core\/emoji\/12.0.0-1\/svg\/2611.svg\" alt=\"\u2611\" \/>\u00a0Nguy\u00ean li\u1ec7u ch\u00ednh t\u1eeb Nh\u1eadt B\u1ea3n \u0111\u1eb7c bi\u1ec7t ch\u1ee9a c\u00e1c th\u00e0nh ph\u1ea7n t\u1ed5ng h\u1ee3p d\u01b0\u1ee1ng ch\u1ea5t \u201cProtein\u201d, d\u1ea7u tinh ch\u1ea5t, \u201cVitamin E, Vitamin B\u201d, ph\u1ed1i h\u1ee3p v\u1edbi h\u01b0\u01a1ng tr\u00e1i c\u00e2y v\u00e0 nh\u1ee5y ph\u1ea5n hoa C\u00fac La M\u00e3 (Chamomile) thi\u00ean nhi\u00ean. Nh\u00f3m th\u00e0nh ph\u1ea7n dinh d\u01b0\u1ee1ng ch\u1ea5t n\u00e0y l\u00e0 c\u00f3 l\u01b0\u1ee3ng b\u1ed5 d\u01b0\u1ee1ng v\u00e0 h\u1ea5p th\u1ee5 cao gi\u00fap t\u00e1i t\u1ea1o l\u00e0n da th\u00e2n th\u1ec3 v\u00e0 l\u00e0m tr\u1eafng h\u1ed3ng t\u1ef1 nhi\u00ean<\/p>\n<p><img class=\"emoji\" draggable=\"false\" src=\"https:\/\/s.w.org\/images\/core\/emoji\/12.0.0-1\/svg\/2611.svg\" alt=\"\u2611\" \/>\u00a0T\u1ed5ng h\u1ee3p d\u01b0\u1ee1ng ch\u1ea5t Vitamin gi\u00fap cho l\u00e0n da m\u1ec1m m\u1ea1i, c\u00e2n b\u1eb1ng \u0111\u1ed9 \u1ea9m t\u1ed1t \u1edf tr\u1ea1ng th\u00e1i th\u1eadt d\u1ec5 ch\u1ecbu khi ti\u1ebfp x\u00fac v\u1edbi nhi\u1ec7t \u0111\u1ed9 thay \u0111\u1ed5i \u0111\u1ed9t ng\u1ed9t. M\u00e0ng ch\u1ed1ng n\u1eafng \u201cUV Protection\u201d v\u1edbi vai tr\u00f2 2 l\u1ea7n b\u1ea3o v\u1ec7, gi\u00fap ng\u0103n ch\u1eb7n s\u1ef1 x\u00e2m nh\u1eadp c\u1ee7a tia t\u1eed ngo\u1ea1i v\u00e0 kh\u00ed h\u1eadu n\u00f3ng g\u1eaft c\u00f3 th\u1ec3 l\u00e0m \u0111\u1ecf r\u00e1t da hay th\u1eddi ti\u1ebft l\u1ea1nh g\u00e2y kh\u00f4 nh\u0103n da<\/p>\n<p><img class=\"emoji\" draggable=\"false\" src=\"https:\/\/s.w.org\/images\/core\/emoji\/12.0.0-1\/svg\/2611.svg\" alt=\"\u2611\" \/>\u00a0Ngo\u00e0i ch\u1ee9c n\u0103ng 2 l\u1ea7n b\u1ea3o v\u1ec7, S\u1eefa D\u01b0\u1ee1ng Tr\u1eafng Da Peiland c\u00f2n gi\u00fap c\u1ea3i thi\u1ec7n, ch\u1ed1ng nh\u0103n v\u00e0 l\u00e0m ch\u1eadm ti\u1ebfn tr\u00ecnh l\u00e3o h\u00f3a do tu\u1ed5i t\u00e1c. H\u01b0\u01a1ng th\u01a1m \u0111\u1eb7c tr\u01b0ng th\u1eadt quy\u1ebfn r\u0169 v\u1edbi l\u00e0n da non tr\u1ebb tr\u1eafng h\u1ed3ng, t\u01b0\u01a1i m\u1ecbn t\u1ef1 nhi\u00ean, v\u00e0 \u0111\u1ea7y t\u1ef1 tin<\/p>\n<h3>C\u00d4NG D\u1ee4NG\u00a0S\u1eeeA D\u01af\u1ee0NG TH\u1ec2 PEILAND<\/h3>\n<p><img class=\"emoji\" draggable=\"false\" src=\"https:\/\/s.w.org\/images\/core\/emoji\/12.0.0-1\/svg\/2611.svg\" alt=\"\u2611\" \/>\u00a0PH\u1ee4C H\u1ed2I DA KH\u00d4 : Thoa s\u1eefa d\u01b0\u1ee1ng th\u1ec3 (body lotion) ngay sau khi t\u1eafm s\u1ebd \u0111em l\u1ea1i cho b\u1ea1n l\u00e0n da m\u1ec1m m\u1ecbn nh\u1ea5t l\u00e0 \u1edf c\u00e1c v\u00f9ng da c\u00f3 \u0111\u1ed9 chai cao nh\u01b0 g\u00f3t ch\u00e2n, \u0111\u1ea7u g\u1ed1i, khu\u1ef7u tay. B\u00ean c\u1ea1nh \u0111\u00f3 S\u1eefa d\u01b0\u1ee1ng th\u1ec3 (body lotion) c\u00f2n c\u00f3 c\u00f4ng d\u1ee5ng gi\u1eef \u0111\u1ed9 \u1ea9m l\u00e2u h\u01a1n, t\u0103ng t\u00ednh \u0111\u00e0n h\u1ed3i ngay cho da v\u00e0 gi\u00fap vi\u1ec7c t\u1ea9y t\u1ebf b\u00e0o ch\u1ebft c\u01a1 th\u1ec3 d\u1ec5 d\u00e0ng h\u01a1n so v\u1edbi vi\u1ec7c kh\u00f4ng s\u1eed d\u1ee5ng s\u1eefa d\u01b0\u1ee1ng th\u1ec3 (body lotion). S\u1eefa d\u01b0\u1ee1ng th\u1ec3, body lotion, sua duong the, body cream<\/p>\n<p><img class=\"emoji\" draggable=\"false\" src=\"https:\/\/s.w.org\/images\/core\/emoji\/12.0.0-1\/svg\/2611.svg\" alt=\"\u2611\" \/>\u00a0B\u1ea2O V\u1ec6 DA : M\u1ed9t s\u1ed1 s\u1ea3n ph\u1ea9m s\u1eefa d\u01b0\u1ee1ng th\u1ec3 (body lotion) t\u00edch h\u1ee3p th\u00eam kh\u1ea3 n\u0103ng ch\u1ed1ng n\u1eafng, ch\u1ed1ng tia c\u1ef1c t\u00edm v\u00e0 ng\u0103n ng\u1eeba c\u00e1c \u201ck\u00edch \u1ee9ng\u201d t\u1eeb m\u00f4i tr\u01b0\u1eddng \u0111\u1ed1i v\u1edbi da nh\u1ea1y c\u1ea3m. M\u1ed9t s\u1ed1 lo\u1ea1i s\u1eefa d\u01b0\u1ee1ng th\u1ec3 (body lotion) c\u00f2n ki\u00eam lu\u00f4n t\u00e1c d\u1ee5ng \u201ctrang \u0111i\u1ec3m\u201d cho l\u00e0n da, gi\u00fap l\u00e0n da \u0111\u1ec1u m\u00e0u v\u00e0 tr\u1eafng s\u00e1ng h\u01a1n sau khi s\u1eed d\u1ee5ng. s\u1eefa d\u01b0\u1ee1ng th\u1ec3 (body lotion), body cream<\/p>\n<p><img class=\"emoji\" draggable=\"false\" src=\"https:\/\/s.w.org\/images\/core\/emoji\/12.0.0-1\/svg\/2611.svg\" alt=\"\u2611\" \/>\u00a0CH\u1ed0NG L\u00c3O H\u00d3A : S\u1eefa d\u01b0\u1ee1ng th\u1ec3 (body lotion) c\u00f3 t\u00e1c d\u1ee5ng l\u00e0m da s\u0103n ch\u1eafc h\u01a1n, x\u00f3a \u0111i c\u00e1c n\u1ebfp nh\u0103n gi\u1eef tu\u1ed5i thanh xu\u00e2n d\u00e0i l\u00e2u h\u01a1n.Khi ph\u1ee5 n\u1eef c\u00e0ng l\u1edbn tu\u1ed5i, l\u00e0n da c\u00e0ng tr\u1edf n\u00ean kh\u00f4 h\u01a1n, vi\u1ec7c d\u00f9ng s\u1eefa d\u01b0\u1ee1ng th\u1ec3 (body lotion) tr\u1edf th\u00e0nh m\u1ed9t gi\u1ea3i ph\u00e1p ch\u1ed1ng l\u00e3o h\u00f3a, gi\u1eef l\u1ea1i l\u00e0n da kh\u1ecfe m\u1ea1nh, m\u1ec1m m\u1ea1i v\u00e0 h\u1ea5p d\u1eabn<\/p>\n<h3>TH\u00c0NH PH\u1ea6N\u00a0S\u1eeeA D\u01af\u1ee0NG TH\u1ec2 PEILAND<\/h3>\n<p><img class=\"emoji\" draggable=\"false\" src=\"https:\/\/s.w.org\/images\/core\/emoji\/12.0.0-1\/svg\/2611.svg\" alt=\"\u2611\" \/>\u00a0Ch\u1ee9a c\u00e1c th\u00e0nh ph\u1ea7n t\u1ed5ng h\u1ee3p d\u01b0\u1ee1ng ch\u1ea5t \u201cProtein\u201d, d\u1ea7u tinh ch\u1ea5t, \u201cVitamin E, Vitamin B<\/p>\n<p><img class=\"emoji\" draggable=\"false\" src=\"https:\/\/s.w.org\/images\/core\/emoji\/12.0.0-1\/svg\/2611.svg\" alt=\"\u2611\" \/>\u00a0H\u01b0\u01a1ng tr\u00e1i c\u00e2y v\u00e0 nh\u1ee5y ph\u1ea5n hoa C\u00fac La M\u00e3 (Chamomile) thi\u00ean nhi\u00ean<\/p>\n<p><img class=\"emoji\" draggable=\"false\" src=\"https:\/\/s.w.org\/images\/core\/emoji\/12.0.0-1\/svg\/2611.svg\" alt=\"\u2611\" \/>\u00a0M\u00e0ng ch\u1ed1ng n\u1eafng \u201cUV Protection<\/p>\n<h3>H\u01af\u1edaNG D\u1eaaN S\u1eec D\u1ee4NG<\/h3>\n<p><img class=\"emoji\" draggable=\"false\" src=\"https:\/\/s.w.org\/images\/core\/emoji\/12.0.0-1\/svg\/2611.svg\" alt=\"\u2611\" \/>\u00a0Thoa 1 l\u01b0\u1ee3ng v\u1eeba \u0111\u1ee7 ra l\u00f2ng b\u00e0n tay xoa \u0111\u1ec1u cho n\u00f3ng kem l\u00ean sau \u0111\u00f3 thoa l\u00ean kh\u1eafp c\u01a1 th\u1ec3 nh\u1eb9 nh\u00e0ng, v\u1edbi c\u00e1c v\u00f9ng da khu\u1ef7u tay, ch\u00e2n th\u00ec th\u00f4 r\u00e1p h\u01a1n b\u1ea1n n\u00ean thoa m\u1ed9t l\u01b0\u1ee3ng l\u1edbn h\u01a1n nh\u1eefng ch\u1ed7 kh\u00e1c<\/p>\n<p><img class=\"emoji\" draggable=\"false\" src=\"https:\/\/s.w.org\/images\/core\/emoji\/12.0.0-1\/svg\/2611.svg\" alt=\"\u2611\" \/>\u00a0Thoa kem d\u01b0\u1ee1ng 2 l\u1ea7n \/ 1 ng\u00e0y v\u00e0o bu\u1ed5i t\u1ed1i v\u00e0 bu\u1ed5i s\u00e1ng \u0111\u1ec3 gi\u1eef \u1ea9m l\u00e2u h\u01a1n, t\u0103ng t\u00ednh \u0111\u00e0n h\u1ed3i ngay cho da gi\u00fap da s\u00e1ng m\u1ecbn v\u00e0 m\u1ecbn m\u00e0ng h\u01a1n<\/p>\n<h3>CAM K\u1ebeT<\/h3>\n<p><img class=\"emoji\" draggable=\"false\" src=\"https:\/\/s.w.org\/images\/core\/emoji\/12.0.0-1\/svg\/2611.svg\" alt=\"\u2611\" \/>\u00a0S\u1ea3n ph\u1ea9m nh\u1eadp kh\u1ea9u &amp; ph\u00e2n ph\u1ed1i \u0111\u1ed9c quy\u1ec1n ch\u00ednh h\u00e3ng<\/p>\n<p><img class=\"emoji\" draggable=\"false\" src=\"https:\/\/s.w.org\/images\/core\/emoji\/12.0.0-1\/svg\/2611.svg\" alt=\"\u2611\" \/>\u00a0S\u1ea3n ph\u1ea9m \u0111\u1ea1t \u0111\u01b0\u1ee3c t\u1ea5t c\u1ea3 c\u00e1c y\u00eau c\u1ea7u c\u1ee7a hi\u1ec7p \u0111\u1ecbnh m\u1ef9 ph\u1ea9m ASEAN<\/p>\n<p><img class=\"emoji\" draggable=\"false\" src=\"https:\/\/s.w.org\/images\/core\/emoji\/12.0.0-1\/svg\/2611.svg\" alt=\"\u2611\" \/>\u00a0An to\u00e0n tuy\u1ec7t \u0111\u1ed1i v\u1edbi l\u00e0n da ( trong tr\u01b0\u1eddng h\u1ee3p di \u1ee9ng th\u00e0nh ph\u1ea7n kem qu\u00fd kh\u00e1ch \u0111\u01b0\u1ee3c \u0111\u1ed5i tr\u1ea3 s\u1ea3n ph\u1ea9m )<\/p>\n<p><img class=\"emoji\" draggable=\"false\" src=\"https:\/\/s.w.org\/images\/core\/emoji\/12.0.0-1\/svg\/2611.svg\" alt=\"\u2611\" \/>\u00a0Giao h\u00e0ng to\u00e0n qu\u1ed1c<\/p>\n<p><img class=\"emoji\" draggable=\"false\" src=\"https:\/\/s.w.org\/images\/core\/emoji\/12.0.0-1\/svg\/2611.svg\" alt=\"\u2611\" \/>\u00a0Ch\u1ec9 thanh to\u00e1n khi nh\u1eadn h\u00e0ng<\/p>\n","protected":false},"excerpt":{"rendered":"<p>\u0110\u1eb6C \u0110I\u1ec2M N\u1ed4I B\u1eacT\u00a0S\u1eeeA D\u01af\u1ee0NG TH\u1ec2 PEILAND \u00a0100% nguy\u00ean li\u1ec7u \u0111\u1ebfn t\u1eeb NH\u1eacT B\u1ea2N an to\u00e0n cho da body cream, body cream \u00a0\u0110\u01b0\u1ee3c \u0111\u00f3ng g\u00f3i trong d\u00e2y chuy\u1ec1n kh\u00e9p k\u00edn t\u1ea1i TH\u00c1I LAN body cream body cream \u00a0M\u1ef9 ph\u1ea9m peiland \u0111\u01b0\u1ee3c nghi\u00ean c\u1ee9u b\u1edfi c\u00e1c chuy\u00ean gia NH\u1eacT B\u1ea2N bopdy cream body cream \u00a0Kh\u00f4ng g\u00e2y &#8230;<\/p>\n","protected":false},"featured_media":1145,"comment_status":"open","ping_status":"closed","template":"","meta":[],"brands":[{"id":102,"name":"PEILAND","slug":"peiland"}],"_links":{"self":[{"href":"https:\/\/webmaibinh.com\/w\/mypham12011\/wp-json\/wp\/v2\/product\/1144"}],"collection":[{"href":"https:\/\/webmaibinh.com\/w\/mypham12011\/wp-json\/wp\/v2\/product"}],"about":[{"href":"https:\/\/webmaibinh.com\/w\/mypham12011\/wp-json\/wp\/v2\/types\/product"}],"replies":[{"embeddable":true,"href":"https:\/\/webmaibinh.com\/w\/mypham12011\/wp-json\/wp\/v2\/comments?post=1144"}],"wp:featuredmedia":[{"embeddable":true,"href":"https:\/\/webmaibinh.com\/w\/mypham12011\/wp-json\/wp\/v2\/media\/1145"}],"wp:attachment":[{"href":"https:\/\/webmaibinh.com\/w\/mypham12011\/wp-json\/wp\/v2\/media?parent=1144"}],"curies":[{"name":"wp","href":"https:\/\/api.w.org\/{rel}","templated":true}]}}