{"id":1142,"date":"2019-07-24T22:47:44","date_gmt":"2019-07-24T15:47:44","guid":{"rendered":"http:\/\/mypham4.w2steam.com\/?post_type=product&#038;p=1142"},"modified":"2019-08-02T09:40:07","modified_gmt":"2019-08-02T02:40:07","slug":"xit-chong-nang-neutrogena-beach-defense-sunscreen-spray-broad-spectrum-spf-70-184g","status":"publish","type":"product","link":"https:\/\/webmaibinh.com\/w\/mypham12011\/san-pham\/xit-chong-nang-neutrogena-beach-defense-sunscreen-spray-broad-spectrum-spf-70-184g\/","title":{"rendered":"X\u1ecbt Ch\u1ed1ng N\u1eafng Neutrogena Beach Defense Sunscreen Spray Broad Spectrum SPF 70 (184g)"},"content":{"rendered":"<h2>X\u1ecbt ch\u1ed1ng n\u1eafng Neutrogena Beach Defense SPF 70 d\u00f9ng \u0111\u1ec3 \u0111i bi\u1ec3n<\/h2>\n<p><strong>X\u1ecbt ch\u1ed1ng n\u1eafng Neutrogena Beach Defense SPF 70<\/strong>\u00a0d\u00f9ng trong c\u00e1c chuy\u1ebfn\u00a0<em><strong>\u0111i bi\u1ec3n<\/strong><\/em>\u00a0hay\u00a0<em><strong>b\u01a1i l\u1ed9i l\u00e2u ngo\u00e0i tr\u1eddi n\u1eafng<\/strong><\/em>\u00a0l\u00e0 d\u00f2ng s\u1ea3n ph\u1ea9m \u0111\u1ea7u ti\u00ean c\u1ee7a\u00a0kem ch\u1ed1ng n\u1eafng\u00a0\u0111\u00e3 qua ki\u1ec3m nghi\u1ec7m l\u00e2m s\u00e0ng ch\u1ee9ng minh b\u1ea3o v\u1ec7 t\u00e1c h\u1ea1i c\u1ee7a \u00e1nh n\u1eafng m\u1eb7t tr\u1eddi v\u00e0 khi da ti\u1ebfp x\u00fac v\u1edbi n\u01b0\u1edbc trong th\u1eddi gian d\u00e0i. X\u1ecbt ch\u1ed1ng n\u1eafng d\u00f9ng \u0111\u1ec3 x\u1ecbt to\u00e0n th\u00e2n v\u00e0 b\u1ea3o v\u1ec7 t\u00edch c\u1ef1c da ngo\u00e0i tr\u1eddi cho m\u1ecdi gia \u0111\u00ecnh.<\/p>\n<div id=\"attachment_127\" class=\"wp-caption aligncenter\">\n<p><img loading=\"lazy\" class=\"wp-image-127 size-full lazy-load-active\" src=\"https:\/\/neutroskincare.com\/wp-content\/uploads\/2017\/04\/17950030_664428463768103_418779090_o.jpg\" alt=\"X\u1ecbt ch\u1ed1ng n\u1eafng Neutrogena Beach Defense SPF 70\" width=\"659\" height=\"525\" data-src=\"https:\/\/neutroskincare.com\/wp-content\/uploads\/2017\/04\/17950030_664428463768103_418779090_o.jpg\" aria-describedby=\"caption-attachment-127\" \/><\/p>\n<p id=\"caption-attachment-127\" class=\"wp-caption-text\">X\u1ecbt ch\u1ed1ng n\u1eafng Neutrogena Beach Defense SPF 70<\/p>\n<\/div>\n<h2>D\u00f2ng ch\u1ed1ng n\u1eafng Neutrogena Beach Defense \u0111\u01b0\u1ee3c b\u00ecnh ch\u1ecdn l\u00e0 t\u1ed1t nh\u1ea5t<\/h2>\n<p>D\u00f2ng s\u1ea3n ph\u1ea9m x\u1ecbt ch\u1ed1ng n\u1eafng Neutrogena\u00a0Beach Defense\u00a0SPF 70\u00a0\u0111\u01b0\u1ee3c b\u00ecnh ch\u1ecdn l\u00e0 kem\/x\u1ecbt ch\u1ed1ng n\u1eafng t\u1ed1t nh\u1ea5t theo t\u1ea1p ch\u00ed n\u1ed5i ti\u1ebfng ALLURE v\u1edbi nh\u1eefng \u0111\u1eb7c \u0111i\u1ec3m n\u1ed5i tr\u1ed9i sau:<\/p>\n<p>\u2013 Ch\u1ed1ng th\u1ea5m n\u01b0\u1edbc (80 ph\u00fat)-<br \/>\n\u2013 C\u00f4ng th\u1ee9c l\u00e0nh t\u00ednh kh\u00f4ng ch\u1ee9a d\u1ea7u, v\u00e0 \u0111\u1eb7c bi\u1ec7t l\u00e0 kh\u00f4ng c\u00f3 Parabens.<br \/>\n\u2013 Tr\u1ecdng l\u01b0\u1ee3ng nh\u1eb9, d\u1ec5 d\u00e0ng h\u1ea5p thu.<br \/>\n\u2013 Kh\u00f4ng b\u1ecb tr\u00f4i b\u1edfi m\u1ed3 h\u00f4i.<br \/>\n\u2013 Ch\u1ed1ng n\u1eafng hi\u1ec7u qu\u1ea3, b\u1ea3o v\u1ec7 l\u00e0n da su\u1ed1t c\u1ea3 ng\u00e0y.<br \/>\n\u2013 Kh\u00f4ng b\u1ebft d\u00ednh, nh\u1eddn hay r\u00edt mang l\u1ea1i c\u1ea3m gi\u00e1c c\u1ef1c k\u1ef3 d\u1ec5 ch\u1ecbu.<\/p>\n<h2>Nh\u1eefng \u01b0u \u0111i\u1ec3m c\u1ee7a x\u1ecbt ch\u1ed1ng n\u1eafng Neutrogena Beach Defense SPF 70<\/h2>\n<p>X\u1ecbt ch\u1ed1ng n\u1eafng Neutrogena Beach Defense SPF 70\u00a0h\u1ea5p th\u1ee5, th\u1ea9m th\u1ea5u v\u00e0o da kh\u00e1 nhanh, kh\u00f4ng h\u1ec1 g\u00e2y b\u00ed hay nh\u1eddn qu\u00e1 nhi\u1ec1u c\u0169ng kh\u00f4ng g\u00e2y b\u00ed t\u1eafc l\u1ed7 ch\u00e2n l\u00f4ng. M\u1eb7c d\u00f9 c\u00f3 ch\u1ec9 s\u1ed1 SPF cao nh\u01b0ng nh\u1edd c\u00f4ng ngh\u1ec7 HELIOPLEX Technology n\u00ean b\u1ea1n c\u00f3 th\u1ec3 an t\u00e2m s\u1eed d\u1ee5ng, tr\u1ea3i nghi\u1ec7m s\u1ebd kh\u00e1 tho\u1ea3i m\u00e1i.<\/p>\n<p>Ng\u00e0y nay Helioplex \u00ae \u0111\u1ea1i di\u1ec7n cho n\u1ec1n c\u00f4ng ngh\u1ec7 kem ch\u1ed1ng n\u1eafng \u1ed5n \u0111\u1ecbnh, b\u1ea3o v\u1ec7 l\u00e0n da tuy\u1ec7t \u0111\u1ed1i d\u01b0\u1edbi \u00e1nh n\u1eafng m\u1eb7t tr\u1eddi. Khi b\u1ea1n ch\u1ecdn m\u1ed9t lo\u1ea1i kem ch\u1ed1ng n\u1eafng v\u1edbi c\u00e1i t\u00ean Helioplex \u00ae, b\u1ea1n c\u00f3 th\u1ec3 ch\u1eafc ch\u1eafn r\u1eb1ng b\u1ea1n \u0111ang \u0111\u01b0\u1ee3c b\u1ea3o v\u1ec7 t\u1ed1t nh\u1ea5t khi ti\u1ebfp x\u00fac tr\u1ef1c ti\u1ebfp v\u1edbi \u00e1nh n\u1eafng m\u1eb7t tr\u1eddi.<\/p>\n<p><strong>Kh\u1ea3 n\u0103ng ch\u1ed1ng n\u1eafng:<\/strong>\u00a0\u0110i bi\u1ec3n th\u00ec kh\u1ea3 n\u0103ng ch\u1ed1ng n\u1eafng l\u00e0 ho\u00e0n to\u00e0n \u0111\u00e1ng n\u00f3i \u0111\u1ebfn. Kh\u00f4ng h\u1eb3n l\u00e0 ch\u1ec9 s\u1ed1 SPF c\u00e0ng cao th\u00ec kh\u1ea3 n\u0103ng ch\u1ed1ng n\u1eafng c\u00e0ng t\u1ed1t tuy nhi\u00ean, kh\u00f4ng th\u1ec3 ph\u1ee7 nh\u1eadn r\u1eb1ng v\u1edbi ch\u1ec9 s\u1ed1 SPF l\u00ean \u0111\u1ebfn 70, h\u1ea7u nh\u01b0 m\u1ecdi tia c\u1ef1c t\u00edm trong \u00e1nh n\u1eafng m\u1eb7t tr\u1eddi s\u1ebd kh\u00f4ng t\u00e1c \u0111\u1ed9ng \u0111\u1ebfn da.<\/p>\n","protected":false},"excerpt":{"rendered":"<p>X\u1ecbt ch\u1ed1ng n\u1eafng Neutrogena Beach Defense SPF 70\u00a0h\u1ea5p th\u1ee5, th\u1ea9m th\u1ea5u v\u00e0o da kh\u00e1 nhanh, kh\u00f4ng h\u1ec1 g\u00e2y b\u00ed hay nh\u1eddn qu\u00e1 nhi\u1ec1u c\u0169ng kh\u00f4ng g\u00e2y b\u00ed t\u1eafc l\u1ed7 ch\u00e2n l\u00f4ng. M\u1eb7c d\u00f9 c\u00f3 ch\u1ec9 s\u1ed1 SPF cao nh\u01b0ng nh\u1edd c\u00f4ng ngh\u1ec7 HELIOPLEX Technology n\u00ean b\u1ea1n c\u00f3 th\u1ec3 an t\u00e2m s\u1eed d\u1ee5ng, tr\u1ea3i nghi\u1ec7m s\u1ebd kh\u00e1 tho\u1ea3i m\u00e1i.<\/p>\n","protected":false},"featured_media":1143,"comment_status":"open","ping_status":"closed","template":"","meta":[],"brands":[],"_links":{"self":[{"href":"https:\/\/webmaibinh.com\/w\/mypham12011\/wp-json\/wp\/v2\/product\/1142"}],"collection":[{"href":"https:\/\/webmaibinh.com\/w\/mypham12011\/wp-json\/wp\/v2\/product"}],"about":[{"href":"https:\/\/webmaibinh.com\/w\/mypham12011\/wp-json\/wp\/v2\/types\/product"}],"replies":[{"embeddable":true,"href":"https:\/\/webmaibinh.com\/w\/mypham12011\/wp-json\/wp\/v2\/comments?post=1142"}],"wp:featuredmedia":[{"embeddable":true,"href":"https:\/\/webmaibinh.com\/w\/mypham12011\/wp-json\/wp\/v2\/media\/1143"}],"wp:attachment":[{"href":"https:\/\/webmaibinh.com\/w\/mypham12011\/wp-json\/wp\/v2\/media?parent=1142"}],"curies":[{"name":"wp","href":"https:\/\/api.w.org\/{rel}","templated":true}]}}