{"id":1135,"date":"2019-07-24T22:39:56","date_gmt":"2019-07-24T15:39:56","guid":{"rendered":"http:\/\/mypham4.w2steam.com\/?post_type=product&#038;p=1135"},"modified":"2019-07-24T22:40:44","modified_gmt":"2019-07-24T15:40:44","slug":"kem-chong-nang-neutrogena-beach-defense-spf-70-198ml","status":"publish","type":"product","link":"https:\/\/webmaibinh.com\/w\/mypham12011\/san-pham\/kem-chong-nang-neutrogena-beach-defense-spf-70-198ml\/","title":{"rendered":"Kem ch\u1ed1ng n\u1eafng Neutrogena Beach Defense SPF 70 198ml"},"content":{"rendered":"<h2>Kem ch\u1ed1ng n\u1eafng Neutrogena Beach Defense SPF 70 198ml c\u1ee7a M\u1ef9-ph\u00f9 h\u1ee3p nh\u1ea5t b\u1ea3o v\u1ec7 da cho \u0111i bi\u1ec3n m\u00f9a h\u00e8<\/h2>\n<div><strong>Kem ch\u1ed1ng n\u1eafng Neutrogena Beach Defense SPF 70 198ml<\/strong>\u00a0v\u1edbi ch\u1ec9 s\u1ed1 ch\u1ed1ng n\u1eafng cao, c\u00f3 th\u1ec3 b\u1ea3o v\u1ec7 da tr\u01b0\u1edbc nh\u1eefng t\u00e1c \u0111\u1ed9ng c\u1ee7a UVA v\u00e0 UVB t\u1eeb \u00e1nh n\u1eafng m\u1eb7t tr\u1eddi. Kem mang nhi\u1ec1u \u01b0u \u0111i\u1ec3m \u0111\u1ed3ng th\u1eddi l\u1ea1i th\u1ea5m nhanh, kh\u00f4ng g\u00e2y b\u1ebft d\u00ednh v\u00e0 an to\u00e0n cho m\u1ecdi lo\u1ea1i da n\u00ean r\u1ea5t \u0111\u01b0\u1ee3c \u01b0a chu\u1ed9ng t\u1ea1i M\u1ef9 v\u00e0 nhi\u1ec1u qu\u1ed1c gia tr\u00ean Th\u1ebf gi\u1edbi.<\/div>\n<div><img loading=\"lazy\" class=\"aligncenter\" src=\"https:\/\/www.hangngoainhap.com.vn\/images\/upload\/Image\/My-pham\/kem-chong-nang\/kem-chong-nang-neutrogena-beach-defense-spf-70-198ml-cua-my-1.jpg\" alt=\" Kem ch\u1ed1ng n\u1eafng Neutrogena Beach Defense SPF 70 198ml c\u1ee7a M\u1ef9\" width=\"700\" height=\"500\" \/><\/div>\n<h3>Gi\u1edbi thi\u1ec7u s\u1ea3n ph\u1ea9m<\/h3>\n<p>Kem ch\u1ed1ng n\u1eafng\u00a0l\u00e0 m\u1ed9t v\u1eadt d\u1ee5ng kh\u00f4ng th\u1ec3 thi\u1ebfu tr\u01b0\u1edbc khi \u0111i ra ngo\u00e0i, gi\u00fap b\u1ea3o v\u1ec7 da kh\u00f4ng b\u1ecb ch\u00e1y n\u1eafng, s\u1ea1m \u0111en, thay \u0111\u1ed5i s\u1eafc t\u1ed1 da, l\u00e3o h\u00f3a, ung th\u01b0 da,&#8230; B\u1ea1n \u0111ang mu\u1ed1n t\u00ecm m\u1ed9t lo\u1ea1i kem ch\u1ed1ng n\u1eafng t\u1ed1t, an to\u00e0n cho da? B\u1ea1n ph\u00e2n v\u00e2n ch\u01b0a bi\u1ebft n\u00ean ch\u1ecdn lo\u1ea1i kem ch\u1ed1ng n\u1eafng n\u00e0o v\u00ec tr\u00ean th\u1ecb tr\u01b0\u1eddng hi\u1ec7n nay c\u00f3 h\u00e0ng lo\u1ea1t s\u1ea3n ph\u1ea9m kem ch\u1ed1ng n\u1eafng? V\u1eady th\u00ec m\u1ed9t g\u1ee3i \u00fd kh\u00f4ng th\u1ec3 b\u1ecf qua cho b\u1ea1n \u0111\u00f3 l\u00e0 Kem ch\u1ed1ng n\u1eafng\u00a0<strong>Neutrogena Beach Defense SPF 70 198ml c\u1ee7a M\u1ef9<\/strong>. C\u00f9ng t\u00ecm hi\u1ec3u v\u1ec1 d\u00f2ng kem ch\u1ed1ng n\u1eafng \u0111ang r\u1ea5t HOT n\u00e0y nh\u00e9!<\/p>\n<h3>\u01afu \u0111i\u1ec3m c\u1ee7a Kem ch\u1ed1ng n\u1eafng Neutrogena Beach Defense SPF 70 198ml<\/h3>\n<ul>\n<li>Kem ch\u1ed1ng n\u1eafng\u00a0<strong>Neutrogena Beach Defense SPF 70\u00a0<\/strong>c\u00f3 ch\u1ec9 s\u1ed1 ch\u1ed1ng n\u1eafng cao so v\u1edbi nhi\u1ec1u lo\u1ea1i kem ch\u1ed1ng n\u1eafng th\u00f4ng th\u01b0\u1eddng hi\u1ec7n nay, t\u1eeb \u0111\u00f3 b\u1ea3o v\u1ec7 da t\u1ed1t h\u01a1n tr\u01b0\u1edbc \u00e1nh n\u1eafng m\u1eb7t tr\u1eddi.<\/li>\n<li>Kem ch\u1ed1ng n\u1eafng \u01b0u vi\u1ec7t ph\u00f9 h\u1ee3p v\u1edbi m\u1ecdi lo\u1ea1i da, v\u00e0 an to\u00e0n v\u00ec kh\u00f4ng ch\u1ee9a th\u00e0nh ph\u1ea7n g\u00e2y k\u00edch \u1ee9ng, \u0111\u00e2y l\u00e0 \u0111i\u1ec3m n\u1ed5i b\u1eadt nh\u1ea5t c\u1ee7a h\u00e3ng m\u1ef9 ph\u1ea9m uy t\u00edn h\u00e0ng \u0111\u1ea7u M\u1ef9-Neutrogena.<\/li>\n<li>S\u1ea3n ph\u1ea9m c\u00f3 kh\u1ea3 n\u0103ng ch\u1ed1ng th\u1ea5m n\u01b0\u1edbc l\u00ean \u0111\u1ebfn 80 ph\u00fat, b\u1ea1n tha h\u1ed3 tho\u1ea3i m\u00e1i vui ch\u01a1i, t\u1eafm bi\u1ec3n m\u00e0 kh\u00f4ng lo b\u1ecb ch\u00e1y n\u1eafng. \u0110\u00e2y l\u00e0 s\u1ea3n ph\u1ea9m ph\u00f9 h\u1ee3p nh\u1ea5t \u0111\u1ec3 t\u1eafm bi\u1ec3n m\u00f9a h\u00e8.<\/li>\n<li>C\u00f4ng ngh\u1ec7\u00a0Suncreen, kem th\u1ea9m th\u1ea5u v\u00e0o da v\u00e0 v\u00f4 hi\u1ec7u h\u00f3a t\u00e1c \u0111\u1ed9ng c\u1ee7a UV mang hi\u1ec7u qu\u1ea3 cao.<\/li>\n<\/ul>\n<h3><img loading=\"lazy\" class=\"aligncenter\" src=\"https:\/\/www.hangngoainhap.com.vn\/images\/upload\/Image\/My-pham\/kem-chong-nang\/kem-chong-nang-neutrogena-beach-defense-spf-70-198ml-cua-my-3.jpg\" alt=\" Kem ch\u1ed1ng n\u1eafng Neutrogena Beach Defense SPF 70 198ml nh\u1eadp t\u1eeb M\u1ef9 \" width=\"700\" height=\"500\" \/><\/h3>\n<h3>Kem ch\u1ed1ng n\u1eafng Neutrogena Beach Defense SPF 70 198ml c\u00f3 t\u1ed1t kh\u00f4ng?<\/h3>\n<p><strong>Neutrogena Beach Defense SPF 70 198ml c\u1ee7a M\u1ef9<\/strong>\u00a0l\u00e0 s\u1ea3n ph\u1ea9m c\u1ee7a h\u00e3ng m\u1ef9 ph\u1ea9m uy t\u00edn, \u0111\u01b0\u1ee3c c\u00e1c chuy\u00ean gia da li\u1ec5u khuy\u00ean d\u00f9ng, v\u00e0 \u0111\u00e3 \u0111\u01b0\u1ee3c \u01b0a chu\u1ed9ng ph\u1ed5 bi\u1ebfn tr\u00ean r\u1ea5t nhi\u1ec1u qu\u1ed1c gia.<\/p>\n<p>Kem ch\u1ed1ng n\u1eafng n\u00e0y c\u00f3 ch\u1ea5t kem kh\u00e1 \u0111\u1eb7c nh\u01b0ng th\u1ea9m th\u1ea5u nhanh, kh\u00f4ng g\u00e2y b\u1ebft d\u00ednh kh\u00f3 ch\u1ecbu, kh\u00f4ng l\u00e0m t\u1eafc ngh\u1ebdn l\u1ed7 ch\u00e2n l\u00f4ng g\u00e2y m\u1ee5n.<\/p>\n<p><strong>Kem ch\u1ed1ng n\u1eafng Neutrogena SPF 70\u00a0<\/strong>kh\u00f4ng b\u1ecb tr\u00f4i b\u1edfi m\u1ed3 h\u00f4i, ch\u1ed1ng n\u1eafng hi\u1ec7u qu\u1ea3 b\u1ea3o v\u1ec7 l\u00e0n da trong nhi\u1ec1u gi\u1edd c\u1ea3 tia UVA v\u00e0 UVB.<\/p>\n<p>S\u1ea3n ph\u1ea9m kh\u00f4ng ch\u1ee9a d\u1ea7u, kh\u00f4ng paraben, an to\u00e0n cho l\u00e0n da.<\/p>\n<p>Nhi\u1ec1u review t\u00edch c\u1ef1c v\u00e0 ph\u1ea3n h\u1ed3i t\u1ed1t t\u1ea1i c\u00e1c trang web mua s\u1eafm,l\u00e0m \u0111\u1eb9p v\u00e0 l\u00e0 d\u00f2ng kem ch\u1ed1ng n\u1eafng b\u00e1n ch\u1ea1y h\u00e0ng \u0111\u1ea7u trong m\u00f9a h\u00e8.<\/p>\n<h3>C\u00f4ng d\u1ee5ng c\u1ee7a Kem ch\u1ed1ng n\u1eafng Neutrogena Beach Defense SPF 70 198ml<\/h3>\n<ul>\n<li>Kem ch\u1ed1ng n\u1eafng\u00a0<strong>Neutrogena Beach Defense SPF 70 198ml<\/strong>\u00a0b\u1ea3o v\u1ec7 da ho\u00e0n h\u1ea3o tr\u01b0\u1edbc UVA, UVB.<\/li>\n<li>B\u1ea3o v\u1ec7 da kh\u00f4ng b\u1ecb ch\u00e1y n\u1eafng, s\u1ea1m \u0111en, b\u1ecfng r\u00e1t, th\u1eadm ch\u00ed ung th\u01b0 da do UVB v\u00e0 b\u1ea3o v\u1ec7 l\u1edbp bi\u1ec3u b\u00ec da kh\u00f4ng s\u1ea3n sinh h\u1eafc t\u1ed1 melamin g\u00e2y s\u1ea1m n\u00e1m,\u00a0ch\u1ed1ng l\u00e3o h\u00f3a\u00a0b\u1edfi tia UVA g\u00e2y ra.<\/li>\n<li>Kh\u1ea3 n\u0103ng ch\u1ed1ng th\u1ea5m n\u01b0\u1edbc cao, ch\u1ed1ng n\u1eafng ph\u1ed5 r\u1ed9ng v\u00e0 trong th\u1eddi gian d\u00e0i, tho\u1ea3i m\u00e1i cho b\u1ea1n d\u00f9ng khi \u0111i bi\u1ec3n trong ti\u1ebft tr\u1eddi m\u00f9a h\u00e8 n\u1eafng g\u1eaft m\u00e0 da v\u1eabn \u0111\u01b0\u1ee3c b\u1ea3o v\u1ec7 an to\u00e0n.<\/li>\n<\/ul>\n<h3><img loading=\"lazy\" class=\"aligncenter\" src=\"https:\/\/www.hangngoainhap.com.vn\/images\/upload\/Image\/My-pham\/kem-chong-nang\/kem-chong-nang-neutrogena-beach-defense-spf-70-198ml-cua-my-2.jpg\" alt=\" Kem ch\u1ed1ng n\u1eafng Neutrogena Beach Defense SPF 70 198ml h\u00e0ng M\u1ef9 \" width=\"700\" height=\"500\" \/><\/h3>\n<h3>C\u00f3 n\u00ean s\u1eed d\u1ee5ng Kem ch\u1ed1ng n\u1eafng Neutrogena Beach Defense SPF 70?<\/h3>\n<p>L\u1ef1a ch\u1ecdn kem ch\u1ed1ng n\u1eafng ph\u00f9 h\u1ee3p l\u00e0 \u0111i\u1ec1u kh\u00f4ng ph\u1ea3i d\u1ec5 d\u00e0ng, b\u1edfi v\u00ec hi\u1ec7n nay c\u00f3 r\u1ea5t r\u1ea5t nhi\u1ec1u lo\u1ea1i ch\u1ed1ng n\u1eafng kh\u00e1c nhau. S\u1ea3n ph\u1ea9m n\u00e0o c\u0169ng \u0111\u01b0\u1ee3c qu\u1ea3ng c\u00e1o l\u00e0 ch\u1ed1ng n\u1eafng t\u1ed1t, an to\u00e0n,&#8230; Tuy nhi\u00ean kh\u00f4ng bi\u1ebft th\u1ef1c s\u1ef1 n\u00f3 c\u00f3 nh\u01b0 v\u1eady hay kh\u00f4ng. Th\u00ec v\u1edbi\u00a0<strong>kem ch\u1ed1ng n\u1eafng Neutrogena Beach Defense SPF 70 198ml<\/strong>, b\u1ea1n c\u00f3 th\u1ec3 y\u00ean t\u00e2m b\u1edfi ch\u1ea5t l\u01b0\u1ee3ng v\u00e0 an to\u00e0n c\u1ee7a m\u1ed9t th\u01b0\u01a1ng hi\u1ec7u ch\u0103m s\u00f3c da qu\u00e1 n\u1ed5i ti\u1ebfng tr\u00ean th\u1ebf gi\u1edbi.<\/p>\n<p>Kem ch\u1ed1ng n\u1eafng Neutrogena \u0111\u01b0\u1ee3c x\u1ebfp v\u00e0o top 5 lo\u1ea1i kem ch\u1ed1ng n\u1eafng \u0111\u01b0\u1ee3c \u01b0a chu\u1ed9ng nh\u1ea5t tr\u00ean th\u1ecb tr\u01b0\u1eddng Vi\u1ec7t Nam, gi\u00e1 c\u1ea3 c\u0169ng r\u1ea5t ph\u00f9 h\u1ee3p m\u00e0 ch\u1ea5t l\u01b0\u1ee3ng t\u1ed1t. N\u1ebfu ch\u01b0a t\u00ecm \u0111\u01b0\u1ee3c lo\u1ea1i kem ch\u1ed1ng n\u1eafng n\u00e0o \u0111\u1ec3 \u0111i bi\u1ec3n cho m\u00f9a h\u00e8 n\u0103m nay, th\u00ec\u00a0<strong>Neutrogena Beach Defense SPF 70<\/strong>\u00a0198ml l\u00e0 s\u1ef1 l\u1ef1a ch\u1ecdn ph\u00f9 h\u1ee3p nh\u1ea5t cho b\u1ea1n.<\/p>\n<h3>H\u01b0\u1edbng d\u1eabn s\u1eed d\u1ee5ng<\/h3>\n<ul>\n<li>B\u00f4i kem l\u00ean da tr\u01b0\u1edbc khi ra n\u1eafng \u00edt nh\u1ea5t 20 ph\u00fat \u0111\u1ec3 n\u00f3 th\u1ea9m th\u1ea5u ho\u00e0n to\u00e0n v\u00e0 ph\u00e1t huy hi\u1ec7u qu\u1ea3.<\/li>\n<li>N\u1ebfu ho\u1ea1t \u0111\u1ed9ng ngo\u00e0i tr\u1eddi trong th\u1eddi gian d\u00e0i, b\u1ea1n n\u00ean b\u00f4i l\u1ea1i m\u1ed9t l\u1edbp kem m\u1ecfng sau m\u1ed7i 2h \u0111\u1ec3 b\u1ea3o v\u1ec7 da.<\/li>\n<li>S\u1ea3n ph\u1ea9m ph\u00f9 h\u1ee3p v\u1edbi body, m\u1eddi b\u1ea1n tham kh\u1ea3o kem ch\u1ed1ng n\u1eafng Neutrogena cho da m\u1eb7t.<\/li>\n<li>Kh\u00f4ng d\u00f9ng cho tr\u1ebb em<\/li>\n<li>Kh\u00f4ng b\u00f4i l\u00ean v\u1ebft th\u01b0\u01a1ng h\u1edf, tr\u1ea7y x\u01b0\u1edbc<\/li>\n<li>Kh\u00f4ng b\u00f4i v\u00f9ng da quanh m\u1eaft<\/li>\n<li>Ng\u01b0ng s\u1eed d\u1ee5ng n\u1ebfu xu\u1ea5t hi\u1ec7n d\u1ea5u hi\u1ec7u b\u1ea5t th\u01b0\u1eddng \u1edf da<\/li>\n<\/ul>\n<h3><img loading=\"lazy\" class=\"aligncenter\" src=\"https:\/\/www.hangngoainhap.com.vn\/images\/upload\/Image\/My-pham\/kem-chong-nang\/kem-chong-nang-neutrogena-beach-defense-spf-70-198ml-cua-my-4.jpg\" alt=\" Kem ch\u1ed1ng n\u1eafng Neutrogena Beach Defense SPF 70 198ml c\u1ee7a M\u1ef9 t\u1ea1i H\u00e0ng Ngo\u1ea1i Nh\u1eadp\" width=\"700\" height=\"500\" \/><\/h3>\n<h3>Mua Kem ch\u1ed1ng n\u1eafng Neutrogena Beach Defense SPF 70 t\u1ea1i H\u00e0ng Ngo\u1ea1i Nh\u1eadp<\/h3>\n<p>Kem ch\u1ed1ng n\u1eafng c\u1ee7a h\u00e3ng Neutrogena \u0111\u00e3 ph\u1ee7 s\u00f3ng kh\u1eafp tr\u00ean c\u00e1c Store l\u1edbn nh\u1ecf tr\u00ean c\u1ea3 n\u01b0\u1edbc, tuy nhi\u00ean, b\u1ea1n mu\u1ed1n mua s\u1ea3n ph\u1ea9m \u0111\u1ea3m b\u1ea3o ch\u00ednh h\u00e3ng th\u00ec H\u00e0ng Ngo\u1ea1i Nh\u1eadp l\u00e0 m\u1ed9t s\u1ef1 l\u1ef1a ch\u1ecdn an to\u00e0n. \u0110\u1ea1i l\u00fd c\u1ea5p 1-H\u00e0ng Ngo\u1ea1i Nh\u1eadp ch\u00fang t\u00f4i cung c\u1ea5p v\u00e0 ph\u00e2n ph\u1ed1i s\u1ea3n ph\u1ea9m cho c\u00e1c \u0111i\u1ec3m b\u00e1n l\u1ebb n\u00ean m\u1ee9c gi\u00e1 \u01b0u \u0111\u00e3i h\u01a1n. B\u00ean c\u1ea1nh \u0111\u00f3, h\u00e0ng c\u00f3 bill tr\u1ef1c ti\u1ebfp t\u1eeb M\u1ef9, b\u1ea1n c\u00f3 th\u1ec3 y\u00ean t\u00e2m v\u1ec1 ch\u1ea5t l\u01b0\u1ee3ng s\u1ea3n ph\u1ea9m. Giao h\u00e0ng nhanh v\u00e0 tr\u00ean to\u00e0n qu\u1ed1c l\u00e0 ch\u00ednh s\u00e1ch ch\u00fang t\u00f4i r\u1ea5t quan t\u00e2m \u0111\u1ec3 kh\u00e1ch h\u00e0ng h\u00e0i l\u00f2ng v\u00e0 tin t\u01b0\u1edfng.<\/p>\n","protected":false},"excerpt":{"rendered":"<p>Kem ch\u1ed1ng n\u1eafng Neutrogena Beach Defense SPF 70 198ml v\u1edbi ch\u1ec9 s\u1ed1 ch\u1ed1ng n\u1eafng cao, c\u00f3 th\u1ec3 b\u1ea3o v\u1ec7 da tr\u01b0\u1edbc nh\u1eefng t\u00e1c \u0111\u1ed9ng c\u1ee7a UVA v\u00e0 UVB t\u1eeb \u00e1nh n\u1eafng m\u1eb7t tr\u1eddi. Kem mang nhi\u1ec1u \u01b0u \u0111i\u1ec3m \u0111\u1ed3ng th\u1eddi l\u1ea1i th\u1ea5m nhanh, kh\u00f4ng g\u00e2y b\u1ebft d\u00ednh v\u00e0 an to\u00e0n cho m\u1ecdi lo\u1ea1i da,&#8230;<\/p>\n","protected":false},"featured_media":1136,"comment_status":"open","ping_status":"closed","template":"","meta":[],"brands":[],"_links":{"self":[{"href":"https:\/\/webmaibinh.com\/w\/mypham12011\/wp-json\/wp\/v2\/product\/1135"}],"collection":[{"href":"https:\/\/webmaibinh.com\/w\/mypham12011\/wp-json\/wp\/v2\/product"}],"about":[{"href":"https:\/\/webmaibinh.com\/w\/mypham12011\/wp-json\/wp\/v2\/types\/product"}],"replies":[{"embeddable":true,"href":"https:\/\/webmaibinh.com\/w\/mypham12011\/wp-json\/wp\/v2\/comments?post=1135"}],"wp:featuredmedia":[{"embeddable":true,"href":"https:\/\/webmaibinh.com\/w\/mypham12011\/wp-json\/wp\/v2\/media\/1136"}],"wp:attachment":[{"href":"https:\/\/webmaibinh.com\/w\/mypham12011\/wp-json\/wp\/v2\/media?parent=1135"}],"curies":[{"name":"wp","href":"https:\/\/api.w.org\/{rel}","templated":true}]}}