{"id":8,"date":"2018-05-09T11:00:57","date_gmt":"2018-05-09T04:00:57","guid":{"rendered":"http:\/\/mypham4.w2steam.com\/?page_id=8"},"modified":"2019-07-26T19:54:20","modified_gmt":"2019-07-26T12:54:20","slug":"lien-he","status":"publish","type":"page","link":"https:\/\/webmaibinh.com\/w\/mypham12011\/lien-he\/","title":{"rendered":"Li\u00ean h\u1ec7"},"content":{"rendered":"<p><iframe src=\"https:\/\/www.google.com\/maps\/embed?pb=!1m18!1m12!1m3!1d3916.8851676630493!2d106.88779041526104!3d10.972039458551636!2m3!1f0!2f0!3f0!3m2!1i1024!2i768!4f13.1!3m3!1m2!1s0x3174ddea8a8e1bc9%3A0x4c2128c7debd91d5!2zMTYwIE5ndXnhu4VuIMOBaSBRdeG7kWMsIFTDom4gQmnDqm4sIFRow6BuaCBwaOG7kSBCacOqbiBIw7JhLCDEkOG7k25nIE5haSwgVmlldG5hbQ!5e0!3m2!1sen!2s!4v1564145542747!5m2!1sen!2s\" width=\"100%\" height=\"250\" frameborder=\"0\" style=\"border:0\" allowfullscreen><\/iframe><br \/>\n\t<div id=\"gap-1639220252\" class=\"gap-element clearfix\" style=\"display:block; height:auto;\">\n\t\t\n<style>\n#gap-1639220252 {\n  padding-top: 20px;\n}\n<\/style>\n\t<\/div>\n\t\n<div class=\"row\"  id=\"row-1081816856\">\n\n\t<div id=\"col-1057182639\" class=\"col medium-6 small-12 large-6\"  >\n\t\t<div class=\"col-inner\"  >\n\t\t\t\n\t\t\t\n<h3><span style=\"color: #000000;\">Li\u00ean h\u1ec7 v\u1edbi ch\u00fang t\u00f4i<\/span><\/h3>\n<p><span style=\"font-size: 90%; color: #000000;\">\u0110\u1ec3 kh\u00f4ng ng\u1eebng n\u00e2ng cao ch\u1ea5t l\u01b0\u1ee3ng d\u1ecbch v\u1ee5 v\u00e0 \u0111\u00e1p \u1ee9ng t\u1ed1t h\u01a1n n\u1eefa c\u00e1c y\u00eau c\u1ea7u c\u1ee7a Qu\u00fd kh\u00e1ch, ch\u00fang t\u00f4i mong mu\u1ed1n nh\u1eadn \u0111\u01b0\u1ee3c c\u00e1c th\u00f4ng tin ph\u1ea3n h\u1ed3i. N\u1ebfu Qu\u00fd kh\u00e1ch c\u00f3 b\u1ea5t k\u1ef3 th\u1eafc m\u1eafc ho\u1eb7c \u0111\u00f3ng g\u00f3p n\u00e0o, xin vui l\u00f2ng li\u00ean h\u1ec7 v\u1edbi ch\u00fang t\u00f4i theo th\u00f4ng tin d\u01b0\u1edbi \u0111\u00e2y. Ch\u00fang t\u00f4i s\u1ebd ph\u1ea3n h\u1ed3i l\u1ea1i Qu\u00fd kh\u00e1ch trong th\u1eddi gian s\u1edbm nh\u1ea5t.<\/span><\/p>\n<h3><span style=\"color: #000000;\">Th\u00f4ng tin li\u00ean h\u1ec7<\/span><\/h3>\n<ul>\n<li class=\"m_-8766321224708309407gmail-p1\"><span style=\"color: #008000; font-size: 90%;\"><strong>KT Cosmetic<\/strong><\/span><\/li>\n<li class=\"m_-8766321224708309407gmail-p1\"><span style=\"font-size: 90%;\"><strong>S\u0110T:<\/strong> 0908 849 905 (Zalo) &#8211; 0913 103 875<\/span><\/li>\n<li class=\"m_-8766321224708309407gmail-p2\"><span class=\"m_-8766321224708309407gmail-s4\" style=\"font-size: 90%;\"><strong>Email:<\/strong>\u00a0<a href=\"mailto:Ktcosmetic74@gmail.com\" target=\"_blank\" rel=\"noopener\">Ktcosmetic74@gmail.com<\/a><\/span><\/li>\n<li class=\"m_-8766321224708309407gmail-p1\"><span style=\"font-size: 90%;\"><strong>\u0110\u1ecba ch\u1ec9:<\/strong> 160 Nguy\u1ec5n \u00c1i Qu\u1ed1c, T\u00e2n Bi\u00ean, Bi\u00ean Ho\u00e0, \u0110\u1ed3ng Nai<\/span><\/li>\n<\/ul>\n\t\t<\/div>\n\t\t\t<\/div>\n\n\t\n\n\t<div id=\"col-1564939654\" class=\"col medium-6 small-12 large-6\"  >\n\t\t<div class=\"col-inner\"  >\n\t\t\t\n\t\t\t\n<h3><span style=\"color: #000000;\">\u0110\u0103ng k\u00fd nh\u1eadn t\u01b0 v\u1ea5n mi\u1ec5n ph\u00ed<\/span><\/h3>\n<p><span style=\"color: #000000; font-size: 90%;\">Qu\u00fd kh\u00e1ch vui l\u00f2ng \u0111\u1ec3 l\u1ea1i th\u00f4ng tin \u0111\u1ec3 nh\u00e2n vi\u00ean t\u01b0 v\u1ea5n \u0111i\u1ec7n l\u1ea1i cho b\u1ea1n s\u1edbm nh\u1ea5t!<\/span><\/p>\n<div role=\"form\" class=\"wpcf7\" id=\"wpcf7-f701-o1\" lang=\"vi\" dir=\"ltr\">\n<div class=\"screen-reader-response\"><p role=\"status\" aria-live=\"polite\" aria-atomic=\"true\"><\/p> <ul><\/ul><\/div>\n<form action=\"\/w\/mypham12011\/wp-json\/wp\/v2\/pages\/8#wpcf7-f701-o1\" method=\"post\" class=\"wpcf7-form init\" novalidate=\"novalidate\" data-status=\"init\">\n<div style=\"display: none;\">\n<input type=\"hidden\" name=\"_wpcf7\" value=\"701\" \/>\n<input type=\"hidden\" name=\"_wpcf7_version\" value=\"5.3\" \/>\n<input type=\"hidden\" name=\"_wpcf7_locale\" value=\"vi\" \/>\n<input type=\"hidden\" name=\"_wpcf7_unit_tag\" value=\"wpcf7-f701-o1\" \/>\n<input type=\"hidden\" name=\"_wpcf7_container_post\" value=\"0\" \/>\n<input type=\"hidden\" name=\"_wpcf7_posted_data_hash\" value=\"\" \/>\n<\/div>\n<p><span class=\"wpcf7-form-control-wrap text-629\"><input type=\"text\" name=\"text-629\" value=\"\" size=\"40\" class=\"wpcf7-form-control wpcf7-text wpcf7-validates-as-required\" aria-required=\"true\" aria-invalid=\"false\" placeholder=\"H\u1ecd t\u00ean c\u1ee7a b\u1ea1n...\" \/><\/span><br \/>\n<span class=\"wpcf7-form-control-wrap email-353\"><input type=\"email\" name=\"email-353\" value=\"\" size=\"40\" class=\"wpcf7-form-control wpcf7-text wpcf7-email wpcf7-validates-as-required wpcf7-validates-as-email\" aria-required=\"true\" aria-invalid=\"false\" placeholder=\"Email c\u1ee7a b\u1ea1n...\" \/><\/span><br \/>\n<span class=\"wpcf7-form-control-wrap tel-633\"><input type=\"tel\" name=\"tel-633\" value=\"\" size=\"40\" class=\"wpcf7-form-control wpcf7-text wpcf7-tel wpcf7-validates-as-required wpcf7-validates-as-tel\" aria-required=\"true\" aria-invalid=\"false\" placeholder=\"S\u1ed1 \u0111i\u1ec7n tho\u1ea1i...\" \/><\/span><br \/>\n<span class=\"wpcf7-form-control-wrap textarea-964\"><textarea name=\"textarea-964\" cols=\"40\" rows=\"10\" class=\"wpcf7-form-control wpcf7-textarea\" aria-invalid=\"false\">N\u1ed9i dung li\u00ean h\u1ec7...<\/textarea><\/span><br \/>\n<input type=\"submit\" value=\"G\u1eedi li\u00ean h\u1ec7\" class=\"wpcf7-form-control wpcf7-submit\" \/><\/p>\n<div class=\"wpcf7-response-output\" aria-hidden=\"true\"><\/div><\/form><\/div>\n\t\t<\/div>\n\t\t\t<\/div>\n\n\t\n<\/div>\n","protected":false},"excerpt":{"rendered":"","protected":false},"author":1,"featured_media":0,"parent":0,"menu_order":0,"comment_status":"closed","ping_status":"closed","template":"","meta":[],"_links":{"self":[{"href":"https:\/\/webmaibinh.com\/w\/mypham12011\/wp-json\/wp\/v2\/pages\/8"}],"collection":[{"href":"https:\/\/webmaibinh.com\/w\/mypham12011\/wp-json\/wp\/v2\/pages"}],"about":[{"href":"https:\/\/webmaibinh.com\/w\/mypham12011\/wp-json\/wp\/v2\/types\/page"}],"author":[{"embeddable":true,"href":"https:\/\/webmaibinh.com\/w\/mypham12011\/wp-json\/wp\/v2\/users\/1"}],"replies":[{"embeddable":true,"href":"https:\/\/webmaibinh.com\/w\/mypham12011\/wp-json\/wp\/v2\/comments?post=8"}],"version-history":[{"count":3,"href":"https:\/\/webmaibinh.com\/w\/mypham12011\/wp-json\/wp\/v2\/pages\/8\/revisions"}],"predecessor-version":[{"id":1801,"href":"https:\/\/webmaibinh.com\/w\/mypham12011\/wp-json\/wp\/v2\/pages\/8\/revisions\/1801"}],"wp:attachment":[{"href":"https:\/\/webmaibinh.com\/w\/mypham12011\/wp-json\/wp\/v2\/media?parent=8"}],"curies":[{"name":"wp","href":"https:\/\/api.w.org\/{rel}","templated":true}]}}