{"id":193,"date":"2018-12-08T14:11:18","date_gmt":"2018-12-08T07:11:18","guid":{"rendered":"https:\/\/tppone.com\/demo\/mica2\/?post_type=product&#038;p=193"},"modified":"2018-12-08T14:11:18","modified_gmt":"2018-12-08T07:11:18","slug":"the-ten-nhan-vien-06","status":"publish","type":"product","link":"https:\/\/webmaibinh.com\/w\/mica2\/san-pham\/the-ten-nhan-vien-06\/","title":{"rendered":"Th\u1ebb t\u00ean nh\u00e2n vi\u00ean 06"},"content":{"rendered":"","protected":false},"excerpt":{"rendered":"","protected":false},"featured_media":194,"template":"","meta":[],"_links":{"self":[{"href":"https:\/\/webmaibinh.com\/w\/mica2\/wp-json\/wp\/v2\/product\/193"}],"collection":[{"href":"https:\/\/webmaibinh.com\/w\/mica2\/wp-json\/wp\/v2\/product"}],"about":[{"href":"https:\/\/webmaibinh.com\/w\/mica2\/wp-json\/wp\/v2\/types\/product"}],"wp:featuredmedia":[{"embeddable":true,"href":"https:\/\/webmaibinh.com\/w\/mica2\/wp-json\/wp\/v2\/media\/194"}],"wp:attachment":[{"href":"https:\/\/webmaibinh.com\/w\/mica2\/wp-json\/wp\/v2\/media?parent=193"}],"curies":[{"name":"wp","href":"https:\/\/api.w.org\/{rel}","templated":true}]}}