{"id":976,"date":"2017-10-06T00:52:00","date_gmt":"2017-10-05T17:52:00","guid":{"rendered":"https:\/\/bizhostvn.com\/w\/mevabe\/?post_type=product&#038;p=976"},"modified":"2017-10-11T11:28:49","modified_gmt":"2017-10-11T04:28:49","slug":"ghe-an-sieu-gap-gon-4-cap-do-kiza-mau-xanh-la","status":"publish","type":"product","link":"https:\/\/webmaibinh.com\/w\/mevabe\/sanpham\/ghe-an-sieu-gap-gon-4-cap-do-kiza-mau-xanh-la\/","title":{"rendered":"Gh\u1ebf \u0103n si\u00eau g\u1ea5p g\u1ecdn 4 c\u1ea5p \u0111\u1ed9 Kiza (m\u00e0u xanh l\u00e1)"},"content":{"rendered":"<h2><strong>Gh\u1ebf \u0103n cho b\u00e9\u00a0si\u00eau g\u1ea5p g\u1ecdn 4 c\u1ea5p \u0111\u1ed9 Kiza (m\u00e0u xanh l\u00e1)<\/strong><\/h2>\n<div class=\"box-buy-detail\">\n<p>V\u1edbi\u00a0gh\u1ebf \u0103n si\u00eau g\u1ea5p g\u1ecdn 4 c\u1ea5p \u0111\u1ed9 Kiza (m\u00e0u xanh l\u00e1)\u00a0cho b\u00e9 c\u1ea3m gi\u00e1c tho\u1ea3i m\u00e1i. Gh\u1ebf \u0111\u01b0\u1ee3c thi\u1ebft k\u1ebf c\u00f3 k\u00e8m theo b\u00e0n \u0103n c\u00f3 ph\u1ea7n \u0111\u1ec3 c\u1ed1c ri\u00eang c\u00f9ng c\u00e1c n\u1ea5c \u0111i\u1ec1u ch\u1ec9nh \u0111\u1ed9 cao gi\u00fap cha m\u1eb9 ch\u0103m s\u00f3c b\u00e9 t\u1eebng b\u1eefa \u0103n m\u1ed9t c\u00e1ch d\u1ec5 d\u00e0ng nh\u1ea5t. S\u1ea3n ph\u1ea9m \u0111\u01b0\u1ee3c thi\u1ebft k\u1ebf v\u1edbi kh\u1ea3 n\u0103ng si\u00eau g\u1ea5p g\u1ecdn gi\u00fap m\u1eb9 c\u00f3 th\u1ec3 mang gh\u1ebf cho b\u00e9 \u0103n \u0111i m\u1ecdi n\u01a1i m\u1ed9t c\u00e1ch ti\u1ec7n d\u1ee5ng nh\u1ea5t. H\u00e3y cho b\u00e9 y\u00eau t\u1eadp \u0103n d\u1eb7m m\u1ed7i ng\u00e0y b\u1eb1ng chi\u1ebfc gh\u1ebf ti\u1ec7n l\u1ee3i n\u00e0y.<\/p>\n<p><img class=\"aligncenter\" src=\"https:\/\/k.r.worldssl.net\/media\/wysiwyg\/product\/be-an-be-uong\/ghe-an-dam\/ghe-an-dieu-chinh-do-cao-kiza-mau-xanh-la-1.jpg\" alt=\"\" width=\"500\" \/><\/p>\n<h3><strong>\u0110\u1eb7c \u0111i\u1ec3m n\u1ed5i tr\u1ed9i\u00a0gh\u1ebf \u0103n si\u00eau g\u1ea5p g\u1ecdn 4 c\u1ea5p \u0111\u1ed9 Kiza (m\u00e0u xanh l\u00e1)<\/strong><\/h3>\n<ul>\n<li style=\"list-style-type: none;\">\n<ul>\n<li>Gh\u1ebf ng\u1ed3i \u0103n cho b\u00e9\u00a0si\u00eau g\u1ea5p g\u1ecdn 4 c\u1ea5p \u0111\u1ed9 Kiza (m\u00e0u xanh l\u00e1)\u00a0s\u1eed d\u1ee5ng th\u00edch h\u1ee3p cho b\u00e9 t\u1eeb <strong>6 th\u00e1ng tu\u1ed5i tr\u1edf l\u00ean.<\/strong><\/li>\n<li>Gh\u1ebf \u0103n th\u00f4ng minh \u0111i\u1ec1u ch\u1ec9nh \u0111\u1ed9 cao linh ho\u1ea1t v\u00e0 th\u00edch h\u1ee3p v\u1edbi m\u1ecdi b\u1ed9 b\u00e0n gh\u1ebf \u0103n gia \u0111\u00ecnh. H\u01a1n n\u1eefa gh\u1ebf c\u00f3 2 d\u00e2y bu\u1ed9c c\u1ed1 \u0111\u1ecbnh ch\u1eafc ch\u1eafn gh\u1ebf \u0103n Kiza v\u1edbi gh\u1ebf \u0103n c\u1ee7a gia \u0111\u00ecnh b\u1ea1n \u0111\u1ec3 b\u00e9 c\u00f3 th\u1ec3 chung vui c\u00f9ng b\u1eefa c\u01a1m gia \u0111\u00ecnh.<img class=\"aligncenter\" src=\"https:\/\/k.r.worldssl.net\/media\/wysiwyg\/product\/be-an-be-uong\/ghe-an-dam\/ghe-an-sieu-gap-gon-4-cap-do-kiza-mau-xanh-la_10_.JPG\" alt=\"\" width=\"500\" \/><\/li>\n<li><strong>Gh\u1ebf c\u00f3 4 n\u1ea5c \u0111i\u1ec1u ch\u1ec9nh<\/strong> cao th\u1ea5p, d\u1ec5 d\u00e0ng thao t\u00e1c v\u1edbi n\u00fat b\u1ea5m n\u1eb1m \u1edf m\u1eb7t \u0111\u00e1y gh\u1ebf.<\/li>\n<\/ul>\n<\/li>\n<\/ul>\n<p><img class=\"aligncenter\" src=\"https:\/\/k.r.worldssl.net\/media\/wysiwyg\/product\/be-an-be-uong\/ghe-an-dam\/ghe-an-sieu-gap-gon-4-cap-do-kiza-mau-xanh-duong-20.gif\" alt=\"\" width=\"500\" \/><\/p>\n<ul>\n<li>Thi\u1ebft k\u1ebf g\u1eadp th\u00f4ng minh, g\u1ecdn nh\u1eb9 n\u00ean ti\u1ec7n l\u1ee3i \u0111\u1ec3 mang \u0111i xa, di chuy\u1ec3n c\u00f9ng b\u00e9 v\u00e0 gia \u0111\u00ecnh.<img class=\"aligncenter\" src=\"https:\/\/k.r.worldssl.net\/media\/wysiwyg\/product\/be-an-be-uong\/ghe-an-dam\/ghe-an-sieu-gap-gon-4-cap-do-kiza-mau-xanh-la_11_.JPG\" alt=\"\" width=\"500\" \/><\/li>\n<li>M\u00e0u s\u1eafc \u1ea5n t\u01b0\u1ee3ng, b\u1eaft m\u1eaft gh\u1ebf \u0103n si\u00eau g\u1ea5p gon 4 c\u1ea5p \u0111\u1ed9 Kiza gi\u00fap gi\u1edd \u0103n c\u1ee7a b\u00e9 tr\u1edf n\u00ean vui v\u1ebb v\u00e0 sinh \u0111\u1ed9ng h\u01a1n.<\/li>\n<li><strong>Khay \u0103n c\u00f3 th\u1ec3 th\u00e1o r\u1eddi d\u1ec5 d\u00e0ng<\/strong> khi b\u00e9 ng\u1ed3i \u0103n chung b\u00e0n c\u00f9ng c\u1ea3 nh\u00e0.<img class=\"aligncenter\" src=\"https:\/\/k.r.worldssl.net\/media\/wysiwyg\/product\/be-an-be-uong\/ghe-an-dam\/ghe-an-sieu-gap-gon-4-cap-do-kiza-mau-xanh-la_2_.JPG\" alt=\"\" width=\"500\" \/><\/li>\n<li>B\u1ec1 m\u1eb7t gh\u1ebf v\u00e0 khay \u0103n tr\u01a1n, <strong>d\u1ec5 d\u00e0ng lau ch\u00f9i, v\u1ec7 sinh s\u1ea1ch s\u1ebd<\/strong>.<img class=\"aligncenter\" src=\"https:\/\/k.r.worldssl.net\/media\/wysiwyg\/product\/be-an-be-uong\/ghe-an-dam\/ghe-an-sieu-gap-gon-4-cap-do-kiza-mau-xanh-la_5_.JPG\" alt=\"\" width=\"500\" \/><\/li>\n<li>Gh\u1ebf \u0103n si\u00eau g\u1ea5p g\u1ecdn 4 c\u1ea5p \u0111\u1ed9 Kiza <strong>c\u00f3 d\u00e2y an to\u00e0n cho b\u00e9 v\u00e0 d\u00e2y \u0111ai<\/strong> \u0111\u1ec3 gi\u1eef gh\u1ebf ch\u1eafc tr\u00ean gh\u1ebf \u0103n ng\u01b0\u1eddi l\u1edbn.<img class=\"aligncenter\" src=\"https:\/\/k.r.worldssl.net\/media\/wysiwyg\/product\/be-an-be-uong\/ghe-an-dam\/ghe-an-sieu-gap-gon-4-cap-do-kiza-mau-xanh-la_4_.JPG\" alt=\"\" width=\"500\" \/><\/li>\n<li>Gh\u1ebf \u0103n Kiza nh\u1ecf nh\u1eafn nh\u01b0ng l\u1ea1i c\u00f3 t\u00e1c d\u1ee5ng l\u1edbn trong vi\u1ec7c h\u1ed7 tr\u1ee3 cho b\u00e9 khi ng\u1ed3i \u0103n c\u00f9ng gia \u0111\u00ecnh. T\u1eeb \u0111\u00f3, b\u00e9 c\u00f3 th\u1ec3 t\u1eadp l\u00e0m quen v\u1edbi vi\u1ec7c t\u1ef1 l\u1eadp ng\u1ed3i \u0103n v\u00e0 v\u1eabn c\u00f3 th\u1ec3 h\u1ecdc h\u1ecfi v\u00e0 giao ti\u1ebfp v\u1edbi ng\u01b0\u1eddi th\u00e2n trong b\u1eefa \u0103n chung c\u00f9ng c\u1ea3 nh\u00e0.<\/li>\n<li>S\u1ea3n ph\u1ea9m c\u00f3 d\u00e2y quai \u0111eo v\u00e0 quai x\u00e1ch \u1edf l\u01b0ng gh\u1ebf, ti\u1ec7n l\u1ee3i khi mang theo, di chuy\u1ec3n trong m\u1ed7i chuy\u1ebfn \u0111i c\u00f9ng c\u1ea3 gia \u0111\u00ecnh.<\/li>\n<\/ul>\n<p><img class=\"aligncenter\" src=\"https:\/\/k.r.worldssl.net\/media\/wysiwyg\/product\/be-an-be-uong\/ghe-an-dam\/ghe-an-dieu-chinh-do-cao-kiza-mau-xanh-la-2.jpg\" alt=\"\" width=\"500\" \/><\/p>\n<p><em>Gh\u1ebf \u0103n si\u00eau g\u1ea5p g\u1ecdn 4 c\u1ea5p \u0111\u1ed9 Kiza (m\u00e0u xanh l\u00e1)<\/em><\/p>\n<\/div>\n","protected":false},"excerpt":{"rendered":"<p>Gh\u1ebf \u0103n cho b\u00e9\u00a0si\u00eau g\u1ea5p g\u1ecdn 4 c\u1ea5p \u0111\u1ed9 Kiza (m\u00e0u xanh l\u00e1) V\u1edbi\u00a0gh\u1ebf \u0103n si\u00eau g\u1ea5p g\u1ecdn 4 c\u1ea5p \u0111\u1ed9 Kiza (m\u00e0u xanh l\u00e1)\u00a0cho b\u00e9 c\u1ea3m gi\u00e1c tho\u1ea3i m\u00e1i. Gh\u1ebf \u0111\u01b0\u1ee3c thi\u1ebft k\u1ebf c\u00f3 k\u00e8m theo b\u00e0n \u0103n c\u00f3 ph\u1ea7n \u0111\u1ec3 c\u1ed1c ri\u00eang c\u00f9ng c\u00e1c n\u1ea5c \u0111i\u1ec1u ch\u1ec9nh \u0111\u1ed9 cao gi\u00fap cha m\u1eb9 ch\u0103m [&#8230;]\n","protected":false},"featured_media":977,"comment_status":"open","ping_status":"closed","template":"","meta":[],"_links":{"self":[{"href":"https:\/\/webmaibinh.com\/w\/mevabe\/wp-json\/wp\/v2\/product\/976"}],"collection":[{"href":"https:\/\/webmaibinh.com\/w\/mevabe\/wp-json\/wp\/v2\/product"}],"about":[{"href":"https:\/\/webmaibinh.com\/w\/mevabe\/wp-json\/wp\/v2\/types\/product"}],"replies":[{"embeddable":true,"href":"https:\/\/webmaibinh.com\/w\/mevabe\/wp-json\/wp\/v2\/comments?post=976"}],"wp:featuredmedia":[{"embeddable":true,"href":"https:\/\/webmaibinh.com\/w\/mevabe\/wp-json\/wp\/v2\/media\/977"}],"wp:attachment":[{"href":"https:\/\/webmaibinh.com\/w\/mevabe\/wp-json\/wp\/v2\/media?parent=976"}],"curies":[{"name":"wp","href":"https:\/\/api.w.org\/{rel}","templated":true}]}}