{"id":970,"date":"2017-10-06T00:46:34","date_gmt":"2017-10-05T17:46:34","guid":{"rendered":"https:\/\/bizhostvn.com\/w\/mevabe\/?post_type=product&#038;p=970"},"modified":"2017-10-11T11:39:06","modified_gmt":"2017-10-11T04:39:06","slug":"nuoc-rua-binh-arau-baby-dang-chai-500ml","status":"publish","type":"product","link":"https:\/\/webmaibinh.com\/w\/mevabe\/sanpham\/nuoc-rua-binh-arau-baby-dang-chai-500ml\/","title":{"rendered":"N\u01b0\u1edbc r\u1eeda b\u00ecnh Arau baby d\u1ea1ng chai 500ml"},"content":{"rendered":"<h2><strong>N\u01b0\u1edbc r\u1eeda b\u00ecnh Arau baby d\u1ea1ng chai 500ml s\u1ed1 1 Nh\u1eadt B\u1ea3n<\/strong><\/h2>\n<p>N\u01b0\u1edbc r\u1eeda b\u00ecnh Arau baby d\u1ea1ng chai 500ml\u00a0l\u00e0 s\u1ea3n ph\u1ea9m l\u00e0m s\u1ea1ch b\u00ecnh s\u1eefa v\u00e0 ph\u1ee5 ki\u1ec7n \u0111\u01b0\u1ee3c r\u1ea5t nhi\u1ec1u b\u00e0 m\u1eb9 tr\u00ean to\u00e0n th\u1ebf gi\u1edbi \u01b0u chu\u1ed9ng kh\u00f4ng ch\u1ec9 v\u00ec \u0111\u00f3 l\u00e0 th\u01b0\u01a1ng hi\u1ec7u n\u1ed5i ti\u1ebfng m\u00e0 n\u00f3 kh\u00e1c ho\u00e0n to\u00e0n c\u00e1c lo\u1ea1i t\u1ea9y r\u1eeda th\u00f4ng th\u01b0\u1eddng. S\u1ea3n ph\u1ea9m ho\u00e0n to\u00e0n kh\u00f4ng ch\u1ee9a ch\u1ea5t t\u1ea9y r\u1eeda, kh\u00f4ng h\u00f3a ch\u1ea5t, m\u00f9i d\u1ec5 ch\u1ecbu an to\u00e0n tuy\u1ec7t \u0111\u1ed1i khi cho b\u00e9 s\u1eed d\u1ee5ng.<\/p>\n<p><strong>Th\u00e0nh ph\u1ea7n:<\/strong> c\u00f3 chi\u1ebft xu\u1ea5t 100% t\u1eeb l\u00e1 t\u00eda t\u00f4. Kh\u00f4ng ch\u1ea5t t\u1ea1o m\u00e0u, kh\u00f4ng c\u00f3 ch\u1ea5t ph\u1ee5 gia, kh\u00f4ng ch\u1ea5t t\u1ea1o m\u00f9i v\u00e0 ch\u1ea5t b\u1ea3o qu\u1ea3n. An to\u00e0n cho s\u1ee9c kh\u1ecfe c\u1ee7a tr\u1ebb.<\/p>\n<p><img class=\"aligncenter\" src=\"https:\/\/k.r.worldssl.net\/media\/wysiwyg\/product\/be-an-be-uong\/nuoc-rua-binh\/nuoc-rua-binh-arau-baby-dang-chai-500ml.jpg\" alt=\"\" width=\"500\" \/><\/p>\n<p><strong>C\u00f4ng d\u1ee5ng:<\/strong> v\u1ec7 sinh b\u00ecnh s\u1eefa, n\u00fam ty, ty gi\u1ea3, d\u1ee5ng c\u1ee5 \u0103n u\u1ed1ng, \u0111\u1ed3 ch\u01a1i,&#8230;.<\/p>\n<p><strong>H\u01b0\u1edbng d\u1eabn s\u1eed d\u1ee5ng:<\/strong><\/p>\n<p>Ho\u00e0 tan v\u1edbi n\u01b0\u1edbc 1 l\u01b0\u1ee3ng nh\u1ecf n\u01b0\u1edbc r\u1eeda b\u00ecnh arau cho v\u00e0o d\u1ee5ng c\u1ee5 c\u1ea7n r\u1eeda, s\u1eed d\u1ee5ng d\u1ee5ng c\u1ee5 c\u1ecd r\u1eeda m\u1ec1m v\u1ec7 sinh<\/p>\n<p>S\u1ea3n ph\u1ea9m d\u1ec5 d\u00e0ng t\u1ea1o b\u1ecdt nhanh v\u00e0 nhi\u1ec1u v\u1edbi c\u00e1c h\u1ea1t nh\u1ecf li ti. B\u1ecdt x\u00e0 ph\u00f2ng s\u1ebd len v\u00e0 t\u1eebng k\u1ebd h\u1edf v\u00e0 t\u1ea9y s\u1ea1ch c\u00e1c v\u1ebft b\u1ea9n \u0111\u1ea3m b\u1ea3o v\u1ec7 sinh cho b\u00e9<\/p>\n<p><strong>\u0110a c\u00f4ng d\u1ee5ng<\/strong><\/p>\n<p>C\u00f3 th\u1ec3 s\u1eed d\u1ee5ng n\u01b0\u1edbc r\u1eeda \u0111\u1ec3 ti\u1ec7t tr\u00f9ng v\u1ec7 sinh b\u00ecnh s\u1eefa, \u0111\u0129a \u0103n, n\u00fam ty, ty gi\u1ea3, \u0111\u1ed3 ch\u01a1i cho b\u00e9,&#8230;<\/p>\n<p><strong>Thi\u1ebft k\u1ebf ti\u1ec7n l\u1ee3i<\/strong><\/p>\n<p>S\u1ea3n ph\u1ea9m c\u00f3 thi\u1ebft k\u1ebf d\u1ea1ng chai c\u00f3 v\u00f2i ti\u1ec7n d\u1ee5ng cho m\u1eb9 v\u00e0 v\u1ec7 sinh cho b\u00e9.<\/p>\n<p>Dung t\u00edch : 500ml<\/p>\n<p>S\u1ea3n xu\u1ea5t t\u1ea1i Nh\u1eadt B\u1ea3n<\/p>\n","protected":false},"excerpt":{"rendered":"<p>V\u00e0 \u0111\u1ec3 t\u1eb7ng hi\u1ec7u qu\u1ea3 v\u00e0 gi\u1ea3m gi\u00e1 th\u00e0nh s\u1ea3n ph\u1ea9m kh\u00f4ng t\u00ed c\u00e1c nh\u00e0 s\u1ea3n xu\u1ea5 n\u01b0\u1edbc r\u1eeda b\u00ecnh s\u1eefa gi\u00e1 r\u1ebb l\u1ea1i s\u1eb5n s\u00e0ng s\u1eed d\u1ee5ng h\u00f3a ch\u1ea5t t\u1ea9y r\u1eeda t\u1ed5ng h\u1ee3p v\u00e0 ph\u1ee5 gia.<\/p>\n","protected":false},"featured_media":971,"comment_status":"open","ping_status":"closed","template":"","meta":[],"_links":{"self":[{"href":"https:\/\/webmaibinh.com\/w\/mevabe\/wp-json\/wp\/v2\/product\/970"}],"collection":[{"href":"https:\/\/webmaibinh.com\/w\/mevabe\/wp-json\/wp\/v2\/product"}],"about":[{"href":"https:\/\/webmaibinh.com\/w\/mevabe\/wp-json\/wp\/v2\/types\/product"}],"replies":[{"embeddable":true,"href":"https:\/\/webmaibinh.com\/w\/mevabe\/wp-json\/wp\/v2\/comments?post=970"}],"wp:featuredmedia":[{"embeddable":true,"href":"https:\/\/webmaibinh.com\/w\/mevabe\/wp-json\/wp\/v2\/media\/971"}],"wp:attachment":[{"href":"https:\/\/webmaibinh.com\/w\/mevabe\/wp-json\/wp\/v2\/media?parent=970"}],"curies":[{"name":"wp","href":"https:\/\/api.w.org\/{rel}","templated":true}]}}