{"id":966,"date":"2017-10-06T00:43:06","date_gmt":"2017-10-05T17:43:06","guid":{"rendered":"https:\/\/bizhostvn.com\/w\/mevabe\/?post_type=product&#038;p=966"},"modified":"2017-10-11T11:42:02","modified_gmt":"2017-10-11T04:42:02","slug":"sua-bot-nan-nga-so-2-400g-cho-be-yeu","status":"publish","type":"product","link":"https:\/\/webmaibinh.com\/w\/mevabe\/sanpham\/sua-bot-nan-nga-so-2-400g-cho-be-yeu\/","title":{"rendered":"S\u1eefa b\u1ed9t dinh d\u01b0\u1ee1ng Nan Nga s\u1ed1 2 (400g) cho b\u00e9 y\u00eau"},"content":{"rendered":"<h2><strong>S\u1eefa Nan Nga s\u1ed1 2 400gr cho b\u00e9 h\u1ec7 ti\u00eau h\u00f3a kh\u1ecfe m\u1ea1nh<\/strong><\/h2>\n<ul>\n<li>L\u00e0 lo\u1ea1i\u00a0s\u1eefa b\u1ed9t cho b\u00e9\u00a0gi\u00fap b\u1ed5 sung ch\u1ea5t dinh d\u01b0\u1ee1ng cho qu\u00e1 tr\u00ecnh ph\u00e1t tri\u1ec3n tr\u00ed n\u00e3o v\u00e0 c\u01a1 th\u1ec3 c\u1ee7a b\u00e9.<\/li>\n<li>Gi\u00fap b\u00e9 \u1ed5n \u0111\u1ecbnh ch\u1ea5t dinh d\u01b0\u1ee1ng khi m\u1eb9 \u00edt s\u1eefa \u0111\u1ebfn qu\u00e1 tr\u00ecnh cai s\u1eefa c\u1ee7a b\u00e9.<\/li>\n<\/ul>\n<ul>\n<li>V\u1edbi c\u00f4ng th\u1ee9c \u0111\u1ea7y \u0111\u1ee7 c\u00e1c ch\u1ea5t protein c\u1ea7n thi\u1ebft cho b\u00e9.<\/li>\n<li>C\u00e1c lo\u1ea1i\u00a0axit b\u00e9o\u00a0\u0111\u01b0\u1ee3c t\u00ecm th\u1ea5y trong th\u00e0nh ph\u1ea7n s\u1eefa m\u1eb9.<\/li>\n<li>Nu\u00f4i d\u01b0\u1ee1ng h\u1ec7 vi th\u1ef1c v\u1eadt c\u00f3 l\u1ee3i cho s\u1ee9c kh\u1ecfe nh\u1edd vi khu\u1ea9n biphidum BL<\/li>\n<li>T\u0103ng c\u01b0\u1eddng kh\u1ea3 n\u0103ng mi\u1ec5n d\u1ecbch cho b\u00e9.<\/li>\n<li>Cung c\u1ea5p\u00a0DHA\u00a0c\u1ea7n thi\u1ebft cho b\u00e9: (omega 3) v\u00e0 (omega 6) gi\u00fap ph\u00e1t tri\u1ec3n tr\u00ed n\u00e3o v\u00e0 th\u1ecb l\u1ef1c cho b\u00e9<\/li>\n<li>Th\u00e0nh ph\u1ea7n ch\u1ea5t \u0111\u1ea1m\u00a0Optipro 3\u00a0: th\u00fac \u0111\u1ea9y chi\u1ec1u cao c\u00e2n \u0111\u1ed1i v\u00e0 gi\u00fap b\u00e9 th\u00f4ng minh h\u01a1n.<\/li>\n<li>Th\u00e0nh ph\u1ea7n dinh d\u01b0\u1ee1ng g\u1ed3m:\u00a0canxi nitrat, canxi fotfat, natri nitrat, kali clorua, natri selen, kali i\u1ed1t,\u00a0mantodectrin, k\u1ebdm sunfat, s\u1eaft sunfat,\u00a0s\u1eefa kh\u00f4ng b\u00e9o, \u0111\u01b0\u1eddng lacto, d\u1ea7u th\u1ef1c v\u1eadt, ch\u1ea5t \u0111\u1ea1m, lexitin \u0111\u1eadu n\u00e0nh, d\u1ea7u c\u00e1, \u0111\u1ed3ng sunfat, ch\u1ea5t nu\u00f4i c\u1ea5y vi th\u1ef1c v\u1eadt, c\u00e1c vitamin\u2026<\/li>\n<\/ul>\n<div><img loading=\"lazy\" class=\"aligncenter\" title=\"S\u1eefa Nan Nga s\u1ed1 2 400gr\" src=\"https:\/\/k.r.worldssl.net\/media\/catalog\/product\/s\/u\/sua-nan-nga-so-2-400gr-1_1.jpg\" alt=\"S\u1eefa Nan Nga s\u1ed1 2 400gr\" width=\"500\" height=\"500\" \/><\/div>\n<p><strong>Th\u00f4ng s\u1ed1 s\u1ea3n ph\u1ea9m s\u1eefa Nan Nga s\u1ed1 2 400gr<\/strong><\/p>\n<ul>\n<li>S\u1eefa Nan nh\u1eadp kh\u1ea9u\u00a0tr\u1ef1c ti\u1ebfp t\u1eeb\u00a0Nga.<\/li>\n<li>Nguy\u00ean h\u1ed9p thi\u1ebfc 400gr.<\/li>\n<li>B\u1ea3o qu\u1ea3n\u00a0\u2264 25\u00b0C.<\/li>\n<li>D\u00e0nh cho b\u00e9 tr\u00ean 6 th\u00e1ng tu\u1ed5i<\/li>\n<\/ul>\n<p><img loading=\"lazy\" class=\"aligncenter\" title=\"Th\u00f4ng tin v\u00e0 c\u00e1ch pha s\u1eefa Nan Nga s\u1ed1 2 400gr\" src=\"https:\/\/k.r.worldssl.net\/media\/catalog\/product\/s\/u\/sua-nan-nga-so-2-400gr-2.jpg\" alt=\"Th\u00f4ng tin v\u00e0 c\u00e1ch pha s\u1eefa Nan Nga s\u1ed1 2 400gr\" width=\"500\" height=\"500\" \/><\/p>\n<p><em>S\u1eefa Nan Nga S\u1ed1 2 400gr \u0111\u01b0\u1ee3c nh\u1eadp kh\u1ea9u tr\u1ef1c ti\u1ebfp t\u1eeb Nga<\/em><\/p>\n<p>H\u00e3y l\u1ef1a ch\u1ecdn\u00a0s\u1eefa Nan Nga s\u1ed1 2 800g\u00a0h\u1ed9p l\u1edbn \u0111\u1ec3 ph\u00f9 h\u1ee3p h\u01a1n v\u1edbi nh\u1eefng b\u00e9 b\u00fa nhi\u1ec1u.<\/p>\n","protected":false},"excerpt":{"rendered":"<p>L\u00e0 lo\u1ea1i\u00a0s\u1eefa b\u1ed9t cho b\u00e9\u00a0gi\u00fap b\u1ed5 sung ch\u1ea5t dinh d\u01b0\u1ee1ng cho qu\u00e1 tr\u00ecnh ph\u00e1t tri\u1ec3n tr\u00ed n\u00e3o v\u00e0 c\u01a1 th\u1ec3 c\u1ee7a b\u00e9. Gi\u00fap b\u00e9 \u1ed5n \u0111\u1ecbnh ch\u1ea5t dinh d\u01b0\u1ee1ng khi m\u1eb9 \u00edt s\u1eefa \u0111\u1ebfn qu\u00e1 tr\u00ecnh cai s\u1eefa c\u1ee7a b\u00e9.<\/p>\n","protected":false},"featured_media":967,"comment_status":"open","ping_status":"closed","template":"","meta":[],"_links":{"self":[{"href":"https:\/\/webmaibinh.com\/w\/mevabe\/wp-json\/wp\/v2\/product\/966"}],"collection":[{"href":"https:\/\/webmaibinh.com\/w\/mevabe\/wp-json\/wp\/v2\/product"}],"about":[{"href":"https:\/\/webmaibinh.com\/w\/mevabe\/wp-json\/wp\/v2\/types\/product"}],"replies":[{"embeddable":true,"href":"https:\/\/webmaibinh.com\/w\/mevabe\/wp-json\/wp\/v2\/comments?post=966"}],"wp:featuredmedia":[{"embeddable":true,"href":"https:\/\/webmaibinh.com\/w\/mevabe\/wp-json\/wp\/v2\/media\/967"}],"wp:attachment":[{"href":"https:\/\/webmaibinh.com\/w\/mevabe\/wp-json\/wp\/v2\/media?parent=966"}],"curies":[{"name":"wp","href":"https:\/\/api.w.org\/{rel}","templated":true}]}}