{"id":964,"date":"2017-10-06T00:41:31","date_gmt":"2017-10-05T17:41:31","guid":{"rendered":"https:\/\/bizhostvn.com\/w\/mevabe\/?post_type=product&#038;p=964"},"modified":"2017-10-11T11:43:36","modified_gmt":"2017-10-11T04:43:36","slug":"banh-quy-heinz-7-60g","status":"publish","type":"product","link":"https:\/\/webmaibinh.com\/w\/mevabe\/sanpham\/banh-quy-heinz-7-60g\/","title":{"rendered":"B\u00e1nh quy Heinz 7+ 60g"},"content":{"rendered":"<h2><strong>B\u00e1nh quy Heinz 7+ 60g, an to\u00e0n cho b\u00e9<\/strong><\/h2>\n<ul>\n<li>\u0110\u1eb7c ch\u1ebf d\u00e0nh cho b\u00e9 t\u1eeb 7 th\u00e1ng tu\u1ed5i tr\u1edf l\u00ean<\/li>\n<li>B\u00e1nh quy Heinz gi\u00e0u dinh d\u01b0\u1ee1ng, b\u1ed5 sung nh\u1eefng d\u01b0\u1ee1ng ch\u1ea5t c\u1ea7n thi\u1ebft cho b\u00e9 trong giai \u0111o\u1ea1n \u0103n d\u1eb7m nh\u01b0 DHA, viatmin, kho\u00e1ng ch\u1ea5t, s\u1eaft v\u00e0 Canxi\u00a0gi\u00fap b\u00e9 ph\u00e1t tri\u1ec3n to\u00e0n di\u1ec7n c\u1ea3 v\u1ec1 th\u1ec3 ch\u1ea5t v\u00e0 tr\u00ed tu\u1ec7.<\/li>\n<\/ul>\n<p><img loading=\"lazy\" class=\"aligncenter\" src=\"https:\/\/k.r.worldssl.net\/media\/catalog\/product\/b\/a\/banh-quy-heinz-7-60g-1.jpg\" alt=\"\" width=\"500\" height=\"500\" \/><\/p>\n<ul>\n<li>B\u00e1nh quy Heinz thi\u1ebft k\u1ebf m\u1ed9t c\u00e1ch \u0111\u1eb7c bi\u1ec7t, d\u1ea1ng h\u01a1i c\u1ee9ng, c\u00f3 th\u1ec3 tan nhanh trong mi\u1ec7ng khi tr\u1ebb \u0111i\u1ec1u ti\u1ebft n\u01b0\u1edbc b\u1ecdt, th\u00fac \u0111\u1ea9y qu\u00e1 tr\u00ecnh m\u1ecdc r\u0103ng v\u00e0 kh\u1ea3 n\u0103ng nhai c\u1ee7a tr\u1ebb.<\/li>\n<li>S\u1ea3n ph\u1ea9m v\u1edbi h\u01b0\u01a1ng t\u00e1o ho\u1eb7c chu\u1ed1i \u00a0th\u01a1m ngon, ph\u00f9 h\u1ee3p v\u1edbi s\u1edf th\u00edch c\u1ee7a b\u00e9<\/li>\n<\/ul>\n<p><img class=\"aligncenter\" src=\"https:\/\/k.r.worldssl.net\/media\/catalog\/product\/b\/a\/banh-quy-heinz-7-60g_1.jpg\" alt=\"\" width=\"500\" \/><\/p>\n<ul>\n<li>B\u00e9 c\u00f3 th\u1ec3 \u0103n tr\u1ef1c ti\u1ebfp ho\u1eb7c \u0103n c\u00f9ng s\u1eefa, b\u1ed9t<\/li>\n<\/ul>\n","protected":false},"excerpt":{"rendered":"<p>\u0110\u1eb7c ch\u1ebf d\u00e0nh cho b\u00e9 t\u1eeb 7 th\u00e1ng tu\u1ed5i tr\u1edf l\u00ean. B\u00e1nh quy Heinz gi\u00e0u dinh d\u01b0\u1ee1ng, b\u1ed5 sung nh\u1eefng d\u01b0\u1ee1ng ch\u1ea5t c\u1ea7n thi\u1ebft cho b\u00e9 trong giai \u0111o\u1ea1n \u0103n d\u1eb7m nh\u01b0 DHA, viatmin, kho\u00e1ng ch\u1ea5t, s\u1eaft v\u00e0 Canxi\u00a0gi\u00fap b\u00e9 ph\u00e1t tri\u1ec3n to\u00e0n di\u1ec7n c\u1ea3 v\u1ec1 th\u1ec3 ch\u1ea5t v\u00e0 tr\u00ed tu\u1ec7.<\/p>\n","protected":false},"featured_media":965,"comment_status":"open","ping_status":"closed","template":"","meta":[],"_links":{"self":[{"href":"https:\/\/webmaibinh.com\/w\/mevabe\/wp-json\/wp\/v2\/product\/964"}],"collection":[{"href":"https:\/\/webmaibinh.com\/w\/mevabe\/wp-json\/wp\/v2\/product"}],"about":[{"href":"https:\/\/webmaibinh.com\/w\/mevabe\/wp-json\/wp\/v2\/types\/product"}],"replies":[{"embeddable":true,"href":"https:\/\/webmaibinh.com\/w\/mevabe\/wp-json\/wp\/v2\/comments?post=964"}],"wp:featuredmedia":[{"embeddable":true,"href":"https:\/\/webmaibinh.com\/w\/mevabe\/wp-json\/wp\/v2\/media\/965"}],"wp:attachment":[{"href":"https:\/\/webmaibinh.com\/w\/mevabe\/wp-json\/wp\/v2\/media?parent=964"}],"curies":[{"name":"wp","href":"https:\/\/api.w.org\/{rel}","templated":true}]}}