{"id":962,"date":"2017-10-06T00:39:49","date_gmt":"2017-10-05T17:39:49","guid":{"rendered":"https:\/\/bizhostvn.com\/w\/mevabe\/?post_type=product&#038;p=962"},"modified":"2017-10-11T11:45:25","modified_gmt":"2017-10-11T04:45:25","slug":"banh-quy-an-dam-trung-wakodo-ao3-7-thang","status":"publish","type":"product","link":"https:\/\/webmaibinh.com\/w\/mevabe\/sanpham\/banh-quy-an-dam-trung-wakodo-ao3-7-thang\/","title":{"rendered":"B\u00e1nh quy \u0103n d\u1eb7m tr\u1ee9ng Wakodo AO3 7 th\u00e1ng"},"content":{"rendered":"<h2><strong>B\u00e1nh quy \u0103n d\u1eb7m tr\u1ee9ng Wakodo AO3 7 th\u00e1ng\u00a0th\u01a1m ngon, b\u1ed5 d\u01b0\u1ee1ng<\/strong><\/h2>\n<p><strong>Th\u00e0nh ph\u1ea7n: <\/strong>tinh b\u1ed9t, \u0111\u01b0\u1eddng, l\u00f2ng \u0111\u1ecf tr\u1ee9ng c\u00f3 \u0111\u01b0\u1eddng (9,1%), s\u1eefa g\u1ea7y, canxi v\u1ecf tr\u1ee9ng<\/p>\n<p><img class=\"aligncenter\" src=\"https:\/\/k.r.worldssl.net\/media\/wysiwyg\/product\/be-an-be-uong\/banh-an-dam-keo-dinh-duong\/banh-quy-an-dam-trung-wakodo-ao3-7-thang-2.JPG\" alt=\"\" width=\"500\" \/><\/p>\n<p><strong>\u0110\u1eb7c \u0111i\u1ec3m c\u1ee7a s\u1ea3n ph\u1ea9m\u00a0<\/strong><\/p>\n<ul>\n<li>B\u00e1nh \u0103n d\u1eb7m\u00a0Wakodo AO3 l\u00e0 th\u1ef1c ph\u1ea9m d\u00e0nh cho b\u00e9 trong giai \u0111o\u1ea1n \u0103n d\u1eb7m t\u1eeb\u00a07 th\u00e1ng tu\u1ed5i tr\u1edf l\u00ean, gi\u00fap m\u1eb9 cung c\u1ea5p n\u0103ng l\u01b0\u1ee3ng cho s\u1ef1 ph\u00e1t tri\u1ec3n to\u00e0n di\u1ec7n c\u1ee7a tr\u1ebb.<\/li>\n<li>B\u00e1nh x\u1ed1p gi\u00fap n\u01b0\u1edbc b\u1ecdt d\u1ec5 th\u1ea5m, s\u1ebd tan ngay khi \u0111\u01b0a v\u00e0o mi\u1ec7ng b\u00e9, kh\u00f4ng lo b\u1ecb ngh\u1eb9n hay h\u00f3c khi b\u00e9 \u0103n<\/li>\n<li>Ngo\u00e0i ra c\u00f2n\u00a0b\u1ed5 sung protein, canxi\u00a0<strong>gi\u00fap b\u00e9 ph\u00e1t tri\u1ec3n chi\u1ec1u cao .<\/strong><\/li>\n<\/ul>\n<p><strong><img class=\"aligncenter\" src=\"https:\/\/k.r.worldssl.net\/media\/wysiwyg\/product\/be-an-be-uong\/banh-an-dam-keo-dinh-duong\/banh-quy-an-dam-trung-wakodo-ao3-7-thang-1.JPG\" alt=\"\" width=\"500\" \/><\/strong><\/p>\n<ul>\n<li>Nh\u1eefng chi\u1ebfc b\u00e1nh \u0111\u01b0\u1ee3c thi\u1ebft k\u1ebf h\u00ecnh vi\u00ean tr\u00f2n nh\u1ecf nh\u1eafn v\u1eeba v\u1eb7n v\u1edbi b\u00e0n tay c\u1ee7a b\u00e9, gi\u00fap cho b\u00e9 d\u1ec5 d\u00e0ng c\u1ea7m n\u1eafm v\u00e0 th\u00edch th\u00fa h\u01a1n khi \u0103n.<\/li>\n<li>B\u00e1nh quy \u0103n d\u1eb7m tr\u1ee9ng Wakodo AO3 7 th\u00e1ng\u00a0\u0111\u01b0\u1ee3c s\u1ea3n xu\u1ea5t t\u1ea1i Nh\u1eadt, b\u00e1nh\u00a0k<strong>h\u00f4ng s\u1eed d\u1ee5ng ch\u1ea5t b\u1ea3o qu\u1ea3n<\/strong><strong>, kh\u00f4ng ch\u1ea5t t\u1ea1o m\u00e0u, kh\u00f4ng ch\u1ea5t t\u1ea1o m\u00f9i<\/strong> n\u00ean r\u1ea5t an to\u00e0n, m\u1eb9 c\u00f3 th\u1ec3 y\u00ean t\u00e2m khi cho b\u00e9 \u0103n.<\/li>\n<\/ul>\n<p><img class=\"aligncenter\" src=\"https:\/\/k.r.worldssl.net\/media\/wysiwyg\/product\/be-an-be-uong\/banh-an-dam-keo-dinh-duong\/banh-quy-an-dam-trung-wakodo-ao3-7-thang-3.JPG\" alt=\"\" width=\"500\" \/><\/p>\n<ul>\n<li>B\u00e1nh c\u00f3 m\u00f9i v\u1ecb th\u01a1m ngon s\u1ebd k\u00edch th\u00edch b\u00e9 \u0103n nhi\u1ec1u h\u01a1n.<\/li>\n<li>\u0110\u00f3ng g\u00f3i: 45g\/h\u1ed9p (3 t\u00fai x 15g)<\/li>\n<li>Xu\u1ea5t x\u1ee9: Nh\u1eadt B\u1ea3n.<\/li>\n<li>H\u1ea1n s\u1eed d\u1ee5ng: 18 th\u00e1ng k\u1ec3 t\u1eeb ng\u00e0y s\u1ea3n xu\u1ea5t<\/li>\n<\/ul>\n","protected":false},"excerpt":{"rendered":"<p>B\u00e1nh \u0103n d\u1eb7m\u00a0Wakodo AO3 l\u00e0 th\u1ef1c ph\u1ea9m d\u00e0nh cho b\u00e9 trong giai \u0111o\u1ea1n \u0103n d\u1eb7m t\u1eeb\u00a07 th\u00e1ng tu\u1ed5i tr\u1edf l\u00ean, gi\u00fap m\u1eb9 cung c\u1ea5p n\u0103ng l\u01b0\u1ee3ng cho s\u1ef1 ph\u00e1t tri\u1ec3n to\u00e0n di\u1ec7n c\u1ee7a tr\u1ebb.\u00a0B\u00e1nh x\u1ed1p gi\u00fap n\u01b0\u1edbc b\u1ecdt d\u1ec5 th\u1ea5m, s\u1ebd tan ngay khi \u0111\u01b0a v\u00e0o mi\u1ec7ng b\u00e9, kh\u00f4ng lo b\u1ecb ngh\u1eb9n hay h\u00f3c khi b\u00e9 \u0103n<\/p>\n","protected":false},"featured_media":963,"comment_status":"open","ping_status":"closed","template":"","meta":[],"_links":{"self":[{"href":"https:\/\/webmaibinh.com\/w\/mevabe\/wp-json\/wp\/v2\/product\/962"}],"collection":[{"href":"https:\/\/webmaibinh.com\/w\/mevabe\/wp-json\/wp\/v2\/product"}],"about":[{"href":"https:\/\/webmaibinh.com\/w\/mevabe\/wp-json\/wp\/v2\/types\/product"}],"replies":[{"embeddable":true,"href":"https:\/\/webmaibinh.com\/w\/mevabe\/wp-json\/wp\/v2\/comments?post=962"}],"wp:featuredmedia":[{"embeddable":true,"href":"https:\/\/webmaibinh.com\/w\/mevabe\/wp-json\/wp\/v2\/media\/963"}],"wp:attachment":[{"href":"https:\/\/webmaibinh.com\/w\/mevabe\/wp-json\/wp\/v2\/media?parent=962"}],"curies":[{"name":"wp","href":"https:\/\/api.w.org\/{rel}","templated":true}]}}