{"id":846,"date":"2017-10-05T16:58:39","date_gmt":"2017-10-05T09:58:39","guid":{"rendered":"https:\/\/bizhostvn.com\/w\/mevabe\/?post_type=product&#038;p=846"},"modified":"2017-10-11T10:55:08","modified_gmt":"2017-10-11T03:55:08","slug":"do-choi-hinh-khoi-ong-my-little-huimei-hm132-1","status":"publish","type":"product","link":"https:\/\/webmaibinh.com\/w\/mevabe\/sanpham\/do-choi-hinh-khoi-ong-my-little-huimei-hm132-1\/","title":{"rendered":"\u0110\u1ed3 ch\u01a1i h\u00ecnh kh\u1ed1i \u1ed1ng My Little Huimei HM132-1"},"content":{"rendered":"<h2><strong>\u0110\u1ed3 ch\u01a1i h\u00ecnh kh\u1ed1i \u1ed1ng My Little Huimei HM132-1 b\u1ec1n, \u0111\u1eb9p, an to\u00e0n<\/strong><\/h2>\n<p>Ngo\u00e0i nh\u1eefng m\u00f3n \u0111\u1ed3 ch\u01a1i x\u1ebfp ch\u1ed3ng hay x\u1ebfp h\u00ecnh b\u1eb1ng g\u1ed7 th\u00ec \u0111\u1ed3 ch\u01a1i h\u00ecnh kh\u1ed1i \u1ed1ng b\u1eb1ng nh\u1ef1a c\u0169ng n\u1eb1m trong top nh\u1eefng m\u00f3n \u0111\u1ed3 ch\u01a1i th\u00f4ng minh \u0111\u01b0\u1ee3c c\u00e1c b\u00e0 m\u1eb9 tr\u00ean to\u00e0n th\u1ebf gi\u1edbi l\u1ef1a ch\u1ecdn cho b\u00e9 y\u00eau nh\u00e0 m\u00ecnh. \u0110\u1ed3 ch\u01a1i h\u00ecnh kh\u1ed1i \u1ed1ng My Little Huimei HM132-1 \u0111\u01b0\u1ee3c l\u00e0m t\u1eeb ch\u1ea5t li\u1ec7u nh\u1ef1a ABS cao c\u1ea5p, <strong>thi\u1ebft k\u1ebf theo c\u00f4ng ngh\u1ec7 khu\u00f4n m\u1eabu \u0110\u1ee9c,<\/strong> r\u1ea5t ch\u1eafc ch\u1eafn v\u00e0 an to\u00e0n tuy\u1ec7t \u0111\u1ed1i v\u1edbi l\u00e0n da c\u1ee7a b\u00e9 y\u00eau. H\u01a1n n\u1eefa s\u1ea3n ph\u1ea9m c\u00f3 nhi\u1ec1u h\u00ecnh kh\u1ed1i v\u1edbi k\u00edch c\u1ee1 v\u00e0 m\u00e0u s\u1eafc kh\u00e1c nhau gi\u00fap b\u00e9 nh\u1eadn bi\u1ebft \u0111\u01b0\u1ee3c c\u00e1c kh\u1ed1i h\u00ecnh c\u0169ng nh\u01b0 k\u00edch th\u00edch th\u1ecb gi\u00e1c ph\u00e1t tri\u1ec3n.<\/p>\n<p><img class=\"aligncenter\" src=\"https:\/\/k.r.worldssl.net\/media\/wysiwyg\/product\/dochoi\/do-choi-thong-minh\/do-choi-hinh-khoi-ong-my-little-huimei-hm132-1-8.jpg\" alt=\"\" width=\"500\" \/><\/p>\n<h3><strong>\u0110\u1eb7c \u0111i\u1ec3m ch\u00ednh \u0111\u1ed3 ch\u01a1i h\u00ecnh kh\u1ed1i My Little Huimei HM132-1<\/strong><\/h3>\n<p><strong>Ch\u1ea5t li\u1ec7u cao c\u1ea5p<\/strong><\/p>\n<p>B\u1ed9 s\u1ea3n ph\u1ea9m \u0111\u01b0\u1ee3c l\u00e0m ho\u00e0n to\u00e0n b\u1eb1ng ch\u1ea5t li\u1ec7u nh\u1ef1a <strong>ABS cao c\u1ea5p, c\u1ee9ng c\u00e1p, kh\u00f4ng BPA,<\/strong> an to\u00e0n v\u1edbi b\u00e9<\/p>\n<p>Ch\u1ed1ng n\u01b0\u1edbc tuy\u1ec7t \u0111\u1ed1i, c\u00f3 kh\u1ea3 n\u0103ng ch\u1ecbu va \u0111\u1eadp m\u1ea1nh, r\u1ea5t b\u1ec1n \u0111\u1eb9p<\/p>\n<p>B\u1ec1 m\u1eb7t c\u1ee7a t\u1eebng chi ti\u1ebft s\u1ea3n ph\u1ea9m \u0111\u01b0\u1ee3c x\u1eed l\u00fd nh\u1eb5n b\u00f3ng m\u1ecbn kh\u00f4ng l\u00e0m t\u1ed5n th\u01b0\u01a1ng l\u00ean da c\u1ee7a b\u00e9 khi ch\u01a1i<\/p>\n<p><img class=\"aligncenter\" src=\"https:\/\/k.r.worldssl.net\/media\/wysiwyg\/product\/dochoi\/do-choi-thong-minh\/do-choi-hinh-khoi-ong-my-little-huimei-hm132-1-2.jpg\" alt=\"\" width=\"500\" \/><\/p>\n<p><strong>Thi\u1ebft k\u1ebf th\u00f4ng minh<\/strong><\/p>\n<p>B\u1ed9 s\u1ea3n ph\u1ea9m g\u1ed3m 138 chi ti\u1ebft kh\u00e1c nhau s\u1eed d\u1ee5ng c\u00f4ng ngh\u1ec7 khu\u00f4n m\u1eabu \u0110\u1ee9c, c\u1ed1 \u0111\u1ecbnh 2 mi\u1ebfng gh\u00e9p v\u1edbi nhau r\u1ea5t ch\u1eafc ch\u1eafn<\/p>\n<p>Thi\u1ebft k\u1ebf g\u1ed3m nhi\u1ec1u h\u00ecnh kh\u1ed1i v\u1edbi m\u00e0u s\u1eafc \u0111a d\u1ea1ng \u0111\u01b0\u1ee3c li\u00ean k\u1ebft v\u1edbi nhau <strong>gi\u00fap b\u00e9 nh\u1eadn bi\u1ebft \u0111\u01b0\u1ee3c c\u00e1c kh\u1ed1i h\u00ecnh v\u00e0 m\u00e0u s\u1eafc<\/strong> ngay t\u1eeb nh\u1ecf<\/p>\n<p>Chi ti\u1ebft nh\u1ecf nh\u1eafn v\u1eeba v\u1eb7n v\u1edbi \u0111\u00f4i tay c\u1ee7a b\u00e9, d\u1ec5 d\u00e0ng thao t\u00e1c l\u1eafp r\u00e1p c\u00e1c mi\u1ebfng gh\u00e9p<\/p>\n<p><img class=\"aligncenter\" src=\"https:\/\/k.r.worldssl.net\/media\/wysiwyg\/product\/dochoi\/do-choi-thong-minh\/do-choi-hinh-khoi-ong-my-little-huimei-hm132-1-1.jpg\" alt=\"\" width=\"500\" \/><\/p>\n<p><strong>Ph\u00e1t tri\u1ec3n t\u1ed1i \u0111a c\u00e1c gi\u00e1c quan<\/strong><\/p>\n<p>Khi ch\u01a1i b\u00e9 ph\u1ea3i quan s\u00e1t, ghi nh\u1edb v\u00e0 l\u1eafp r\u00e1p sao cho \u0111\u00fang khu\u00f4n m\u1eabu gi\u00fap tr\u00ed n\u00e3o ph\u00e1t tri\u1ec3n t\u1ed1t nh\u1ea5t<\/p>\n<p><strong>R\u00e8n luy\u1ec7n s\u1ef1 nhanh nh\u1ea1y, kh\u00e9o l\u00e9o<\/strong> c\u1ee7a \u0111\u00f4i tay sao cho l\u1eafp \u0111\u00fang v\u00e0 ch\u00ednh x\u00e1c<\/p>\n<p>R\u00e8n kh\u1ea3 n\u0103ng giao ti\u1ebfp, \u1ee9ng x\u1eed, t\u0103ng s\u1ef1 t\u1ef1 tin khi ch\u01a1i c\u00f9ng b\u1ea1n b\u00e8, ng\u01b0\u1eddi th\u00e2n<\/p>\n<p><img class=\"aligncenter\" src=\"https:\/\/k.r.worldssl.net\/media\/wysiwyg\/product\/dochoi\/do-choi-thong-minh\/do-choi-hinh-khoi-ong-my-little-huimei-hm132-1-4.jpg\" alt=\"\" width=\"500\" \/><\/p>\n<p><strong>\u0110\u1ea1t ch\u1ee9ng nh\u1eadn ti\u00eau ch\u1ea9n an to\u00e0n<\/strong><\/p>\n<p>\u0110\u1ea1t ti\u00eau chu\u1ea9n xu\u1ea5t kh\u1ea9u sang nhi\u1ec1u n\u01b0\u1edbc tr\u00ean th\u1ebf gi\u1edbi v\u1ec1 c\u1ea3 \u0111\u1ed9 an to\u00e0n v\u00e0 ch\u1ea5t l\u01b0\u1ee3ng<\/p>\n<p><img class=\"aligncenter\" src=\"https:\/\/k.r.worldssl.net\/media\/wysiwyg\/product\/dochoi\/do-choi-thong-minh\/do-choi-hinh-khoi-ong-my-little-huimei-hm132-1-6.jpg\" alt=\"\" width=\"500\" \/><\/p>\n<p><strong>Th\u00f4ng tin chi ti\u1ebft s\u1ea3n ph\u1ea9m<\/strong><\/p>\n<ul>\n<li>Ch\u1ea5t li\u1ec7u: Nh\u1ef1a ABS<\/li>\n<li>S\u1ed1 l\u01b0\u1ee3ng: 138 chi ti\u1ebft<\/li>\n<li>K\u00edch th\u01b0\u1edbc:\u00a0\u00a061 x 44.5 x 12 cm<\/li>\n<li>Th\u01b0\u01a1ng hi\u1ec7u: Huimei<\/li>\n<li>Xu\u1ea5t x\u1ee9: Trung Qu\u1ed1c<\/li>\n<li>\u0110\u1ed9 tu\u1ed5i: d\u00e0nh cho b\u00e9 t\u1eeb 3 tu\u1ed5i tr\u1edf l\u00ean<\/li>\n<\/ul>\n","protected":false},"excerpt":{"rendered":"<p>Ngo\u00e0i nh\u1eefng m\u00f3n \u0111\u1ed3 ch\u01a1i x\u1ebfp ch\u1ed3ng hay x\u1ebfp h\u00ecnh b\u1eb1ng g\u1ed7 th\u00ec \u0111\u1ed3 ch\u01a1i h\u00ecnh kh\u1ed1i \u1ed1ng b\u1eb1ng nh\u1ef1a c\u0169ng n\u1eb1m trong top nh\u1eefng m\u00f3n \u0111\u1ed3 ch\u01a1i th\u00f4ng minh \u0111\u01b0\u1ee3c c\u00e1c b\u00e0 m\u1eb9 tr\u00ean to\u00e0n th\u1ebf gi\u1edbi l\u1ef1a ch\u1ecdn cho b\u00e9 y\u00eau nh\u00e0 m\u00ecnh.<\/p>\n","protected":false},"featured_media":847,"comment_status":"open","ping_status":"closed","template":"","meta":[],"_links":{"self":[{"href":"https:\/\/webmaibinh.com\/w\/mevabe\/wp-json\/wp\/v2\/product\/846"}],"collection":[{"href":"https:\/\/webmaibinh.com\/w\/mevabe\/wp-json\/wp\/v2\/product"}],"about":[{"href":"https:\/\/webmaibinh.com\/w\/mevabe\/wp-json\/wp\/v2\/types\/product"}],"replies":[{"embeddable":true,"href":"https:\/\/webmaibinh.com\/w\/mevabe\/wp-json\/wp\/v2\/comments?post=846"}],"wp:featuredmedia":[{"embeddable":true,"href":"https:\/\/webmaibinh.com\/w\/mevabe\/wp-json\/wp\/v2\/media\/847"}],"wp:attachment":[{"href":"https:\/\/webmaibinh.com\/w\/mevabe\/wp-json\/wp\/v2\/media?parent=846"}],"curies":[{"name":"wp","href":"https:\/\/api.w.org\/{rel}","templated":true}]}}