{"id":844,"date":"2017-10-05T16:56:26","date_gmt":"2017-10-05T09:56:26","guid":{"rendered":"https:\/\/bizhostvn.com\/w\/mevabe\/?post_type=product&#038;p=844"},"modified":"2017-10-11T10:57:42","modified_gmt":"2017-10-11T03:57:42","slug":"do-choi-xep-chong-chu-vit-con-navy-star-69028","status":"publish","type":"product","link":"https:\/\/webmaibinh.com\/w\/mevabe\/sanpham\/do-choi-xep-chong-chu-vit-con-navy-star-69028\/","title":{"rendered":"\u0110\u1ed3 ch\u01a1i x\u1ebfp ch\u1ed3ng ch\u00fa v\u1ecbt con Navy Star 69028"},"content":{"rendered":"<h2><strong>\u0110\u1ed3 ch\u01a1i x\u1ebfp ch\u1ed3ng ch\u00fa v\u1ecbt con Navy Star 69028<\/strong><\/h2>\n<p>Nh\u1eefng m\u00f3n\u00a0\u0111\u1ed3 ch\u01a1i\u00a0m\u00e0u s\u1eafc b\u1eaft m\u1eaft v\u00e0 ki\u1ec3u d\u00e1ng \u0111\u00e1ng y\u00eau lu\u00f4n c\u00f3 s\u1ee9c h\u1ea5p d\u1eabn l\u1edbn \u0111\u1ed1i v\u1edbi tr\u1ebb nh\u1ecf. Kh\u00f4ng nh\u1eefng mang l\u1ea1i cho b\u00e9 nh\u1eefng kho\u1ea3ng th\u1eddi gian vui ch\u01a1i tho\u1ea3i m\u00e1i v\u00e0 c\u00f2n g\u00f3p ph\u1ea7n ph\u00e1t tri\u1ec3n c\u00e1c k\u1ef9 n\u0103ng cho b\u00e9 m\u1ed9t c\u00e1ch to\u00e0n di\u1ec7n. \u0110\u1ed3 ch\u01a1i x\u1ebfp ch\u1ed3ng ch\u00fa v\u1ecbt con Navy Star 69028 s\u1ebd l\u00e0 m\u00f3n qu\u00e0 \u00fd ngh\u0129a d\u00e0nh cho b\u00e9 y\u00eau. \u00a0H\u01a1n th\u1ebf n\u1eefa, s\u1ea3n ph\u1ea9m \u0111\u01b0\u1ee3c l\u00e0m ho\u00e0n to\u00e0n t\u1eeb ch\u1ea5t li\u1ec7u an to\u00e0n, tuy\u1ec7t \u0111\u1ed1i kh\u00f4ng g\u00e2y nguy hi\u1ec3m \u0111\u1ebfn s\u1ee9c kh\u1ecfe c\u1ee7a b\u00e9.<\/p>\n<p><img class=\"aligncenter\" src=\"https:\/\/k.r.worldssl.net\/media\/catalog\/product\/d\/o\/do-choi-xep-chong-chu-vit-con-navy-star-69028-.jpg\" alt=\"\u0110\u1ed3 ch\u01a1i x\u1ebfp ch\u1ed3ng ch\u00fa v\u1ecbt con Navy Star 69028\" width=\"500\" \/><\/p>\n<p><strong>\u0110\u1eb7c \u0111i\u1ec3m c\u1ee7a s\u1ea3n ph\u1ea9m<\/strong><\/p>\n<ul>\n<li>B\u1ed9\u00a0\u0111\u1ed3 ch\u01a1i m\u00f4 h\u00ecnh\u00a0x\u1ebfp ch\u1ed3ng \u0111\u01b0\u1ee3c l\u00e0m b\u1eb1ng ch\u1ea5t li\u1ec7u\u00a0<strong>nh\u1ef1a ABS cao c\u1ea5p<\/strong>, kh\u00f4ng ch\u1ee9a BPA \u0111\u1ed9c h\u1ea1i n\u00ean r\u1ea5t an to\u00e0n v\u1edbi s\u1ee9c kh\u1ecfe tr\u1ebb nh\u1ecf.<\/li>\n<li>Kh\u00f4ng nh\u1eefng v\u1eady b\u1ec1 m\u1eb7t c\u1ee7a s\u1ea3n ph\u1ea9m \u0111\u01b0\u1ee3c x\u1eed l\u00fd nh\u1eb5n b\u00f3ng, kh\u00f4ng g\u00f3c c\u1ea1nh, kh\u00f4ng l\u00e0m t\u1ed5n th\u01b0\u01a1ng \u0111\u1ebfn da b\u00e9 khi c\u1ea7m ch\u01a1i.<\/li>\n<li>S\u1ea3n ph\u1ea9m c\u00f3 m\u00e0u s\u1eafc t\u01b0\u01a1i t\u1eafn, nhi\u1ec1u m\u00e0u s\u1eafc b\u1eaft m\u1eaft s\u1ebd\u00a0<strong>k\u00edch th\u00edch th\u1ecb gi\u00e1c<\/strong>\u00a0c\u1ee7a tr\u1ebb ph\u00e1t tri\u1ec3n.<\/li>\n<li>V\u1edbi nh\u1eefng kh\u1ed1i h\u00ecnh c\u00f3 h\u00ecnh d\u1ea1ng v\u00e0 k\u00edch th\u01b0\u1edbc kh\u00e1c nhau s\u1ebd gi\u00fap b\u00e9 nh\u1eadn bi\u1ebft c\u00e1c lo\u1ea1i h\u00ecnh kh\u1ed1i \u0111\u01a1n gi\u1ea3n c\u00f9ng nh\u01b0 \u0111em l\u1ea1i th\u00edch th\u00fa cho b\u00e9.<\/li>\n<\/ul>\n<p><img class=\"aligncenter\" src=\"https:\/\/k.r.worldssl.net\/media\/catalog\/product\/d\/o\/do-choi-xep-chong-chu-vit-con-navy-star-69028--.jpg\" alt=\"\" width=\"500\" \/><\/p>\n<ul>\n<li>Ngo\u00e0i ra ch\u00fa v\u1ecbt ng\u1ed9 ngh\u0129nh ph\u00e1i tr\u00ean \u0111\u1ea7u c\u1ee7a kh\u1ed1i x\u1ebfp c\u00f3 th\u1ec3 ph\u00e1t ra \u00e2m thanh vui tai v\u00e0 \u00e1nh s\u00e1ng \u0111\u1eb9p m\u1eaft s\u1ebd k\u00edch th\u00edch c\u00e1c gi\u00e1c quan c\u1ee7a<strong>\u00a0tr\u1ebb ph\u00e1t tri\u1ec3n t\u1ed1t nh\u1ea5t.<\/strong><\/li>\n<li>Thi\u1ebft k\u1ebf k\u00edch th\u01b0\u1edbc v\u1eeba tay c\u1ea7m c\u1ee7a b\u00e9, s\u1ebd r\u00e8n luy\u1ec7n cho \u0111\u00f4i b\u00e0n tay c\u1ee7a b\u00e9 th\u00eam kh\u00e9o k\u00e9o v\u00e0 linh ho\u1ea1t.<\/li>\n<\/ul>\n<p><img class=\"aligncenter\" src=\"https:\/\/k.r.worldssl.net\/media\/catalog\/product\/d\/o\/do-choi-xep-chong-chu-vit-con-navy-star-69028---.jpg\" alt=\"\" width=\"500\" \/><\/p>\n<ul>\n<li>B\u00e9 s\u1ebd h\u1ecdc c\u00e1ch nh\u1eadn d\u1ea1ng v\u00e0 x\u1ebfp c\u00e1c kh\u1ed1i h\u00ecnh sao cho \u0111\u00fang th\u1ee9 t\u1ef1 c\u1ee7a n\u00f3, t\u1eeb \u0111\u00f3\u00a0<strong>th\u00fac \u0111\u1ea9y t\u00ednh t\u01b0 duy, s\u00e1ng t\u1ea1o<\/strong>\u00a0c\u1ee7a b\u00e9 h\u01a1n.<\/li>\n<li>S\u1ea3n ph\u1ea9m \u0111\u01b0\u1ee3c xem l\u00e0 m\u00f3n\u00a0\u0111\u1ed3 ch\u01a1i th\u00f4ng minh\u00a0\u0111\u01b0\u1ee3c c\u00e1c chuy\u00ean gia t\u00e2m l\u00fd d\u00e0nh cho b\u00e9 \u0111\u01b0\u1ee3c \u0111\u00e1nh gi\u00e1 cao v\u00e0 khuy\u00ean d\u00f9ng cho tr\u1ebb t\u1eeb 12 th\u00e1ng tu\u1ed5i tr\u1edf l\u00ean.<\/li>\n<\/ul>\n<p><strong>Th\u00f4ng tin chi ti\u1ebft s\u1ea3n ph\u1ea9m<\/strong><\/p>\n<ul>\n<li>Ch\u1ea5t li\u1ec7u: Nh\u1ef1a ABS<\/li>\n<li>\u0110\u1ed9 tu\u1ed5i: D\u00e0nh cho b\u00e9 tr\u00ean 12 th\u00e1ng tu\u1ed5i<\/li>\n<li>K\u00edch th\u01b0\u1edbc (D x R x C): 16.8 x 16.8x 23.8cm<\/li>\n<li>Pin: 3 x BR13<\/li>\n<li>Xu\u1ea5t x\u1ee9: HongKong<\/li>\n<\/ul>\n","protected":false},"excerpt":{"rendered":"<p>Nh\u1eefng m\u00f3n\u00a0\u0111\u1ed3 ch\u01a1i\u00a0m\u00e0u s\u1eafc b\u1eaft m\u1eaft v\u00e0 ki\u1ec3u d\u00e1ng \u0111\u00e1ng y\u00eau lu\u00f4n c\u00f3 s\u1ee9c h\u1ea5p d\u1eabn l\u1edbn \u0111\u1ed1i v\u1edbi tr\u1ebb nh\u1ecf. Kh\u00f4ng nh\u1eefng mang l\u1ea1i cho b\u00e9 nh\u1eefng kho\u1ea3ng th\u1eddi gian vui ch\u01a1i tho\u1ea3i m\u00e1i v\u00e0 c\u00f2n g\u00f3p ph\u1ea7n ph\u00e1t tri\u1ec3n c\u00e1c k\u1ef9 n\u0103ng cho b\u00e9 m\u1ed9t c\u00e1ch to\u00e0n di\u1ec7n.<\/p>\n","protected":false},"featured_media":845,"comment_status":"open","ping_status":"closed","template":"","meta":[],"_links":{"self":[{"href":"https:\/\/webmaibinh.com\/w\/mevabe\/wp-json\/wp\/v2\/product\/844"}],"collection":[{"href":"https:\/\/webmaibinh.com\/w\/mevabe\/wp-json\/wp\/v2\/product"}],"about":[{"href":"https:\/\/webmaibinh.com\/w\/mevabe\/wp-json\/wp\/v2\/types\/product"}],"replies":[{"embeddable":true,"href":"https:\/\/webmaibinh.com\/w\/mevabe\/wp-json\/wp\/v2\/comments?post=844"}],"wp:featuredmedia":[{"embeddable":true,"href":"https:\/\/webmaibinh.com\/w\/mevabe\/wp-json\/wp\/v2\/media\/845"}],"wp:attachment":[{"href":"https:\/\/webmaibinh.com\/w\/mevabe\/wp-json\/wp\/v2\/media?parent=844"}],"curies":[{"name":"wp","href":"https:\/\/api.w.org\/{rel}","templated":true}]}}