{"id":838,"date":"2017-10-05T16:52:03","date_gmt":"2017-10-05T09:52:03","guid":{"rendered":"https:\/\/bizhostvn.com\/w\/mevabe\/?post_type=product&#038;p=838"},"modified":"2017-10-11T10:48:19","modified_gmt":"2017-10-11T03:48:19","slug":"o-to-dieu-khien-tu-xa-nt8161-cho-be","status":"publish","type":"product","link":"https:\/\/webmaibinh.com\/w\/mevabe\/sanpham\/o-to-dieu-khien-tu-xa-nt8161-cho-be\/","title":{"rendered":"\u00d4 t\u00f4 \u0111i\u1ec1u khi\u1ec3n t\u1eeb xa NT8161 cho b\u00e9"},"content":{"rendered":"<h2><strong>\u00d4 t\u00f4 \u0111i\u1ec1u khi\u1ec3n t\u1eeb xa NT8161<\/strong><\/h2>\n<p>Nh\u1eefng chi\u1ebfc \u00f4 t\u00f4 \u0111i\u1ec1u khi\u1ec3n kh\u00f4ng ch\u1ec9 cho b\u00e9 kho\u1ea3ng th\u1eddi gian vui v\u1ebb, tho\u1ea3i m\u00e1i m\u00e0 c\u00f2n gi\u00fap t\u0103ng kh\u1ea3 n\u0103ng ph\u1ea3n x\u1ea1, linh ho\u1ea1t tay ch\u00e2n c\u0169ng nh\u01b0 ph\u00e1t tri\u1ec3n t\u01b0 duy c\u1ee7a tr\u1ebb. N\u1eb1m trong danh s\u00e1ch nh\u1eefng m\u1eabu si\u00eau xe m\u00f4 h\u00ecnh m\u1edbi nh\u1ea5t t\u1ea1i Kids Plaza, chi\u1ebfc \u00f4 t\u00f4 \u0111i\u1ec1u khi\u1ec3n t\u1eeb xa NT8161 \u0111\u01b0\u1ee3c l\u00e0m b\u1eb1ng ch\u1ea5t li\u1ec7u cao c\u1ea5p, m\u00f4 ph\u1ecfng 1 c\u00e1ch ch\u00e2n th\u1eadt s\u1ebd gi\u00fap b\u00e9 th\u1ec3 hi\u1ec7n b\u1ea3n l\u0129nh v\u00e0 kh\u1ea3 n\u0103ng \u0111i\u1ec1u khi\u1ec3n \u0111i\u00eau luy\u1ec7n c\u1ee7a b\u1ea3n th\u00e2n.<\/p>\n<p><img class=\"aligncenter\" src=\"https:\/\/k.r.worldssl.net\/media\/wysiwyg\/product\/dochoi\/Do-choi-mo-hinh\/o-to-dieu-khien-tu-xa-nt8161-10.jpg\" alt=\"\" width=\"500\" \/><\/p>\n<p><strong>\u0110\u1eb7c \u0111i\u1ec3m c\u1ee7a s\u1ea3n ph\u1ea9m<\/strong><\/p>\n<ul>\n<li>Xe \u00f4 t\u00f4 \u0111i\u1ec1u khi\u1ec3n t\u1eeb xa \u0111\u01b0\u1ee3c l\u00e0m b\u1eb1ng <strong>nh\u1ef1a ABS cao c\u1ea5<\/strong>p, b\u1ec1 m\u1eb7t nh\u1eb5n m\u1ecbn, \u0111\u1ea1t chu\u1ea9n an to\u00e0n cho s\u1ee9c kh\u1ecfe c\u1ee7a b\u00e9.<\/li>\n<li>C\u1ea7u t\u1ea1o c\u1ee7a xe b\u1ec1n ch\u1eafc, ch\u1ecbu l\u1ef1c t\u1ed1t, h\u1ea1n ch\u1ebf h\u01b0 t\u1ed5n khi b\u1ecb va ch\u1ea1m khi \u0111ang di\u1ec5n ra cu\u1ed9c \u0111ua v\u1edbi b\u1ea1n b\u00e8.<\/li>\n<\/ul>\n<p><img class=\"aligncenter\" src=\"https:\/\/k.r.worldssl.net\/media\/wysiwyg\/product\/dochoi\/Do-choi-mo-hinh\/o-to-dieu-khien-tu-xa-nt8161-6.jpg\" alt=\"\" width=\"500\" \/><\/p>\n<ul>\n<li>V\u1edbi thi\u1ebft k\u1ebf m\u00f4 ph\u1ecfng m\u1ed9t c\u00e1ch ch\u00e2n th\u1eadt chi\u1ebfc <strong>si\u00eau xe \u0111\u1eb9p m\u1eaft<\/strong>, gi\u00fap b\u00e9 th\u1ec3 hi\u1ec7n \u0111\u01b0\u1ee3c b\u1ea3n l\u0129nh v\u00e0 kh\u1ea3 n\u0103ng \u0111i\u1ec1u khi\u1ec3n, \u0111\u1ecbnh h\u01b0\u1edbng c\u00e1c v\u1eadt th\u1ec3 th\u00f4ng qua vi\u1ec7c t\u0103ng, gi\u1ea3m t\u1ed1c \u0111\u1ed9 xe m\u1ed9t c\u00e1ch d\u1ec5 d\u00e0ng.<\/li>\n<\/ul>\n<p><img class=\"aligncenter\" src=\"https:\/\/k.r.worldssl.net\/media\/wysiwyg\/product\/dochoi\/Do-choi-mo-hinh\/o-to-dieu-khien-tu-xa-nt8161-5.jpg\" alt=\"\" width=\"500\" \/><\/p>\n<ul>\n<li>H\u1ec7 th\u1ed1ng \u0111i\u1ec1u khi\u1ec3n<strong> radio (R\/C) \u1ed5n \u0111\u1ecbnh<\/strong>\u00a0ho\u1ea1t \u0111\u1ed9ng t\u1ed1t\u00a0\u1edf kho\u1ea3ng c\u00e1ch xa, cho ph\u00e9p b\u00e9 \u0111i\u1ec1u khi\u1ec3n xe linh ho\u1ea1t. B\u00e9 s\u1ebd nhanh ch\u00f3ng tr\u1edf th\u00e0nh m\u1ed9t tay \u0111ua \u0111i\u1ec7u ngh\u1ec7 trong m\u1ed7i cu\u1ed9c th\u00e1ch \u0111\u1ea5u v\u1edbi b\u1ea1n b\u00e8.<\/li>\n<\/ul>\n<p><img class=\"aligncenter\" src=\"https:\/\/k.r.worldssl.net\/media\/wysiwyg\/product\/dochoi\/Do-choi-mo-hinh\/o-to-dieu-khien-tu-xa-nt8161-8.jpg\" alt=\"\" width=\"500\" \/><\/p>\n<ul>\n<li>Khi ch\u01a1i v\u1edbi chi\u1ebfc xe, b\u00e9 y\u00eau c\u1ee7a b\u1ea1n s\u1ebd c\u00f3 c\u01a1 h\u1ed9i \u0111\u01b0\u1ee3c v\u1eadn \u0111\u1ed9ng nhi\u1ec1u h\u01a1n c\u1ea3 v\u1ec1 th\u1ec3 ch\u1ea5t l\u1eabn t\u01b0 duy, b\u00e9 v\u1eeba ch\u1ea1y theo \u0111\u1ed3 ch\u01a1i, v\u1eeba ph\u1ea3i suy ngh\u0129 h\u01b0\u1edbng \u0111i ph\u00f9 h\u1ee3p \u0111\u1ec3 tr\u00e1nh c\u00e1c ch\u01b0\u1edbng ng\u1ea1i v\u1eadt.<\/li>\n<\/ul>\n<p><img class=\"aligncenter\" src=\"https:\/\/k.r.worldssl.net\/media\/wysiwyg\/product\/dochoi\/Do-choi-mo-hinh\/o-to-dieu-khien-tu-xa-nt8161-4.jpg\" alt=\"\" width=\"500\" \/><\/p>\n<ul>\n<li>H\u1ed7 tr\u1ee3 vi\u1ec7c h\u00ecnh th\u00e0nh v\u00e0<strong> ph\u00e1t tri\u1ec3n nhi\u1ec1u k\u1ef9 n\u0103ng quan tr\u1ecdng<\/strong> \u1edf tr\u1ebb nh\u01b0 x\u00fac gi\u00e1c, th\u1ecb gi\u00e1c,&#8230;<\/li>\n<li>K\u00edch th\u01b0\u1edbc :\u00a035.5*15.5*13cm<\/li>\n<li>\u0110\u1ed3 ch\u01a1i d\u00e0nh cho c\u00e1c b\u00e9 t\u1eeb <strong>3 tu\u1ed5i tr\u1edf l\u00ean<\/strong><\/li>\n<li>M\u00e0u: \u0111\u1ecf &amp; cam<\/li>\n<li>Xu\u1ea5t x\u1ee9: China<\/li>\n<\/ul>\n","protected":false},"excerpt":{"rendered":"<p>Khi ch\u01a1i v\u1edbi chi\u1ebfc xe, b\u00e9 y\u00eau c\u1ee7a b\u1ea1n s\u1ebd c\u00f3 c\u01a1 h\u1ed9i \u0111\u01b0\u1ee3c v\u1eadn \u0111\u1ed9ng nhi\u1ec1u h\u01a1n c\u1ea3 v\u1ec1 th\u1ec3 ch\u1ea5t l\u1eabn t\u01b0 duy, b\u00e9 v\u1eeba ch\u1ea1y theo \u0111\u1ed3 ch\u01a1i, v\u1eeba ph\u1ea3i suy ngh\u0129 h\u01b0\u1edbng \u0111i ph\u00f9 h\u1ee3p \u0111\u1ec3 tr\u00e1nh c\u00e1c ch\u01b0\u1edbng ng\u1ea1i v\u1eadt.<\/p>\n","protected":false},"featured_media":839,"comment_status":"open","ping_status":"closed","template":"","meta":[],"_links":{"self":[{"href":"https:\/\/webmaibinh.com\/w\/mevabe\/wp-json\/wp\/v2\/product\/838"}],"collection":[{"href":"https:\/\/webmaibinh.com\/w\/mevabe\/wp-json\/wp\/v2\/product"}],"about":[{"href":"https:\/\/webmaibinh.com\/w\/mevabe\/wp-json\/wp\/v2\/types\/product"}],"replies":[{"embeddable":true,"href":"https:\/\/webmaibinh.com\/w\/mevabe\/wp-json\/wp\/v2\/comments?post=838"}],"wp:featuredmedia":[{"embeddable":true,"href":"https:\/\/webmaibinh.com\/w\/mevabe\/wp-json\/wp\/v2\/media\/839"}],"wp:attachment":[{"href":"https:\/\/webmaibinh.com\/w\/mevabe\/wp-json\/wp\/v2\/media?parent=838"}],"curies":[{"name":"wp","href":"https:\/\/api.w.org\/{rel}","templated":true}]}}