{"id":836,"date":"2017-10-05T16:49:57","date_gmt":"2017-10-05T09:49:57","guid":{"rendered":"https:\/\/bizhostvn.com\/w\/mevabe\/?post_type=product&#038;p=836"},"modified":"2017-10-11T11:07:57","modified_gmt":"2017-10-11T04:07:57","slug":"do-choi-mo-hinh-chu-huou-cao-co-vui-ve-no-603605","status":"publish","type":"product","link":"https:\/\/webmaibinh.com\/w\/mevabe\/sanpham\/do-choi-mo-hinh-chu-huou-cao-co-vui-ve-no-603605\/","title":{"rendered":"\u0110\u1ed3 ch\u01a1i m\u00f4 h\u00ecnh ch\u00fa h\u01b0\u01a1u cao c\u1ed5 vui v\u1ebb No.603\/605"},"content":{"rendered":"<h2><strong>\u0110\u1ed3 ch\u01a1i m\u00f4 h\u00ecnh ch\u00fa h\u01b0\u01a1u cao c\u1ed5 vui v\u1ebb No.603\/605<\/strong><\/h2>\n<p><strong>\u0110\u1ed9 tu\u1ed5i s\u1eed d\u1ee5ng: <\/strong>b\u00e9 t\u1eeb 3 tu\u1ed5i tr\u1edf l\u00ean<\/p>\n<p><strong>Ch\u1ea5t li\u1ec7u:<\/strong> Nh\u1ef1a an to\u00e0n<\/p>\n<p><img class=\"aligncenter\" src=\"https:\/\/k.r.worldssl.net\/media\/wysiwyg\/product\/dochoi\/Do-choi-mo-hinh\/do-choi-mo-hinh-chu-huou-cao-co-vui-ve-no-603-605_3_.JPG\" alt=\"\" width=\"500\" \/><\/p>\n<p><strong>Thi\u1ebft k\u1ebf:<\/strong><\/p>\n<ul>\n<li>B\u1ed9 \u0111\u1ed3 ch\u01a1i m\u00f4 h\u00ecnh c\u00f3 ki\u1ec3u d\u00e1ng h\u00ecnh ch\u00fa h\u01b0\u01a1u cao c\u1ed5 ng\u1ed9 ngh\u0129nh, m\u00e0u s\u1eafc n\u1ed5i b\u1eadt ch\u1eafc ch\u1eafn s\u1ebd \u0111em l\u1ea1i th\u00edch th\u00fa cho b\u00e9.<\/li>\n<li>Ch\u00fa h\u01b0\u01a1u cao c\u1ed5 c\u00f3 th\u1ec3 di chuy\u1ec3n nh\u1ecbp nh\u00e0ng khi b\u00e9 b\u1eadt c\u00f4ng t\u1eafc.<\/li>\n<li>Tr\u00ean ng\u01b0\u1eddi ch\u00fa h\u01b0\u01a1u c\u00f3 g\u1eafn ch\u1eef c\u00e1i, ch\u1eef s\u1ed1 \u0111\u1ec3 b\u00e9 h\u1ecdc, khi \u1ea5n v\u00e0o c\u00e1c ch\u1eef c\u00e1i n\u00e0y s\u1ebd ph\u00e1t ra \u00e2m thanh.<img class=\"aligncenter\" src=\"https:\/\/k.r.worldssl.net\/media\/wysiwyg\/product\/dochoi\/Do-choi-mo-hinh\/do-choi-mo-hinh-chu-huou-cao-co-vui-ve-no-603-605_5_.JPG\" alt=\"\" width=\"500\" \/><\/li>\n<li>Ngo\u00e0i ra ch\u00fa h\u01b0\u01a1u c\u00f2n \u0111\u01b0\u1ee3c \u0111eo chi\u1ebfc v\u00f2ng c\u00f3 th\u1ec3 ph\u00e1t s\u00e1ng, thu h\u00fat s\u1ef1 ch\u00fa \u00fd c\u1ee7a b\u00e9.<\/li>\n<\/ul>\n","protected":false},"excerpt":{"rendered":"<p>B\u1ed9 \u0111\u1ed3 ch\u01a1i m\u00f4 h\u00ecnh c\u00f3 ki\u1ec3u d\u00e1ng h\u00ecnh ch\u00fa h\u01b0\u01a1u cao c\u1ed5 ng\u1ed9 ngh\u0129nh, m\u00e0u s\u1eafc n\u1ed5i b\u1eadt ch\u1eafc ch\u1eafn s\u1ebd \u0111em l\u1ea1i th\u00edch th\u00fa cho b\u00e9.\u00a0Ch\u00fa h\u01b0\u01a1u cao c\u1ed5 c\u00f3 th\u1ec3 di chuy\u1ec3n nh\u1ecbp nh\u00e0ng khi b\u00e9 b\u1eadt c\u00f4ng t\u1eafc.\u00a0Tr\u00ean ng\u01b0\u1eddi ch\u00fa h\u01b0\u01a1u c\u00f3 g\u1eafn ch\u1eef c\u00e1i, ch\u1eef s\u1ed1 \u0111\u1ec3 b\u00e9 h\u1ecdc, khi \u1ea5n v\u00e0o c\u00e1c ch\u1eef c\u00e1i n\u00e0y s\u1ebd ph\u00e1t ra<\/p>\n","protected":false},"featured_media":837,"comment_status":"open","ping_status":"closed","template":"","meta":[],"_links":{"self":[{"href":"https:\/\/webmaibinh.com\/w\/mevabe\/wp-json\/wp\/v2\/product\/836"}],"collection":[{"href":"https:\/\/webmaibinh.com\/w\/mevabe\/wp-json\/wp\/v2\/product"}],"about":[{"href":"https:\/\/webmaibinh.com\/w\/mevabe\/wp-json\/wp\/v2\/types\/product"}],"replies":[{"embeddable":true,"href":"https:\/\/webmaibinh.com\/w\/mevabe\/wp-json\/wp\/v2\/comments?post=836"}],"wp:featuredmedia":[{"embeddable":true,"href":"https:\/\/webmaibinh.com\/w\/mevabe\/wp-json\/wp\/v2\/media\/837"}],"wp:attachment":[{"href":"https:\/\/webmaibinh.com\/w\/mevabe\/wp-json\/wp\/v2\/media?parent=836"}],"curies":[{"name":"wp","href":"https:\/\/api.w.org\/{rel}","templated":true}]}}