{"id":834,"date":"2017-10-05T16:46:28","date_gmt":"2017-10-05T09:46:28","guid":{"rendered":"https:\/\/bizhostvn.com\/w\/mevabe\/?post_type=product&#038;p=834"},"modified":"2017-10-11T11:14:31","modified_gmt":"2017-10-11T04:14:31","slug":"xe-choi-chan-hinh-xe-mo-to-kpl-008-cho-be","status":"publish","type":"product","link":"https:\/\/webmaibinh.com\/w\/mevabe\/sanpham\/xe-choi-chan-hinh-xe-mo-to-kpl-008-cho-be\/","title":{"rendered":"Xe ch\u00f2i ch\u00e2n h\u00ecnh xe m\u00f4 t\u00f4 KPL.008 cho b\u00e9"},"content":{"rendered":"<h2><strong>Xe ch\u00f2i ch\u00e2n h\u00ecnh xe m\u00f4 t\u00f4 KPL.008<\/strong><\/h2>\n<p>\u0110\u1ed1i v\u1edbi nh\u1eefng b\u00e9 d\u01b0\u1edbi 12 th\u00e1ng tu\u1ed5i, b\u00e9 c\u1ea7n \u0111\u1ebfn nh\u1eefng chi\u1ebfc xe \u0111\u1ea9y \u00eam \u00e1i \u0111\u1ec3 c\u00f3 th\u1ec3 d\u1ea1o ch\u01a1i v\u00e0 ng\u1eafm th\u1ebf gi\u1edbi xung quanh c\u00f9ng cha m\u1eb9. L\u1edbn h\u01a1n m\u1ed9t ch\u00fat, b\u00e9 l\u1ea1i c\u1ea7n \u0111\u1ebfn v\u00e0 th\u00edch th\u00fa v\u1edbi nh\u1eefng chi\u1ebfc\u00a0xe ch\u00f2i ch\u00e2n\u00a0\u0111\u1ec3 ph\u00e1t tri\u1ec3n kh\u1ea3 n\u0103ng v\u1eadn \u0111\u1ed9ng v\u00e0 ch\u01a1i \u0111\u00f9a vui v\u1ebb. Tuy nhi\u00ean cha m\u1eb9 c\u1ea7n ph\u1ea3i l\u1ef1a ch\u1ecdn chi\u1ebfc xe ch\u00f2i ch\u00e2n ph\u00f9 h\u1ee3p v\u1edbi chi\u1ec1u cao c\u0169ng nh\u01b0 s\u1ef1 ph\u00e1t tri\u1ec3n c\u1ee7a b\u00e9. V\u1edbi chi\u1ebfc xe ch\u00f2i ch\u00e2n h\u00ecnh m\u00f4 t\u00f4 KPL.008 s\u1ebd l\u00e0 1 g\u1ee3i \u00fd tuy\u1ec7t v\u1eddi d\u00e0nh cho b\u00e9 y\u00eau nh\u00e0 b\u1ea1n. S\u1ea3n ph\u1ea9m \u0111\u01b0\u1ee3c l\u00e0m b\u1eb1ng ch\u1ea5t li\u1ec7u cao c\u1ea5p c\u00f9ng thi\u1ebft k\u1ebf ch\u1eafc ch\u1eafn, ng\u1ed9 ngh\u0129nh v\u00e0 \u0111\u00e1ng y\u00eau kh\u00f4ng ch\u1ec9 cho b\u00e9 ch\u01a1i \u0111\u00f9a tho\u1ea3i m\u00e1i, linh ho\u1ea1t h\u01a1n m\u00e0 c\u00f2n gi\u00fap cha m\u1eb9 \u0111\u1ea3m b\u1ea3o s\u1ef1 an to\u00e0n t\u1ed1i \u0111a cho b\u00e9.<\/p>\n<p><img class=\"aligncenter\" src=\"https:\/\/k.r.worldssl.net\/media\/catalog\/product\/x\/e\/xe-choi-chan-hinh-mo-to-le-ym-008.jpg\" alt=\"Xe ch\u00f2i ch\u00e2n h\u00ecnh m\u00f4 t\u00f4 LE.YM.008\" width=\"500\" \/><\/p>\n<p><strong>\u0110\u1eb7c \u0111i\u1ec3m n\u1ed5i b\u1eadt c\u1ee7a s\u1ea3n ph\u1ea9m<\/strong><\/p>\n<ul>\n<li>Xe ch\u00f2i ch\u00e2n \u0111\u01b0\u1ee3c l\u00e0m b\u1eb1ng ch\u1ea5t li\u1ec7u nh\u1ef1a HDPE cao c\u1ea5p, c\u00f3\u00a0<strong>\u0111\u1ed9 b\u1ec1n cao, ch\u1ecbu l\u1ef1c t\u1ed1t<\/strong>\u00a0n\u00ean kh\u00f4ng d\u1ec5 d\u00e0ng b\u1ecb n\u1ee9t hay v\u1ee1 khi b\u00e9 ng\u1ed3i tr\u00ean xe<\/li>\n<li>Ch\u1ea5t li\u1ec7u n\u00e0y kh\u00f4ng ch\u1ee9a BPA \u0111\u1ed9c h\u1ea1i, th\u00e2n thi\u1ec7n v\u1edbi m\u00f4i tr\u01b0\u1eddng v\u00e0 an to\u00e0n v\u1edbi s\u1ee9c kh\u1ecfe c\u1ee7a b\u00e9<\/li>\n<li>L\u1edbp s\u01a1n ph\u1ee7 b\u00ean ngo\u00e0i \u00a0nh\u1eb5n b\u00f3ng, kh\u00f4ng ch\u1ec9, kh\u00f4ng m\u00f9i v\u00e0 l\u01b0u m\u00e0u t\u1ed1t, kh\u00f4ng b\u1ecb phai trong qu\u00e1 tr\u00ecnh s\u1eed d\u1ee5ng.<\/li>\n<\/ul>\n<ul>\n<li>Chi\u1ebfc xe thi\u1ebft k\u1ebf h\u00ecnh chi\u1ebfc xe m\u00f4 t\u00f4 ng\u1ed9 ngh\u0129nh, \u0111\u00e1ng y\u00eau, l\u00e0 \u0111\u1ed3 ch\u01a1i v\u1eadn \u0111\u1ed9ng d\u00e0nh cho c\u00e1c\u00a0<strong>b\u00e9 t\u1eeb 1 \u0111\u1ebfn 4 tu\u1ed5i<\/strong>\u00a0\u0111\u01b0\u1ee3c \u0111\u00f4ng \u0111\u1ea3o cha m\u1eb9 l\u1ef1a ch\u1ecdn<\/li>\n<li>Thi\u1ebft k\u1ebf gh\u1ebf ng\u1ed3i r\u1ed9ng d\u00e0i c\u00f9ng \u0111i\u1ec3m t\u1ef1a l\u01b0ng sau cao gi\u00fap\u00a0<strong>b\u00e9 ng\u1ed3i v\u1eefng ch\u1eafc,<\/strong>\u00a0t\u0103ng kh\u1ea3 n\u0103ng gi\u1eef th\u0103ng b\u1eb1ng, tho\u1ea3i m\u00e1i khi di chuy\u1ec3n.<\/li>\n<\/ul>\n<p><img class=\"aligncenter\" src=\"https:\/\/k.r.worldssl.net\/media\/catalog\/product\/x\/e\/xe-choi-chan-hinh-mo-to-le-ym-008-_3_.jpg\" alt=\"\" width=\"500\" \/><\/p>\n<ul>\n<li>Tay c\u1ea7m c\u1ee7a xe thi\u1ebft k\u1ebf c\u00e1c r\u00e3nh cao su m\u1ec1m, ch\u1ed1ng tr\u01a1n tr\u01b0\u1ee3t, c\u00f3 \u0111\u1ed9 cao v\u1eeba t\u1ea7m v\u1edbi c\u1ee7a b\u00e9 gi\u00fap <strong>b\u00e9 \u0111i\u1ec1u khi\u1ec3n xe d\u1ec5 d\u00e0ng h\u01a1n<\/strong>, r\u00e8n luy\u1ec7n kh\u1ea3 n\u0103ng \u0111\u1ecbnh h\u01b0\u1edbng, \u0111i\u1ec1u khi\u1ec3n \u0111i\u00eau luy\u1ec7n h\u01a1n.<\/li>\n<\/ul>\n<div><img class=\"aligncenter\" src=\"https:\/\/k.r.worldssl.net\/media\/catalog\/product\/x\/e\/xe-choi-chan-hinh-mo-to-le-ym-008-_2_.jpg\" alt=\"\" width=\"500\" \/><\/div>\n<ul>\n<li>4 B\u00e1nh xe b\u1ea3n to, c\u00f3 b\u1ec1 m\u1eb7t ti\u1ebfp x\u00fac r\u1ed9ng,\u00a0<strong>\u0111\u1ea3m b\u1ea3o s\u1ef1 an to\u00e0n cho b\u00e9<\/strong>\u00a0khi b\u00e9 \u0111i xe.<\/li>\n<li>Xe ch\u00f2i ch\u00e2n h\u00ecnh chi\u1ebfc xe m\u00f4 t\u00f4 v\u1edbi m\u00e0u s\u1eafc \u0111\u1eb9p m\u1eaft, n\u1ed5i b\u1eadt s\u1ebd khi\u1ebfn b\u00e9 th\u00eam th\u00edch th\u00fa, t\u1eeb \u0111\u00f3 m\u00e0 t\u0103ng kh\u1ea3 n\u0103ng v\u1eadn \u0111\u1ed9ng c\u1ee7a b\u00e9, b\u00e9 s\u1ebd linh ho\u1ea1t h\u01a1n v\u00e0 s\u1ebd c\u00f3 1 s\u1ee9c kh\u1ecfe t\u1ed1t h\u01a1n.<\/li>\n<li>M\u1eb9 c\u00f3 th\u1ec3 d\u1ea1y b\u00e9 c\u00e1ch nh\u1eadn bi\u1ebft h\u00ecnh d\u1ea1ng v\u00e0 m\u00e0u s\u1eafc th\u00f4ng qua m\u00f3n \u0111\u1ed3 ch\u01a1i n\u00e0y,\u00a0<strong>k\u00edch th\u00edch c\u00e1c gi\u00e1c quan c\u1ee7a b\u00e9 ph\u00e1t tri\u1ec3n<\/strong>.<\/li>\n<li>V\u1edbi chi\u1ebfc xe ch\u00f2i ch\u00e2n n\u00e0y, b\u00e9 s\u1ebd c\u00f3 kho\u1ea3ng th\u1eddi gian vui ch\u01a1i vui v\u1ebb, \u0111\u1ed3ng th\u1eddi ho\u00e0n thi\u1ec7n c\u1ea3 v\u1ec1 th\u1ec3 ch\u1ea5t v\u00e0 tr\u00ed tu\u1ec7 c\u1ee7a tr\u1ebb.<\/li>\n<\/ul>\n<p><strong>Th\u00f4ng tin s\u1ea3n ph\u1ea9m<\/strong><\/p>\n<ul>\n<li>K\u00edch th\u01b0\u1edbc (L*W*H): \u00a042*26*40cm<\/li>\n<li>\u0110\u1ed9 tu\u1ed5i s\u1eed d\u1ee5ng: 1-4 tu\u1ed5i<\/li>\n<li>Ch\u1ee9ng nh\u1eadn ch\u1ea5t l\u01b0\u1ee3ng:\u00a0EN1176, EN71, CCC, CE, 14000, 28000, GS, SGS<\/li>\n<li>Xu\u1ea5t x\u1ee9: Trung Qu\u1ed1c<\/li>\n<\/ul>\n","protected":false},"excerpt":{"rendered":"<p>4 B\u00e1nh xe b\u1ea3n to, c\u00f3 b\u1ec1 m\u1eb7t ti\u1ebfp x\u00fac r\u1ed9ng,\u00a0<strong>\u0111\u1ea3m b\u1ea3o s\u1ef1 an to\u00e0n cho b\u00e9<\/strong>\u00a0khi b\u00e9 \u0111i xe.\u00a0Xe ch\u00f2i ch\u00e2n h\u00ecnh chi\u1ebfc xe m\u00f4 t\u00f4 v\u1edbi m\u00e0u s\u1eafc \u0111\u1eb9p m\u1eaft, n\u1ed5i b\u1eadt s\u1ebd khi\u1ebfn b\u00e9 th\u00eam th\u00edch th\u00fa, t\u1eeb \u0111\u00f3 m\u00e0 t\u0103ng kh\u1ea3 n\u0103ng v\u1eadn \u0111\u1ed9ng c\u1ee7a b\u00e9, b\u00e9 s\u1ebd linh ho\u1ea1t h\u01a1n v\u00e0 s\u1ebd c\u00f3 1 s\u1ee9c kh\u1ecfe t\u1ed1t h\u01a1n<\/p>\n","protected":false},"featured_media":835,"comment_status":"open","ping_status":"closed","template":"","meta":[],"_links":{"self":[{"href":"https:\/\/webmaibinh.com\/w\/mevabe\/wp-json\/wp\/v2\/product\/834"}],"collection":[{"href":"https:\/\/webmaibinh.com\/w\/mevabe\/wp-json\/wp\/v2\/product"}],"about":[{"href":"https:\/\/webmaibinh.com\/w\/mevabe\/wp-json\/wp\/v2\/types\/product"}],"replies":[{"embeddable":true,"href":"https:\/\/webmaibinh.com\/w\/mevabe\/wp-json\/wp\/v2\/comments?post=834"}],"wp:featuredmedia":[{"embeddable":true,"href":"https:\/\/webmaibinh.com\/w\/mevabe\/wp-json\/wp\/v2\/media\/835"}],"wp:attachment":[{"href":"https:\/\/webmaibinh.com\/w\/mevabe\/wp-json\/wp\/v2\/media?parent=834"}],"curies":[{"name":"wp","href":"https:\/\/api.w.org\/{rel}","templated":true}]}}