{"id":828,"date":"2017-10-05T16:43:12","date_gmt":"2017-10-05T09:43:12","guid":{"rendered":"https:\/\/bizhostvn.com\/w\/mevabe\/?post_type=product&#038;p=828"},"modified":"2017-10-05T16:43:12","modified_gmt":"2017-10-05T09:43:12","slug":"dan-organ-hinh-con-cua-cho-be","status":"publish","type":"product","link":"https:\/\/webmaibinh.com\/w\/mevabe\/sanpham\/dan-organ-hinh-con-cua-cho-be\/","title":{"rendered":"\u0110\u00e0n Organ h\u00ecnh con cua cho b\u00e9"},"content":{"rendered":"<h2><strong>\u0110\u00e0n cho b\u00e9 h\u00ecnh con cua<\/strong><\/h2>\n<p>\u0110\u00e0n cho b\u00e9 l\u00e0 m\u1ed9t m\u00f3n \u0111\u1ed3 ch\u01a1i h\u1eefu \u00edch, trong qu\u00e1 tr\u00ecnh ch\u01a1i b\u00e9 s\u1ebd s\u1edbm nh\u1eadn bi\u1ebft \u0111\u01b0\u1ee3c c\u00e1c ti\u1ebfng k\u00eau c\u1ee7a con v\u1eadt c\u0169ng nh\u01b0 kh\u1ea3 n\u0103ng c\u1ea3m th\u1ee5 \u00e2m nh\u1ea1c v\u1edbi nhi\u1ec1u b\u00e0i h\u00e1t vu t\u01b0\u01a1i, ph\u00f9 h\u1ee3p v\u1edbi l\u1ee9a tu\u1ed5i.<\/p>\n<p><img class=\"aligncenter\" src=\"https:\/\/k.r.worldssl.net\/media\/catalog\/product\/d\/a\/dan-cho-be-hinh-con-cua-1.jpg\" alt=\"\" width=\"500\" \/><\/p>\n<p><strong>\u01afu \u0111i\u1ec3m n\u1ed5i b\u1eadt<\/strong><\/p>\n<ul>\n<li>C\u00f3 08 ph\u00edm \u0111\u00e0n v\u00e0 07 con v\u1eadt khi b\u00e9 \u201cnh\u1ea5n\u201d th\u00ec s\u1ebd ph\u00e1t 07 ti\u1ebfng kh\u00e1c nhau t\u01b0\u01a1ng \u1ee9ng v\u1edbi t\u1eebng con v\u1eadt.<\/li>\n<li>Gi\u00fap b\u00e9 ph\u00e1t tri\u1ec3n kh\u1ea3 n\u0103ng nh\u1eadn d\u1ea1ng m\u1ed7i lo\u1ea1i con v\u1eadt khac nhau qua ti\u1ebfng k\u00eau<\/li>\n<li>Chi\u1ebfc \u0111\u00e0n cho b\u00e9 c\u00f3 nhi\u1ec1u b\u00e0i h\u00e1t vui t\u01b0\u01a1i, s\u00f4i n\u1ed5i, ph\u00f9 h\u1ee3p v\u1edbi l\u1ee9a tu\u1ed5i c\u1ee7a b\u00e9. Ph\u00e1t tri\u1ec3n th\u00ednh gi\u00e1c c\u1ee7a b\u00e9 to\u00e0n di\u1ec7n nh\u1ea5t.<\/li>\n<\/ul>\n<p><img class=\"aligncenter\" src=\"https:\/\/k.r.worldssl.net\/media\/catalog\/product\/d\/a\/dan-cho-be-hinh-con-cua-2.jpg\" alt=\"\" width=\"500\" \/><\/p>\n<ul>\n<li>C\u00e1c ph\u00edm \u0111\u00e0n in ch\u1eef \u0110\u1ed3 r\u00ea mi d\u1ea1y cho b\u00e9 c\u00e1c n\u1ed1t nh\u1ea1c.<\/li>\n<li>H\u00ecnh d\u00e1ng ch\u00fa cua ng\u1ed9 ngh\u0129nh, v\u1edbi c\u00e1c ph\u00edm \u0111\u00e0n v\u00e0 \u0111\u1ed9ng v\u1eadt nhi\u1ec1u s\u1eafc m\u00e0u s\u1ebd khi\u1ebfn b\u00e9 th\u00edch th\u00fa.<\/li>\n<li>Nh\u1ecf g\u1ecdn gi\u00fap b\u00e9 v\u1eeba ch\u01a1i v\u1eeba h\u1ecdc h\u1ecfi ph\u00e1t tri\u1ec3n t\u01b0 duy v\u00e0 tr\u00ed tu\u1ec7.<\/li>\n<\/ul>\n<p><img class=\"aligncenter\" src=\"https:\/\/k.r.worldssl.net\/media\/catalog\/product\/d\/a\/dan-cho-be-hinh-con-cua.jpg\" alt=\"\" width=\"500\" \/><\/p>\n<p><strong>Th\u00f4ng tin s\u1ea3n ph\u1ea9m:<\/strong><\/p>\n<ul>\n<li>M\u00e0u s\u1eafc : m\u00e0u v\u00e0ng, \u0111\u1ecf<\/li>\n<li>Nh\u00f3m tu\u1ed5i : 3 \u2013 6 tu\u1ed5i.<\/li>\n<li>S\u1eed d\u1ee5ng: Pin<\/li>\n<li>Ch\u1ea5t li\u1ec7u : nh\u1ef1a cao c\u1ea5p<\/li>\n<\/ul>\n","protected":false},"excerpt":{"rendered":"<p>\u0110\u00e0n cho b\u00e9 h\u00ecnh con cua \u0110\u00e0n cho b\u00e9 l\u00e0 m\u1ed9t m\u00f3n \u0111\u1ed3 ch\u01a1i h\u1eefu \u00edch, trong qu\u00e1 tr\u00ecnh ch\u01a1i b\u00e9 s\u1ebd s\u1edbm nh\u1eadn bi\u1ebft \u0111\u01b0\u1ee3c c\u00e1c ti\u1ebfng k\u00eau c\u1ee7a con v\u1eadt c\u0169ng nh\u01b0 kh\u1ea3 n\u0103ng c\u1ea3m th\u1ee5 \u00e2m nh\u1ea1c v\u1edbi nhi\u1ec1u b\u00e0i h\u00e1t vu t\u01b0\u01a1i, ph\u00f9 h\u1ee3p v\u1edbi l\u1ee9a tu\u1ed5i. \u01afu \u0111i\u1ec3m n\u1ed5i b\u1eadt [&#8230;]\n","protected":false},"featured_media":829,"comment_status":"open","ping_status":"closed","template":"","meta":[],"_links":{"self":[{"href":"https:\/\/webmaibinh.com\/w\/mevabe\/wp-json\/wp\/v2\/product\/828"}],"collection":[{"href":"https:\/\/webmaibinh.com\/w\/mevabe\/wp-json\/wp\/v2\/product"}],"about":[{"href":"https:\/\/webmaibinh.com\/w\/mevabe\/wp-json\/wp\/v2\/types\/product"}],"replies":[{"embeddable":true,"href":"https:\/\/webmaibinh.com\/w\/mevabe\/wp-json\/wp\/v2\/comments?post=828"}],"wp:featuredmedia":[{"embeddable":true,"href":"https:\/\/webmaibinh.com\/w\/mevabe\/wp-json\/wp\/v2\/media\/829"}],"wp:attachment":[{"href":"https:\/\/webmaibinh.com\/w\/mevabe\/wp-json\/wp\/v2\/media?parent=828"}],"curies":[{"name":"wp","href":"https:\/\/api.w.org\/{rel}","templated":true}]}}