{"id":826,"date":"2017-10-05T16:40:52","date_gmt":"2017-10-05T09:40:52","guid":{"rendered":"https:\/\/bizhostvn.com\/w\/mevabe\/?post_type=product&#038;p=826"},"modified":"2017-10-05T16:40:52","modified_gmt":"2017-10-05T09:40:52","slug":"bo-do-choi-cau-ca-cho-be-no-8050","status":"publish","type":"product","link":"https:\/\/webmaibinh.com\/w\/mevabe\/sanpham\/bo-do-choi-cau-ca-cho-be-no-8050\/","title":{"rendered":"B\u1ed9 \u0111\u1ed3 ch\u01a1i c\u00e2u c\u00e1 cho b\u00e9 No.8050"},"content":{"rendered":"<h2><strong>B\u1ed9 \u0111\u1ed3 ch\u01a1i c\u00e2u c\u00e1 No.8050 \u0111em \u0111\u1ebfn cho b\u00e9 nh\u1eefng gi\u1edd ch\u01a1i b\u1ed5 \u00edch<\/strong><\/h2>\n<p>Vi\u1ec7c l\u1ef1a ch\u1ecdn\u00a0\u0111\u1ed3 ch\u01a1i cho b\u00e9\u00a0c\u0169ng l\u00e0 vi\u1ec7c m\u00e0 l\u00e0m cha m\u1eb9 lu\u00f4n b\u0103n kho\u0103n, \u0111\u1ec3 l\u00e0m sao ch\u1ecdn cho b\u00e9 nh\u1eefng b\u1ed9 \u0111\u1ed3 ch\u01a1i ph\u00f9 h\u1ee3p v\u1edbi s\u1edf th\u00edch v\u00e0 \u0111\u1ed9 tu\u1ed5i c\u1ee7a b\u00e9 v\u00e0 \u0111\u1eb7c bi\u1ec7t l\u00e0 ph\u1ea3i an to\u00e0n khi b\u00e9 s\u1eed d\u1ee5ng. Hi\u1ec3u \u0111\u01b0\u1ee3c t\u00e2m l\u00fd c\u1ee7a b\u1eadc ph\u1ee5 huynh\u00a0<strong>Kids Plaza<\/strong>\u00a0xin gi\u1edbi thi\u00eau b\u1ed9\u00a0<strong>\u0111\u1ed3 ch\u01a1i c\u00e2u c\u00e1 No.8050<\/strong>\u00a0n\u1eb1m trong b\u1ed9 s\u01b0u t\u1eadp\u00a0\u0111\u1ed3 ch\u01a1i tr\u1ebb em\u00a0an to\u00e0n v\u00e0 th\u00edch h\u1ee3p nh\u1ea5t cho b\u00e9. V\u1edbi thi\u1ebft k\u1ebf an to\u00e0n, th\u00f4ng minh h\u1ee9a h\u1eb9n s\u1ebd \u0111em \u0111\u1ebfn cho b\u00e9 nh\u1eefng gi\u1edd ch\u01a1i b\u1ed5 \u00edch nh\u1ea5t.<\/p>\n<h3><strong>\u0110\u1ed3 ch\u01a1i c\u00e2u c\u00e1 No.8050 cho b\u00e9 tr\u1ea3i nhi\u1ec7m c\u1ea3m gi\u00e1c th\u00fa v\u1ecb nh\u1ea5t<\/strong><\/h3>\n<ul>\n<li>B\u1ed9 s\u1ea3n ph\u1ea9m \u0111\u01b0\u1ee3c l\u00e0m b\u1eb1ng ch\u1ea5t li\u1ec7u nh\u1ef1a cao c\u1ea5p, \u0111\u1ed9 b\u1ec1n cao,\u00a0<strong>an to\u00e0n tuy\u1ec7t \u0111\u1ed1i cho b\u00e9<\/strong>.<\/li>\n<\/ul>\n<p><img class=\"aligncenter\" title=\"\u0110\u1ed3 ch\u01a1i c\u00e2u c\u00e1 No.8050 1\" src=\"https:\/\/kidsplaza.vn\/media\/catalog\/product\/d\/o\/do-choi-cau-ca-no-8050-5.jpg\" alt=\"\" width=\"500\" \/><\/p>\n<p><em>Ch\u1ea5t li\u1ec7u nh\u1ef1a cao c\u1ea5p, an to\u00e0n cho b\u00e9<\/em><\/p>\n<ul>\n<li>K\u00edch th\u00edch kh\u1ea3 n\u0103ng\u00a0<strong>kh\u00e9o l\u00e9o, nhanh nh\u1eb9n<\/strong>\u00a0v\u00e0\u00a0<strong>t\u00ednh ki\u1ec5n nh\u1eabn<\/strong>\u00a0c\u1ee7a tr\u1ebb.<\/li>\n<\/ul>\n<ul>\n<li>M\u1ed9t b\u1ed9 s\u1ea3n ph\u1ea9m bao g\u1ed3m: 2 C\u1ea7n c\u00e2u, 10 ch\u00fa c\u00e1 cho b\u00e9 t\u1eadp\u00a0<strong>l\u00e0m quen<\/strong>\u00a0v\u1edbi lo\u1ea1i h\u00ecnh tr\u00f2 ch\u01a1i c\u00e2u c\u00e1 m\u1ed9t c\u00e1ch hi\u1ec7u qu\u1ea3 nh\u1ea5t .<\/li>\n<\/ul>\n<p><img class=\"aligncenter\" title=\"\u0110\u1ed3 ch\u01a1i c\u00e2u c\u00e1 No.8050 2\" src=\"https:\/\/kidsplaza.vn\/media\/catalog\/product\/d\/o\/do-choi-cau-ca-no-8050-1.jpg\" alt=\"\" width=\"500\" \/><\/p>\n<p><em>M\u1ed9t\u00a0b\u1ed9 s\u1ea3n ph\u1ea9m \u0111\u1ed3 ch\u01a1i c\u00e2u c\u00e1 No.8050<\/em><\/p>\n<ul>\n<li>D\u00e2y c\u1ea7n c\u00e2u c\u00f3 th\u1ec3\u00a0<strong>\u0111i\u1ec1u ch\u1ec9nh \u0111\u01b0\u1ee3c \u0111\u1ed9 d\u00e0i ng\u1eafn<\/strong><\/li>\n<\/ul>\n<p><strong><img class=\"aligncenter\" title=\"\u0110\u1ed3 ch\u01a1i c\u00e2u c\u00e1 No.8050 3\" src=\"https:\/\/kidsplaza.vn\/media\/catalog\/product\/d\/o\/do-choi-cau-ca-no-8050-7.jpg\" alt=\"\" width=\"500\" \/><\/strong><\/p>\n<p><em>D\u00e2y c\u1ea7n \u0111\u01b0\u1ee3c thi\u1ebft k\u1ebf th\u00f4ng minh c\u00f3 th\u1ec3 \u0111i\u1ec1u ch\u1ec9nh \u0111\u01b0\u1ee3c \u0111\u1ed9 d\u00e0i<\/em><\/p>\n<ul>\n<li>S\u1ea3n ph\u1ea9m \u0111\u01b0\u1ee3c s\u1ea3n xu\u1ea5t theo d\u00e2y chuy\u1ec1n c\u00f4ng ngh\u1ec7 ti\u00ean ti\u1ebfn\u00a0<strong>\u0111\u1ea1t ti\u00eau chu\u1ea9n ch\u1ea5t l\u01b0\u1ee3ng Ch\u00e2u \u00c2u<\/strong>.<\/li>\n<li>S\u1ea3n ph\u1ea9m c\u00f3 r\u1ea5t nhi\u1ec1u\u00a0<strong>m\u00e0u s\u1eafc t\u01b0\u01a1i s\u00e1ng v\u00e0 b\u1eaft m\u1eaft<\/strong>\u00a0kh\u00e1c nhau k\u00edch th\u00edch th\u1ecb gi\u00e1c c\u1ee7a b\u00e9 ph\u00e1t tri\u1ec3n \u0111\u1ed3ng th\u1eddi t\u1eadp cho b\u00e9 c\u00e1ch ph\u00e2n bi\u1ec7t m\u00e0u s\u1eafc .<\/li>\n<\/ul>\n<p><img class=\"aligncenter\" title=\"\u0110\u1ed3 ch\u01a1i c\u00e2u c\u00e1 No.8050 4\" src=\"https:\/\/kidsplaza.vn\/media\/catalog\/product\/d\/o\/do-choi-cau-ca-no-8050-2.jpg\" alt=\"\" width=\"500\" \/><\/p>\n<p><em>M\u00e0u s\u1eafc t\u01b0\u01a1i s\u00e1ng v\u00e0 cu\u1ed1n h\u00fat \u0111em \u0111\u1ebfn s\u1ef1 th\u00edch th\u00fa cho b\u00e9<\/em><\/p>\n<ul>\n<li>S\u1ea3n ph\u1ea9m\u00a0<strong>d\u1ec5 d\u00e0ng s\u1eed d\u1ee5ng<\/strong>\u00a0v\u1edbi n\u00fat c\u00f4ng t\u1eafc b\u1eadt m\u1edf \u0111\u01a1n gi\u1ea3n<\/li>\n<\/ul>\n<p><img class=\"aligncenter\" title=\"\u0110\u1ed3 ch\u01a1i c\u00e2u c\u00e1 No.8050 5\" src=\"https:\/\/kidsplaza.vn\/media\/catalog\/product\/d\/o\/do-choi-cau-ca-no-8050-3.jpg\" alt=\"\" width=\"500\" \/><\/p>\n<p><em>S\u1ea3n ph\u1ea9m d\u1ec5 d\u00e0ng s\u1eed d\u1ee5ng<\/em><\/p>\n<ul>\n<li><strong>\u0110\u1ed3 ch\u01a1i c\u00e2u c\u00e1 No.8050\u00a0<\/strong>th\u00edch h\u1ee3p l\u00e0m\u00a0qu\u00e0 t\u1eb7ng cho b\u00e9\u00a0t\u1eeb 3 tu\u00f4\u0309i tr\u1edf l\u00ean.<\/li>\n<li>S\u1eed d\u1ee5ng pin AA<\/li>\n<\/ul>\n<p><img class=\"aligncenter\" title=\"\u0110\u1ed3 ch\u01a1i c\u00e2u c\u00e1 No.8050 6\" src=\"https:\/\/kidsplaza.vn\/media\/catalog\/product\/d\/o\/do-choi-cau-ca-no-8050-6.jpg\" alt=\"\" width=\"500\" \/><\/p>\n<p><em>\u0110\u1ed3 ch\u01a1i c\u00e2u c\u00e1 No.8050\u00a0d\u1ec5 d\u00e0ng thay pin\u00a0<\/em><\/p>\n","protected":false},"excerpt":{"rendered":"<p>B\u1ed9 \u0111\u1ed3 ch\u01a1i c\u00e2u c\u00e1 No.8050 \u0111em \u0111\u1ebfn cho b\u00e9 nh\u1eefng gi\u1edd ch\u01a1i b\u1ed5 \u00edch Vi\u1ec7c l\u1ef1a ch\u1ecdn\u00a0\u0111\u1ed3 ch\u01a1i cho b\u00e9\u00a0c\u0169ng l\u00e0 vi\u1ec7c m\u00e0 l\u00e0m cha m\u1eb9 lu\u00f4n b\u0103n kho\u0103n, \u0111\u1ec3 l\u00e0m sao ch\u1ecdn cho b\u00e9 nh\u1eefng b\u1ed9 \u0111\u1ed3 ch\u01a1i ph\u00f9 h\u1ee3p v\u1edbi s\u1edf th\u00edch v\u00e0 \u0111\u1ed9 tu\u1ed5i c\u1ee7a b\u00e9 v\u00e0 \u0111\u1eb7c bi\u1ec7t l\u00e0 ph\u1ea3i [&#8230;]\n","protected":false},"featured_media":827,"comment_status":"open","ping_status":"closed","template":"","meta":[],"_links":{"self":[{"href":"https:\/\/webmaibinh.com\/w\/mevabe\/wp-json\/wp\/v2\/product\/826"}],"collection":[{"href":"https:\/\/webmaibinh.com\/w\/mevabe\/wp-json\/wp\/v2\/product"}],"about":[{"href":"https:\/\/webmaibinh.com\/w\/mevabe\/wp-json\/wp\/v2\/types\/product"}],"replies":[{"embeddable":true,"href":"https:\/\/webmaibinh.com\/w\/mevabe\/wp-json\/wp\/v2\/comments?post=826"}],"wp:featuredmedia":[{"embeddable":true,"href":"https:\/\/webmaibinh.com\/w\/mevabe\/wp-json\/wp\/v2\/media\/827"}],"wp:attachment":[{"href":"https:\/\/webmaibinh.com\/w\/mevabe\/wp-json\/wp\/v2\/media?parent=826"}],"curies":[{"name":"wp","href":"https:\/\/api.w.org\/{rel}","templated":true}]}}