{"id":1085,"date":"2017-10-06T11:00:30","date_gmt":"2017-10-06T04:00:30","guid":{"rendered":"https:\/\/bizhostvn.com\/w\/mevabe\/?post_type=product&#038;p=1085"},"modified":"2017-10-11T11:47:15","modified_gmt":"2017-10-11T04:47:15","slug":"dung-dich-ve-sinh-phu-nu-lactacyd-confidence","status":"publish","type":"product","link":"https:\/\/webmaibinh.com\/w\/mevabe\/sanpham\/dung-dich-ve-sinh-phu-nu-lactacyd-confidence\/","title":{"rendered":"Dung d\u1ecbch v\u1ec7 sinh ph\u1ee5 n\u1eef Lactacyd Confidence"},"content":{"rendered":"<h2><strong>Dung d\u1ecbch v\u1ec7 sinh ph\u1ee5 n\u1eef Lactacyd Confidence mang l\u1ea1i cho m\u1eb9 c\u1ea3m gi\u00e1c d\u1ec5 ch\u1ecbu, t\u1ef1 tin v\u00e0 tho\u1ea3i m\u00e1i<\/strong><\/h2>\n<p>Vi\u1ec7c v\u1ec7 sinh cho c\u00e1c m\u1eb9 sau khi sinh lu\u00f4n l\u00e0m c\u00e1c m\u1eb9 b\u0103n kho\u0103n lo l\u1eafng. M\u1ed9t trong nh\u1eefng gi\u1ea3i ph\u00e1p an to\u00e0n lu\u00f4n mang l\u1ea1i cho m\u1eb9 s\u1ef1 tho\u1ea3i m\u00e1i v\u00e0 d\u1ec5 ch\u1ecbu nh\u1ea5t khi v\u1ec7 sinh v\u00f9ng k\u00edn l\u00e0\u00a0<strong>dung d\u1ecbch v\u1ec7 sinh cho m\u1eb9<\/strong>\u00a0Lactacyd Confidence v\u1edbi hai th\u00e0nh ph\u1ea7n ch\u00ednh c\u00f3 trong Dung d\u1ecbch v\u1ec7 sinh ph\u1ee5 n\u1eef Lactacyd Confidence l\u00e0 acid lactic v\u00e0 lactoserum. \u0110\u00e2y l\u00e0\u00a0 c\u00e1c th\u00e0nh ph\u1ea7n t\u1ef1 nhi\u00ean chi\u1ebft xu\u1ea5t t\u1eeb s\u1eefa t\u01b0\u01a1i, gi\u00fap c\u00e2n b\u1eb1ng sinh l\u00fd c\u1ee7a ni\u00eam m\u1ea1c.<br \/>\nAcid lactic l\u00e0 m\u1ed9t th\u00e0nh ph\u1ea7n t\u1ef1 nhi\u00ean \u0111\u1ef1\u1ee3c c\u01a1 th\u1ec3 ti\u1ebft ra \u0111\u1ec3 t\u1ea1o \u0111\u1ed9 pH acid cho \u00e2m \u0111\u1ea1o v\u00e0 h\u1ea1n ch\u1ebf s\u1ef1 ph\u00e1t tri\u1ec3n c\u1ee7a vi khu\u1ea9n g\u00e2y b\u1ec7nh.<br \/>\nLactoserum \u0111\u01b0\u1ee3c chi\u1ebft xu\u1ea5t t\u1eeb s\u1eefa, ch\u1ee9a nhi\u1ec1u vitamin v\u00e0 kho\u00e1ng ch\u1ea5t, gi\u00fap l\u00e0m s\u1ea1ch nh\u1eb9 nh\u00e0ng v\u00e0 nu\u00f4i d\u01b0\u1ee1ng da.<br \/>\nS\u1ef1 k\u1ebft h\u1ee3p c\u1ee7a hai th\u00e0nh ph\u1ea7n t\u1ef1 nhi\u00ean n\u00e0y gi\u00fap b\u1ea1n b\u1ea3o v\u1ec7 v\u00f9ng k\u00edn, kh\u00f4ng b\u1ecb ng\u1ee9a ng\u00e1y, r\u00e1t b\u1ecfng, m\u00f9i kh\u00f3 ch\u1ecbu.<\/p>\n<p><img class=\"aligncenter\" src=\"https:\/\/k.r.worldssl.net\/media\/wysiwyg\/product\/do-cho-me\/dung-dich-ve-sinh-phu-nu-lactacyd-confidence-1.jpg\" alt=\"\" width=\"500\" \/><\/p>\n<p><em>Gi\u00fap b\u1ea1n b\u1ea3o v\u1ec7 v\u00f9ng k\u00edn, kh\u00f4ng b\u1ecb ng\u1ee9a ng\u00e1y, r\u00e1t b\u1ecfng, m\u00f9i kh\u00f3 ch\u1ecbu<\/em><\/p>\n<h3><strong>\u0110\u1eb7c \u0111i\u1ec3m n\u1ed5i tr\u1ed9i c\u1ee7a dung d\u1ecbch v\u1ec7 sinh ph\u1ee5 n\u1eef Lactacyd Confidence<\/strong><\/h3>\n<ul>\n<li>H\u01b0\u01a1ng th\u01a1m nh\u1eb9 nh\u00e0ng, t\u1ef1 nhi\u00ean c\u1ee7a Lactacyd Confidence c\u00f2n mang l\u1ea1i cho b\u1ea1n\u00a0<strong>c\u1ea3m gi\u00e1c d\u1ec5 ch\u1ecbu<\/strong>, t\u1ef1 tin v\u00e0 tho\u1ea3i m\u00e1i.<\/li>\n<li>\u01afu \u0111i\u1ec3m n\u1ed5i b\u1eadt c\u1ee7a s\u1ea3n ph\u1ea9m m\u1edbi Lactacyd Confidence l\u00e0 \u0111\u1ed9 <strong>an to\u00e0n<\/strong> cao v\u00e0 <strong>kh\u00f4ng g\u00e2y kh\u00f4<\/strong>, th\u00edch h\u1ee3p cho vi\u1ec7c s\u1eed d\u1ee5ng h\u00e0ng ng\u00e0y. \u0110\u1ed9 an to\u00e0n n\u00e0y \u0111\u00e3 \u0111\u01b0\u1ee3c ch\u1ee9ng minh qua nghi\u00ean c\u1ee9u l\u00e2m s\u00e0n tr\u00ean h\u01a1n m\u1ed9t ng\u00e0n ph\u1ee5 n\u1eef ch\u00e2u \u00c1, v\u1edbi k\u1ebft qu\u1ea3\u00a099,75% ng\u01b0\u1eddi s\u1eed d\u1ee5ng kh\u00f4ng g\u1eb7p b\u1ea5t k\u1ef3 k\u00edch \u1ee9ng\u00a0n\u00e0o khi s\u1eed d\u1ee5ng h\u00e0ng ng\u00e0y.<\/li>\n<li>Lactacyd Confidence ch\u1ee9a Acid lactic v\u00e0 Lactoserum, c\u00e1c th\u00e0nh ph\u1ea7n t\u1ef1 nhi\u00ean \u0111\u01b0\u1ee3c <strong>chi\u1ebft xu\u1ea5t t\u1eeb s\u1eefa t\u01b0\u01a1i<\/strong>, gi\u00fap <strong>nh\u1eb9 nh\u00e0ng r\u1eeda s\u1ea1ch<\/strong> \u00e2m h\u1ed9 v\u00e0 <strong>b\u1ea3o v\u1ec7<\/strong> b\u1ea1n kh\u1ecfi ng\u1ee9a ng\u00e1y, r\u00e1t b\u1ecfng, m\u00f9i kh\u00f3 ch\u1ecbu.<\/li>\n<li>Lactoserum, chi\u1ebft xu\u1ea5t t\u1eeb s\u1eefa, ch\u1ee9a nhi\u1ec1u vitamin v\u00e0 kho\u00e1ng ch\u1ea5t, gi\u00fap<strong> l\u00e0m s\u1ea1ch nh\u1eb9 nh\u00e0ng v\u00e0 nu\u00f4i d\u01b0\u1ee1ng da<\/strong>.<\/li>\n<li>Lactacyd Confidence t\u1ef1 tin s\u1ebd l\u00e0 ng\u01b0\u1eddi b\u1ea1n \u0111\u1ed3ng h\u00e0nh c\u1ee7a ph\u1ee5 n\u1eef Vi\u1ec7t Nam.<\/li>\n<\/ul>\n<h3>\u00a0<strong>V\u1ec7 sinh ph\u1ee5 n\u1eef h\u00e0ng ng\u00e0y v\u1edbi dung d\u1ecbch\u00a0Lactacyd Confidence<\/strong><\/h3>\n<ul>\n<li>V\u1ec7 sinh ph\u1ee5 n\u1eef th\u1eddi k\u1ef3 h\u00e0nh kinh<\/li>\n<li>V\u1ec7 sinh ph\u1ee5 n\u1eef sau khi sinh, gi\u00fap ph\u00f2ng ng\u1eeba nhi\u1ec5m tr\u00f9ng<\/li>\n<li>Ph\u1ee5 khoa:\u00a0\u0111i\u1ec1u tr\u1ecb h\u1ed7 tr\u1ee3 vi\u00eam \u00e2m \u0111\u1ea1o, huy\u1ebft tr\u1eafng, vi\u00eam \u00e2m h\u1ed9, ng\u1ee9a \u00e2m h\u1ed9.<\/li>\n<li>Ngo\u00e0i ra, v\u1edbi \u0111\u1eb7c t\u00ednh l\u00e0 dung d\u1ecbch d\u1ea1ng s\u1eefa, Lactacyd Confidence r\u1ea5t d\u1ec5 s\u1eed d\u1ee5ng, c\u00f3 th\u1ec3 d\u00f9ng r\u1eeda nhi\u1ec1u l\u1ea7n trong ng\u00e0y v\u00e0 th\u00edch h\u1ee3p cho m\u1ecdi \u0111\u1ed9 tu\u1ed5i.<\/li>\n<\/ul>\n<p><img class=\"aligncenter\" src=\"https:\/\/k.r.worldssl.net\/media\/wysiwyg\/product\/do-cho-me\/dung-dich-ve-sinh-phu-nu-lactacyd-confidence-3.jpg\" alt=\"\" width=\"500\" \/><\/p>\n<p><strong>C\u00e1ch d\u00f9ng dung d\u1ecbch Lactacyd Confidence , li\u1ec1u l\u01b0\u01a1ng \u0111\u00fang ti\u00eau chu\u1ea9n<\/strong><\/p>\n<ul>\n<li>\u00a0L\u1eafc k\u1ef9 tr\u01b0\u1edbc khi d\u00f9ng.<\/li>\n<li>D\u00f9ng nh\u01b0 x\u00e0 b\u00f4ng n\u01b0\u1edbc. R\u1eeda n\u01b0\u1edbc l\u1ea1i th\u1eadt k\u1ef9 sau khi d\u00f9ng. C\u00f3 th\u1ec3 d\u00f9ng r\u1eeda nhi\u1ec1u l\u1ea7n trong ng\u00e0y.<\/li>\n<li>B\u01a1m r\u1eeda \u00e2m \u0111\u1ea1o : 2-4 mu\u1ed7ng canh trong 1 l\u00edt n\u01b0\u1edbc. Ho\u1eb7c d\u00f9ng d\u1ee5ng c\u1ee5 b\u01a1m r\u1eeda \u00e2m \u0111\u1ea1o.<\/li>\n<li>Th\u00f4ng th\u01b0\u1eddng c\u00f3 th\u1ec3 b\u01a1m r\u1eeda 2 l\u1ea7n\/tu\u1ea7n. Khi c\u00f3 nhi\u1ec5m tr\u00f9ng \u00e2m \u0111\u1ea1o th\u00ec b\u01a1m r\u1eeda h\u00e0ng ng\u00e0y.<\/li>\n<\/ul>\n<p><img class=\"aligncenter\" src=\"https:\/\/k.r.worldssl.net\/media\/wysiwyg\/product\/do-cho-me\/dung-dich-ve-sinh-phu-nu-lactacyd-confidence-2.jpg\" alt=\"\" width=\"500\" \/><\/p>\n<p>Ph\u1ee5 n\u1eef c\u1ea7n ch\u00fa \u00fd l\u1ef1a ch\u1ecdn cho m\u00ecnh m\u1ed9t ph\u01b0\u01a1ng ph\u00e1p ch\u0103m s\u00f3c v\u1ec7 sinh m\u1ed9t c\u00e1ch khoa h\u1ecdc \u0111\u1ec3 t\u1ef1 b\u1ea3o v\u1ec7 m\u00ecnh t\u1ed1t h\u01a1n. V\u00ec v\u1eady, h\u00e3y ch\u1ecdn v\u00e0 s\u1eed d\u1ee5ng Lactacyd Confidence!<\/p>\n","protected":false},"excerpt":{"rendered":"<p>Dung d\u1ecbch v\u1ec7 sinh ph\u1ee5 n\u1eef Lactacyd Confidence l\u00e0 acid lactic v\u00e0 lactoserum. \u0110\u00e2y l\u00e0\u00a0 c\u00e1c th\u00e0nh ph\u1ea7n t\u1ef1 nhi\u00ean chi\u1ebft xu\u1ea5t t\u1eeb s\u1eefa t\u01b0\u01a1i, gi\u00fap c\u00e2n b\u1eb1ng sinh l\u00fd c\u1ee7a ni\u00eam m\u1ea1c.<\/p>\n","protected":false},"featured_media":1086,"comment_status":"open","ping_status":"closed","template":"","meta":[],"_links":{"self":[{"href":"https:\/\/webmaibinh.com\/w\/mevabe\/wp-json\/wp\/v2\/product\/1085"}],"collection":[{"href":"https:\/\/webmaibinh.com\/w\/mevabe\/wp-json\/wp\/v2\/product"}],"about":[{"href":"https:\/\/webmaibinh.com\/w\/mevabe\/wp-json\/wp\/v2\/types\/product"}],"replies":[{"embeddable":true,"href":"https:\/\/webmaibinh.com\/w\/mevabe\/wp-json\/wp\/v2\/comments?post=1085"}],"wp:featuredmedia":[{"embeddable":true,"href":"https:\/\/webmaibinh.com\/w\/mevabe\/wp-json\/wp\/v2\/media\/1086"}],"wp:attachment":[{"href":"https:\/\/webmaibinh.com\/w\/mevabe\/wp-json\/wp\/v2\/media?parent=1085"}],"curies":[{"name":"wp","href":"https:\/\/api.w.org\/{rel}","templated":true}]}}