{"id":1073,"date":"2017-10-06T10:28:52","date_gmt":"2017-10-06T03:28:52","guid":{"rendered":"https:\/\/bizhostvn.com\/w\/mevabe\/?post_type=product&#038;p=1073"},"modified":"2017-10-11T13:26:11","modified_gmt":"2017-10-11T06:26:11","slug":"dai-nit-bung-kuku-s7508-cho-me","status":"publish","type":"product","link":"https:\/\/webmaibinh.com\/w\/mevabe\/sanpham\/dai-nit-bung-kuku-s7508-cho-me\/","title":{"rendered":"\u0110ai n\u1ecbt b\u1ee5ng KuKu s7508 cho m\u1eb9"},"content":{"rendered":"<h2><strong>\u0110ai n\u1ecbt b\u1ee5ng KuKu s750<\/strong> <strong>gi\u00fap m\u1eb9 l\u1ea5y l\u1ea1i v\u00f3c d\u00e1ng thon g\u1ecdn sau khi sinh<\/strong><\/h2>\n<p><strong>C<\/strong>\u00e1c m\u1eb9 sau khi sinh \u0111au \u0111\u1ea7u nh\u1ea5t l\u00e0 v\u00f2ng 2 kh\u00f4ng c\u00f2n thon th\u1ea3 n\u1eefa. <strong>\u0110ai n\u1ecbt b\u1ee5ng KuKu s750 <\/strong>th\u01b0\u01a1ng hi\u1ec7u Kuku s\u1ebd gi\u00fap m\u1eb9 x\u00f3a tan lo l\u1eafng n\u00e0y. S\u1ea3n ph\u1ea9m \u0111\u01b0\u1ee3c s\u1ea3n xu\u1ea5t t\u1eeb ch\u1ea5t li\u1ec7u v\u1ea3i m\u1ec1m, co d\u00e3n t\u1ed1t, l\u00e0 s\u1ef1 \u0111\u1ed3 d\u00f9ng sau khi sinh ho\u00e0n h\u1ea3o cho b\u1ea1n \u1edf giai \u0111o\u1ea1n sau sinh.<\/p>\n<p><img class=\"aligncenter\" src=\"https:\/\/k.r.worldssl.net\/media\/catalog\/product\/d\/a\/dai_nit_bung_s7508.jpg\" alt=\"\" width=\"500\" \/><\/p>\n<p><em>Cho b\u1ea1n v\u00f3c d\u00e1ng t\u1ef1 nhi\u00ean v\u00e0 ho\u1ea3n h\u1ea3o nh\u1ea5t<\/em><\/p>\n<h3><strong>Nh\u1eefng chi ti\u1ebft n\u1ed5i b\u1eadt c\u1ee7a s\u1ea3n ph\u1ea9m<\/strong><\/h3>\n<ul>\n<li>S\u1ea3n ph\u1ea9m v\u1edbi <strong>nh\u1eefng \u0111\u01b0\u1eddng c\u1eaft c\u00fap ph\u00f9 h\u1ee3p \u0111\u1ec3 t\u1ea1o n\u00ean s\u1ef1 quy\u1ebfn r\u0169 cho c\u01a1 th\u1ec3<\/strong>.<\/li>\n<li>\u0110ai n\u1ecbt b\u1ee5ng kuku 7503 c\u00f3 t\u00e1c d\u1ee5ng n\u00e2ng ng\u1ef1c v\u00e0 l\u00e0m thon eo, cho b\u1ea1n v\u00f3c d\u00e1ng t\u1ef1 nhi\u00ean v\u00e0 ho\u1ea3n h\u1ea3o nh\u1ea5t<\/li>\n<li>Ch\u1ea5t li\u1ec7u v\u1ea3i cao c\u1ea5p, m\u1ec1m m\u1ea1i v\u00e0 r\u1ea5t tho\u00e1ng kh\u00ed, lu\u00f4n mang \u0111\u1ebfn cho b\u1ea1n c\u1ea3m gi\u00e1c tho\u1ea3i m\u00e1i v\u00e0 d\u1ec5 ch\u1ecbu nh\u1ea5t.<\/li>\n<li>\u0110\u01b0\u1ee3c l\u00e0m t\u1eeb v\u1ea3i l\u01b0\u1edbi <strong>c\u00f3 t\u00ednh \u0111\u00e0n h\u1ed3i v\u00e0 c\u00f3 \u00e1p l\u1ef1c cao gi\u00fap v\u00f9ng b\u1ee5ng tr\u1edf n\u00ean thon g\u1ecdn<\/strong>, ph\u1ee5c h\u1ed3i l\u1ea1i \u0111\u01b0\u1eddng cong ho\u00e0n h\u1ea3o sau khi sinh.<\/li>\n<li>Gi\u00fap c\u1ea3i thi\u1ec7n v\u00f3c d\u00e1ng<\/li>\n<li>Ch\u1ea5t li\u1ec7u tho\u00e1ng kh\u00ed<\/li>\n<li>Thi\u1ebft k\u1ebf th\u00f4ng minh<\/li>\n<li>Size M: Eo: 66-72cm \/ M\u00f4ng: 89-98cm.<\/li>\n<\/ul>\n","protected":false},"excerpt":{"rendered":"<p><strong>C<\/strong>\u00e1c m\u1eb9 sau khi sinh \u0111au \u0111\u1ea7u nh\u1ea5t l\u00e0 v\u00f2ng 2 kh\u00f4ng c\u00f2n thon th\u1ea3 n\u1eefa. <strong>\u0110ai n\u1ecbt b\u1ee5ng KuKu s750 <\/strong>th\u01b0\u01a1ng hi\u1ec7u Kuku s\u1ebd gi\u00fap m\u1eb9 x\u00f3a tan lo l\u1eafng n\u00e0y. S\u1ea3n ph\u1ea9m \u0111\u01b0\u1ee3c s\u1ea3n xu\u1ea5t t\u1eeb ch\u1ea5t li\u1ec7u v\u1ea3i m\u1ec1m, co d\u00e3n t\u1ed1t, l\u00e0 s\u1ef1 \u0111\u1ed3 d\u00f9ng sau khi sinh ho\u00e0n h\u1ea3o cho b\u1ea1n \u1edf giai \u0111o\u1ea1n sau sinh.<\/p>\n","protected":false},"featured_media":1074,"comment_status":"open","ping_status":"closed","template":"","meta":[],"_links":{"self":[{"href":"https:\/\/webmaibinh.com\/w\/mevabe\/wp-json\/wp\/v2\/product\/1073"}],"collection":[{"href":"https:\/\/webmaibinh.com\/w\/mevabe\/wp-json\/wp\/v2\/product"}],"about":[{"href":"https:\/\/webmaibinh.com\/w\/mevabe\/wp-json\/wp\/v2\/types\/product"}],"replies":[{"embeddable":true,"href":"https:\/\/webmaibinh.com\/w\/mevabe\/wp-json\/wp\/v2\/comments?post=1073"}],"wp:featuredmedia":[{"embeddable":true,"href":"https:\/\/webmaibinh.com\/w\/mevabe\/wp-json\/wp\/v2\/media\/1074"}],"wp:attachment":[{"href":"https:\/\/webmaibinh.com\/w\/mevabe\/wp-json\/wp\/v2\/media?parent=1073"}],"curies":[{"name":"wp","href":"https:\/\/api.w.org\/{rel}","templated":true}]}}