{"id":835,"date":"2020-02-12T22:27:30","date_gmt":"2020-02-12T15:27:30","guid":{"rendered":"https:\/\/mayphatdienhungthinhphat.webdemo.vn\/?post_type=product&#038;p=835"},"modified":"2020-02-12T22:27:30","modified_gmt":"2020-02-12T15:27:30","slug":"may-phat-dien-doosan-385kva","status":"publish","type":"product","link":"https:\/\/webmaibinh.com\/w\/mayphatdien2011\/san-pham\/may-phat-dien-doosan-385kva\/","title":{"rendered":"M\u00e1y Ph\u00e1t \u0110i\u1ec7n Doosan 385kVA"},"content":{"rendered":"<div class=\"section-body m-top-4\">\n<div class=\"tab-body\">\n<div id=\"tabdetail-1\" class=\"tab-pane fade in active\">\n<div class=\"tab-content\">\n<div class=\"blog-content\">\n<table border=\"1\" width=\"637\" cellspacing=\"0\" cellpadding=\"0\" align=\"center\">\n<tbody>\n<tr>\n<td colspan=\"2\">\n<ol>\n<li><strong>T\u1ed4 H\u1ee2P<\/strong><\/li>\n<\/ol>\n<\/td>\n<\/tr>\n<tr>\n<td>Th\u01b0\u01a1ng hi\u1ec7u<\/td>\n<td>\n<p align=\"center\"><strong>DOOSAN KOREA<\/strong><\/p>\n<\/td>\n<\/tr>\n<tr>\n<td>Model<\/td>\n<td>\n<p align=\"center\"><strong>PDS-385<\/strong><\/p>\n<\/td>\n<\/tr>\n<tr>\n<td>Xu\u1ea5t x\u1ee9<\/td>\n<td>\n<p align=\"center\"><strong>SINGAPORE<\/strong><\/p>\n<\/td>\n<\/tr>\n<tr>\n<td>Ti\u00eau chu\u1ea9n qu\u1ea3n l\u00fd ch\u1ea5t l\u01b0\u1ee3ng<\/td>\n<td>\n<p align=\"center\">ISO 9001:2000<\/p>\n<\/td>\n<\/tr>\n<tr>\n<td>Ti\u00eau chu\u1ea9n qu\u1ea3n l\u00fd m\u00f4i tr\u01b0\u1eddng<\/td>\n<td>\n<p align=\"center\">ISO 14000<\/p>\n<\/td>\n<\/tr>\n<tr>\n<td>Ti\u00eau chu\u1ea9n ch\u1ea5t l\u01b0\u1ee3ng ch\u1ebf t\u1ea1o<\/td>\n<td>\n<p align=\"center\">ISO 8528, ISO 3046, AS 2789, DIN6271, BS 5514, IEC 34<\/p>\n<\/td>\n<\/tr>\n<tr>\n<td>Prime (kVA\/kW)<\/td>\n<td>\n<p align=\"center\">350\/280<\/p>\n<\/td>\n<\/tr>\n<tr>\n<td>Standby (kVA\/kW)<\/td>\n<td>\n<p align=\"center\">385\/308<\/p>\n<\/td>\n<\/tr>\n<tr>\n<td>\u0110i\u1ec7n \u00e1p<\/td>\n<td>\n<p align=\"center\">230\/400V, 3 pha, 4 d\u00e2y, 50Hz, 1500v\u00f2ng\/ph\u00fat<\/p>\n<\/td>\n<\/tr>\n<tr>\n<td>K\u00edch th\u01b0\u1edbc: ( D\u00e0i x r\u1ed9ng x cao )<\/td>\n<td>\n<p align=\"center\">3030 x 1550 x 1995 (mm)<\/p>\n<\/td>\n<\/tr>\n<tr>\n<td>Tr\u1ecdng l\u01b0\u1ee3ng m\u00e1y (Kg)<\/td>\n<td>\n<p align=\"center\">2600<\/p>\n<\/td>\n<\/tr>\n<tr>\n<td>Ti\u00eau hao nhi\u00ean li\u1ec7u m\u1ee9c: 50% t\u1ea3i ( L\/h )<\/td>\n<td>\n<p align=\"center\">40<\/p>\n<\/td>\n<\/tr>\n<tr>\n<td>Ti\u00eau hao nhi\u00ean li\u1ec7u m\u1ee9c: 75% t\u1ea3i ( L\/h )<\/td>\n<td>\n<p align=\"center\">58,4<\/p>\n<\/td>\n<\/tr>\n<tr>\n<td>Ti\u00eau hao nhi\u00ean li\u1ec7u m\u1ee9c: 100% t\u1ea3i ( L\/h )<\/td>\n<td>\n<p align=\"center\">78,7<\/p>\n<\/td>\n<\/tr>\n<tr>\n<td>\n<ol>\n<li value=\"2\"><strong>\u0110\u1ed8NG C\u01a0<\/strong><\/li>\n<\/ol>\n<\/td>\n<td>\n<p align=\"center\"><strong>DOOSAN KOREA<\/strong><\/p>\n<\/td>\n<\/tr>\n<tr>\n<td>Model<\/td>\n<td>\n<p align=\"center\"><strong>P158LE-1<\/strong><\/p>\n<\/td>\n<\/tr>\n<tr>\n<td>Xu\u1ea5t x\u1ee9<\/td>\n<td>\n<p align=\"center\"><strong>Do Doosan Infracore Co., Ltd<\/strong>\u00a0<strong>thu\u1ed9c t\u1eadp \u0111o\u00e0n\u00a0<\/strong><strong>Doosan<\/strong><strong>\u00a0s\u1ea3n xu\u1ea5t t\u1ea1i H\u00e0n Qu\u1ed1c<\/strong><\/p>\n<\/td>\n<\/tr>\n<tr>\n<td>Ti\u00eau chu\u1ea9n qu\u1ea3n l\u00fd ch\u1ea5t l\u01b0\u1ee3ng<\/td>\n<td>\n<p align=\"center\">ISO 9001<\/p>\n<\/td>\n<\/tr>\n<tr>\n<td>Ki\u1ec3u<\/td>\n<td>\n<p align=\"center\">4 cycle diesel, Turbo charged &amp; intercooled<\/p>\n<\/td>\n<\/tr>\n<tr>\n<td>H\u1ec7 th\u1ed1ng kh\u1edfi \u0111\u1ed9ng<\/td>\n<td>\n<p align=\"center\">\u0110\u1ec1 \u0111i\u1ec7n<\/p>\n<\/td>\n<\/tr>\n<tr>\n<td>T\u1ed1c \u0111\u1ed9 v\u00f2ng quay<\/td>\n<td>\n<p align=\"center\">1500 v\u00f2ng\/ph\u00fat<\/p>\n<\/td>\n<\/tr>\n<tr>\n<td>\u0110i\u1ec7n \u00e1p<\/td>\n<td>\n<p align=\"center\">230\/400V, 3 pha, 4 d\u00e2y, 50Hz, 1500v\u00f2ng\/ph\u00fat<\/p>\n<\/td>\n<\/tr>\n<tr>\n<td>S\u1ed1 xy lanh<\/td>\n<td>\n<p align=\"center\">8 xilanh, x\u1ebfp h\u00ecnh V<\/p>\n<\/td>\n<\/tr>\n<tr>\n<td>Khoang ch\u1ea1y piton<\/td>\n<td>\n<p align=\"center\">128 x 142 (mm)<\/p>\n<\/td>\n<\/tr>\n<tr>\n<td>Dung t\u00edch xilanh<\/td>\n<td>\n<p align=\"center\">14,618 (l\u00edt)<\/p>\n<\/td>\n<\/tr>\n<tr>\n<td>H\u1ec7 th\u1ed1ng l\u00e0m m\u00e1t<\/td>\n<td>\n<p align=\"center\">K\u00e9t n\u01b0\u1edbc, qu\u1ea1t gi\u00f3<\/p>\n<\/td>\n<\/tr>\n<tr>\n<td>C\u01a1 c\u1ea5u B\u1ed9 \u0111i\u1ec1u t\u1ed1c<\/td>\n<td>\n<p align=\"center\">\u0110i\u1ec7n t\u1eed<\/p>\n<\/td>\n<\/tr>\n<tr>\n<td>\n<ol>\n<li value=\"3\"><strong>\u0110\u1ea6U PH\u00c1T<\/strong><\/li>\n<\/ol>\n<\/td>\n<td>\n<p align=\"center\"><strong>STAMFORD (UK)<\/strong><\/p>\n<\/td>\n<\/tr>\n<tr>\n<td>Model<\/td>\n<td>\n<p align=\"center\"><strong>HCI444F<\/strong><\/p>\n<\/td>\n<\/tr>\n<tr>\n<td>Xu\u1ea5t x\u1ee9<\/td>\n<td>\n<p align=\"center\"><strong>Do h\u00e3ng Stamford Newage Technology (Anh Qu\u1ed1c) s\u1ea3n xu\u1ea5t<\/strong><\/p>\n<\/td>\n<\/tr>\n<tr>\n<td>Ti\u00eau chu\u1ea9n qu\u1ea3n l\u00fd ch\u1ea5t l\u01b0\u1ee3ng<\/td>\n<td>\n<p align=\"center\">ISO 9001<\/p>\n<\/td>\n<\/tr>\n<tr>\n<td>Ti\u00eau chu\u1ea9n s\u1ea3n xu\u1ea5t<\/td>\n<td>BS EN 60034, BS5000, VDE 0530, NEMA MG1-32, IEC34, CSA C22.2-100, AS1359<\/td>\n<\/tr>\n<tr>\n<td>H\u1ec7 s\u1ed1 nhi\u1ec5u s\u00f3ng v\u00f4 tuy\u1ebfn<\/td>\n<td>\n<p align=\"center\">EN 61000-6-2, EN 61000-6-4, VDE 0875G &amp; VDE 0875N<\/p>\n<\/td>\n<\/tr>\n<tr>\n<td>Ki\u1ec3u \u0111\u1ea7u ph\u00e1t<\/td>\n<td>\n<p align=\"center\">Kh\u00f4ng ch\u1ed5i than, m\u1ed9t \u1ed5 \u0111\u1ee1, t\u1eeb tr\u01b0\u1eddng quay 4 c\u1ef1c, t\u1ef1 k\u00edch t\u1eeb<\/p>\n<\/td>\n<\/tr>\n<tr>\n<td>\u0110i\u1ec7n \u00e1p<\/td>\n<td>\n<p align=\"center\">230\/400V, 4 d\u00e2y, 50Hz, 1500 v\u00f2ng\/ph\u00fat<\/p>\n<\/td>\n<\/tr>\n<tr>\n<td>C\u01a1 c\u1ea5u \u0111i\u1ec1u ch\u1ec9nh \u0111i\u1ec7n \u00e1p (V)<\/td>\n<td>\n<p align=\"center\">\u0110i\u1ec1u ch\u1ec9nh \u0111i\u1ec7n \u00e1p t\u1ef1 \u0111\u1ed9ng (AVR)<\/p>\n<\/td>\n<\/tr>\n<tr>\n<td>S\u1ed1 pha<\/td>\n<td>\n<p align=\"center\">3 pha<\/p>\n<\/td>\n<\/tr>\n<tr>\n<td>H\u1ec7 s\u1ed1 quy \u0111\u1ed5i<\/td>\n<td>\n<p align=\"center\">0,8<\/p>\n<\/td>\n<\/tr>\n<tr>\n<td>C\u1ea5p b\u1ea3o v\u1ec7<\/td>\n<td>\n<p align=\"center\">IP23<\/p>\n<\/td>\n<\/tr>\n<tr>\n<td>C\u1ea5p c\u00e1ch \u0111i\u1ec7n (Isulation)<\/td>\n<td>\n<p align=\"center\">H<\/p>\n<\/td>\n<\/tr>\n<tr>\n<td><strong>IV. B\u1ed8 \u0110I\u1ec0U KHI\u1ec2N<\/strong><\/td>\n<td>\n<p align=\"center\"><strong>COMAP<\/strong><\/p>\n<\/td>\n<\/tr>\n<tr>\n<td>Xu\u1ea5t x\u1ee9<\/td>\n<td>\n<p align=\"center\"><strong>C\u1ed9ng h\u00f2a\u00a0<\/strong><strong>SZECH<\/strong><\/p>\n<\/td>\n<\/tr>\n<tr>\n<td>Ti\u00eau chu\u1ea9n qu\u1ea3n l\u00fd ch\u1ea5t l\u01b0\u1ee3ng<\/td>\n<td>\n<p align=\"center\">ISO 9001<\/p>\n<\/td>\n<\/tr>\n<tr>\n<td>Ti\u00eau chu\u1ea9n s\u1ea3n xu\u1ea5t<\/td>\n<td>EN 61000-6-2, EN 61000-6-4, EN 60529<\/td>\n<\/tr>\n<tr>\n<td>Ch\u01b0\u0301c n\u0103ng<\/td>\n<td>\n<ul>\n<li>M\u00e0n h\u00ecnh \u0111i\u1ec1u khi\u1ec3n LCD d\u1ec5 d\u00e0ng s\u1eed d\u1ee5ng v\u00e0 ti\u1ec7n l\u1ee3i.<\/li>\n<li>Hi\u1ec3n th\u1ecb \u0111\u1ea7y \u0111\u1ee7 c\u00e1c th\u00f4ng s\u1ed1 c\u1ee7a m\u00e1y ph\u00e1t \u0111i\u1ec7n.<\/li>\n<li>Hi\u1ec3n th\u1ecb \u0111\u1ea7y \u0111\u1ee7 c\u00e1c ch\u1ee9c n\u0103ng nh\u01b0 :<\/li>\n<\/ul>\n<p>+ Ch\u1ee9c n\u0103ng ch\u1ec9 b\u00e1o.<\/p>\n<p>+ \u0110\u00e8n hi\u1ec3n th\u1ecb c\u1ea3nh b\u00e1o.<\/p>\n<p>+ Ch\u1ee9c n\u0103ng b\u1ea3o v\u1ec7.<\/p>\n<p>+ \u0110i\u1ec1u khi\u1ec3n t\u1eeb xa.<\/td>\n<\/tr>\n<\/tbody>\n<\/table>\n<\/div>\n<\/div>\n<div class=\"tab-footer btn-container text-center\"><\/div>\n<\/div>\n<\/div>\n<\/div>\n<hr \/>\n<p style=\"margin-bottom: 5px;\"><span style=\"color: #333399;\"><strong>C\u00d4NG TY TNHH SX &#8211; TM &#8211; XNK H\u01afNG TH\u1ecaNH PH\u00c1T<\/strong><\/span><\/p>\n<ul>\n<li><span style=\"color: #000000;\"><strong>\u0110\u1ecba ch\u1ec9:<\/strong> S\u1ed1 496\/13 L\u00e3 Xu\u00e2n Oai, T\u1ed5 7, Khu ph\u1ed1 Ph\u01b0\u1edbc Hi\u1ec7p, Ph\u01b0\u1eddng Long Tr\u01b0\u1eddng, Qu\u1eadn 9, TP.HCM<\/span><\/li>\n<li><span class=\"text\" style=\"color: #000000;\"><strong>\u0110i\u1ec7n tho\u1ea1i:<\/strong> <span style=\"color: #ed1c24;\"><strong>0909.078.509<\/strong><\/span><\/span><\/li>\n<li><span class=\"text\" style=\"color: #000000;\"><strong> Email:<\/strong> <span style=\"color: #3366ff;\">hungthinhphatgenerator@gmail.com<\/span><\/span><\/li>\n<\/ul>\n","protected":false},"excerpt":{"rendered":"<p>M\u00e1y m\u1edbi 100% c\u00f3 hai d\u00f2ng: m\u00e1y tr\u1ea7n ho\u1eb7c m\u00e1y c\u00f3 th\u00f9ng c\u00e1ch \u00e2m\u00a0\u0111\u1ed3ng b\u1ed9<\/p>\n<table class=\"table\">\n<tbody>\n<tr>\n<td><strong>M\u00e3 SP<\/strong><\/td>\n<td><strong><span style=\"background-color: #ffffff; color: #ed1c24;\">PDS-385<br \/>\n<\/span><\/strong><\/td>\n<\/tr>\n<tr>\n<td><strong>Nh\u00e0 cung c\u1ea5p<\/strong><\/td>\n<td><strong><span style=\"color: #ed1c24;\">C\u00f4ng Ty H\u01b0ng Th\u1ecbnh Ph\u00e1t<\/span><\/strong><\/td>\n<\/tr>\n<tr>\n<td><strong>B\u1ea3o H\u00e0nh<\/strong><\/td>\n<td><strong><span style=\"color: #ed1c24;\">24 th\u00e1ng ho\u1eb7c 2000 gi\u1edd<\/span><\/strong><\/td>\n<\/tr>\n<\/tbody>\n<\/table>\n","protected":false},"featured_media":836,"comment_status":"open","ping_status":"closed","template":"","meta":[],"_links":{"self":[{"href":"https:\/\/webmaibinh.com\/w\/mayphatdien2011\/wp-json\/wp\/v2\/product\/835"}],"collection":[{"href":"https:\/\/webmaibinh.com\/w\/mayphatdien2011\/wp-json\/wp\/v2\/product"}],"about":[{"href":"https:\/\/webmaibinh.com\/w\/mayphatdien2011\/wp-json\/wp\/v2\/types\/product"}],"replies":[{"embeddable":true,"href":"https:\/\/webmaibinh.com\/w\/mayphatdien2011\/wp-json\/wp\/v2\/comments?post=835"}],"wp:featuredmedia":[{"embeddable":true,"href":"https:\/\/webmaibinh.com\/w\/mayphatdien2011\/wp-json\/wp\/v2\/media\/836"}],"wp:attachment":[{"href":"https:\/\/webmaibinh.com\/w\/mayphatdien2011\/wp-json\/wp\/v2\/media?parent=835"}],"curies":[{"name":"wp","href":"https:\/\/api.w.org\/{rel}","templated":true}]}}