{"id":763,"date":"2020-02-12T18:20:47","date_gmt":"2020-02-12T11:20:47","guid":{"rendered":"https:\/\/mayphatdienhungthinhphat.webdemo.vn\/?post_type=product&#038;p=763"},"modified":"2020-02-12T18:22:44","modified_gmt":"2020-02-12T11:22:44","slug":"cam-bien-nhiet-do-nuoc-ke00007-kus","status":"publish","type":"product","link":"https:\/\/webmaibinh.com\/w\/mayphatdien2011\/san-pham\/cam-bien-nhiet-do-nuoc-ke00007-kus\/","title":{"rendered":"C\u1ea3m bi\u1ebfn nhi\u1ec7t \u0111\u1ed9 n\u01b0\u1edbc &#8211; KE00007 &#8211; KUS"},"content":{"rendered":"<h1>Diesel generator set water temperature sensor<br \/>\nProduct Details:<\/h1>\n<table width=\"100%\">\n<tbody>\n<tr>\n<td width=\"48%\">Place of Origin<\/td>\n<td width=\"51%\">Guangdong, China (Mainland)<\/td>\n<\/tr>\n<tr>\n<td width=\"48%\">Brand Name<\/td>\n<td width=\"51%\">KUS<\/td>\n<\/tr>\n<tr>\n<td width=\"48%\">Model Number<\/td>\n<td width=\"51%\">KE00007<\/td>\n<\/tr>\n<tr>\n<td width=\"48%\">Usage<\/td>\n<td width=\"51%\">Industrial<\/td>\n<\/tr>\n<tr>\n<td width=\"48%\">Theory<\/td>\n<td width=\"51%\">Temperature Sensor<\/td>\n<\/tr>\n<tr>\n<td width=\"48%\">Thread<\/td>\n<td width=\"51%\">3\/8 -18NPT<\/td>\n<\/tr>\n<\/tbody>\n<\/table>\n","protected":false},"excerpt":{"rendered":"<div>C\u1ea3m bi\u1ebfn nhi\u1ec7t \u0111\u1ed9 n\u01b0\u1edbc cho m\u00e1y ph\u00e1t \u0111i\u1ec7n &#8211; KE00007 &#8211; KUS. Diesel generator set water temperature sensor &#8211; Generator Solution.<\/div>\n<div class=\"pro_properties_title\"><strong>H\u00e3ng cung c\u1ea5p\u00a0:\u00a0<\/strong>KUS | WEMA<\/div>\n<div class=\"pro_properties_title\"><strong>Model\u00a0:\u00a0<\/strong>KE00007<\/div>\n<div class=\"pro_properties_title\"><strong>Ch\u1ea5t l\u01b0\u1ee3ng\u00a0:\u00a0<\/strong>B\u1ea3o h\u00e0nh 18 th\u00e1ng<\/div>\n","protected":false},"featured_media":764,"comment_status":"open","ping_status":"closed","template":"","meta":[],"_links":{"self":[{"href":"https:\/\/webmaibinh.com\/w\/mayphatdien2011\/wp-json\/wp\/v2\/product\/763"}],"collection":[{"href":"https:\/\/webmaibinh.com\/w\/mayphatdien2011\/wp-json\/wp\/v2\/product"}],"about":[{"href":"https:\/\/webmaibinh.com\/w\/mayphatdien2011\/wp-json\/wp\/v2\/types\/product"}],"replies":[{"embeddable":true,"href":"https:\/\/webmaibinh.com\/w\/mayphatdien2011\/wp-json\/wp\/v2\/comments?post=763"}],"wp:featuredmedia":[{"embeddable":true,"href":"https:\/\/webmaibinh.com\/w\/mayphatdien2011\/wp-json\/wp\/v2\/media\/764"}],"wp:attachment":[{"href":"https:\/\/webmaibinh.com\/w\/mayphatdien2011\/wp-json\/wp\/v2\/media?parent=763"}],"curies":[{"name":"wp","href":"https:\/\/api.w.org\/{rel}","templated":true}]}}