{"id":760,"date":"2020-02-12T18:10:08","date_gmt":"2020-02-12T11:10:08","guid":{"rendered":"https:\/\/mayphatdienhungthinhphat.webdemo.vn\/?post_type=product&#038;p=760"},"modified":"2020-02-12T18:10:08","modified_gmt":"2020-02-12T11:10:08","slug":"avr-may-phat-dien-gavr-8a","status":"publish","type":"product","link":"https:\/\/webmaibinh.com\/w\/mayphatdien2011\/san-pham\/avr-may-phat-dien-gavr-8a\/","title":{"rendered":"AVR m\u00e1y ph\u00e1t \u0111i\u1ec7n GAVR-8A"},"content":{"rendered":"<p>GAVR8A l\u00e0 b\u1ed9 khu\u1ebfch \u0111\u1ea1i \u0111i\u1ec7n \u00e1p r\u1ed9ng 8 Amp 1\/2 Wave T\u1ef1 \u0110\u1ed9ng D\u1ea1ng N\u00f3ng<\/p>\n<p><strong>T\u00ednh n\u0103ng, \u0111\u1eb7c \u0111i\u1ec3m<\/strong><\/p>\n<p>&lt;\u00b1 1% Quy \u0111\u1ecbnh<br \/>\n\u0110\u1ea7u v\u00e0o c\u00f3 th\u1ec3 l\u1eadp tr\u00ecnh 110\/220\/400 VAC<br \/>\nThi\u1ebft k\u1ebf nh\u1ecf g\u1ecdn<br \/>\nV\u1edbi Theo T\u1ea7n su\u1ea5t B\u1ea3o v\u1ec7<br \/>\nKh\u1edfi \u0111\u1ed9ng m\u1ec1m kh\u1edfi \u0111\u1ed9ng<br \/>\n\u1ee8c ch\u1ebf EM<br \/>\nBi\u1ebfn \u00e1p 8Amp c\u00f3 c\u00f4ng su\u1ea5t cao<br \/>\nTH\u00d4NG S\u1ed0 K SPEC THU\u1eacT<\/p>\n<p>C\u1ea3m bi\u1ebfn \u0110i\u1ec7n \u00e1p \u0111\u1ea7u v\u00e0o: 110\/220 \/ 400VAC, 1phase2wire<\/p>\n<p>\u0110i\u1ec7n \u00e1p \u0111\u1ea7u v\u00e0o: 100-260VAC, 1phase2wire<\/p>\n<hr \/>\n<p style=\"margin-bottom: 5px;\"><span style=\"color: #333399;\"><strong>C\u00d4NG TY TNHH SX &#8211; TM &#8211; XNK H\u01afNG TH\u1ecaNH PH\u00c1T<\/strong><\/span><\/p>\n<ul>\n<li><span style=\"color: #000000;\"><strong>\u0110\u1ecba ch\u1ec9:<\/strong> S\u1ed1 496\/13 L\u00e3 Xu\u00e2n Oai, T\u1ed5 7, Khu ph\u1ed1 Ph\u01b0\u1edbc Hi\u1ec7p, Ph\u01b0\u1eddng Long Tr\u01b0\u1eddng, Qu\u1eadn 9, TP.HCM<\/span><\/li>\n<li><span class=\"text\" style=\"color: #000000;\"><strong>\u0110i\u1ec7n tho\u1ea1i:<\/strong> <span style=\"color: #ed1c24;\"><strong>0909.078.509<\/strong><\/span><\/span><\/li>\n<li><span class=\"text\" style=\"color: #000000;\"><strong> Email:<\/strong> <span style=\"color: #3366ff;\">hungthinhphatgenerator@gmail.com<\/span><\/span><\/li>\n<\/ul>\n","protected":false},"excerpt":{"rendered":"<ul class=\"mnv-infoproduct\">\n<li><strong>M\u00e3 s\u1ea3n ph\u1ea9m:<\/strong> \u00a0<span style=\"color: red;\">GAVR-8A<\/span><\/li>\n<li><strong>Gi\u00e1 b\u00e1n:<\/strong> <span style=\"color: red;\">LH: 0909.078.509<\/span><\/li>\n<li><strong>Xu\u1ea5t x\u1ee9:<\/strong> China<\/li>\n<li><strong>B\u1ea3o h\u00e0nh:<\/strong> 12 Th\u00e1ng<\/li>\n<\/ul>\n","protected":false},"featured_media":761,"comment_status":"open","ping_status":"closed","template":"","meta":[],"_links":{"self":[{"href":"https:\/\/webmaibinh.com\/w\/mayphatdien2011\/wp-json\/wp\/v2\/product\/760"}],"collection":[{"href":"https:\/\/webmaibinh.com\/w\/mayphatdien2011\/wp-json\/wp\/v2\/product"}],"about":[{"href":"https:\/\/webmaibinh.com\/w\/mayphatdien2011\/wp-json\/wp\/v2\/types\/product"}],"replies":[{"embeddable":true,"href":"https:\/\/webmaibinh.com\/w\/mayphatdien2011\/wp-json\/wp\/v2\/comments?post=760"}],"wp:featuredmedia":[{"embeddable":true,"href":"https:\/\/webmaibinh.com\/w\/mayphatdien2011\/wp-json\/wp\/v2\/media\/761"}],"wp:attachment":[{"href":"https:\/\/webmaibinh.com\/w\/mayphatdien2011\/wp-json\/wp\/v2\/media?parent=760"}],"curies":[{"name":"wp","href":"https:\/\/api.w.org\/{rel}","templated":true}]}}