{"id":748,"date":"2020-02-12T18:08:10","date_gmt":"2020-02-12T11:08:10","guid":{"rendered":"https:\/\/mayphatdienhungthinhphat.webdemo.vn\/?post_type=product&#038;p=748"},"modified":"2020-02-12T18:08:29","modified_gmt":"2020-02-12T11:08:29","slug":"avr-may-phat-dien-gb-170","status":"publish","type":"product","link":"https:\/\/webmaibinh.com\/w\/mayphatdien2011\/san-pham\/avr-may-phat-dien-gb-170\/","title":{"rendered":"AVR m\u00e1y ph\u00e1t \u0111i\u1ec7n GB-170"},"content":{"rendered":"<h2><strong>GB-170 AVR T\u1ef1 \u0110\u1ed9ng \u0110i\u1ec1u Ch\u1ec9nh \u0110i\u1ec7n \u00c1p cho pha Ch\u1ea3i M\u00e1y Ph\u00e1t \u0110i\u1ec7n<\/strong><\/h2>\n<p><strong>C\u00e1c t\u00ednh n\u0103ng:<\/strong><\/p>\n<ul>\n<li>t\u1ef1 \u0111\u1ed9ng n\u00e0y \u0111i\u1ec1u ch\u1ec9nh \u0111i\u1ec7n \u00e1p \u0111\u01b0\u1ee3c s\u1eed d\u1ee5ng \u0111\u1ec3 ki\u1ec3m so\u00e1t \u0111\u1ea7u ra c\u1ee7a pha brushed electric m\u00e1y ph\u00e1t \u0111i\u1ec7n.<\/li>\n<li>n\u00f3 \u0111\u01b0\u1ee3c k\u1ebft n\u1ed1i v\u1edbi c\u00e1c m\u00e1y ph\u00e1t \u0111i\u1ec7n v\u00e0 v\u1edbi m\u1ed9t s\u1ed1 d\u00e2y \u0111\u1ec3 \u1ed5n \u0111\u1ecbnh \u0111i\u1ec7n \u00e1p.<\/li>\n<li>b\u1eb1ng c\u00e1ch t\u0103ng ho\u1eb7c gi\u1ea3m c\u00e1c m\u00e1y ph\u00e1t \u0111i\u1ec7n ki\u1ec3m so\u00e1t \u0111i\u1ec7n \u00e1p, \u0111i\u1ec7n \u00e1p \u0111\u1ea7u ra c\u1ee7a m\u00e1y ph\u00e1t \u0111i\u1ec7n l\u00e0m t\u0103ng ho\u1eb7c gi\u1ea3m cho ph\u00f9 h\u1ee3p.<\/li>\n<li>\u0111i\u1ec1u ch\u1ec9nh \u0111i\u1ec7n \u00e1p l\u00e0 th\u00edch h\u1ee3pcho ba pha 220\/380\/400VAC m\u00e1y ph\u00e1t \u0111i\u1ec7n.<\/li>\n<li>n\u00f3 r\u1ea5t d\u1ec5 d\u00e0ng \u0111\u1ec3 d\u00e2y v\u00e0 thu\u1eadn ti\u1ec7n \u0111\u1ec3 s\u1eed d\u1ee5ng.<\/li>\n<\/ul>\n<p><strong>Th\u00f4ng s\u1ed1 k\u1ef9 thu\u1eadt:<\/strong><\/p>\n<p>M\u00f4 h\u00ecnh: GB-170<\/p>\n<p>\u0110i\u1ec7n \u00c1p \u0111\u1ea7u v\u00e0o:220\/380\/400VAC<\/p>\n<p>T\u1ea7n s\u1ed1: 50-60Hz<\/p>\n<p>\u0110i\u1ec7n \u00c1p \u0111\u1ea7u ra: 14 V (\u0111i\u1ec1u ch\u1ec9nh)<\/p>\n<p>Power: 1VA<\/p>\n<p>\u0110i\u1ec1u Ch\u1ec9nh \u0111i\u1ec7n \u00e1p: &lt; \u00b1 0%<\/p>\n<p><img loading=\"lazy\" class=\"aligncenter\" src=\"https:\/\/mayphatdienhungthinhphat.webdemo.com\/wp-content\/uploads\/2020\/02\/avr-may-phat-dien-gb-170-748.jpg\" width=\"472\" height=\"472\" \/><\/p>\n<p><img loading=\"lazy\" class=\"aligncenter\" src=\"https:\/\/mayphatdienhungthinhphat.webdemo.com\/wp-content\/uploads\/2020\/02\/avr-may-phat-dien-gb-170-748-1.jpg\" width=\"472\" height=\"472\" \/><\/p>\n<p><strong>Ch\u01b0\u01a1ng Tr\u00ecnh Bao G\u1ed3m:<\/strong><\/p>\n<p>1 x \u0110i\u1ec1u Ch\u1ec9nh \u0110i\u1ec7n \u00c1p AVR<\/p>\n<p><strong>l\u01b0u \u00fd:<\/strong>xin vui l\u00f2ng cho ph\u00e9p 1-2 m\u00e9t l\u1ed7i do nh\u00e3n hi\u1ec7u \u0111o. c\u1ea3m \u01a1n hi\u1ec3u bi\u1ebft c\u1ee7a b\u1ea1n.<\/p>\n<p>&nbsp;<\/p>\n<p>&nbsp;<\/p>\n<p><strong><img class=\"aligncenter\" src=\"https:\/\/mayphatdienhungthinhphat.webdemo.com\/wp-content\/uploads\/2020\/02\/avr-may-phat-dien-gb-170-748-2.jpg\" \/><img class=\"aligncenter\" src=\"https:\/\/mayphatdienhungthinhphat.webdemo.com\/wp-content\/uploads\/2020\/02\/avr-may-phat-dien-gb-170-748-3.jpg\" \/><img class=\"aligncenter\" src=\"https:\/\/mayphatdienhungthinhphat.webdemo.com\/wp-content\/uploads\/2020\/02\/avr-may-phat-dien-gb-170-748-4.jpg\" \/><img class=\"aligncenter\" src=\"https:\/\/mayphatdienhungthinhphat.webdemo.com\/wp-content\/uploads\/2020\/02\/avr-may-phat-dien-gb-170-748-5.jpg\" \/><img class=\"aligncenter\" src=\"https:\/\/mayphatdienhungthinhphat.webdemo.com\/wp-content\/uploads\/2020\/02\/avr-may-phat-dien-gb-170-748-6.jpg\" \/><img class=\"aligncenter\" src=\"https:\/\/mayphatdienhungthinhphat.webdemo.com\/wp-content\/uploads\/2020\/02\/avr-may-phat-dien-gb-170-748-7.jpg\" \/><img class=\"aligncenter\" src=\"https:\/\/mayphatdienhungthinhphat.webdemo.com\/wp-content\/uploads\/2020\/02\/avr-may-phat-dien-gb-170-748-8.jpg\" \/><img class=\"aligncenter\" src=\"https:\/\/mayphatdienhungthinhphat.webdemo.com\/wp-content\/uploads\/2020\/02\/avr-may-phat-dien-gb-170-748-9.jpg\" data-spm-anchor-id=\"a2g14.10010108.1000023.i0.18593816QtdlgE\" \/><\/strong><\/p>\n<hr \/>\n<p style=\"margin-bottom: 5px;\"><span style=\"color: #333399;\"><strong>C\u00d4NG TY TNHH SX &#8211; TM &#8211; XNK H\u01afNG TH\u1ecaNH PH\u00c1T<\/strong><\/span><\/p>\n<ul>\n<li><span style=\"color: #000000;\"><strong>\u0110\u1ecba ch\u1ec9:<\/strong> S\u1ed1 496\/13 L\u00e3 Xu\u00e2n Oai, T\u1ed5 7, Khu ph\u1ed1 Ph\u01b0\u1edbc Hi\u1ec7p, Ph\u01b0\u1eddng Long Tr\u01b0\u1eddng, Qu\u1eadn 9, TP.HCM<\/span><\/li>\n<li><span class=\"text\" style=\"color: #000000;\"><strong>\u0110i\u1ec7n tho\u1ea1i:<\/strong> <span style=\"color: #ed1c24;\"><strong>0909.078.509<\/strong><\/span><\/span><\/li>\n<li><span class=\"text\" style=\"color: #000000;\"><strong> Email:<\/strong> <span style=\"color: #3366ff;\">hungthinhphatgenerator@gmail.com<\/span><\/span><\/li>\n<\/ul>\n","protected":false},"excerpt":{"rendered":"<ul class=\"mnv-infoproduct\">\n<li><strong>M\u00e3 s\u1ea3n ph\u1ea9m:<\/strong> \u00a0<span style=\"color: red;\">AVR GB-170<\/span><\/li>\n<li><strong>Gi\u00e1 b\u00e1n:<\/strong> <span style=\"color: red;\">LH: 0909.078.509<\/span><\/li>\n<li><strong>Xu\u1ea5t x\u1ee9:<\/strong> China<\/li>\n<li><strong>B\u1ea3o h\u00e0nh:<\/strong> 12 Th\u00e1ng<\/li>\n<\/ul>\n","protected":false},"featured_media":749,"comment_status":"open","ping_status":"closed","template":"","meta":[],"_links":{"self":[{"href":"https:\/\/webmaibinh.com\/w\/mayphatdien2011\/wp-json\/wp\/v2\/product\/748"}],"collection":[{"href":"https:\/\/webmaibinh.com\/w\/mayphatdien2011\/wp-json\/wp\/v2\/product"}],"about":[{"href":"https:\/\/webmaibinh.com\/w\/mayphatdien2011\/wp-json\/wp\/v2\/types\/product"}],"replies":[{"embeddable":true,"href":"https:\/\/webmaibinh.com\/w\/mayphatdien2011\/wp-json\/wp\/v2\/comments?post=748"}],"wp:featuredmedia":[{"embeddable":true,"href":"https:\/\/webmaibinh.com\/w\/mayphatdien2011\/wp-json\/wp\/v2\/media\/749"}],"wp:attachment":[{"href":"https:\/\/webmaibinh.com\/w\/mayphatdien2011\/wp-json\/wp\/v2\/media?parent=748"}],"curies":[{"name":"wp","href":"https:\/\/api.w.org\/{rel}","templated":true}]}}