{"id":746,"date":"2020-02-12T18:05:35","date_gmt":"2020-02-12T11:05:35","guid":{"rendered":"https:\/\/mayphatdienhungthinhphat.webdemo.vn\/?post_type=product&#038;p=746"},"modified":"2020-02-12T18:05:35","modified_gmt":"2020-02-12T11:05:35","slug":"avr-may-phat-dien-avr-gb-100","status":"publish","type":"product","link":"https:\/\/webmaibinh.com\/w\/mayphatdien2011\/san-pham\/avr-may-phat-dien-avr-gb-100\/","title":{"rendered":"AVR m\u00e1y ph\u00e1t \u0111i\u1ec7n AVR GB-100"},"content":{"rendered":"<p>GB100 B\u00e0n Ch\u1ea3i Alternator AVR Chung \u0110\u01b0\u1ee3c M\u00e1y Ph\u00e1t \u0110i\u1ec7n AVR<\/p>\n<p>c\u00e1c t\u00ednh n\u0103ng<\/p>\n<p>c\u1ea3m nh\u1eadn \u0110\u1ea7u V\u00e0o<\/p>\n<p>\u0111i\u1ec7n \u00e1p:400VAC, 1 giai \u0111o\u1ea1n 2 d\u00e2y<\/p>\n<p>t\u1ea7n s\u1ed1:50-60Hz<\/p>\n<p>Exiciting \u0111i\u1ec7n \u00e1p: 20-100VDC<\/p>\n<p>m\u1ed9t ph\u1ea7n hi\u1ec7n t\u1ea1i: 10A<\/p>\n<p>quy \u0111\u1ecbnh: +\/-1% RMS v\u1edbi 4% c\u01a1 quan qu\u1ea3n<\/p>\n<p>c\u00e1c M\u00f4 H\u00ecnh kh\u00e1c AVR<\/p>\n<p>Stamford AVR : MX341, MX321, SX440, SX460, AS440, AS480, EA440-T, MX450<br \/>\nLeroy Somer AVR : R230, R438, R448, R449, R250, R450<br \/>\nMarathon AVR : SE350, EA350<br \/>\nSiemens \/ Basler AVR : AVC63-7 \/ 7F, AVC63-7-1A, AVC63-7FS, AVC63-4, AVC63-4A<br \/>\nMarelli AVR : M40FA640A, M16FA655A<br \/>\nph\u1ed5 AVR : GAVR-8A, GAVR-12A, GAVR-15A \/ B, GB-15A<br \/>\nnh\u1eefng ng\u01b0\u1eddi kh\u00e1c: EA05A, EA05AF, EA15A-2, EA04C, EA63-7D, EA06\/UVR6, SR7<br \/>\nCaterpiller : VR6<br \/>\nEngga : WT-WT-<br \/>\nb\u00e0n ch\u1ea3i M\u00e1y Ph\u00e1t \u0110i\u1ec7n AVR:STL-F-1,-F-,-F-, GB100, GB110,GB120, GB130B, GB160, GB170, GB170C<br \/>\nAvr, m\u00e1y ph\u00e1t \u0111i\u1ec7n \u0111i\u1ec1u khi\u1ec3n l\u00e0 Trung Qu\u1ed1c th\u01b0\u01a1ng hi\u1ec7u v\u00e0 \u0111\u01b0\u1ee3c th\u1ef1c hi\u1ec7n t\u1ea1i Trung Qu\u1ed1c.<\/p>\n<p>vui l\u00f2ng li\u00ean h\u1ec7 v\u1edbi ch\u00fang t\u00f4i n\u1ebfu b\u1ea1n \u0111\u1eb7t h\u00e0ngs\u1ed1 l\u01b0\u1ee3ng l\u1edbnV\u00e0 cung c\u1ea5p b\u1edfi DHL, up, ems, FedEx vv. Ch\u00fang t\u00f4i s\u1ebd s\u1eeda \u0111\u1ed5i m\u1ed9tv\u1eadn chuy\u1ec3n h\u00e0ng h\u00f3a th\u1ea5p h\u01a1nCho b\u1ea1n!<\/p>\n<p>N\u1ebfu b\u1ea1n kh\u00f4ng 100% h\u00e0i l\u00f2ng v\u1edbi ch\u1ea5t l\u01b0\u1ee3ng, b\u1ea1n c\u00f3 th\u1ec3 quay tr\u1edf l\u1ea1i c\u00e1c m\u1ee5ctrong v\u00f2ng 30 ng\u00e0yT\u1eeb giao ng\u00e0y. Y\u00eau c\u1ea7u:<\/p>\n<p>1. m\u1ee5c nh\u1eadn \u0111\u01b0\u1ee3c trong v\u00f2ng 30 ng\u00e0y k\u1ec3 t\u1eeb ng\u00e0y giao.<\/p>\n<p>2. kh\u00f4ng s\u1eed d\u1ee5ng, kh\u00f4ng b\u1ecb h\u01b0 h\u1ea1i v\u00e0 trong g\u00f3i ban \u0111\u1ea7u.<\/p>\n<p>3. ph\u00ed v\u1eadn chuy\u1ec3n tr\u1edf l\u1ea1i \u0111\u01b0\u1ee3c tr\u1ea3 b\u1edfi ng\u01b0\u1eddi mua<\/p>\n<hr \/>\n<p style=\"margin-bottom: 5px;\"><span style=\"color: #333399;\"><strong>C\u00d4NG TY TNHH SX &#8211; TM &#8211; XNK H\u01afNG TH\u1ecaNH PH\u00c1T<\/strong><\/span><\/p>\n<ul>\n<li><span style=\"color: #000000;\"><strong>\u0110\u1ecba ch\u1ec9:<\/strong> S\u1ed1 496\/13 L\u00e3 Xu\u00e2n Oai, T\u1ed5 7, Khu ph\u1ed1 Ph\u01b0\u1edbc Hi\u1ec7p, Ph\u01b0\u1eddng Long Tr\u01b0\u1eddng, Qu\u1eadn 9, TP.HCM<\/span><\/li>\n<li><span class=\"text\" style=\"color: #000000;\"><strong>\u0110i\u1ec7n tho\u1ea1i:<\/strong> <span style=\"color: #ed1c24;\"><strong>0909.078.509<\/strong><\/span><\/span><\/li>\n<li><span class=\"text\" style=\"color: #000000;\"><strong> Email:<\/strong> <span style=\"color: #3366ff;\">hungthinhphatgenerator@gmail.com<\/span><\/span><\/li>\n<\/ul>\n","protected":false},"excerpt":{"rendered":"<ul class=\"mnv-infoproduct\">\n<li><strong>M\u00e3 s\u1ea3n ph\u1ea9m:<\/strong> \u00a0<span style=\"color: red;\">AVR GB-100<\/span><\/li>\n<li><strong>Gi\u00e1 b\u00e1n:<\/strong> <span style=\"color: red;\">LH: 0909.078.509<\/span><\/li>\n<li><strong>Xu\u1ea5t x\u1ee9:<\/strong> China<\/li>\n<li><strong>B\u1ea3o h\u00e0nh:<\/strong> 12 Th\u00e1ng<\/li>\n<\/ul>\n","protected":false},"featured_media":747,"comment_status":"open","ping_status":"closed","template":"","meta":[],"_links":{"self":[{"href":"https:\/\/webmaibinh.com\/w\/mayphatdien2011\/wp-json\/wp\/v2\/product\/746"}],"collection":[{"href":"https:\/\/webmaibinh.com\/w\/mayphatdien2011\/wp-json\/wp\/v2\/product"}],"about":[{"href":"https:\/\/webmaibinh.com\/w\/mayphatdien2011\/wp-json\/wp\/v2\/types\/product"}],"replies":[{"embeddable":true,"href":"https:\/\/webmaibinh.com\/w\/mayphatdien2011\/wp-json\/wp\/v2\/comments?post=746"}],"wp:featuredmedia":[{"embeddable":true,"href":"https:\/\/webmaibinh.com\/w\/mayphatdien2011\/wp-json\/wp\/v2\/media\/747"}],"wp:attachment":[{"href":"https:\/\/webmaibinh.com\/w\/mayphatdien2011\/wp-json\/wp\/v2\/media?parent=746"}],"curies":[{"name":"wp","href":"https:\/\/api.w.org\/{rel}","templated":true}]}}