{"id":743,"date":"2020-02-12T18:04:19","date_gmt":"2020-02-12T11:04:19","guid":{"rendered":"https:\/\/mayphatdienhungthinhphat.webdemo.vn\/?post_type=product&#038;p=743"},"modified":"2020-02-12T18:04:20","modified_gmt":"2020-02-12T11:04:20","slug":"avr-may-phat-dien-gb-110","status":"publish","type":"product","link":"https:\/\/webmaibinh.com\/w\/mayphatdien2011\/san-pham\/avr-may-phat-dien-gb-110\/","title":{"rendered":"AVR m\u00e1y ph\u00e1t \u0111i\u1ec7n GB-110"},"content":{"rendered":"<div id=\"ali-anchor-AliPostDhMb-6rede\" data-section=\"AliPostDhMb-6rede\" data-section-title=\"Product Description\">\n<div>\n<table border=\"1\">\n<tbody>\n<tr>\n<td><strong>Trung Qu\u1ed1c RENTAI GB-110 Brush AVR cho m\u00e1y ph\u00e1t \u0111i\u1ec7n<\/strong><\/td>\n<\/tr>\n<\/tbody>\n<\/table>\n<table border=\"1\">\n<tbody>\n<tr>\n<td>S\u1ed1 m\u00f4 h\u00ecnh<\/td>\n<td>GB-110<\/td>\n<\/tr>\n<tr>\n<td>S\u1ef1 mi\u00eau t\u1ea3<\/td>\n<td>M\u00e1y ph\u00e1t \u0111i\u1ec7n Brush AVR<\/td>\n<\/tr>\n<tr>\n<td>Ngu\u1ed3n g\u1ed1c<\/td>\n<td>TRUNG QU\u1ed0C<\/td>\n<\/tr>\n<tr>\n<td><strong>Se\u00a0nsing Input<\/strong><\/td>\n<td><\/td>\n<\/tr>\n<tr>\n<td>V\u00f4n<\/td>\n<td>400VAC, d\u00e2y 1 pha 2<\/td>\n<\/tr>\n<tr>\n<td>T\u1ea7n s\u1ed1<\/td>\n<td>50-60Hz<\/td>\n<\/tr>\n<tr>\n<td>\u00c1p su\u1ea5t s\u00f4i \u0111\u1ed9ng<\/td>\n<td>20-100VDC<\/td>\n<\/tr>\n<tr>\n<td>M\u1ed9t ph\u1ea7n d\u00f2ng<\/td>\n<td>20A<\/td>\n<\/tr>\n<tr>\n<td>Quy \u0111\u1ecbnh<\/td>\n<td>+ \/\u00a0-1% RMS v\u1edbi 4% \u0111\u1ed9ng c\u01a1 \u0111i\u1ec1u h\u00e0nh<\/td>\n<\/tr>\n<tr>\n<td>X\u00e2y d\u1ef1ng \u0111i\u1ec7n \u00e1p<\/td>\n<td>\u0111i\u1ec7n \u00e1p d\u01b0 t\u1ea1i \u0111\u1ea7u cu\u1ed1i AVR \u2265 5 VAC<\/td>\n<\/tr>\n<tr>\n<td>\u0110i\u1ec1u ch\u1ec9nh \u0111i\u1ec7n \u00e1p ngo\u00e0i<\/td>\n<td>+\/- 10% v\u1edbi 1k ohm 1 watt t\u00f4ng \u0111\u01a1<\/td>\n<\/tr>\n<\/tbody>\n<\/table>\n<p>&nbsp;<\/p>\n<p><img loading=\"lazy\" class=\"aligncenter\" src=\"https:\/\/mayphatdienhungthinhphat.webdemo.com\/wp-content\/uploads\/2020\/02\/avr-may-phat-dien-gb-110-743.jpg\" alt=\"China RENTAI GB-110 Brush AVR For Generator\" width=\"600\" height=\"443\" data-alt=\"China RENTAI GB-110 Brush AVR For Generator\" \/><\/p>\n<\/div>\n<\/div>\n<div id=\"ali-anchor-AliPostDhMb-2nknv\" data-section=\"AliPostDhMb-2nknv\" data-section-title=\"Our Services\">\n<div id=\"ali-title-AliPostDhMb-2nknv\">D\u1ecbch v\u1ee5 c\u1ee7a ch\u00fang t\u00f4i<\/div>\n<div>\n<p>1. B\u1ea3o h\u00e0nh: 1 n\u0103m sau khi b\u00e1n.<\/p>\n<p>2. Trong th\u1eddi gian b\u1ea3o h\u00e0nh, c\u00e1c m\u1eb7t h\u00e0ng s\u1ebd \u0111\u01b0\u1ee3c s\u1eeda ch\u1eefa mi\u1ec5n ph\u00ed ho\u1eb7c thay th\u1ebf.<\/p>\n<p>3. Kh\u00e1ch h\u00e0ng ch\u1ecbu tr\u00e1ch nhi\u1ec7m v\u1ec1 c\u01b0\u1edbc v\u1eadn chuy\u1ec3n \u0111i v\u00e0 thu\u1ebf \u0111\u00e1nh v\u00e0o.<\/p>\n<p data-spm-anchor-id=\"a2700.icbuShop.pronpeci14.i0.55ae338bfwfeha\">\n4. T\u1ea5t c\u1ea3 email s\u1ebd \u0111\u01b0\u1ee3c tr\u1ea3 l\u1eddi trong v\u00f2ng 1 ng\u00e0y l\u00e0m vi\u1ec7c.\u00a0N\u1ebfu b\u1ea1n kh\u00f4ng nh\u1eadn \u0111\u01b0\u1ee3c th\u01b0 tr\u1ea3 l\u1eddi c\u1ee7a ch\u00fang t\u00f4i, vui l\u00f2ng g\u1eedi l\u1ea1i email c\u1ee7a b\u1ea1n ho\u1eb7c g\u1ecdi cho ch\u00fang t\u00f4i b\u1ea5t k\u1ef3 l\u00fac n\u00e0o.<\/p>\n<\/div>\n<\/div>\n<hr \/>\n<p style=\"margin-bottom: 5px;\"><span style=\"color: #333399;\"><strong>C\u00d4NG TY TNHH SX &#8211; TM &#8211; XNK H\u01afNG TH\u1ecaNH PH\u00c1T<\/strong><\/span><\/p>\n<ul>\n<li><span style=\"color: #000000;\"><strong>\u0110\u1ecba ch\u1ec9:<\/strong> S\u1ed1 496\/13 L\u00e3 Xu\u00e2n Oai, T\u1ed5 7, Khu ph\u1ed1 Ph\u01b0\u1edbc Hi\u1ec7p, Ph\u01b0\u1eddng Long Tr\u01b0\u1eddng, Qu\u1eadn 9, TP.HCM<\/span><\/li>\n<li><span class=\"text\" style=\"color: #000000;\"><strong>\u0110i\u1ec7n tho\u1ea1i:<\/strong> <span style=\"color: #ed1c24;\"><strong>0909.078.509<\/strong><\/span><\/span><\/li>\n<li><span class=\"text\" style=\"color: #000000;\"><strong> Email:<\/strong> <span style=\"color: #3366ff;\">hungthinhphatgenerator@gmail.com<\/span><\/span><\/li>\n<\/ul>\n","protected":false},"excerpt":{"rendered":"<ul class=\"mnv-infoproduct\">\n<li><strong>M\u00e3 s\u1ea3n ph\u1ea9m:<\/strong> \u00a0<span style=\"color: red;\">AVR GB-110<\/span><\/li>\n<li><strong>Gi\u00e1 b\u00e1n:<\/strong> <span style=\"color: red;\">LH: 0909.078.509<\/span><\/li>\n<li><strong>Xu\u1ea5t x\u1ee9:<\/strong> China<\/li>\n<li><strong>B\u1ea3o h\u00e0nh:<\/strong> 12 Th\u00e1ng<\/li>\n<\/ul>\n","protected":false},"featured_media":744,"comment_status":"open","ping_status":"closed","template":"","meta":[],"_links":{"self":[{"href":"https:\/\/webmaibinh.com\/w\/mayphatdien2011\/wp-json\/wp\/v2\/product\/743"}],"collection":[{"href":"https:\/\/webmaibinh.com\/w\/mayphatdien2011\/wp-json\/wp\/v2\/product"}],"about":[{"href":"https:\/\/webmaibinh.com\/w\/mayphatdien2011\/wp-json\/wp\/v2\/types\/product"}],"replies":[{"embeddable":true,"href":"https:\/\/webmaibinh.com\/w\/mayphatdien2011\/wp-json\/wp\/v2\/comments?post=743"}],"wp:featuredmedia":[{"embeddable":true,"href":"https:\/\/webmaibinh.com\/w\/mayphatdien2011\/wp-json\/wp\/v2\/media\/744"}],"wp:attachment":[{"href":"https:\/\/webmaibinh.com\/w\/mayphatdien2011\/wp-json\/wp\/v2\/media?parent=743"}],"curies":[{"name":"wp","href":"https:\/\/api.w.org\/{rel}","templated":true}]}}