{"id":735,"date":"2020-02-12T18:01:18","date_gmt":"2020-02-12T11:01:18","guid":{"rendered":"https:\/\/mayphatdienhungthinhphat.webdemo.vn\/?post_type=product&#038;p=735"},"modified":"2020-02-12T18:01:21","modified_gmt":"2020-02-12T11:01:21","slug":"avr-may-phat-dien-gb-160c","status":"publish","type":"product","link":"https:\/\/webmaibinh.com\/w\/mayphatdien2011\/san-pham\/avr-may-phat-dien-gb-160c\/","title":{"rendered":"AVR m\u00e1y ph\u00e1t \u0111i\u1ec7n GB-160C"},"content":{"rendered":"<p>GB-160C ho\u1eb7c GB-170C b\u1ea1n c\u1ea7n l\u01b0u \u00fd cho ch\u00fang t\u00f4i sau khi \u0111\u1eb7t h\u00e0ng, n\u1ebfu kh\u00f4ng r\u1eddi kh\u1ecfi m\u00f4 h\u00ecnh ch\u00fang t\u00f4i ch\u1ec9 g\u1eedi cho b\u1ea1n ng\u1eabu nhi\u00ean,<\/p>\n<p>M\u00f4 t\u1ea3 S\u1ea3n ph\u1ea9m:<\/p>\n<p>N\u00f3 \u00e1p d\u1ee5ng cho m\u00e1y ph\u00e1t kh\u00f4ng ch\u1ed5i than k\u00edch th\u00edch h\u00e0i h\u00f2a<\/p>\n<p>T\u00ednh n\u0103ng, \u0111\u1eb7c \u0111i\u1ec3m<\/p>\n<p>Quy \u0111\u1ecbnh v\u1ec1 \u0110i\u1ec7n \u00e1p \\ u003c \u00b1 1.0%<\/p>\n<p>GB-170, GB-160, GB-170C ph\u00f9 h\u1ee3p v\u1edbi m\u00e1y ph\u00e1t \u0111i\u1ec7n ba pha 220\/380 \/ 400VAC c\u1ee7a STC<\/p>\n<p><img class=\"aligncenter\" src=\"https:\/\/mayphatdienhungthinhphat.webdemo.com\/wp-content\/uploads\/2020\/02\/avr-may-phat-dien-gb-160c-735.jpg\" \/><\/p>\n<p><img class=\"aligncenter\" src=\"https:\/\/mayphatdienhungthinhphat.webdemo.com\/wp-content\/uploads\/2020\/02\/avr-may-phat-dien-gb-160c-735-1.jpg\" \/><\/p>\n<p style=\"text-align: center;\"><em>M\u1ea1ch AVR GB-160C<\/em><\/p>\n<hr \/>\n<p style=\"margin-bottom: 5px;\"><span style=\"color: #333399;\"><strong>C\u00d4NG TY TNHH SX &#8211; TM &#8211; XNK H\u01afNG TH\u1ecaNH PH\u00c1T<\/strong><\/span><\/p>\n<ul>\n<li><span style=\"color: #000000;\"><strong>\u0110\u1ecba ch\u1ec9:<\/strong> S\u1ed1 496\/13 L\u00e3 Xu\u00e2n Oai, T\u1ed5 7, Khu ph\u1ed1 Ph\u01b0\u1edbc Hi\u1ec7p, Ph\u01b0\u1eddng Long Tr\u01b0\u1eddng, Qu\u1eadn 9, TP.HCM<\/span><\/li>\n<li><span class=\"text\" style=\"color: #000000;\"><strong>\u0110i\u1ec7n tho\u1ea1i:<\/strong> <span style=\"color: #ed1c24;\"><strong>0909.078.509<\/strong><\/span><\/span><\/li>\n<li><span class=\"text\" style=\"color: #000000;\"><strong> Email:<\/strong> <span style=\"color: #3366ff;\">hungthinhphatgenerator@gmail.com<\/span><\/span><\/li>\n<\/ul>\n","protected":false},"excerpt":{"rendered":"<ul class=\"mnv-infoproduct\">\n<li><strong>M\u00e3 s\u1ea3n ph\u1ea9m:<\/strong> \u00a0<span style=\"color: red;\">AVR GB-160C<\/span><\/li>\n<li><strong>Gi\u00e1 b\u00e1n:<\/strong> <span style=\"color: red;\">LH: 0909.078.509<\/span><\/li>\n<li><strong>Xu\u1ea5t x\u1ee9:<\/strong> China<\/li>\n<li><strong>B\u1ea3o h\u00e0nh:<\/strong> 12 Th\u00e1ng<\/li>\n<\/ul>\n","protected":false},"featured_media":736,"comment_status":"open","ping_status":"closed","template":"","meta":[],"_links":{"self":[{"href":"https:\/\/webmaibinh.com\/w\/mayphatdien2011\/wp-json\/wp\/v2\/product\/735"}],"collection":[{"href":"https:\/\/webmaibinh.com\/w\/mayphatdien2011\/wp-json\/wp\/v2\/product"}],"about":[{"href":"https:\/\/webmaibinh.com\/w\/mayphatdien2011\/wp-json\/wp\/v2\/types\/product"}],"replies":[{"embeddable":true,"href":"https:\/\/webmaibinh.com\/w\/mayphatdien2011\/wp-json\/wp\/v2\/comments?post=735"}],"wp:featuredmedia":[{"embeddable":true,"href":"https:\/\/webmaibinh.com\/w\/mayphatdien2011\/wp-json\/wp\/v2\/media\/736"}],"wp:attachment":[{"href":"https:\/\/webmaibinh.com\/w\/mayphatdien2011\/wp-json\/wp\/v2\/media?parent=735"}],"curies":[{"name":"wp","href":"https:\/\/api.w.org\/{rel}","templated":true}]}}