{"id":723,"date":"2020-02-12T17:51:56","date_gmt":"2020-02-12T10:51:56","guid":{"rendered":"https:\/\/mayphatdienhungthinhphat.webdemo.vn\/?post_type=product&#038;p=723"},"modified":"2020-02-12T17:51:57","modified_gmt":"2020-02-12T10:51:57","slug":"kutai-ea04c","status":"publish","type":"product","link":"https:\/\/webmaibinh.com\/w\/mayphatdien2011\/san-pham\/kutai-ea04c\/","title":{"rendered":"Kutai EA04C"},"content":{"rendered":"<p><u><strong>I. Th\u00f4ng tin s\u1ea3n ph\u1ea9m m\u1ea1ch AVR m\u00e1y ph\u00e1t \u0111i\u1ec7n Kutai EA04C :<\/strong><\/u><\/p>\n<p>\u0110i\u1ec1u ch\u1ec9nh \u0111i\u1ec7n \u00e1p &lt;+\/- 1%<br \/>\n\u0110\u1ea7u v\u00e0o c\u1ea3m bi\u1ebfn 160 \u0111\u1ebfn 265 Vac \/ 300 \u0111\u1ebfn 550 Vac 50\/60 Hz<br \/>\nS\u1eed d\u1ee5ng m\u00e1y ph\u00e1t kh\u00f4ng ch\u1ed5i than 50\/60 Hz<br \/>\nD\u01b0\u1edbi t\u1ea7n s\u1ed1 &amp; qua s\u1ef1 b\u1ea3o v\u1ec7 k\u00edch th\u00edch<br \/>\nS\u1ef1 \u0111\u00e0n \u00e1p EMI<br \/>\nC\u1ea7u ch\u00ec c\u00f4ng su\u1ea5t cao \u0111\u01b0\u1ee3c x\u00e2y d\u1ef1ng<br \/>\nS\u1eed d\u1ee5ng v\u1edbi Kutai EP200 Paralleling Module \u0111\u1ec3 v\u1eadn h\u00e0nh song song<\/p>\n<p><u><strong>II. Th\u00f4ng s\u1ed1 k\u1ef9 thu\u1eadt :<\/strong><\/u><\/p>\n<table border=\"1\" cellspacing=\"1\" cellpadding=\"1\">\n<tbody>\n<tr>\n<td>\u0110\u1ea7u v\u00e0o c\u1ea3m bi\u1ebfn<\/td>\n<td>\u00a0\u0110i\u1ec7n \u00e1p160 \u0111\u1ebfn 265 Vac \/ 300 \u0111\u1ebfn 550 Vac 1 phaFrequency50 \/ 60 Hz c\u00f3 th\u1ec3 l\u1ef1a ch\u1ecdn<\/td>\n<\/tr>\n<tr>\n<td>Ng\u00f5 v\u00e0o ngu\u1ed3n<\/td>\n<td>\u0110i\u1ec7n \u00e1p 90 \u0111\u1ebfn 300 Vac 1 pha<\/td>\n<\/tr>\n<tr>\n<td>\u0110\u1ea7u ra<\/td>\n<td>\u00a0VoltageMax. 63 Vdc @ 240 Vac inputCurrentContinuous 4A<\/td>\n<\/tr>\n<tr>\n<td><\/td>\n<td>Kh\u00f4ng li\u00ean t\u1ee5c 7A trong 60 gi\u00e2yResistanceMin. 15 ohms : T\u1ed1i \u0111a 100 ohms<\/td>\n<\/tr>\n<tr>\n<td>Quy \u0111\u1ecbnh v\u1ec1 \u0110i\u1ec7n \u00e1p &lt;+\/- 1% (v\u1edbi 4% c\u00f4ng c\u1ee5 \u0111i\u1ec1u khi\u1ec3n)<\/td>\n<td>: X\u00e2y d\u1ef1ng \u0111i\u1ec7n \u00e1p \u0111i\u1ec7n \u00e1p d\u01b0 t\u1ea1i \u0111\u1ea7u cu\u1ed1i AVR&gt; 5 Vac<\/td>\n<\/tr>\n<tr>\n<td><\/td>\n<td>\u0110i\u1ec7n \u00e1p Drift nhi\u1ec7t 0.05% tr\u00ean m\u1ed7i \u00b0 C thay \u0111\u1ed5i trong m\u00f4i tr\u01b0\u1eddng xung quanh AVR<\/td>\n<\/tr>\n<tr>\n<td><\/td>\n<td>Ng\u0103n ch\u1eb7n EMI Ch\u1ed1ng nhi\u1ec5u \u0111i\u1ec7n t\u1eeb n\u1ed9i b\u1ed9<\/td>\n<\/tr>\n<tr>\n<td>\u0110\u01a1n v\u1ecb c\u00f4ng su\u1ea5t T\u1ed1i \u0111a Max<\/td>\n<td>8 watts<\/td>\n<\/tr>\n<tr>\n<td>\u0110i\u1ec1u ch\u1ec9nh \u0111i\u1ec7n \u00e1p b\u00ean ngo\u00e0i<\/td>\n<td>\u00a0+\/- 15% v\u1edbi 1 k\u03a9 1 watt t\u00f4ng \u0111\u01a1<\/td>\n<\/tr>\n<tr>\n<td>Over Voltage Shutdown Voltage c\u1ee7a tr\u01b0\u1eddng b\u1ecb t\u1eaft<\/td>\n<td>sau m\u1ed9t kho\u1ea3ng th\u1eddi gian tr\u1ec5 n\u1ebfu tr\u01b0\u1eddng exciter volts v\u01b0\u1ee3t qu\u00e1 100 +\/- 5 Vdc<\/td>\n<\/tr>\n<tr>\n<td>Theo B\u1ea3o v\u1ec7 T\u1ea7n su\u1ea5t<\/td>\n<td>(C\u00e0i \u0111\u1eb7t Nh\u00e0 m\u00e1y) H\u1ec7 th\u1ed1ng 50 Hz \u0111\u1eb7t \u0111\u1ea7u g\u1ed1i \u1edf 45 Hz<\/td>\n<\/tr>\n<tr>\n<td><\/td>\n<td>: H\u1ec7 th\u1ed1ng 60 Hz \u0111\u1eb7t \u0111\u1ea7u g\u1ed1i \u1edf 55 Hz<\/td>\n<\/tr>\n<tr>\n<td>M\u00f4i tr\u01b0\u1eddng<\/td>\n<td>\u00a0Nhi\u1ec7t \u0111\u1ed9 ho\u1ea1t \u0111\u1ed9ng -40 \u0111\u1ebfn +60 \u00b0 Nhi\u1ec7t k\u1ebf CS-40 \u0111\u1ebfn +85 \u00b0 \u0110\u1ed9 \u1ea9m<\/td>\n<\/tr>\n<tr>\n<td><\/td>\n<td>\u00a0:T\u1ec9 l\u1ec7 t\u1ed1i \u0111a. 95% rung \u0111\u1ed9ng1.5Gs @ 5 \u0111\u1ebfn 30 Hz<br \/>\n5.0Gs @ 30 \u0111\u1ebfn 500 Hz<\/td>\n<\/tr>\n<tr>\n<td>Ch\u1ee9c n\u0103ng \u0111i\u1ec1u khi\u1ec3n AVR<\/td>\n<td><\/td>\n<\/tr>\n<tr>\n<td>\u0110i\u1ec1u ch\u1ec9nh \u0111i\u1ec7n \u00e1p<\/td>\n<td>\u00a0VOLTable \u0111i\u1ec1u ch\u1ec9nh STC\u0110i\u1ec7n \u00e1p ho\u1eb7c t\u1ea7n s\u1ed1 l\u1ef1a ch\u1ecdnVarex. VR<\/td>\n<\/tr>\n<tr>\n<td>K\u00edch th\u01b0\u1edbc\u00a0 :<\/td>\n<td>107.0 (L) x 75.0 (W) x 47.0 (H) mm<\/td>\n<\/tr>\n<tr>\n<td>Tr\u1ecdng l\u01b0\u1ee3ng :<\/td>\n<td>175 g +\/- 2%<\/td>\n<\/tr>\n<\/tbody>\n<\/table>\n<p><u><strong>III. T\u1ea0I SAO B\u1ea0N N\u00caN MUA PH\u1ee4 T\u00d9NG M\u00c1Y PH\u00c1T \u0110I\u1ec6N C\u1ee6A CH\u00daNG T\u00d4I :<\/strong><\/u><\/p>\n<p>1. \u0110\u1ea7u ti\u00ean b\u1ea1n s\u1ebd c\u1ea3m nh\u1eadn \u0111\u01b0\u1ee3c s\u1ef1 t\u01b0 v\u1ea5n nhi\u1ec7t t\u00ecnh v\u1edbi ki\u1ebfn th\u1ee9c chuy\u00ean m\u00f4n v\u00e0 kinh nghi\u1ec7m 25 n\u0103m trong l\u0129nh v\u1ef1c b\u00e1n linh ph\u1ee5 ki\u1ec7n m\u00e1y ph\u00e1t \u0111i\u1ec7n<br \/>\n2. C\u00f4ng ty ch\u00fang t\u00f4i l\u00e0 nh\u00e0 ph\u00e2n ph\u1ed1i c\u1ea5p 1 t\u1ea1i Vi\u1ec7t Nam v\u1ec1 c\u00e1c ph\u1ee5 t\u00f9ng \u0111i k\u00e8m m\u00e1y<br \/>\n3. Do l\u00e0 nh\u00e0 ph\u00e2n ph\u1ed1i c\u1ea5p 1 n\u00ean ch\u00fang t\u00f4i c\u00f3 gi\u00e1 t\u1ed1t nh\u1ea5t so v\u1edbi c\u00e1c nh\u00e0 ph\u00e2n ph\u1ed1i ho\u1eb7c \u0111\u1ea1i l\u00fd b\u00e1n l\u1ebb kh\u00e1c.<\/p>\n<p>4. H\u00e0ng lu\u00f4n \u0111\u1ea3m b\u1ea3o Nh\u1eadp kh\u1ea9u t\u1eadn g\u1ed1c t\u1eeb nh\u00e0 m\u00e1y &#8211; Ch\u1ee9ng nh\u1eadn v\u00e0 b\u1ea3n quy\u1ec1n duy nh\u1ea5t &#8211; Cam k\u1ebft l\u1ed7i\/ h\u1ecfng \u0111\u1ec1n ti\u1ec1n g\u1ea5p \u0111\u00f4i.<br \/>\n5. Nh\u00e2n vi\u00ean k\u1ef9 thu\u1eadt 24\/24 c\u00f3 th\u1ec3 giao h\u00e0ng t\u1eadn n\u01a1i v\u00e0 thay th\u1ebf tr\u1ef1c ti\u1ebfp n\u1ebfu nh\u01b0 Kh\u00e1ch h\u00e0ng c\u00f3 nhu c\u1ea7u !<br \/>\n6. Lu\u00f4n lu\u00f4n c\u00f3 nh\u1eefng \u01b0u \u0111\u00e3i v\u00e0 d\u1ecbch v\u1ee5 sau b\u00e1n h\u00e0ng !<\/p>\n<p><span style=\"color: #008000;\"><strong>H\u00c3Y \u0110\u1ebeN V\u00c0 C\u1ea2M NH\u1eacN S\u1ef0 UY T\u00cdN &#8211; CHUY\u00caN NGHI\u1ec6P M\u00c0 CH\u00daNG T\u00d4I \u0110EM L\u1ea0I CHO B\u1ea0N !!<\/strong><\/span><\/p>\n<hr \/>\n<p style=\"margin-bottom: 5px;\"><span style=\"color: #333399;\"><strong>C\u00d4NG TY TNHH SX &#8211; TM &#8211; XNK H\u01afNG TH\u1ecaNH PH\u00c1T<\/strong><\/span><\/p>\n<ul>\n<li><span style=\"color: #000000;\"><strong>\u0110\u1ecba ch\u1ec9:<\/strong> S\u1ed1 496\/13 L\u00e3 Xu\u00e2n Oai, T\u1ed5 7, Khu ph\u1ed1 Ph\u01b0\u1edbc Hi\u1ec7p, Ph\u01b0\u1eddng Long Tr\u01b0\u1eddng, Qu\u1eadn 9, TP.HCM<\/span><\/li>\n<li><span class=\"text\" style=\"color: #000000;\"><strong>\u0110i\u1ec7n tho\u1ea1i:<\/strong> <span style=\"color: #ed1c24;\"><strong>0909.078.509<\/strong><\/span><\/span><\/li>\n<li><span class=\"text\" style=\"color: #000000;\"><strong> Email:<\/strong> <span style=\"color: #3366ff;\">hungthinhphatgenerator@gmail.com<\/span><\/span><\/li>\n<\/ul>\n","protected":false},"excerpt":{"rendered":"<ul class=\"mnv-infoproduct\">\n<li><strong>M\u00e3 s\u1ea3n ph\u1ea9m:<\/strong> \u00a0<span style=\"color: red;\">EA04C<\/span><\/li>\n<li><strong>Gi\u00e1 b\u00e1n:<\/strong> <span style=\"color: red;\">LH: 0909.078.509<\/span><\/li>\n<li><strong>Xu\u1ea5t x\u1ee9:<\/strong> China<\/li>\n<li><strong>B\u1ea3o h\u00e0nh:<\/strong> 12 Th\u00e1ng<\/li>\n<\/ul>\n","protected":false},"featured_media":724,"comment_status":"open","ping_status":"closed","template":"","meta":[],"_links":{"self":[{"href":"https:\/\/webmaibinh.com\/w\/mayphatdien2011\/wp-json\/wp\/v2\/product\/723"}],"collection":[{"href":"https:\/\/webmaibinh.com\/w\/mayphatdien2011\/wp-json\/wp\/v2\/product"}],"about":[{"href":"https:\/\/webmaibinh.com\/w\/mayphatdien2011\/wp-json\/wp\/v2\/types\/product"}],"replies":[{"embeddable":true,"href":"https:\/\/webmaibinh.com\/w\/mayphatdien2011\/wp-json\/wp\/v2\/comments?post=723"}],"wp:featuredmedia":[{"embeddable":true,"href":"https:\/\/webmaibinh.com\/w\/mayphatdien2011\/wp-json\/wp\/v2\/media\/724"}],"wp:attachment":[{"href":"https:\/\/webmaibinh.com\/w\/mayphatdien2011\/wp-json\/wp\/v2\/media?parent=723"}],"curies":[{"name":"wp","href":"https:\/\/api.w.org\/{rel}","templated":true}]}}